{"id":23025,"date":"2024-05-25T11:25:42","date_gmt":"2024-05-25T03:25:42","guid":{"rendered":"https:\/\/suncasesupply.com\/?post_type=product&#038;p=23025"},"modified":"2025-09-04T15:15:27","modified_gmt":"2025-09-04T07:15:27","slug":"aluminum-rolling-briefcase-trolley-pilot-case-with-combination-locks","status":"publish","type":"product","link":"https:\/\/suncasesupply.com\/fr\/product\/aluminum-rolling-briefcase-trolley-pilot-case-with-combination-locks\/","title":{"rendered":"Valise pilote \u00e0 roulettes en aluminium avec serrures \u00e0 combinaison"},"content":{"rendered":"<h4><span style=\"color: #003366;\">Caract\u00e9ristiques:<\/span><\/h4>\n<ul>\n<li><strong><b>Excellente durabilit\u00e9<\/b><\/strong>La mallette Pilot est principalement compos\u00e9e d&#039;aluminium, de panneaux MDF, d&#039;une doublure et d&#039;autres accessoires. Associ\u00e9e \u00e0 un chariot et \u00e0 des roulettes, elle offre une grande durabilit\u00e9 et une grande capacit\u00e9 de charge. Elle est donc id\u00e9ale pour les professionnels.<\/li>\n<li><strong><b>S\u00e9curit\u00e9<\/b><\/strong><strong><b>:<\/b><\/strong><strong><b>\u00a0<\/b><\/strong>\u00c9tant donn\u00e9 que la Pilot Case est g\u00e9n\u00e9ralement utilis\u00e9e pour transporter des produits importants, sa s\u00e9curit\u00e9 a \u00e9t\u00e9 un crit\u00e8re essentiel lors de sa fabrication. Sa construction robuste et ses serrures \u00e0 combinaison s\u00e9curis\u00e9es garantissent sa s\u00e9curit\u00e9 de base, ce qui en fait une mallette \u00e0 roulettes en aluminium fiable.<\/li>\n<li><strong><b>Transport portable : <\/b><\/strong>Dot\u00e9e d&#039;une poign\u00e9e robuste sur le dessus, ainsi que d&#039;un trolley et de roulettes \u00e0 l&#039;arri\u00e8re, elle est tr\u00e8s facile \u00e0 transporter, que ce soit avec la poign\u00e9e ou le trolley. La tige de traction permet de gagner du temps, c&#039;est pourquoi de nombreux utilisateurs privil\u00e9gient ce type de mallette en aluminium \u00e0 roulettes.<\/li>\n<\/ul>\n<div style=\"background-color: #29599a; padding: 40px 20px; text-align: center; color: #ffffff; border-radius: 10px; margin: 40px auto; max-width: 960px;\">\n<h2 style=\"font-size: 22px; margin-bottom: 20px; font-weight: bold;\">Mallette \u00e0 roulettes en aluminium Sun Case, fourniture en gros, MOQ 100 seulement.<\/h2>\n<p><a style=\"display: inline-block; padding: 12px 28px; background-color: #ffffff; color: #29599a; text-decoration: none; border-radius: 6px; font-weight: bold;\" href=\"https:\/\/suncasesupply.com\/fr\/contact-us\/\" target=\"_blank\" rel=\"noopener\">Obtenez un devis aujourd&#039;hui<br \/>\n<\/a><\/p>\n<\/div>\n<h4><span style=\"color: #003366;\">D\u00e9tails du produit :<\/span><\/h4>\n<div style=\"display: flex; gap: 20px;\">\n<p><!-- \u7b2c\u4e00\u680f --><\/p>\n<div style=\"flex: 1; text-align: center;\">\n<p><img decoding=\"async\" style=\"max-width: 100%; height: auto; margin-bottom: 10px;\" src=\"https:\/\/suncasesupply.com\/wp-content\/uploads\/2025\/01\/1-Combination-Locks.jpg\" alt=\"1-Serrures \u00e0 combinaison\" \/><\/p>\n<p style=\"font-weight: bold; margin: 5px 0;\"><strong><b>Serrures \u00e0 combinaison<\/b><\/strong><\/p>\n<p style=\"margin: 0;\">La valise Pilot Case transporte g\u00e9n\u00e9ralement des dossiers importants et confidentiels, un ordinateur portable ou du mat\u00e9riel informatique. Elle est donc \u00e9quip\u00e9e d&#039;une serrure \u00e0 combinaison, ce qui la rend tr\u00e8s s\u00fbre. Elle est compos\u00e9e de molettes \u00e0 ouvrir selon un ordre pr\u00e9cis, offrant ainsi une excellente s\u00e9curit\u00e9 \u00e0 une valise \u00e0 roulettes en aluminium pour ordinateur portable.<\/p>\n<\/div>\n<p><!-- \u7b2c\u4e8c\u680f --><\/p>\n<div style=\"flex: 1; text-align: center;\">\n<p><img decoding=\"async\" style=\"max-width: 100%; height: auto; margin-bottom: 10px;\" src=\"https:\/\/suncasesupply.com\/wp-content\/uploads\/2025\/01\/2-Trolley.jpg\" alt=\"2-Chariot\" \/><\/p>\n<p style=\"font-weight: bold; margin: 5px 0;\"><strong><b>Chariot<\/b><\/strong><\/p>\n<p style=\"margin: 0;\">Le chariot int\u00e9gr\u00e9 \u00e0 la valise est utile pour transporter la valise. Lorsqu&#039;il est utilis\u00e9 avec des roues, il peut r\u00e9duire consid\u00e9rablement l&#039;utilisation de la force pour l&#039;utilisateur. La hauteur du chariot peut \u00eatre ajust\u00e9e et l&#039;utilisateur peut ajuster la hauteur appropri\u00e9e en fonction de sa propre taille.<\/p>\n<\/div>\n<p><!-- \u7b2c\u4e09\u680f --><\/p>\n<div style=\"flex: 1; text-align: center;\">\n<p><img decoding=\"async\" style=\"max-width: 100%; height: auto; margin-bottom: 10px;\" src=\"https:\/\/suncasesupply.com\/wp-content\/uploads\/2025\/01\/3-Wheel.jpg\" alt=\"3 roues\" \/><\/p>\n<p style=\"font-weight: bold; margin: 5px 0;\"><strong><b>roues<\/b><\/strong><\/p>\n<p style=\"margin: 0;\">Ce type de roulettes int\u00e9gr\u00e9es au bas de la valise pilote r\u00e9duit la tension physique associ\u00e9e au transport d&#039;\u00e9quipements lourds. Elle est solide et adapt\u00e9e \u00e0 une utilisation en ext\u00e9rieur, augmentant ainsi l&#039;efficacit\u00e9 au travail.<\/p>\n<\/div>\n<p><!-- \u7b2c\u56db\u680f --><\/p>\n<div style=\"flex: 1; text-align: center;\">\n<p><img decoding=\"async\" style=\"max-width: 100%; height: auto; margin-bottom: 10px;\" src=\"https:\/\/suncasesupply.com\/wp-content\/uploads\/2025\/01\/4-Lining.jpg\" alt=\"4-Doublure\" \/><\/p>\n<p style=\"font-weight: bold; margin: 5px 0;\"><strong><b>Garniture<\/b><\/strong><\/p>\n<p style=\"margin: 0;\">La doublure de la valise Pilot est en polyester. Elle pr\u00e9sente g\u00e9n\u00e9ralement un motif \u00e9cossais, mais peut \u00eatre personnalis\u00e9e avec votre logo. Elle embellit l&#039;int\u00e9rieur de la valise et prot\u00e8ge efficacement les objets de rangement, un atout pr\u00e9cieux pour une valise d&#039;ordinateur \u00e0 roulettes en aluminium.<\/p>\n<\/div>\n<\/div>\n<div style=\"background-color: #29599a; padding: 40px 20px; text-align: center; color: #ffffff; border-radius: 10px; margin: 40px auto; max-width: 960px;\">\n<h2 style=\"font-size: 22px; margin-bottom: 20px; font-weight: bold;\">Commandez maintenant la mallette en aluminium Sun Case avec roulettes, MOQ 100 pi\u00e8ces.<\/h2>\n<p><a style=\"display: inline-block; padding: 12px 28px; background-color: #ffffff; color: #29599a; text-decoration: none; border-radius: 6px; font-weight: bold;\" href=\"https:\/\/suncasesupply.com\/fr\/contact-us\/\" target=\"_blank\" rel=\"noopener\">Obtenez un devis aujourd&#039;hui<br \/>\n<\/a><\/p>\n<\/div>\n<h4><span style=\"color: #003366;\">Processus de fabrication :<\/span><\/h4>\n<p><img decoding=\"async\" style=\"max-width: 100%; height: auto; margin-bottom: 10px;\" src=\"https:\/\/suncasesupply.com\/wp-content\/uploads\/2025\/07\/Manufacturing-Process.png\" alt=\"Processus de fabrication de Suncase\" \/><\/p>\n<div style=\"display: flex; gap: 20px;\">\n<p><!-- \u7b2c\u4e00\u680f \u6d41\u7a0b1--><\/p>\n<div style=\"flex: 1; text-align: center;\"><\/div>\n<\/div>\n<div style=\"display: flex; gap: 20px;\">\n<div style=\"flex: 1; text-align: center;\">\n<p style=\"font-weight: bold; margin: 5px 0;\">\n<\/div>\n<\/div>\n<h4><span style=\"color: #003366;\">Informations utiles pour les acheteurs en gros\u00a0:<\/span><\/h4>\n<ul>\n<li class=\"page-title\" title=\"Qu\u2019est-ce qui rend les cartes de sport si pr\u00e9cieuses ?\">\n<p class=\"page-title\" title=\"8 raisons pour lesquelles les mallettes en aluminium sont votre meilleur choix pour les voyages d&#039;affaires\"><a href=\"https:\/\/suncasesupply.com\/fr\/blog\/custom-aluminum-case\/8-reasons-why-aluminum-briefcases-is-your-best-choice-for-business-travel\/\">8 raisons pour lesquelles les mallettes en aluminium sont votre meilleur choix pour les voyages d&#039;affaires &gt;&gt;<\/a><\/p>\n<\/li>\n<\/ul>","protected":false},"excerpt":{"rendered":"<p>Mod\u00e8le : SC-BA003<\/p>\n<p>Taille: 485*230*390m<\/p>\n<p>Couleurs : Couleur argent<\/p>\n<p>Mat\u00e9riaux : Cadre en aluminium, panneau MDF, panneau ABS, chariot, roues, accessoires.<\/p>\n<p>Logo : Logo en plaque m\u00e9tallique, Logo en s\u00e9rigraphie<\/p>\n<p>Quantit\u00e9 minimale de commande : 100 pi\u00e8ces<\/p>\n<p>\u00c9chantillon : Disponible<\/p>","protected":false},"featured_media":23026,"template":"","meta":{"_gspb_post_css":""},"product_cat":[82],"product_tag":[],"featured_image_urls":{"full":["https:\/\/suncasesupply.com\/wp-content\/uploads\/2024\/05\/1-1.jpg",800,800,false],"thumbnail":["https:\/\/suncasesupply.com\/wp-content\/uploads\/2024\/05\/1-1-150x150.jpg",150,150,true],"medium":["https:\/\/suncasesupply.com\/wp-content\/uploads\/2024\/05\/1-1-300x300.jpg",300,300,true],"medium_large":["https:\/\/suncasesupply.com\/wp-content\/uploads\/2024\/05\/1-1-768x768.jpg",768,768,true],"large":["https:\/\/suncasesupply.com\/wp-content\/uploads\/2024\/05\/1-1.jpg",800,800,false],"1536x1536":["https:\/\/suncasesupply.com\/wp-content\/uploads\/2024\/05\/1-1.jpg",800,800,false],"2048x2048":["https:\/\/suncasesupply.com\/wp-content\/uploads\/2024\/05\/1-1.jpg",800,800,false],"trp-custom-language-flag":["https:\/\/suncasesupply.com\/wp-content\/uploads\/2024\/05\/1-1-12x12.jpg",12,12,true],"woocommerce_thumbnail":["https:\/\/suncasesupply.com\/wp-content\/uploads\/2024\/05\/1-1-300x300.jpg",300,300,true],"woocommerce_single":["https:\/\/suncasesupply.com\/wp-content\/uploads\/2024\/05\/1-1-600x600.jpg",600,600,true],"woocommerce_gallery_thumbnail":["https:\/\/suncasesupply.com\/wp-content\/uploads\/2024\/05\/1-1-100x100.jpg",100,100,true]},"post_excerpt_stackable":"<p>Model :SC-BA003<\/p>\n<p>Size: 485*230*390m<\/p>\n<p>Colors: Silver color<\/p>\n<p>Materials: Aluminum\u00a0frame, MDF Board, ABS\u00a0Panel,\u00a0Trolley, Wheels, \u00a0Accessories.<\/p>\n<p>Logo: Metal plate logo, Silk screen printing logo<\/p>\n<p>MOQ: 100pcs<\/p>\n<p>Sample: Available<\/p>\n","category_list":"","author_info":{"name":"","url":""},"comments_num":"0 commentaire","_links":{"self":[{"href":"https:\/\/suncasesupply.com\/fr\/wp-json\/wp\/v2\/product\/23025"}],"collection":[{"href":"https:\/\/suncasesupply.com\/fr\/wp-json\/wp\/v2\/product"}],"about":[{"href":"https:\/\/suncasesupply.com\/fr\/wp-json\/wp\/v2\/types\/product"}],"wp:featuredmedia":[{"embeddable":true,"href":"https:\/\/suncasesupply.com\/fr\/wp-json\/wp\/v2\/media\/23026"}],"wp:attachment":[{"href":"https:\/\/suncasesupply.com\/fr\/wp-json\/wp\/v2\/media?parent=23025"}],"wp:term":[{"taxonomy":"product_cat","embeddable":true,"href":"https:\/\/suncasesupply.com\/fr\/wp-json\/wp\/v2\/product_cat?post=23025"},{"taxonomy":"product_tag","embeddable":true,"href":"https:\/\/suncasesupply.com\/fr\/wp-json\/wp\/v2\/product_tag?post=23025"}],"curies":[{"name":"wp","href":"https:\/\/api.w.org\/{rel}","templated":true}]}}