{"id":22385,"date":"2023-11-13T11:39:00","date_gmt":"2023-11-13T03:39:00","guid":{"rendered":"https:\/\/suncasesupply.com\/?post_type=product&#038;p=22385"},"modified":"2026-03-16T23:59:25","modified_gmt":"2026-03-16T15:59:25","slug":"aluminum-transparent-acrylic-display-case-measures-24-long-by-20-wide-and-3-tall","status":"publish","type":"product","link":"https:\/\/suncasesupply.com\/fr\/product\/aluminum-transparent-acrylic-display-case-measures-24-long-by-20-wide-and-3-tall\/","title":{"rendered":"La vitrine en acrylique transparent en aluminium mesure 24\u2033 de long sur 20\u2033 de large et 3\u2033 de haut"},"content":{"rendered":"<h4><span style=\"color: #003366;\">Caract\u00e9ristiques:<\/span><\/h4>\n<ul>\n<li><strong>Transport portable :<\/strong> Cette vitrine en aluminium et acrylique transparent est portable et permet d&#039;exposer des cartes de sport, des bijoux, des collections de pi\u00e8ces de monnaie, des objets numismatiques, des montres et autres articles.<\/li>\n<li><strong>S\u00e9curit\u00e9:<\/strong> Livr\u00e9 avec 2 serrures et 2 cl\u00e9s ; possibilit\u00e9 d&#039;ajouter un cadenas sur demande.<\/li>\n<li><strong>Couvercle en acrylique permettant de voir l&#039;int\u00e9rieur\u00a0:<\/strong> Son couvercle transparent offre une excellente visibilit\u00e9, ce qui en fait une vitrine id\u00e9ale pour pr\u00e9senter des bijoux lors de salons professionnels ou en magasin. Elle convient \u00e9galement parfaitement comme vitrine en aluminium pour les salons, mettant en valeur chaque d\u00e9tail de vos articles.<\/li>\n<li><strong>Personnalisation<\/strong>Les dimensions et la couleur peuvent \u00eatre personnalis\u00e9es selon les exigences des clients.<\/li>\n<\/ul>\n<h4><span style=\"color: #003366;\">D\u00e9tails du produit :<\/span><\/h4>\n<div style=\"display: flex; gap: 20px;\">\n<p><!-- \u7b2c\u4e00\u680f --><\/p>\n<div style=\"flex: 1; text-align: center;\">\n<p><img decoding=\"async\" style=\"max-width: 100%; height: auto; margin-bottom: 10px;\" src=\"https:\/\/suncasesupply.com\/wp-content\/uploads\/2025\/03\/1-Acrylic-Side-Shield.jpg\" alt=\"Protection lat\u00e9rale en acrylique\" \/><\/p>\n<p><strong><b>Protection lat\u00e9rale en acrylique<\/b><\/strong><\/p>\n<p style=\"margin: 0;\">Chaque vitrine en acrylique avec serrure comprend deux protections lat\u00e9rales en acrylique en forme de coin. Lors de l&#039;utilisation de la vitrine, placez ces deux protections lat\u00e9rales de chaque c\u00f4t\u00e9 afin de maintenir le couvercle partiellement ouvert. Le produit \u00e0 l&#039;int\u00e9rieur ne risque ainsi pas de tomber et peut \u00eatre mis en valeur.<\/p>\n<p>&nbsp;<\/p>\n<\/div>\n<p><!-- \u7b2c\u4e8c\u680f --><\/p>\n<div style=\"flex: 1; text-align: center;\">\n<p><img decoding=\"async\" style=\"max-width: 100%; height: auto; margin-bottom: 10px;\" src=\"https:\/\/suncasesupply.com\/wp-content\/uploads\/2025\/03\/2-Clear-Top-Panel.jpg\" alt=\"Panneau sup\u00e9rieur transparent\" \/><\/p>\n<p><b><\/b><strong><b>Panneau sup\u00e9rieur transparent<\/b><\/strong><\/p>\n<p style=\"margin: 0;\">Le panneau sup\u00e9rieur de la vitrine en aluminium et acrylique transparent est fabriqu\u00e9 en acrylique r\u00e9sistant aux UV. Ce mat\u00e9riau est pr\u00e9f\u00e9rable au verre, trop fragile et facilement rayable, et donc inadapt\u00e9 \u00e0 cette vitrine.<\/p>\n<\/div>\n<p><!-- \u7b2c\u4e09\u680f --><\/p>\n<div style=\"flex: 1; text-align: center;\">\n<p><img decoding=\"async\" style=\"max-width: 100%; height: auto; margin-bottom: 10px;\" src=\"https:\/\/suncasesupply.com\/wp-content\/uploads\/2025\/03\/3-Support-Hinge.jpg\" alt=\"Charni\u00e8re de support\" \/><\/p>\n<p><b><\/b><strong><b>Charni\u00e8re de support<\/b><\/strong><\/p>\n<p>Lorsque le couvercle sup\u00e9rieur du bo\u00eetier s&#039;ouvre, la charni\u00e8re de support joue \u00e9galement le r\u00f4le de support du couvercle sup\u00e9rieur pour le maintenir ouvert et l&#039;emp\u00eacher de tomber sur le couvercle inf\u00e9rieur \u00e0 tout moment.<\/p>\n<\/div>\n<p><!-- \u7b2c\u56db\u680f --><\/p>\n<div style=\"flex: 1; text-align: center;\">\n<p><img decoding=\"async\" style=\"max-width: 100%; height: auto; margin-bottom: 10px;\" src=\"https:\/\/suncasesupply.com\/wp-content\/uploads\/2025\/03\/4-Handle-1.jpg\" alt=\"Poign\u00e9e\" \/><\/p>\n<p><strong><b>Poign\u00e9e<\/b><\/strong><\/p>\n<p style=\"margin: 0;\">Cette vitrine \u00e0 cadre en aluminium, dot\u00e9e d&#039;une poign\u00e9e robuste, est facile \u00e0 transporter. La poign\u00e9e est g\u00e9n\u00e9ralement noire, mais d&#039;autres couleurs sont disponibles sur demande.<\/p>\n<\/div>\n<\/div>\n<div style=\"background-color: #29599a; padding: 40px 20px; text-align: center; color: #ffffff; border-radius: 10px; margin: 40px auto; max-width: 960px;\">\n<h2 style=\"font-size: 22px; margin-bottom: 20px; font-weight: bold;\"><span style=\"color: #ffffff;\">Commandez d\u00e8s maintenant votre \u00e9tui \u00e0 disques vinyle en aluminium chez Sun Case, quantit\u00e9 minimale de commande\u00a0: 100\u00a0!<\/span><\/h2>\n<p><a style=\"display: inline-block; padding: 12px 28px; background-color: #ffffff; color: #29599a; text-decoration: none; border-radius: 6px; font-weight: bold;\" href=\"https:\/\/suncasesupply.com\/fr\/contact-us\/\" target=\"_blank\" rel=\"noopener\">Obtenir un devis<br \/>\n<\/a><\/p>\n<\/div>\n<h4><span style=\"color: #003366;\">Processus de fabrication :<\/span><\/h4>\n<p><img decoding=\"async\" style=\"max-width: 100%; height: auto; margin-bottom: 10px;\" src=\"https:\/\/suncasesupply.com\/wp-content\/uploads\/2025\/07\/Manufacturing-Process.png\" alt=\"Processus de fabrication de Suncase\" \/><\/p>\n<div style=\"display: flex; gap: 20px;\">\n<p><!-- \u7b2c\u4e00\u680f \u6d41\u7a0b1--><\/p>\n<div style=\"flex: 1; text-align: center;\"><\/div>\n<\/div>\n<div style=\"display: flex; gap: 20px;\">\n<div style=\"flex: 1; text-align: center;\">\n<p style=\"font-weight: bold; margin: 5px 0;\">\n<\/div>\n<\/div>\n<h4><span style=\"color: #003366;\">Informations utiles pour les acheteurs en gros\u00a0:<\/span><\/h4>\n<ul>\n<li class=\"page-title\" title=\"Qu\u2019est-ce qui rend les cartes de sport si pr\u00e9cieuses ?\">\n<p class=\"page-title\" title=\"Comment prot\u00e9ger votre collection de cartes \u00e0 collectionner\"><a href=\"https:\/\/suncasesupply.com\/fr\/blog\/how-protect-trading-cards-collection\/\">Comment prot\u00e9ger votre collection de cartes \u00e0 collectionner<\/a><\/p>\n<\/li>\n<li title=\"Qu\u2019est-ce qui rend les cartes de sport si pr\u00e9cieuses ?\">\n<p class=\"page-title\" title=\"Avantages et inconv\u00e9nients des vitrines en aluminium\u00a0: un guide complet\"><a href=\"https:\/\/suncasesupply.com\/fr\/blog\/custom-aluminum-case\/pros-and-cons-of-aluminum-display-case\/\">Avantages et inconv\u00e9nients des vitrines en aluminium\u00a0: un guide complet<\/a><\/p>\n<\/li>\n<\/ul>","protected":false},"excerpt":{"rendered":"<p>Mod\u00e8le : BL-0089<\/p>\n<p>Taille : 24x20x3 pouces<\/p>\n<p>Couleurs : Couleur argent ou couleur noire<\/p>\n<p>Mat\u00e9riaux : panneau sup\u00e9rieur en acrylique UV, panneau inf\u00e9rieur en ABS, cadre en aluminium, panneau MDF, quincaillerie.<\/p>\n<p>Logo : Logo imprim\u00e9 en soie, logo imprim\u00e9 au laser.<\/p>\n<p>Quantit\u00e9 minimale de commande : 100 pi\u00e8ces<\/p>\n<p>\u00c9chantillon : Disponible, d\u00e9lai d&#039;\u00e9chantillonnage d&#039;environ 7 jours.<\/p>","protected":false},"featured_media":22389,"template":"","meta":{"_gspb_post_css":""},"product_cat":[42,119],"product_tag":[],"featured_image_urls":{"full":["https:\/\/suncasesupply.com\/wp-content\/uploads\/2023\/11\/9-2.jpg",1000,1000,false],"thumbnail":["https:\/\/suncasesupply.com\/wp-content\/uploads\/2023\/11\/9-2-150x150.jpg",150,150,true],"medium":["https:\/\/suncasesupply.com\/wp-content\/uploads\/2023\/11\/9-2-300x300.jpg",300,300,true],"medium_large":["https:\/\/suncasesupply.com\/wp-content\/uploads\/2023\/11\/9-2-768x768.jpg",768,768,true],"large":["https:\/\/suncasesupply.com\/wp-content\/uploads\/2023\/11\/9-2.jpg",1000,1000,false],"1536x1536":["https:\/\/suncasesupply.com\/wp-content\/uploads\/2023\/11\/9-2.jpg",1000,1000,false],"2048x2048":["https:\/\/suncasesupply.com\/wp-content\/uploads\/2023\/11\/9-2.jpg",1000,1000,false],"trp-custom-language-flag":["https:\/\/suncasesupply.com\/wp-content\/uploads\/2023\/11\/9-2.jpg",12,12,false],"woocommerce_thumbnail":["https:\/\/suncasesupply.com\/wp-content\/uploads\/2023\/11\/9-2-300x300.jpg",300,300,true],"woocommerce_single":["https:\/\/suncasesupply.com\/wp-content\/uploads\/2023\/11\/9-2-600x600.jpg",600,600,true],"woocommerce_gallery_thumbnail":["https:\/\/suncasesupply.com\/wp-content\/uploads\/2023\/11\/9-2-100x100.jpg",100,100,true]},"post_excerpt_stackable":"<p>Model:BL-0089<\/p>\n<p>Size: 24x20x3 Inch<\/p>\n<p>Colors: Silver color, or Black color<\/p>\n<p>Materials: UV Acrylic Top Panel, ABS Bottom Panel, Aluminum frame, MDF Board, Hardware.<\/p>\n<p>Logo: Silk Printing Logo, Laser printing logo.<\/p>\n<p>MOQ: 100pcs<\/p>\n<p>Sample: Available, sample time about 7 days.<\/p>\n","category_list":"","author_info":{"name":"","url":""},"comments_num":"0 commentaire","_links":{"self":[{"href":"https:\/\/suncasesupply.com\/fr\/wp-json\/wp\/v2\/product\/22385"}],"collection":[{"href":"https:\/\/suncasesupply.com\/fr\/wp-json\/wp\/v2\/product"}],"about":[{"href":"https:\/\/suncasesupply.com\/fr\/wp-json\/wp\/v2\/types\/product"}],"wp:featuredmedia":[{"embeddable":true,"href":"https:\/\/suncasesupply.com\/fr\/wp-json\/wp\/v2\/media\/22389"}],"wp:attachment":[{"href":"https:\/\/suncasesupply.com\/fr\/wp-json\/wp\/v2\/media?parent=22385"}],"wp:term":[{"taxonomy":"product_cat","embeddable":true,"href":"https:\/\/suncasesupply.com\/fr\/wp-json\/wp\/v2\/product_cat?post=22385"},{"taxonomy":"product_tag","embeddable":true,"href":"https:\/\/suncasesupply.com\/fr\/wp-json\/wp\/v2\/product_tag?post=22385"}],"curies":[{"name":"wp","href":"https:\/\/api.w.org\/{rel}","templated":true}]}}