{"id":22380,"date":"2023-11-13T11:27:34","date_gmt":"2023-11-13T03:27:34","guid":{"rendered":"https:\/\/suncasesupply.com\/?post_type=product&#038;p=22380"},"modified":"2025-08-21T14:04:55","modified_gmt":"2025-08-21T06:04:55","slug":"aluminum-acrylic-display-case-top-display-case","status":"publish","type":"product","link":"https:\/\/suncasesupply.com\/fr\/product\/aluminum-acrylic-display-case-top-display-case\/","title":{"rendered":"Vitrine sup\u00e9rieure en aluminium et acrylique"},"content":{"rendered":"<h4><span style=\"color: #003366;\">Caract\u00e9ristiques:<\/span><\/h4>\n<ul>\n<li data-start=\"99\" data-end=\"337\">\n<p data-start=\"101\" data-end=\"337\"><strong data-start=\"101\" data-end=\"131\">Conception durable et \u00e9l\u00e9gante<\/strong>Cette vitrine en aluminium est dot\u00e9e d&#039;un plateau en acrylique, alliant \u00e0 la perfection durabilit\u00e9 et style. Elle fait partie de notre gamme de vitrines en acrylique sur mesure, id\u00e9ales pour un usage commercial et personnel.<\/p>\n<\/li>\n<li data-start=\"339\" data-end=\"540\">\n<p data-start=\"341\" data-end=\"540\"><strong data-start=\"341\" data-end=\"372\">Visibilit\u00e9 am\u00e9lior\u00e9e du produit<\/strong>:Con\u00e7ue pour mettre en valeur vos articles avec \u00e9l\u00e9gance, cette vitrine \u00e0 bijoux verrouillable est parfaite pour pr\u00e9senter des objets de valeur tels que des bijoux, des montres et des objets de collection.<\/p>\n<\/li>\n<li data-start=\"542\" data-end=\"746\">\n<p data-start=\"544\" data-end=\"746\"><strong data-start=\"544\" data-end=\"579\">Fonctionnalit\u00e9 d&#039;affichage polyvalente<\/strong>:Id\u00e9al pour de multiples utilisations, notamment comme vitrine \u00e0 bijoux, vitrine pour montres ou m\u00eame comme vitrine pour cartes de baseball pour les collectionneurs de cartes de sport.<\/p>\n<\/li>\n<li data-start=\"748\" data-end=\"938\">\n<p data-start=\"750\" data-end=\"938\"><strong data-start=\"750\" data-end=\"778\">Panneau de protection<\/strong>:\u00c9quip\u00e9 d&#039;un panneau lat\u00e9ral en acrylique transparent, vos articles restent enti\u00e8rement visibles tout en restant prot\u00e9g\u00e9s, id\u00e9al pour les expositions, les magasins ou les collections priv\u00e9es.<\/p>\n<\/li>\n<li data-start=\"940\" data-end=\"1115\">\n<p data-start=\"942\" data-end=\"1115\"><strong data-start=\"942\" data-end=\"960\">S\u00e9curit\u00e9 suppl\u00e9mentaire<\/strong>:Livr\u00e9 avec deux serrures et cl\u00e9s, garantissant que vos objets de valeur sont \u00e0 l&#039;abri de tout acc\u00e8s non autoris\u00e9, une caract\u00e9ristique essentielle pour les vitrines \u00e0 bijoux professionnelles.<\/p>\n<\/li>\n<\/ul>\n<div style=\"background-color: #29599a; padding: 40px 20px; text-align: center; color: #ffffff; border-radius: 10px; margin: 40px auto; max-width: 960px;\">\n<h2 style=\"font-size: 22px; margin-bottom: 20px; font-weight: bold;\"><span style=\"color: #ffffff;\">Commandez d\u00e8s aujourd&#039;hui votre vitrine en aluminium et acrylique personnalis\u00e9e Sun Case \u2014 MOQ seulement 100 unit\u00e9s\u00a0!<\/span><\/h2>\n<p><a style=\"display: inline-block; padding: 12px 28px; background-color: #ffffff; color: #29599a; text-decoration: none; border-radius: 6px; font-weight: bold;\" href=\"https:\/\/suncasesupply.com\/fr\/contact-us\/\" target=\"_blank\" rel=\"noopener\">Contactez-nous maintenant<br \/>\n<\/a><\/p>\n<\/div>\n<h4><span style=\"color: #003366;\">D\u00e9tails du produit :<\/span><\/h4>\n<div style=\"display: flex; gap: 20px;\">\n<p><!-- \u7b2c\u4e00\u680f --><\/p>\n<div style=\"flex: 1; text-align: center;\">\n<p><img decoding=\"async\" style=\"max-width: 100%; height: auto; margin-bottom: 10px;\" src=\"https:\/\/suncasesupply.com\/wp-content\/uploads\/2025\/03\/1-Locks-with-keys-1.jpg\" alt=\"Serrures \u00e0 cl\u00e9s\" \/><\/p>\n<p><strong><b>Serrures \u00e0 cl\u00e9s<\/b><\/strong><\/p>\n<p style=\"margin: 0;\">La mallette est \u00e9quip\u00e9e de deux serrures et de deux cl\u00e9s, ce qui emp\u00eache toute ouverture non autoris\u00e9e. Ces serrures pr\u00e9viennent non seulement le vol des objets qu&#039;elle contient, mais prot\u00e8gent \u00e9galement efficacement la confidentialit\u00e9 de vos donn\u00e9es.<\/p>\n<p>&nbsp;<\/p>\n<\/div>\n<p><!-- \u7b2c\u4e8c\u680f --><\/p>\n<div style=\"flex: 1; text-align: center;\">\n<p><img decoding=\"async\" style=\"max-width: 100%; height: auto; margin-bottom: 10px;\" src=\"https:\/\/suncasesupply.com\/wp-content\/uploads\/2025\/03\/2-Acrylic-Top-Panel-1.jpg\" alt=\"Panneau sup\u00e9rieur en acrylique\" \/><\/p>\n<p><b><\/b><b><\/b><strong><b>Panneau sup\u00e9rieur en acrylique<\/b><\/strong><\/p>\n<p style=\"margin: 0;\">Le panneau sup\u00e9rieur en acrylique est fabriqu\u00e9 en acrylique UV de 4 mm d&#039;\u00e9paisseur. Fabriqu\u00e9 par notre fabricant de vitrines en acrylique de confiance, ce composant assure une visibilit\u00e9 optimale et une grande durabilit\u00e9. Sa transparence permet une visualisation ais\u00e9e des produits expos\u00e9s.<\/p>\n<\/div>\n<p><!-- \u7b2c\u4e09\u680f --><\/p>\n<div style=\"flex: 1; text-align: center;\">\n<p><img decoding=\"async\" style=\"max-width: 100%; height: auto; margin-bottom: 10px;\" src=\"https:\/\/suncasesupply.com\/wp-content\/uploads\/2025\/03\/3-Support-Hinge-2.jpg\" alt=\"Charni\u00e8re de support\" \/><\/p>\n<p><b><\/b><strong><b>Charni\u00e8re de support<\/b><\/strong><\/p>\n<p>La charni\u00e8re de support est fabriqu\u00e9e en m\u00e9tal, un mat\u00e9riau tr\u00e8s solide et stable. Elle emp\u00eache le couvercle sup\u00e9rieur de tomber lors de l&#039;ouverture du bo\u00eetier.<\/p>\n<\/div>\n<p><!-- \u7b2c\u56db\u680f --><\/p>\n<div style=\"flex: 1; text-align: center;\">\n<p><img decoding=\"async\" style=\"max-width: 100%; height: auto; margin-bottom: 10px;\" src=\"https:\/\/suncasesupply.com\/wp-content\/uploads\/2025\/03\/4-Fabric-Lining-1.jpg\" alt=\"Doublure en tissu\" \/><\/p>\n<p><b><\/b><strong><b>Doublure en tissu<\/b><\/strong><\/p>\n<p style=\"margin: 0;\">Le tissu de doublure peut jouer un r\u00f4le tampon pour prot\u00e9ger le fond de la valise des chocs ext\u00e9rieurs. Il permet \u00e9galement de modifier l&#039;int\u00e9rieur de la valise. La couleur de la doublure peut \u00eatre personnalis\u00e9e selon les besoins des clients. Le noir et les tissus \u00e0 carreaux sont les plus populaires.<\/p>\n<\/div>\n<\/div>\n<div style=\"background-color: #29599a; padding: 40px 20px; text-align: center; color: #ffffff; border-radius: 10px; margin: 40px auto; max-width: 960px;\">\n<h2 style=\"font-size: 22px; margin-bottom: 20px; font-weight: bold;\"><span style=\"color: #ffffff;\">Pr\u00e9sentez vos produits avec style avec Sun Case \u2014 Expert en solutions d\u2019affichage en aluminium et acrylique.<\/span><\/h2>\n<p><a style=\"display: inline-block; padding: 12px 28px; background-color: #ffffff; color: #29599a; text-decoration: none; border-radius: 6px; font-weight: bold;\" href=\"https:\/\/suncasesupply.com\/fr\/contact-us\/\" target=\"_blank\" rel=\"noopener\">Contactez-nous maintenant<br \/>\n<\/a><\/p>\n<\/div>\n<h4><span style=\"color: #003366;\">Processus de fabrication :<\/span><\/h4>\n<p><img decoding=\"async\" style=\"max-width: 100%; height: auto; margin-bottom: 10px;\" src=\"https:\/\/suncasesupply.com\/wp-content\/uploads\/2025\/07\/Manufacturing-Process.png\" alt=\"Processus de fabrication de Suncase\" \/><\/p>\n<div style=\"display: flex; gap: 20px;\"><\/div>\n<div style=\"display: flex; gap: 20px;\">\n<div style=\"flex: 1; text-align: center;\">\n<p style=\"font-weight: bold; margin: 5px 0;\">\n<\/div>\n<\/div>\n<h4><span style=\"color: #003366;\">Informations utiles pour les acheteurs en gros\u00a0:<\/span><\/h4>\n<ul>\n<li class=\"page-title\" title=\"Qu\u2019est-ce qui rend les cartes de sport si pr\u00e9cieuses ?\">\n<p class=\"page-title\" title=\"Comment prot\u00e9ger votre collection de cartes \u00e0 collectionner\"><a href=\"https:\/\/suncasesupply.com\/fr\/blog\/how-protect-trading-cards-collection\/\">Comment prot\u00e9ger votre collection de cartes \u00e0 collectionner<\/a><\/p>\n<\/li>\n<li title=\"Qu\u2019est-ce qui rend les cartes de sport si pr\u00e9cieuses ?\">\n<p class=\"page-title\" title=\"Avantages et inconv\u00e9nients des vitrines en aluminium\u00a0: un guide complet\"><a href=\"https:\/\/suncasesupply.com\/fr\/blog\/custom-aluminum-case\/pros-and-cons-of-aluminum-display-case\/\">Avantages et inconv\u00e9nients des vitrines en aluminium\u00a0: un guide complet<\/a><\/p>\n<\/li>\n<\/ul>","protected":false},"excerpt":{"rendered":"<p>Mod\u00e8le : BL-0088<\/p>\n<p>Taille : 24x20x3 pouces<\/p>\n<p>Couleurs : Couleur argent<\/p>\n<p>Mat\u00e9riaux : panneau sup\u00e9rieur en acrylique transparent, panneau inf\u00e9rieur en ABS, cadre en aluminium, panneau MDF, quincaillerie.<\/p>\n<p>Logo : Logo imprim\u00e9 en soie, logo imprim\u00e9 au laser.<\/p>\n<p>Quantit\u00e9 minimale de commande : 100 pi\u00e8ces<\/p>\n<p>\u00c9chantillon : Disponible, d\u00e9lai d&#039;\u00e9chantillonnage d&#039;environ 7 jours.<\/p>","protected":false},"featured_media":22381,"template":"","meta":{"_gspb_post_css":""},"product_cat":[42,119],"product_tag":[],"featured_image_urls":{"full":["https:\/\/suncasesupply.com\/wp-content\/uploads\/2023\/11\/Al813-7.jpg",1000,1000,false],"thumbnail":["https:\/\/suncasesupply.com\/wp-content\/uploads\/2023\/11\/Al813-7-150x150.jpg",150,150,true],"medium":["https:\/\/suncasesupply.com\/wp-content\/uploads\/2023\/11\/Al813-7-300x300.jpg",300,300,true],"medium_large":["https:\/\/suncasesupply.com\/wp-content\/uploads\/2023\/11\/Al813-7-768x768.jpg",768,768,true],"large":["https:\/\/suncasesupply.com\/wp-content\/uploads\/2023\/11\/Al813-7.jpg",1000,1000,false],"1536x1536":["https:\/\/suncasesupply.com\/wp-content\/uploads\/2023\/11\/Al813-7.jpg",1000,1000,false],"2048x2048":["https:\/\/suncasesupply.com\/wp-content\/uploads\/2023\/11\/Al813-7.jpg",1000,1000,false],"trp-custom-language-flag":["https:\/\/suncasesupply.com\/wp-content\/uploads\/2023\/11\/Al813-7.jpg",12,12,false],"woocommerce_thumbnail":["https:\/\/suncasesupply.com\/wp-content\/uploads\/2023\/11\/Al813-7-300x300.jpg",300,300,true],"woocommerce_single":["https:\/\/suncasesupply.com\/wp-content\/uploads\/2023\/11\/Al813-7-600x600.jpg",600,600,true],"woocommerce_gallery_thumbnail":["https:\/\/suncasesupply.com\/wp-content\/uploads\/2023\/11\/Al813-7-100x100.jpg",100,100,true]},"post_excerpt_stackable":"<p>Model:BL-0088<\/p>\n<p>Size: 24x20x3 Inch<\/p>\n<p>Colors: Silver color<\/p>\n<p>Materials:Transparent Acrylic Top Panel, ABS\u00a0Bottom Panel, Aluminum\u00a0frame, MDF Board,\u00a0Hardware.<\/p>\n<p>Logo: Silk Printing Logo, Laser printing logo.<\/p>\n<p>MOQ: 100pcs<\/p>\n<p>Sample: Available, sample time about 7 days.<\/p>\n","category_list":"","author_info":{"name":"","url":""},"comments_num":"0 commentaire","_links":{"self":[{"href":"https:\/\/suncasesupply.com\/fr\/wp-json\/wp\/v2\/product\/22380"}],"collection":[{"href":"https:\/\/suncasesupply.com\/fr\/wp-json\/wp\/v2\/product"}],"about":[{"href":"https:\/\/suncasesupply.com\/fr\/wp-json\/wp\/v2\/types\/product"}],"wp:featuredmedia":[{"embeddable":true,"href":"https:\/\/suncasesupply.com\/fr\/wp-json\/wp\/v2\/media\/22381"}],"wp:attachment":[{"href":"https:\/\/suncasesupply.com\/fr\/wp-json\/wp\/v2\/media?parent=22380"}],"wp:term":[{"taxonomy":"product_cat","embeddable":true,"href":"https:\/\/suncasesupply.com\/fr\/wp-json\/wp\/v2\/product_cat?post=22380"},{"taxonomy":"product_tag","embeddable":true,"href":"https:\/\/suncasesupply.com\/fr\/wp-json\/wp\/v2\/product_tag?post=22380"}],"curies":[{"name":"wp","href":"https:\/\/api.w.org\/{rel}","templated":true}]}}