{"id":22264,"date":"2023-10-20T17:26:54","date_gmt":"2023-10-20T09:26:54","guid":{"rendered":"https:\/\/suncasesupply.com\/?post_type=product&#038;p=22264"},"modified":"2025-07-07T11:12:25","modified_gmt":"2025-07-07T03:12:25","slug":"large-aluminum-display-case-with-glass-cove","status":"publish","type":"product","link":"https:\/\/suncasesupply.com\/fr\/product\/large-aluminum-display-case-with-glass-cove\/","title":{"rendered":"Grande vitrine en aluminium avec anse en verre"},"content":{"rendered":"<p>&nbsp;<\/p>\n<table width=\"774\">\n<tbody>\n<tr>\n<td width=\"177\">Article<\/td>\n<td width=\"597\">Vitrine en aluminium<\/td>\n<\/tr>\n<tr>\n<td>Dimension<\/td>\n<td>86,36 x 55,88 x 7,62 cm ou Personnaliser<\/td>\n<\/tr>\n<tr>\n<td>Couleurs<\/td>\n<td>Comme le montrent les images ou personnaliser<\/td>\n<\/tr>\n<tr>\n<td>Mat\u00e9riaux<\/td>\n<td>Aluminium, contreplaqu\u00e9, doublure EVA\/mousse\/tissu\/PU, quincaillerie<\/td>\n<\/tr>\n<tr>\n<td>Logo<\/td>\n<td>Logo plaque m\u00e9tallique, logo imprim\u00e9, logo en relief, logo laser<\/td>\n<\/tr>\n<tr>\n<td>Temps d&#039;\u00e9chantillonnage<\/td>\n<td>7 jours<\/td>\n<\/tr>\n<tr>\n<td>Port d&#039;embarquement<\/td>\n<td>Canton, Shenzhen<\/td>\n<\/tr>\n<tr>\n<td>Conditions commerciales<\/td>\n<td>EXW, FOB, CIF, DDU, DDP<\/td>\n<\/tr>\n<tr>\n<td>M\u00e9thodes de payement<\/td>\n<td>T\/T, esp\u00e8ces, PayPal, carte de cr\u00e9dit<\/td>\n<\/tr>\n<\/tbody>\n<\/table>\n<p><span style=\"color: #003366;\">Caract\u00e9ristiques:<\/span><\/p>\n<p>La vitrine en aluminium d&#039;A&amp;B Store Luminaires avec couvercle en verre est dot\u00e9e d&#039;un dessus \u00e0 charni\u00e8re en verre tremp\u00e9 pour une visualisation et une s\u00e9curit\u00e9 faciles. La vitrine est id\u00e9ale pour tous types de bijoux. L&#039;\u00e9tui peut \u00eatre utilis\u00e9 comme pr\u00e9sentoir en magasin ou pour des \u00e9chantillons de vendeurs. Comprend une poign\u00e9e pratique, une serrure \u00e0 cl\u00e9 de s\u00e9curit\u00e9 et un int\u00e9rieur enti\u00e8rement doubl\u00e9 \u00e0 motifs gris. Grand inventaire en stock.<\/p>\n<ul>\n<li>Grand - 34\u2033 x 22\u2033 x 3\u2033H<\/li>\n<li>Comprend 2 protections lat\u00e9rales en plexiglas en forme de coin pour maintenir le dessus partiellement ouvert<\/li>\n<li>Commandez parmi notre assortiment de plateaux \u00e0 bijoux et d&#039;inserts de plateau pour une vari\u00e9t\u00e9 de pr\u00e9sentations.<\/li>\n<\/ul>","protected":false},"excerpt":{"rendered":"<p>Mod\u00e8le : SC-AL001<\/p>\n<p>Taille: 86,36 x 55,88 x 7,62 cm<\/p>\n<p>Quantit\u00e9 minimale de commande : 100 pi\u00e8ces<\/p>\n<p>D\u00e9lai de livraison : 15-25 jours<\/p>\n<p>\u00c9chantillon\u00a0: Disponible<\/p>","protected":false},"featured_media":22265,"template":"","meta":{"_gspb_post_css":""},"product_cat":[42,119],"product_tag":[],"featured_image_urls":{"full":["https:\/\/suncasesupply.com\/wp-content\/uploads\/2023\/10\/GTC-AL813.jpg",1200,1200,false],"thumbnail":["https:\/\/suncasesupply.com\/wp-content\/uploads\/2023\/10\/GTC-AL813-150x150.jpg",150,150,true],"medium":["https:\/\/suncasesupply.com\/wp-content\/uploads\/2023\/10\/GTC-AL813-300x300.jpg",300,300,true],"medium_large":["https:\/\/suncasesupply.com\/wp-content\/uploads\/2023\/10\/GTC-AL813-768x768.jpg",768,768,true],"large":["https:\/\/suncasesupply.com\/wp-content\/uploads\/2023\/10\/GTC-AL813-1024x1024.jpg",1024,1024,true],"1536x1536":["https:\/\/suncasesupply.com\/wp-content\/uploads\/2023\/10\/GTC-AL813.jpg",1200,1200,false],"2048x2048":["https:\/\/suncasesupply.com\/wp-content\/uploads\/2023\/10\/GTC-AL813.jpg",1200,1200,false],"trp-custom-language-flag":["https:\/\/suncasesupply.com\/wp-content\/uploads\/2023\/10\/GTC-AL813.jpg",12,12,false],"woocommerce_thumbnail":["https:\/\/suncasesupply.com\/wp-content\/uploads\/2023\/10\/GTC-AL813-300x300.jpg",300,300,true],"woocommerce_single":["https:\/\/suncasesupply.com\/wp-content\/uploads\/2023\/10\/GTC-AL813-600x600.jpg",600,600,true],"woocommerce_gallery_thumbnail":["https:\/\/suncasesupply.com\/wp-content\/uploads\/2023\/10\/GTC-AL813-100x100.jpg",100,100,true]},"post_excerpt_stackable":"<p>Model : SC-AL001<\/p>\n<p>Size: 86.36 x 55.88 x 7.62 cm<\/p>\n<p>MOQ: 100pcs<\/p>\n<p>Delivery Time : 15-25 Days<\/p>\n<p>Sample : Available<\/p>\n","category_list":"","author_info":{"name":"","url":""},"comments_num":"0 commentaire","_links":{"self":[{"href":"https:\/\/suncasesupply.com\/fr\/wp-json\/wp\/v2\/product\/22264"}],"collection":[{"href":"https:\/\/suncasesupply.com\/fr\/wp-json\/wp\/v2\/product"}],"about":[{"href":"https:\/\/suncasesupply.com\/fr\/wp-json\/wp\/v2\/types\/product"}],"wp:featuredmedia":[{"embeddable":true,"href":"https:\/\/suncasesupply.com\/fr\/wp-json\/wp\/v2\/media\/22265"}],"wp:attachment":[{"href":"https:\/\/suncasesupply.com\/fr\/wp-json\/wp\/v2\/media?parent=22264"}],"wp:term":[{"taxonomy":"product_cat","embeddable":true,"href":"https:\/\/suncasesupply.com\/fr\/wp-json\/wp\/v2\/product_cat?post=22264"},{"taxonomy":"product_tag","embeddable":true,"href":"https:\/\/suncasesupply.com\/fr\/wp-json\/wp\/v2\/product_tag?post=22264"}],"curies":[{"name":"wp","href":"https:\/\/api.w.org\/{rel}","templated":true}]}}