{"id":22243,"date":"2023-10-06T11:44:41","date_gmt":"2023-10-06T03:44:41","guid":{"rendered":"https:\/\/suncasesupply.com\/?post_type=product&#038;p=22243"},"modified":"2025-07-14T15:57:16","modified_gmt":"2025-07-14T07:57:16","slug":"barber-stylist-suitcase-aluminum-carrying-case-for-clipper-trimmer-scissor","status":"publish","type":"product","link":"https:\/\/suncasesupply.com\/fr\/product\/barber-stylist-suitcase-aluminum-carrying-case-for-clipper-trimmer-scissor\/","title":{"rendered":"Valise de styliste de barbier, mallette de transport en aluminium pour tondeuse \u00e0 ciseaux"},"content":{"rendered":"<h4><span style=\"color: #003366;\">Caract\u00e9ristiques:<\/span><\/h4>\n<ul>\n<li><strong><b>Construction solide : <\/b><\/strong>Finition et construction en aluminium de qualit\u00e9 sup\u00e9rieure, coins en acier renforc\u00e9s pour une durabilit\u00e9 accrue, belle finition noire lisse.<\/li>\n<li><strong><b>Large application : <\/b><\/strong>Il peut accueillir divers accessoires et outils de coiffure : tondeuses, tondeuses, lames, ciseaux, peignes, brosses \u00e0 cheveux, s\u00e8che-cheveux et autres outils de coiffure.<\/li>\n<li><strong><b>Grande capacit\u00e9 : <\/b><\/strong>La mallette de barbier peut contenir 4 tondeuses \u00e9lectriques de tailles diff\u00e9rentes et 8 ciseaux de tailles diff\u00e9rentes. Elle peut contenir un ventilateur, une tondeuse \u00e9lectrique, un peigne, un chiffon et d&#039;autres accessoires, ainsi que 5 peignes de tailles diff\u00e9rentes.<\/li>\n<li><strong><b>Transport portable : <\/b><\/strong>Mallette de transport, de rangement et d&#039;affichage pour coiffeurs.<\/li>\n<li><strong><b>Personnalisation<\/b><\/strong>: Acceptez de personnaliser le logo de votre marque sur les \u00e9tuis.<\/li>\n<\/ul>\n<h4><span style=\"color: #003366;\">D\u00e9tails du produit :<\/span><\/h4>\n<div style=\"display: flex; gap: 20px;\">\n<p><!-- \u7b2c\u4e00\u680f --><\/p>\n<div style=\"flex: 1; text-align: center;\">\n<p><img decoding=\"async\" style=\"max-width: 100%; height: auto; margin-bottom: 10px;\" src=\"https:\/\/suncasesupply.com\/wp-content\/uploads\/2025\/03\/1-Combination-Lock.jpg\" alt=\"Serrure \u00e0 combinaison\" \/><\/p>\n<p><b><\/b><strong><b>Serrure \u00e0 combinaison<\/b><\/strong><\/p>\n<p style=\"margin: 0;\">Cadenas \u00e0 combinaison en aluminium \u00e0 3 chiffres pour personnaliser votre cadenas et prot\u00e9ger vos biens. Mot de passe initial\u00a0: 000.<\/p>\n<p>&nbsp;<\/p>\n<\/div>\n<p><!-- \u7b2c\u4e8c\u680f --><\/p>\n<div style=\"flex: 1; text-align: center;\">\n<p><img decoding=\"async\" style=\"max-width: 100%; height: auto; margin-bottom: 10px;\" src=\"https:\/\/suncasesupply.com\/wp-content\/uploads\/2025\/03\/2-Storage-Slots.jpg\" alt=\"Emplacements de stockage\" \/><\/p>\n<p><b><\/b><strong><b>Emplacements de stockage<\/b><\/strong><\/p>\n<p style=\"margin: 0;\">Sur les c\u00f4t\u00e9s du couvercle inf\u00e9rieur int\u00e9rieur de la mallette de barbier, il y a des fentes de rangement avec des s\u00e9parateurs, pour contenir les articles de coiffure du barbier, en gardant les produits \u00e0 l&#039;int\u00e9rieur stock\u00e9s de mani\u00e8re ordonn\u00e9e.<\/p>\n<\/div>\n<p><!-- \u7b2c\u4e09\u680f --><\/p>\n<div style=\"flex: 1; text-align: center;\">\n<p><img decoding=\"async\" style=\"max-width: 100%; height: auto; margin-bottom: 10px;\" src=\"https:\/\/suncasesupply.com\/wp-content\/uploads\/2025\/03\/3-Scissors-Holder.jpg\" alt=\"Porte-ciseaux\" \/><\/p>\n<p><b><\/b><strong><b>Porte-ciseaux<\/b><\/strong><\/p>\n<p>Le couvercle sup\u00e9rieur int\u00e9rieur est dot\u00e9 de huit emplacements pour ciseaux, en bande \u00e9lastique, pouvant accueillir huit ciseaux de tailles diff\u00e9rentes. Ces emplacements peuvent \u00e9galement servir \u00e0 ranger d&#039;autres articles, comme des peignes.<\/p>\n<\/div>\n<p><!-- \u7b2c\u56db\u680f --><\/p>\n<div style=\"flex: 1; text-align: center;\">\n<p><img decoding=\"async\" style=\"max-width: 100%; height: auto; margin-bottom: 10px;\" src=\"https:\/\/suncasesupply.com\/wp-content\/uploads\/2025\/03\/4-Electric-Clippers-velcro.jpg\" alt=\"Tondeuse \u00e9lectrique velcro\" \/><\/p>\n<p><b><\/b><strong><b>Tondeuse \u00e9lectrique velcro<\/b><\/strong><\/p>\n<p style=\"margin: 0;\">Le fond de la mallette de barbier est dot\u00e9 de nombreux scratchs qui permettent de fixer solidement les tondeuses \u00e9lectriques. Plus besoin de craindre de les ab\u00eemer ou de les ab\u00eemer.<\/p>\n<\/div>\n<\/div>\n<h4><span style=\"color: #003366;\">Processus de fabrication :<\/span><\/h4>\n<p><img decoding=\"async\" style=\"max-width: 100%; height: auto; margin-bottom: 10px;\" src=\"https:\/\/suncasesupply.com\/wp-content\/uploads\/2025\/07\/Manufacturing-Process.png\" alt=\"Processus de fabrication de Suncase\" \/><\/p>\n<div style=\"display: flex; gap: 20px;\">\n<p><!-- \u7b2c\u4e00\u680f \u6d41\u7a0b1--><\/p>\n<div style=\"flex: 1; text-align: center;\"><\/div>\n<\/div>\n<div style=\"display: flex; gap: 20px;\">\n<div style=\"flex: 1; text-align: center;\">\n<p style=\"font-weight: bold; margin: 5px 0;\">\n<\/div>\n<\/div>\n<h4><span style=\"color: #003366;\">Informations utiles pour les acheteurs en gros\u00a0:<\/span><\/h4>\n<ul>\n<li class=\"page-title\" title=\"Qu\u2019est-ce qui rend les cartes de sport si pr\u00e9cieuses ?\">\n<p class=\"page-title\" title=\"6 raisons pour lesquelles vous devriez organiser votre espace avec une bo\u00eete de rangement en aluminium\"><a href=\"https:\/\/suncasesupply.com\/fr\/blog\/custom-aluminum-case\/6-reasons-to-use-aluminum-storage-box-today\/\">6 raisons pour lesquelles vous devriez organiser votre espace avec des bo\u00eetes de rangement en aluminium &gt;&gt;<\/a><\/p>\n<\/li>\n<li title=\"Qu\u2019est-ce qui rend les cartes de sport si pr\u00e9cieuses ?\">\n<p class=\"page-title\" title=\"Tout ce que vous devez savoir sur les bo\u00eetiers en aluminium\"><a href=\"https:\/\/suncasesupply.com\/fr\/blog\/all-you-need-to-know-about-aluminum-cases\/\">Tout ce que vous devez savoir sur les bo\u00eetiers en aluminium &gt;&gt;<\/a><\/p>\n<\/li>\n<\/ul>","protected":false},"excerpt":{"rendered":"<p>Mod\u00e8le : BL-0079<\/p>\n<p>Taille: 54x27x11cm<\/p>\n<p>Couleurs : Couleur noire, couleur or ou couleur personnalis\u00e9e.<\/p>\n<p>Mat\u00e9riaux : Cadre en aluminium, panneau en m\u00e9lamine, panneau MDF, quincaillerie.<\/p>\n<p>Logo : Logo en impression sur soie<\/p>\n<p>Quantit\u00e9 minimale de commande : 20 pi\u00e8ces<\/p>\n<p>\u00c9chantillon : Disponible, d\u00e9lai d&#039;\u00e9chantillonnage d&#039;environ 7 jours.<\/p>","protected":false},"featured_media":24890,"template":"","meta":{"_gspb_post_css":""},"product_cat":[42,80],"product_tag":[],"featured_image_urls":{"full":["https:\/\/suncasesupply.com\/wp-content\/uploads\/2025\/03\/barber-case-4.jpg",800,800,false],"thumbnail":["https:\/\/suncasesupply.com\/wp-content\/uploads\/2025\/03\/barber-case-4-150x150.jpg",150,150,true],"medium":["https:\/\/suncasesupply.com\/wp-content\/uploads\/2025\/03\/barber-case-4-300x300.jpg",300,300,true],"medium_large":["https:\/\/suncasesupply.com\/wp-content\/uploads\/2025\/03\/barber-case-4-768x768.jpg",768,768,true],"large":["https:\/\/suncasesupply.com\/wp-content\/uploads\/2025\/03\/barber-case-4.jpg",800,800,false],"1536x1536":["https:\/\/suncasesupply.com\/wp-content\/uploads\/2025\/03\/barber-case-4.jpg",800,800,false],"2048x2048":["https:\/\/suncasesupply.com\/wp-content\/uploads\/2025\/03\/barber-case-4.jpg",800,800,false],"trp-custom-language-flag":["https:\/\/suncasesupply.com\/wp-content\/uploads\/2025\/03\/barber-case-4-12x12.jpg",12,12,true],"woocommerce_thumbnail":["https:\/\/suncasesupply.com\/wp-content\/uploads\/2025\/03\/barber-case-4-300x300.jpg",300,300,true],"woocommerce_single":["https:\/\/suncasesupply.com\/wp-content\/uploads\/2025\/03\/barber-case-4-600x600.jpg",600,600,true],"woocommerce_gallery_thumbnail":["https:\/\/suncasesupply.com\/wp-content\/uploads\/2025\/03\/barber-case-4-100x100.jpg",100,100,true]},"post_excerpt_stackable":"<p>Model:BL-0079<\/p>\n<p>Size: 54x27x11cm<\/p>\n<p>Colors: Black color, Gold color or customized color.<\/p>\n<p>Materials: Aluminum\u00a0frame,\u00a0Melamine Panel,\u00a0MDF Board, Hardware.<\/p>\n<p>Logo: Silk Printing Logo<\/p>\n<p>MOQ: 20pcs<\/p>\n<p>Sample: Available, sample time about 7 days.<\/p>\n","category_list":"","author_info":{"name":"","url":""},"comments_num":"0 commentaire","_links":{"self":[{"href":"https:\/\/suncasesupply.com\/fr\/wp-json\/wp\/v2\/product\/22243"}],"collection":[{"href":"https:\/\/suncasesupply.com\/fr\/wp-json\/wp\/v2\/product"}],"about":[{"href":"https:\/\/suncasesupply.com\/fr\/wp-json\/wp\/v2\/types\/product"}],"wp:featuredmedia":[{"embeddable":true,"href":"https:\/\/suncasesupply.com\/fr\/wp-json\/wp\/v2\/media\/24890"}],"wp:attachment":[{"href":"https:\/\/suncasesupply.com\/fr\/wp-json\/wp\/v2\/media?parent=22243"}],"wp:term":[{"taxonomy":"product_cat","embeddable":true,"href":"https:\/\/suncasesupply.com\/fr\/wp-json\/wp\/v2\/product_cat?post=22243"},{"taxonomy":"product_tag","embeddable":true,"href":"https:\/\/suncasesupply.com\/fr\/wp-json\/wp\/v2\/product_tag?post=22243"}],"curies":[{"name":"wp","href":"https:\/\/api.w.org\/{rel}","templated":true}]}}