{"id":22172,"date":"2023-09-20T16:05:40","date_gmt":"2023-09-20T08:05:40","guid":{"rendered":"https:\/\/suncasesupply.com\/?post_type=product&#038;p=22172"},"modified":"2025-02-26T11:27:58","modified_gmt":"2025-02-26T03:27:58","slug":"trolley-4-in-1-large-capacity-trolley-makeup-travel-case-pink","status":"publish","type":"product","link":"https:\/\/suncasesupply.com\/fr\/product\/trolley-4-in-1-large-capacity-trolley-makeup-travel-case-pink\/","title":{"rendered":"Chariot 4 en 1, grande capacit\u00e9, trousse de voyage pour maquillage, rose"},"content":{"rendered":"<p>&nbsp;<\/p>\n<table width=\"774\">\n<tbody>\n<tr>\n<td width=\"177\">Article<\/td>\n<td width=\"597\">Trousse de maquillage \u00e0 roulettes<\/td>\n<\/tr>\n<tr>\n<td>Dimension<\/td>\n<td>356*254*78 cm ou personnaliser<\/td>\n<\/tr>\n<tr>\n<td>Couleurs<\/td>\n<td>Comme le montrent les images ou personnaliser<\/td>\n<\/tr>\n<tr>\n<td>Mat\u00e9riaux<\/td>\n<td>Aluminium, panneau ABS, panneau MDF, doublure EVA\/mousse\/tissu\/PU, quincaillerie<\/td>\n<\/tr>\n<tr>\n<td>Logo<\/td>\n<td>Logo plaque m\u00e9tallique, logo imprim\u00e9, logo en relief, logo laser<\/td>\n<\/tr>\n<tr>\n<td>Temps d&#039;\u00e9chantillonnage<\/td>\n<td>7 jours<\/td>\n<\/tr>\n<tr>\n<td>Port d&#039;embarquement<\/td>\n<td>Canton, Shenzhen<\/td>\n<\/tr>\n<tr>\n<td>Conditions commerciales<\/td>\n<td>EXW, FOB, CIF, DDU, DDP<\/td>\n<\/tr>\n<tr>\n<td>M\u00e9thodes de payement<\/td>\n<td>T\/T, esp\u00e8ces, PayPal, carte de cr\u00e9dit<\/td>\n<\/tr>\n<\/tbody>\n<\/table>\n<p><span style=\"color: #003366;\">Caract\u00e9ristiques:<\/span><\/p>\n<p>Le corps principal de cette trousse de maquillage est en ABS et en MDF haute densit\u00e9, tandis que le cadre et les coins sont en aluminium renforc\u00e9, qui garantissent tous deux une longue dur\u00e9e de vie ; La doublure enti\u00e8rement en velours de haute qualit\u00e9 r\u00e9duit la friction et prot\u00e8ge les produits cosm\u00e9tiques d\u00e9licats, tout en offrant une sensation agr\u00e9able avec un toucher doux. Les tirants en aluminium offrent un fonctionnement fluide et une r\u00e9sistance \u00e0 la corrosion.<\/p>\n<p>La trousse de maquillage 4 en 1 se compose de 4 compartiments d\u00e9tachables qui peuvent \u00eatre librement combin\u00e9s selon vos demandes. Le compartiment sup\u00e9rieur peut \u00eatre utilis\u00e9 comme une petite trousse de maquillage ; les deux tiroirs du milieu peuvent \u00eatre retir\u00e9s pour transformer cette trousse de maquillage 4 en 1 en une trousse 3 en 1\/2 en 1 selon vos exigences de travail.<\/p>\n<p>Cette valise de train est \u00e9quip\u00e9e de quatre roues pivotantes \u00e0 360\u00b0 de haute qualit\u00e9 offrant un d\u00e9placement fluide et silencieux, permettant ainsi d&#039;\u00e9conomiser du travail. Les roues amovibles peuvent \u00eatre facilement retir\u00e9es ou remplac\u00e9es si n\u00e9cessaire.<\/p>\n<p>La mallette de maquillage \u00e0 roulettes avec une capacit\u00e9 de charge \u00e9lev\u00e9e jusqu&#039;\u00e0 36 kg\/ 80 lb est un rangement parfait pour un grand nombre d&#039;outils capillaires, de cosm\u00e9tiques et d&#039;outils \u00e0 ongles. Un grand espace de rangement sur la couche inf\u00e9rieure sans s\u00e9parateur vous permet de ranger des outils de maquillage de grandes tailles. Deux pinces verrouillables sur le dessus et les autres plateaux sont \u00e9galement dot\u00e9s de verrous. Il est \u00e9galement verrouillable avec des cl\u00e9s pour plus d&#039;intimit\u00e9. Id\u00e9al pour emporter exactement ce dont vous avez besoin, partout et \u00e0 tout moment.<\/p>","protected":false},"excerpt":{"rendered":"<p>Mod\u00e8le : SC-RM0023<\/p>\n<p>Taille: 356*254*78 cm<\/p>\n<p>Quantit\u00e9 minimale de commande : 50 pi\u00e8ces<br \/>\nD\u00e9lai de livraison : 15-25 jours<\/p>\n<p>\u00c9chantillon\u00a0: Disponible<\/p>","protected":false},"featured_media":22173,"template":"","meta":{"_gspb_post_css":""},"product_cat":[97],"product_tag":[],"featured_image_urls":{"full":["https:\/\/suncasesupply.com\/wp-content\/uploads\/2023\/09\/1.jpg",800,800,false],"thumbnail":["https:\/\/suncasesupply.com\/wp-content\/uploads\/2023\/09\/1-150x150.jpg",150,150,true],"medium":["https:\/\/suncasesupply.com\/wp-content\/uploads\/2023\/09\/1-300x300.jpg",300,300,true],"medium_large":["https:\/\/suncasesupply.com\/wp-content\/uploads\/2023\/09\/1-768x768.jpg",768,768,true],"large":["https:\/\/suncasesupply.com\/wp-content\/uploads\/2023\/09\/1.jpg",800,800,false],"1536x1536":["https:\/\/suncasesupply.com\/wp-content\/uploads\/2023\/09\/1.jpg",800,800,false],"2048x2048":["https:\/\/suncasesupply.com\/wp-content\/uploads\/2023\/09\/1.jpg",800,800,false],"trp-custom-language-flag":["https:\/\/suncasesupply.com\/wp-content\/uploads\/2023\/09\/1.jpg",12,12,false],"woocommerce_thumbnail":["https:\/\/suncasesupply.com\/wp-content\/uploads\/2023\/09\/1-300x300.jpg",300,300,true],"woocommerce_single":["https:\/\/suncasesupply.com\/wp-content\/uploads\/2023\/09\/1-600x600.jpg",600,600,true],"woocommerce_gallery_thumbnail":["https:\/\/suncasesupply.com\/wp-content\/uploads\/2023\/09\/1-100x100.jpg",100,100,true]},"post_excerpt_stackable":"<p>Model : SC-RM0023<\/p>\n<p>Size: 356*254*78cm<\/p>\n<p>MOQ: 50pcs<br \/>\nDelivery Time : 15-25 Days<\/p>\n<p>Sample : Available<\/p>\n","category_list":"","author_info":{"name":"","url":""},"comments_num":"0 commentaire","_links":{"self":[{"href":"https:\/\/suncasesupply.com\/fr\/wp-json\/wp\/v2\/product\/22172"}],"collection":[{"href":"https:\/\/suncasesupply.com\/fr\/wp-json\/wp\/v2\/product"}],"about":[{"href":"https:\/\/suncasesupply.com\/fr\/wp-json\/wp\/v2\/types\/product"}],"wp:featuredmedia":[{"embeddable":true,"href":"https:\/\/suncasesupply.com\/fr\/wp-json\/wp\/v2\/media\/22173"}],"wp:attachment":[{"href":"https:\/\/suncasesupply.com\/fr\/wp-json\/wp\/v2\/media?parent=22172"}],"wp:term":[{"taxonomy":"product_cat","embeddable":true,"href":"https:\/\/suncasesupply.com\/fr\/wp-json\/wp\/v2\/product_cat?post=22172"},{"taxonomy":"product_tag","embeddable":true,"href":"https:\/\/suncasesupply.com\/fr\/wp-json\/wp\/v2\/product_tag?post=22172"}],"curies":[{"name":"wp","href":"https:\/\/api.w.org\/{rel}","templated":true}]}}