{"id":22163,"date":"2023-09-19T17:39:34","date_gmt":"2023-09-19T09:39:34","guid":{"rendered":"https:\/\/suncasesupply.com\/?post_type=product&#038;p=22163"},"modified":"2025-07-15T10:54:12","modified_gmt":"2025-07-15T02:54:12","slug":"pick-foam-flight-case-multi-format-turntable-storage-case","status":"publish","type":"product","link":"https:\/\/suncasesupply.com\/fr\/product\/pick-foam-flight-case-multi-format-turntable-storage-case\/","title":{"rendered":"\u00c9tui de rangement pour platine vinyle Technics 1200 en aluminium"},"content":{"rendered":"<h4><span style=\"color: #003366;\">Caract\u00e9ristiques:<\/span><\/h4>\n<ul>\n<li><strong><b>Construction solide<\/b><\/strong>Le bo\u00eetier pour platine Technics 1200, en aluminium, est fabriqu\u00e9 \u00e0 partir de profil\u00e9s en aluminium r\u00e9sistants \u00e0 la corrosion et dot\u00e9s d&#039;angles arrondis robustes. Ce bo\u00eetier DJ en aluminium robuste offre une protection durable \u00e0 votre pr\u00e9cieux \u00e9quipement.<\/li>\n<li><strong><b>Mousses de protection<\/b><\/strong>: Enti\u00e8rement doubl\u00e9 d&#039;un rembourrage de protection en mousse EVA haute densit\u00e9 et d&#039;une mousse alv\u00e9ol\u00e9e sur le couvercle, ce qui le rend id\u00e9al comme r\u00e9cipient de rangement pour platine.<\/li>\n<li><strong><b>Mat\u00e9riaux solides<\/b><\/strong>: Deux serrures papillon robustes sur les deux c\u00f4t\u00e9s et des charni\u00e8res en m\u00e9tal solides, tout comme celles utilis\u00e9es dans les conceptions de bo\u00eetes \u00e0 outils professionnelles en aluminium.<\/li>\n<li><strong><b>Debout<\/b><\/strong>: Pieds en caoutchouc en bas pour un soutien en position debout.<\/li>\n<li><strong><b>Empilage<\/b><\/strong>:Le couvercle sup\u00e9rieur et le bas de la platine avec \u00e9tui de rangement sont enti\u00e8rement d\u00e9tachables et peuvent \u00eatre empilables pendant le travail, am\u00e9liorant ainsi la fonctionnalit\u00e9 des configurations mobiles ou des besoins de stockage de disques DJ.<\/li>\n<\/ul>\n<h4><span style=\"color: #003366;\">D\u00e9tails du produit :<\/span><\/h4>\n<div style=\"display: flex; gap: 20px;\">\n<p><!-- \u7b2c\u4e00\u680f --><\/p>\n<div style=\"flex: 1; text-align: center;\">\n<p><img decoding=\"async\" style=\"max-width: 100%; height: auto; margin-bottom: 10px;\" src=\"https:\/\/suncasesupply.com\/wp-content\/uploads\/2025\/03\/1-Cable-Hole.jpg\" alt=\"Trou de c\u00e2ble\" \/><\/p>\n<p><strong><b>Trou de c\u00e2ble<\/b><\/strong><\/p>\n<p style=\"margin: 0;\">Le trou pour c\u00e2bles est situ\u00e9 au milieu du couvercle arri\u00e8re du bo\u00eetier. Lorsque la Technics 1200 est rang\u00e9e \u00e0 l&#039;int\u00e9rieur, ses c\u00e2bles peuvent \u00eatre achemin\u00e9s par ce trou et connect\u00e9s \u00e0 d&#039;autres sources d&#039;alimentation. Gr\u00e2ce \u00e0 cette fonctionnalit\u00e9, les c\u00e2bles restent organis\u00e9s et sans n\u0153uds, ce qui est particuli\u00e8rement important pour un rangement soign\u00e9 des disques vinyles et de la platine.<\/p>\n<p>&nbsp;<\/p>\n<\/div>\n<p><!-- \u7b2c\u4e8c\u680f --><\/p>\n<div style=\"flex: 1; text-align: center;\">\n<p><img decoding=\"async\" style=\"max-width: 100%; height: auto; margin-bottom: 10px;\" src=\"https:\/\/suncasesupply.com\/wp-content\/uploads\/2025\/03\/2-Butterfly-Locks.jpg\" alt=\"Serrures papillon\" \/><\/p>\n<p><strong><b>Serrures papillon<\/b><\/strong><\/p>\n<p style=\"margin: 0;\">La structure du cadenas papillon est complexe\u00a0: il comprend un couvercle, un crochet, une base, des rivets m\u00e9caniques, des connecteurs, des plaques mobiles rotatives, des ressorts, des t\u00eates de bouton, des poign\u00e9es et des plaques \u00e0 ressort. Il s&#039;ouvre et se ferme en douceur, est solide et stable. R\u00e9sistant \u00e0 la corrosion et robuste, il peut m\u00eame servir d&#039;\u00e9l\u00e9ment d\u00e9coratif, un \u00e9l\u00e9ment courant dans la fabrication des bo\u00eetiers de disques pour DJ.<\/p>\n<\/div>\n<p><!-- \u7b2c\u4e09\u680f --><\/p>\n<div style=\"flex: 1; text-align: center;\">\n<p><img decoding=\"async\" style=\"max-width: 100%; height: auto; margin-bottom: 10px;\" src=\"https:\/\/suncasesupply.com\/wp-content\/uploads\/2025\/03\/3-Spring-Handle.jpg\" alt=\"Poign\u00e9e \u00e0 ressort\" \/><\/p>\n<p><b><\/b><strong><b>Poign\u00e9e \u00e0 ressort<\/b><\/strong><\/p>\n<p>La poign\u00e9e pliante \u00e0 ressort est une poign\u00e9e pliable. Int\u00e9gr\u00e9e \u00e0 l&#039;int\u00e9rieur de la poign\u00e9e, elle maintient celle-ci pli\u00e9e ou d\u00e9pli\u00e9e gr\u00e2ce \u00e0 son \u00e9lasticit\u00e9. Lorsqu&#039;elle est utilis\u00e9e, elle se d\u00e9plie facilement et le ressort la replie automatiquement apr\u00e8s rel\u00e2chement.<\/p>\n<\/div>\n<p><!-- \u7b2c\u56db\u680f --><\/p>\n<div style=\"flex: 1; text-align: center;\">\n<p><img decoding=\"async\" style=\"max-width: 100%; height: auto; margin-bottom: 10px;\" src=\"https:\/\/suncasesupply.com\/wp-content\/uploads\/2025\/03\/4.jpg\" alt=\"Rembourrage de protection EVA\" \/><\/p>\n<p><strong><b>Rembourrage de protection EVA<\/b><\/strong><\/p>\n<p style=\"margin: 0;\">Le couvercle sup\u00e9rieur de l&#039;organiseur de platine est dot\u00e9 d&#039;un grand rembourrage en mousse EVA, et les quatre coins inf\u00e9rieurs sont \u00e9quip\u00e9s de quatre pi\u00e8ces. Leur fonction principale est de fixer l&#039;appareil \u00e0 l&#039;int\u00e9rieur. Une fois la Technics 1200 plac\u00e9e dans son \u00e9tui, les rembourrages en mousse EVA l&#039;emp\u00eachent de bouger, assurant ainsi une protection optimale contre les collisions.<\/p>\n<\/div>\n<\/div>\n<div style=\"background-color: #29599a; padding: 40px 20px; text-align: center; color: #ffffff; border-radius: 10px; margin: 40px auto; max-width: 960px;\">\n<h2 style=\"font-size: 22px; margin-bottom: 20px; font-weight: bold;\"><span style=\"color: #ffffff;\">Commencez votre commande en gros pour le bo\u00eetier de platine Technics 1200 \u2014 MOQ 100, prix direct usine\u00a0!<\/span><\/h2>\n<p><a style=\"display: inline-block; padding: 12px 28px; background-color: #ffffff; color: #29599a; text-decoration: none; border-radius: 6px; font-weight: bold;\" href=\"https:\/\/suncasesupply.com\/fr\/contact-us\/\" target=\"_blank\" rel=\"noopener\">Obtenez un devis maintenant<br \/>\n<\/a><\/p>\n<\/div>\n<h4><span style=\"color: #003366;\">Processus de fabrication :<\/span><\/h4>\n<p><img decoding=\"async\" style=\"max-width: 100%; height: auto; margin-bottom: 10px;\" src=\"https:\/\/suncasesupply.com\/wp-content\/uploads\/2025\/07\/Manufacturing-Process.png\" alt=\"Processus de fabrication de Suncase\" \/><\/p>\n<h4><span style=\"color: #003366;\">Informations utiles pour les acheteurs en gros\u00a0:<\/span><\/h4>\n<ul>\n<li class=\"page-title\" title=\"Qu\u2019est-ce qui rend les cartes de sport si pr\u00e9cieuses ?\">\n<p class=\"page-title\" title=\"6 raisons pour lesquelles vous devriez organiser votre espace avec une bo\u00eete de rangement en aluminium\"><a href=\"https:\/\/suncasesupply.com\/fr\/blog\/custom-aluminum-case\/6-reasons-to-use-aluminum-storage-box-today\/\">6 raisons pour lesquelles vous devriez organiser votre espace avec des bo\u00eetes de rangement en aluminium &gt;&gt;<\/a><\/p>\n<\/li>\n<li title=\"Qu\u2019est-ce qui rend les cartes de sport si pr\u00e9cieuses ?\">\n<p class=\"page-title\" title=\"Tout ce que vous devez savoir sur les bo\u00eetiers en aluminium\"><a href=\"https:\/\/suncasesupply.com\/fr\/blog\/all-you-need-to-know-about-aluminum-cases\/\">Tout ce que vous devez savoir sur les bo\u00eetiers en aluminium &gt;&gt;<\/a><\/p>\n<\/li>\n<li title=\"Qu\u2019est-ce qui rend les cartes de sport si pr\u00e9cieuses ?\">\n<p class=\"page-title\" title=\"Deux fa\u00e7ons de prot\u00e9ger votre \u00e9quipement DJ avec un \u00e9tui pour contr\u00f4leur DJ\"><a href=\"https:\/\/suncasesupply.com\/fr\/blog\/custom-aluminum-case\/two-ways-to-protect-your-dj-gear-with-a-dj-controller-case\/\">Deux fa\u00e7ons de prot\u00e9ger votre \u00e9quipement DJ avec un \u00e9tui pour contr\u00f4leur DJ &gt;&gt;<\/a><\/p>\n<\/li>\n<\/ul>","protected":false},"excerpt":{"rendered":"<p>Mod\u00e8le : BA-25001<\/p>\n<p>Dimensions : 45 x 45 x 20 cm<\/p>\n<p>Machine : Pour contenir Technics 1200<\/p>\n<p>Couleurs : Couleur noire<\/p>\n<p>Mat\u00e9riaux : Contreplaqu\u00e9, aluminium \u00e0 coins arrondis, panneau MDF, quincaillerie.<\/p>\n<p>Logo : Logo en s\u00e9rigraphie \/ Logo en plaque m\u00e9tallique<\/p>\n<p>Quantit\u00e9 minimale de commande : 100 pi\u00e8ces<\/p>\n<p>\u00c9chantillon : Disponible, d\u00e9lai d&#039;\u00e9chantillonnage d&#039;environ 7 jours.<\/p>\n<p>Conditions de paiement : T\/T, d\u00e9p\u00f4t + solde<\/p>","protected":false},"featured_media":25385,"template":"","meta":{"_gspb_post_css":""},"product_cat":[42,80],"product_tag":[],"featured_image_urls":{"full":["https:\/\/suncasesupply.com\/wp-content\/uploads\/2025\/05\/turntable-flight-case.jpg",800,800,false],"thumbnail":["https:\/\/suncasesupply.com\/wp-content\/uploads\/2025\/05\/turntable-flight-case-150x150.jpg",150,150,true],"medium":["https:\/\/suncasesupply.com\/wp-content\/uploads\/2025\/05\/turntable-flight-case-300x300.jpg",300,300,true],"medium_large":["https:\/\/suncasesupply.com\/wp-content\/uploads\/2025\/05\/turntable-flight-case-768x768.jpg",768,768,true],"large":["https:\/\/suncasesupply.com\/wp-content\/uploads\/2025\/05\/turntable-flight-case.jpg",800,800,false],"1536x1536":["https:\/\/suncasesupply.com\/wp-content\/uploads\/2025\/05\/turntable-flight-case.jpg",800,800,false],"2048x2048":["https:\/\/suncasesupply.com\/wp-content\/uploads\/2025\/05\/turntable-flight-case.jpg",800,800,false],"trp-custom-language-flag":["https:\/\/suncasesupply.com\/wp-content\/uploads\/2025\/05\/turntable-flight-case-12x12.jpg",12,12,true],"woocommerce_thumbnail":["https:\/\/suncasesupply.com\/wp-content\/uploads\/2025\/05\/turntable-flight-case-300x300.jpg",300,300,true],"woocommerce_single":["https:\/\/suncasesupply.com\/wp-content\/uploads\/2025\/05\/turntable-flight-case-600x600.jpg",600,600,true],"woocommerce_gallery_thumbnail":["https:\/\/suncasesupply.com\/wp-content\/uploads\/2025\/05\/turntable-flight-case-100x100.jpg",100,100,true]},"post_excerpt_stackable":"<p>Model:BA-25001<\/p>\n<p>Size: 45 x 45 x 20 cm<\/p>\n<p>Machine: To hold Technics 1200<\/p>\n<p>Colors: Black color<\/p>\n<p>Materials: Plywood, Round Corner Aluminum, MDF Board, Hardware.<\/p>\n<p>Logo: Silk Printing Logo \/ Metal Plate Logo<\/p>\n<p>MOQ: 100pcs<\/p>\n<p>Sample: Available, sample time about 7 days.<\/p>\n<p>Payment Terms: T\/T, Deposit+Balance<\/p>\n","category_list":"","author_info":{"name":"","url":""},"comments_num":"0 commentaire","_links":{"self":[{"href":"https:\/\/suncasesupply.com\/fr\/wp-json\/wp\/v2\/product\/22163"}],"collection":[{"href":"https:\/\/suncasesupply.com\/fr\/wp-json\/wp\/v2\/product"}],"about":[{"href":"https:\/\/suncasesupply.com\/fr\/wp-json\/wp\/v2\/types\/product"}],"wp:featuredmedia":[{"embeddable":true,"href":"https:\/\/suncasesupply.com\/fr\/wp-json\/wp\/v2\/media\/25385"}],"wp:attachment":[{"href":"https:\/\/suncasesupply.com\/fr\/wp-json\/wp\/v2\/media?parent=22163"}],"wp:term":[{"taxonomy":"product_cat","embeddable":true,"href":"https:\/\/suncasesupply.com\/fr\/wp-json\/wp\/v2\/product_cat?post=22163"},{"taxonomy":"product_tag","embeddable":true,"href":"https:\/\/suncasesupply.com\/fr\/wp-json\/wp\/v2\/product_tag?post=22163"}],"curies":[{"name":"wp","href":"https:\/\/api.w.org\/{rel}","templated":true}]}}