{"id":22143,"date":"2023-08-30T17:44:58","date_gmt":"2023-08-30T09:44:58","guid":{"rendered":"https:\/\/suncasesupply.com\/?post_type=product&#038;p=22143"},"modified":"2025-02-26T11:43:32","modified_gmt":"2025-02-26T03:43:32","slug":"6-way-slim-par-can-flight-case-with-compartments-for-gear-equipment","status":"publish","type":"product","link":"https:\/\/suncasesupply.com\/fr\/product\/6-way-slim-par-can-flight-case-with-compartments-for-gear-equipment\/","title":{"rendered":"Flight-case mince \u00e0 6 voies avec compartiments pour \u00e9quipement d&#039;\u00e9quipement"},"content":{"rendered":"<p>&nbsp;<\/p>\n<table width=\"774\">\n<tbody>\n<tr>\n<td width=\"177\">Article<\/td>\n<td width=\"597\">Flight-case personnalis\u00e9<\/td>\n<\/tr>\n<tr>\n<td>Dimension<\/td>\n<td>Personnaliser<\/td>\n<\/tr>\n<tr>\n<td>Couleurs<\/td>\n<td>Comme le montrent les images ou personnaliser<\/td>\n<\/tr>\n<tr>\n<td>Mat\u00e9riaux<\/td>\n<td>Aluminium, contreplaqu\u00e9, doublure EVA\/mousse\/tissu\/PU, quincaillerie<\/td>\n<\/tr>\n<tr>\n<td>Logo<\/td>\n<td>Logo plaque m\u00e9tallique, logo imprim\u00e9, logo en relief, logo laser<\/td>\n<\/tr>\n<tr>\n<td>Temps d&#039;\u00e9chantillonnage<\/td>\n<td>7 jours<\/td>\n<\/tr>\n<tr>\n<td>Port d&#039;embarquement<\/td>\n<td>Canton, Shenzhen<\/td>\n<\/tr>\n<tr>\n<td>Conditions commerciales<\/td>\n<td>EXW, FOB, CIF, DDU, DDP<\/td>\n<\/tr>\n<tr>\n<td>M\u00e9thodes de payement<\/td>\n<td>T\/T, esp\u00e8ces, PayPal, carte de cr\u00e9dit<\/td>\n<\/tr>\n<\/tbody>\n<\/table>\n<p><span style=\"color: #003366;\">Caract\u00e9ristiques:<\/span><\/p>\n<ul>\n<li>Type : couvercle \u00e0 charni\u00e8re<\/li>\n<li>Mat\u00e9riau : panneau hexagonal noir de 9 mm.<\/li>\n<li>Dimensions int\u00e9rieures\u00a0: l705 mm x p419 mm x h295 mm<\/li>\n<li>Dim. Ext\u00a0:\u00a0l726\u00a0mm x p440\u00a0mm x h481\u00a0mm, roulettes comprises<\/li>\n<li>Mousse\u00a0: doubl\u00e9e de mousse haute densit\u00e9 de 10\u00a0mm<\/li>\n<li>Raccords robustes<\/li>\n<li>Paroi de 100 mm \u00e9quip\u00e9e pour les accessoires<\/li>\n<li>Roulettes\u00a0: roulettes de 100\u00a0mm install\u00e9es (x2 freins)<\/li>\n<\/ul>","protected":false},"excerpt":{"rendered":"<p>Mod\u00e8le : Z80<\/p>\n<p>Taille\u00a0:\u00a0Personnaliser<\/p>\n<p>Quantit\u00e9 minimale de commande : 100 pi\u00e8ces<\/p>\n<p>D\u00e9lai de livraison : 15-25 jours<\/p>\n<p>\u00c9chantillon\u00a0: Disponible<\/p>","protected":false},"featured_media":22155,"template":"","meta":{"_gspb_post_css":""},"product_cat":[88],"product_tag":[],"featured_image_urls":{"full":["https:\/\/suncasesupply.com\/wp-content\/uploads\/2023\/08\/22-8.jpg",600,600,false],"thumbnail":["https:\/\/suncasesupply.com\/wp-content\/uploads\/2023\/08\/22-8-150x150.jpg",150,150,true],"medium":["https:\/\/suncasesupply.com\/wp-content\/uploads\/2023\/08\/22-8-300x300.jpg",300,300,true],"medium_large":["https:\/\/suncasesupply.com\/wp-content\/uploads\/2023\/08\/22-8.jpg",600,600,false],"large":["https:\/\/suncasesupply.com\/wp-content\/uploads\/2023\/08\/22-8.jpg",600,600,false],"1536x1536":["https:\/\/suncasesupply.com\/wp-content\/uploads\/2023\/08\/22-8.jpg",600,600,false],"2048x2048":["https:\/\/suncasesupply.com\/wp-content\/uploads\/2023\/08\/22-8.jpg",600,600,false],"trp-custom-language-flag":["https:\/\/suncasesupply.com\/wp-content\/uploads\/2023\/08\/22-8.jpg",12,12,false],"woocommerce_thumbnail":["https:\/\/suncasesupply.com\/wp-content\/uploads\/2023\/08\/22-8-300x300.jpg",300,300,true],"woocommerce_single":["https:\/\/suncasesupply.com\/wp-content\/uploads\/2023\/08\/22-8.jpg",600,600,false],"woocommerce_gallery_thumbnail":["https:\/\/suncasesupply.com\/wp-content\/uploads\/2023\/08\/22-8-100x100.jpg",100,100,true]},"post_excerpt_stackable":"<p>Model : Z80<\/p>\n<p>Size: \u00a0Customize<\/p>\n<p>MOQ: 100pcs<\/p>\n<p>Delivery Time : 15-25 Days<\/p>\n<p>Sample : Available<\/p>\n","category_list":"","author_info":{"name":"","url":""},"comments_num":"0 commentaire","_links":{"self":[{"href":"https:\/\/suncasesupply.com\/fr\/wp-json\/wp\/v2\/product\/22143"}],"collection":[{"href":"https:\/\/suncasesupply.com\/fr\/wp-json\/wp\/v2\/product"}],"about":[{"href":"https:\/\/suncasesupply.com\/fr\/wp-json\/wp\/v2\/types\/product"}],"wp:featuredmedia":[{"embeddable":true,"href":"https:\/\/suncasesupply.com\/fr\/wp-json\/wp\/v2\/media\/22155"}],"wp:attachment":[{"href":"https:\/\/suncasesupply.com\/fr\/wp-json\/wp\/v2\/media?parent=22143"}],"wp:term":[{"taxonomy":"product_cat","embeddable":true,"href":"https:\/\/suncasesupply.com\/fr\/wp-json\/wp\/v2\/product_cat?post=22143"},{"taxonomy":"product_tag","embeddable":true,"href":"https:\/\/suncasesupply.com\/fr\/wp-json\/wp\/v2\/product_tag?post=22143"}],"curies":[{"name":"wp","href":"https:\/\/api.w.org\/{rel}","templated":true}]}}