{"id":22117,"date":"2023-08-30T17:17:41","date_gmt":"2023-08-30T09:17:41","guid":{"rendered":"https:\/\/suncasesupply.com\/?post_type=product&#038;p=22117"},"modified":"2025-02-26T11:03:07","modified_gmt":"2025-02-26T03:03:07","slug":"high-aluminum-frame-makeup-artist-director-chair-foldable-outdoor-chair","status":"publish","type":"product","link":"https:\/\/suncasesupply.com\/fr\/product\/high-aluminum-frame-makeup-artist-director-chair-foldable-outdoor-chair\/","title":{"rendered":"Chaise ext\u00e9rieure pliable de directeur de maquilleur de cadre en aluminium \u00e9lev\u00e9"},"content":{"rendered":"<p>&nbsp;<\/p>\n<table width=\"774\">\n<tbody>\n<tr>\n<td width=\"177\">Article<\/td>\n<td width=\"597\">Chaise de maquillage<\/td>\n<\/tr>\n<tr>\n<td>Dimension<\/td>\n<td>58,5*48,3*115,6cm<\/td>\n<\/tr>\n<tr>\n<td>Couleurs<\/td>\n<td>Comme le montrent les images ou personnaliser<\/td>\n<\/tr>\n<tr>\n<td>Mat\u00e9riaux<\/td>\n<td>Cadre en aluminium, tissu Oxford, quincaillerie<\/td>\n<\/tr>\n<tr>\n<td>Logo<\/td>\n<td>Logo plaque m\u00e9tallique, logo imprim\u00e9, logo en relief, logo laser<\/td>\n<\/tr>\n<tr>\n<td>Temps d&#039;\u00e9chantillonnage<\/td>\n<td>7 jours<\/td>\n<\/tr>\n<tr>\n<td>Port d&#039;embarquement<\/td>\n<td>Canton, Shenzhen<\/td>\n<\/tr>\n<tr>\n<td>Conditions commerciales<\/td>\n<td>EXW, FOB, CIF, DDU, DDP<\/td>\n<\/tr>\n<tr>\n<td>M\u00e9thodes de payement<\/td>\n<td>T\/T, esp\u00e8ces, PayPal, carte de cr\u00e9dit<\/td>\n<\/tr>\n<\/tbody>\n<\/table>\n<p><span style=\"color: #003366;\">Caract\u00e9ristiques:<\/span><\/p>\n<p>D\u00e9couvrez une vari\u00e9t\u00e9 d&#039;utilisations pour cette chaise de r\u00e9alisateur de style classique.<\/p>\n<p>Construite avec un cadre en aluminium et un tissu Oxford, cette chaise de r\u00e9alisateur portable est con\u00e7ue pour une r\u00e9sistance durable.<\/p>\n<p>La conception pliable facilite le transport et le stockage, ce qui signifie que vous pouvez le d\u00e9placer d&#039;une pi\u00e8ce \u00e0 l&#039;autre ou le transporter facilement pour des occasions sp\u00e9ciales. Une excellente solution pour les maisons, les \u00e9coles, les \u00e9v\u00e9nements et les entreprises.<\/p>","protected":false},"excerpt":{"rendered":"<p>Mod\u00e8le : BL-0066<\/p>\n<p>Taille: 58,5*48,3*115,6 cm<\/p>\n<p>Quantit\u00e9 minimale de commande : 5 pi\u00e8ces<\/p>\n<p>D\u00e9lai de livraison : 15-25 jours<\/p>\n<p>\u00c9chantillon\u00a0: Disponible<\/p>","protected":false},"featured_media":22120,"template":"","meta":{"_gspb_post_css":""},"product_cat":[99],"product_tag":[],"featured_image_urls":{"full":["https:\/\/suncasesupply.com\/wp-content\/uploads\/2023\/08\/7-1-3.jpg",1100,1100,false],"thumbnail":["https:\/\/suncasesupply.com\/wp-content\/uploads\/2023\/08\/7-1-3-150x150.jpg",150,150,true],"medium":["https:\/\/suncasesupply.com\/wp-content\/uploads\/2023\/08\/7-1-3-300x300.jpg",300,300,true],"medium_large":["https:\/\/suncasesupply.com\/wp-content\/uploads\/2023\/08\/7-1-3-768x768.jpg",768,768,true],"large":["https:\/\/suncasesupply.com\/wp-content\/uploads\/2023\/08\/7-1-3-1024x1024.jpg",1024,1024,true],"1536x1536":["https:\/\/suncasesupply.com\/wp-content\/uploads\/2023\/08\/7-1-3.jpg",1100,1100,false],"2048x2048":["https:\/\/suncasesupply.com\/wp-content\/uploads\/2023\/08\/7-1-3.jpg",1100,1100,false],"trp-custom-language-flag":["https:\/\/suncasesupply.com\/wp-content\/uploads\/2023\/08\/7-1-3.jpg",12,12,false],"woocommerce_thumbnail":["https:\/\/suncasesupply.com\/wp-content\/uploads\/2023\/08\/7-1-3-300x300.jpg",300,300,true],"woocommerce_single":["https:\/\/suncasesupply.com\/wp-content\/uploads\/2023\/08\/7-1-3-600x600.jpg",600,600,true],"woocommerce_gallery_thumbnail":["https:\/\/suncasesupply.com\/wp-content\/uploads\/2023\/08\/7-1-3-100x100.jpg",100,100,true]},"post_excerpt_stackable":"<p>Model : BL-0066<\/p>\n<p>Size: 58.5*48.3*115.6cm<\/p>\n<p>MOQ: 5pcs<\/p>\n<p>Delivery Time : 15-25 Days<\/p>\n<p>Sample : Available<\/p>\n","category_list":"","author_info":{"name":"","url":""},"comments_num":"0 commentaire","_links":{"self":[{"href":"https:\/\/suncasesupply.com\/fr\/wp-json\/wp\/v2\/product\/22117"}],"collection":[{"href":"https:\/\/suncasesupply.com\/fr\/wp-json\/wp\/v2\/product"}],"about":[{"href":"https:\/\/suncasesupply.com\/fr\/wp-json\/wp\/v2\/types\/product"}],"wp:featuredmedia":[{"embeddable":true,"href":"https:\/\/suncasesupply.com\/fr\/wp-json\/wp\/v2\/media\/22120"}],"wp:attachment":[{"href":"https:\/\/suncasesupply.com\/fr\/wp-json\/wp\/v2\/media?parent=22117"}],"wp:term":[{"taxonomy":"product_cat","embeddable":true,"href":"https:\/\/suncasesupply.com\/fr\/wp-json\/wp\/v2\/product_cat?post=22117"},{"taxonomy":"product_tag","embeddable":true,"href":"https:\/\/suncasesupply.com\/fr\/wp-json\/wp\/v2\/product_tag?post=22117"}],"curies":[{"name":"wp","href":"https:\/\/api.w.org\/{rel}","templated":true}]}}