{"id":22097,"date":"2023-08-30T16:31:56","date_gmt":"2023-08-30T08:31:56","guid":{"rendered":"https:\/\/suncasesupply.com\/?post_type=product&#038;p=22097"},"modified":"2025-02-26T11:48:31","modified_gmt":"2025-02-26T03:48:31","slug":"dual-qsc-k12-speaker-ata-flight-case-holds-2-speakers","status":"publish","type":"product","link":"https:\/\/suncasesupply.com\/fr\/product\/dual-qsc-k12-speaker-ata-flight-case-holds-2-speakers\/","title":{"rendered":"Le Flight Case ATA pour haut-parleurs double QSC K12 peut contenir 2 haut-parleurs"},"content":{"rendered":"<p>&nbsp;<\/p>\n<table width=\"774\">\n<tbody>\n<tr>\n<td width=\"177\">Article<\/td>\n<td width=\"597\">Flight-case pour haut-parleur<\/td>\n<\/tr>\n<tr>\n<td>Dimension<\/td>\n<td>660 x 559 x 355 mm ou personnalis\u00e9<\/td>\n<\/tr>\n<tr>\n<td>Couleurs<\/td>\n<td>Comme le montrent les images ou personnaliser<\/td>\n<\/tr>\n<tr>\n<td>Mat\u00e9riaux<\/td>\n<td>Aluminium, contreplaqu\u00e9, doublure EVA\/mousse\/tissu\/PU, quincaillerie<\/td>\n<\/tr>\n<tr>\n<td>Logo<\/td>\n<td>Logo plaque m\u00e9tallique, logo imprim\u00e9, logo en relief, logo laser<\/td>\n<\/tr>\n<tr>\n<td>Temps d&#039;\u00e9chantillonnage<\/td>\n<td>7 jours<\/td>\n<\/tr>\n<tr>\n<td>Port d&#039;embarquement<\/td>\n<td>Canton, Shenzhen<\/td>\n<\/tr>\n<tr>\n<td>Conditions commerciales<\/td>\n<td>EXW, FOB, CIF, DDU, DDP<\/td>\n<\/tr>\n<tr>\n<td>M\u00e9thodes de payement<\/td>\n<td>T\/T, esp\u00e8ces, PayPal, carte de cr\u00e9dit<\/td>\n<\/tr>\n<\/tbody>\n<\/table>\n<p><span style=\"color: #003366;\">Caract\u00e9ristiques:<\/span><\/p>\n<p>Il s&#039;agit d&#039;un bo\u00eetier de haut-parleur professionnel qui abrite 2 haut-parleurs QSC-K12 et utilise un contreplaqu\u00e9 lamin\u00e9 dot\u00e9 d&#039;une coque rigide avec un rembourrage interne pour offrir la meilleure protection personnalis\u00e9e pour votre investissement. La valise repose sur 4 roulettes con\u00e7ues pour faciliter les d\u00e9placements. Elle est \u00e9galement dot\u00e9e de plats sur le dessus pour faciliter l&#039;empilage avec d&#039;autres flight cases.<\/p>\n<ul>\n<li>Contreplaqu\u00e9 de 3\/8 pouces avec stratifi\u00e9 noir.<\/li>\n<li>Int\u00e9rieur doubl\u00e9 de caoutchouc dur durable.<\/li>\n<li>Flight-case de style ATA.<\/li>\n<li>Poign\u00e9es \u00e0 ressort encastr\u00e9es.<\/li>\n<li>Loquets tournants papillon encastr\u00e9s.<\/li>\n<li>Noir avec finition m\u00e9tallique argent\u00e9e.<\/li>\n<li>Coins \u00e0 billes en acier robuste.<\/li>\n<li>Extrusion d&#039;aluminium autour de la plaque de roulette.<\/li>\n<li>4 plats \u00e0 roulettes sur le couvercle sup\u00e9rieur pour empilage.<\/li>\n<\/ul>","protected":false},"excerpt":{"rendered":"<p>Mod\u00e8le : Z76<\/p>\n<p>Taille : 660 x 559 x 355 mm<\/p>\n<p>Quantit\u00e9 minimale de commande : 5 pi\u00e8ces<\/p>\n<p>D\u00e9lai de livraison : 15-25 jours<\/p>\n<p>\u00c9chantillon\u00a0: Disponible<\/p>","protected":false},"featured_media":22098,"template":"","meta":{"_gspb_post_css":""},"product_cat":[90],"product_tag":[],"featured_image_urls":{"full":["https:\/\/suncasesupply.com\/wp-content\/uploads\/2023\/08\/55-4.jpg",1600,1600,false],"thumbnail":["https:\/\/suncasesupply.com\/wp-content\/uploads\/2023\/08\/55-4-150x150.jpg",150,150,true],"medium":["https:\/\/suncasesupply.com\/wp-content\/uploads\/2023\/08\/55-4-300x300.jpg",300,300,true],"medium_large":["https:\/\/suncasesupply.com\/wp-content\/uploads\/2023\/08\/55-4-768x768.jpg",768,768,true],"large":["https:\/\/suncasesupply.com\/wp-content\/uploads\/2023\/08\/55-4-1024x1024.jpg",1024,1024,true],"1536x1536":["https:\/\/suncasesupply.com\/wp-content\/uploads\/2023\/08\/55-4-1536x1536.jpg",1536,1536,true],"2048x2048":["https:\/\/suncasesupply.com\/wp-content\/uploads\/2023\/08\/55-4.jpg",1600,1600,false],"trp-custom-language-flag":["https:\/\/suncasesupply.com\/wp-content\/uploads\/2023\/08\/55-4.jpg",12,12,false],"woocommerce_thumbnail":["https:\/\/suncasesupply.com\/wp-content\/uploads\/2023\/08\/55-4-300x300.jpg",300,300,true],"woocommerce_single":["https:\/\/suncasesupply.com\/wp-content\/uploads\/2023\/08\/55-4-600x600.jpg",600,600,true],"woocommerce_gallery_thumbnail":["https:\/\/suncasesupply.com\/wp-content\/uploads\/2023\/08\/55-4-100x100.jpg",100,100,true]},"post_excerpt_stackable":"<p>Model : Z76<\/p>\n<p>Size: 660 x 559 x 355 mm<\/p>\n<p>MOQ: 5pcs<\/p>\n<p>Delivery Time : 15-25 Days<\/p>\n<p>Sample : Available<\/p>\n","category_list":"","author_info":{"name":"","url":""},"comments_num":"0 commentaire","_links":{"self":[{"href":"https:\/\/suncasesupply.com\/fr\/wp-json\/wp\/v2\/product\/22097"}],"collection":[{"href":"https:\/\/suncasesupply.com\/fr\/wp-json\/wp\/v2\/product"}],"about":[{"href":"https:\/\/suncasesupply.com\/fr\/wp-json\/wp\/v2\/types\/product"}],"wp:featuredmedia":[{"embeddable":true,"href":"https:\/\/suncasesupply.com\/fr\/wp-json\/wp\/v2\/media\/22098"}],"wp:attachment":[{"href":"https:\/\/suncasesupply.com\/fr\/wp-json\/wp\/v2\/media?parent=22097"}],"wp:term":[{"taxonomy":"product_cat","embeddable":true,"href":"https:\/\/suncasesupply.com\/fr\/wp-json\/wp\/v2\/product_cat?post=22097"},{"taxonomy":"product_tag","embeddable":true,"href":"https:\/\/suncasesupply.com\/fr\/wp-json\/wp\/v2\/product_tag?post=22097"}],"curies":[{"name":"wp","href":"https:\/\/api.w.org\/{rel}","templated":true}]}}