{"id":22049,"date":"2023-08-30T12:10:11","date_gmt":"2023-08-30T04:10:11","guid":{"rendered":"https:\/\/suncasesupply.com\/?post_type=product&#038;p=22049"},"modified":"2025-02-20T09:36:00","modified_gmt":"2025-02-20T01:36:00","slug":"flight-case-multi-format-turntable-case-with-pluck-foam","status":"publish","type":"product","link":"https:\/\/suncasesupply.com\/fr\/product\/flight-case-multi-format-turntable-case-with-pluck-foam\/","title":{"rendered":"Flight Case \u00c9tui pour platine vinyle multiformat avec mousse Pluck"},"content":{"rendered":"<p>&nbsp;<\/p>\n<table width=\"774\">\n<tbody>\n<tr>\n<td width=\"177\">Article<\/td>\n<td width=\"597\">Flight-case<\/td>\n<\/tr>\n<tr>\n<td>Dimension<\/td>\n<td>49 x 42,3 x 21 cm ou Personnaliser<\/td>\n<\/tr>\n<tr>\n<td>Couleurs<\/td>\n<td>Comme le montrent les images ou personnaliser<\/td>\n<\/tr>\n<tr>\n<td>Mat\u00e9riaux<\/td>\n<td>Aluminium, contreplaqu\u00e9, doublure EVA\/mousse\/tissu\/PU, quincaillerie<\/td>\n<\/tr>\n<tr>\n<td>Logo<\/td>\n<td>Logo plaque m\u00e9tallique, logo imprim\u00e9, logo en relief, logo laser<\/td>\n<\/tr>\n<tr>\n<td>Temps d&#039;\u00e9chantillonnage<\/td>\n<td>7 jours<\/td>\n<\/tr>\n<tr>\n<td>Port d&#039;embarquement<\/td>\n<td>Canton, Shenzhen<\/td>\n<\/tr>\n<tr>\n<td>Conditions commerciales<\/td>\n<td>EXW, FOB, CIF, DDU, DDP<\/td>\n<\/tr>\n<tr>\n<td>M\u00e9thodes de payement<\/td>\n<td>T\/T, esp\u00e8ces, PayPal, carte de cr\u00e9dit<\/td>\n<\/tr>\n<\/tbody>\n<\/table>\n<p><span style=\"color: #003366;\">Caract\u00e9ristiques:<\/span><\/p>\n<p>La couleur noire<br \/>\nPoids 4,55 kg \/ 10,01 lb<br \/>\nDimensions ext\u00e9rieures (L x H x P) 49 x 42,3 x 21 cm | 19,3 x 16,6 x 8,3 pouces<br \/>\nDimensions int\u00e9rieures (L x H x P) 48 x 41,3 x 20 cm | 18,9 x 16,2 x 7,9 pouces<br \/>\nMat\u00e9riau Aluminium<br \/>\nProtection Profil\u00e9s en aluminium r\u00e9sistant \u00e0 la corrosion avec coins arrondis solides<br \/>\nEnti\u00e8rement doubl\u00e9 d&#039;un rembourrage de protection en mousse haute densit\u00e9 et de mousse sur le couvercle<br \/>\nSerrure papillon solide sur deux c\u00f4t\u00e9s et charni\u00e8res m\u00e9talliques solides.<br \/>\nPieds en caoutchouc en bas pour un soutien en position debout<br \/>\nExtra plus l\u00e9ger que les flight cases traditionnels<br \/>\nSurface de finition Black Diamond<br \/>\nPoign\u00e9e de transport ergonomique et robuste<br \/>\nMousse Pick &amp; Pluck avec deux couches s\u00e9par\u00e9es<br \/>\nLa mousse de remplacement Pick &amp; Pluck est disponible \u00e0 l&#039;achat<br \/>\nTrou d&#039;acc\u00e8s aux c\u00e2bles arri\u00e8re avec couvercle<br \/>\nCompatible avec Technics SL-1200MK7, SL-1200MK6, SL-1200 MK5, SL-1200 MK4, SL-1200 MK3, SL-1200 MK2, SL-1200GR, SL-1200GAE,<br \/>\nDenon VL12 Premier,<br \/>\nPionnier PLX-1000, PLX-500<br \/>\nReloop RP-8000 MK2, RP-8000 droit, RP-8000, Reloop RP-1000M, RP-1000 MK2, RP-2000 MK2, RP-2000 USB MK2, RP-4000 MK2, RP-7000, RP-7000 MK2, RP-7000 MK2 GLD, RP-7000 MK2 Argent,<br \/>\nAudio Technica LP120-USB, LP120XUSB, LP1240-USBXP, LP1240-USB, LP140XP, LP3, LP5, LP7, LPW40WN,<br \/>\nStanton STR8-150 M2, ST-150 M2, T.52, T.55 USB, T.62 M2, T.92 M2 USB,<br \/>\nMixars STA, LTA,<br \/>\nVestax PDX-3000, PDX-3000Mix, PDX-3000MKII,<br \/>\nou un plateau tournant de taille similaire<\/p>\n<p>.<\/p>","protected":false},"excerpt":{"rendered":"<p>Mod\u00e8le : SC-FL0013<\/p>\n<p>Dimensions : 49 x 42,3 x 21 cm<\/p>\n<p>Quantit\u00e9 minimale de commande : 100 pi\u00e8ces<\/p>\n<p>D\u00e9lai de livraison : 15-25 jours<\/p>\n<p>\u00c9chantillon\u00a0: Disponible<\/p>","protected":false},"featured_media":22051,"template":"","meta":{"_gspb_post_css":""},"product_cat":[80],"product_tag":[],"featured_image_urls":{"full":["https:\/\/suncasesupply.com\/wp-content\/uploads\/2023\/08\/3-7.png",970,970,false],"thumbnail":["https:\/\/suncasesupply.com\/wp-content\/uploads\/2023\/08\/3-7-150x150.png",150,150,true],"medium":["https:\/\/suncasesupply.com\/wp-content\/uploads\/2023\/08\/3-7-300x300.png",300,300,true],"medium_large":["https:\/\/suncasesupply.com\/wp-content\/uploads\/2023\/08\/3-7-768x768.png",768,768,true],"large":["https:\/\/suncasesupply.com\/wp-content\/uploads\/2023\/08\/3-7.png",970,970,false],"1536x1536":["https:\/\/suncasesupply.com\/wp-content\/uploads\/2023\/08\/3-7.png",970,970,false],"2048x2048":["https:\/\/suncasesupply.com\/wp-content\/uploads\/2023\/08\/3-7.png",970,970,false],"trp-custom-language-flag":["https:\/\/suncasesupply.com\/wp-content\/uploads\/2023\/08\/3-7.png",12,12,false],"woocommerce_thumbnail":["https:\/\/suncasesupply.com\/wp-content\/uploads\/2023\/08\/3-7-300x300.png",300,300,true],"woocommerce_single":["https:\/\/suncasesupply.com\/wp-content\/uploads\/2023\/08\/3-7-600x600.png",600,600,true],"woocommerce_gallery_thumbnail":["https:\/\/suncasesupply.com\/wp-content\/uploads\/2023\/08\/3-7-100x100.png",100,100,true]},"post_excerpt_stackable":"<p>Model : SC-FL0013<\/p>\n<p>Size: 49 x 42.3 x 21 cm<\/p>\n<p>MOQ: 100pcs<\/p>\n<p>Delivery Time : 15-25 Days<\/p>\n<p>Sample : Available<\/p>\n","category_list":"","author_info":{"name":"","url":""},"comments_num":"0 commentaire","_links":{"self":[{"href":"https:\/\/suncasesupply.com\/fr\/wp-json\/wp\/v2\/product\/22049"}],"collection":[{"href":"https:\/\/suncasesupply.com\/fr\/wp-json\/wp\/v2\/product"}],"about":[{"href":"https:\/\/suncasesupply.com\/fr\/wp-json\/wp\/v2\/types\/product"}],"wp:featuredmedia":[{"embeddable":true,"href":"https:\/\/suncasesupply.com\/fr\/wp-json\/wp\/v2\/media\/22051"}],"wp:attachment":[{"href":"https:\/\/suncasesupply.com\/fr\/wp-json\/wp\/v2\/media?parent=22049"}],"wp:term":[{"taxonomy":"product_cat","embeddable":true,"href":"https:\/\/suncasesupply.com\/fr\/wp-json\/wp\/v2\/product_cat?post=22049"},{"taxonomy":"product_tag","embeddable":true,"href":"https:\/\/suncasesupply.com\/fr\/wp-json\/wp\/v2\/product_tag?post=22049"}],"curies":[{"name":"wp","href":"https:\/\/api.w.org\/{rel}","templated":true}]}}