{"id":21970,"date":"2023-08-30T09:56:30","date_gmt":"2023-08-30T01:56:30","guid":{"rendered":"https:\/\/suncasesupply.com\/?post_type=product&#038;p=21970"},"modified":"2025-02-26T11:08:35","modified_gmt":"2025-02-26T03:08:35","slug":"beauty-makeup-train-case-for-lady-portable-cosmetic-box-jewelry-organizer-lockable-with-keys-and-mirror-2-tier-trays","status":"publish","type":"product","link":"https:\/\/suncasesupply.com\/fr\/product\/beauty-makeup-train-case-for-lady-portable-cosmetic-box-jewelry-organizer-lockable-with-keys-and-mirror-2-tier-trays\/","title":{"rendered":"Mallette de maquillage de beaut\u00e9 pour femmes, bo\u00eete \u00e0 cosm\u00e9tiques Portable, organisateur de bijoux verrouillable avec cl\u00e9s et miroir, plateaux \u00e0 2 niveaux"},"content":{"rendered":"<p>&nbsp;<\/p>\n<table width=\"774\">\n<tbody>\n<tr>\n<td width=\"177\">Article<\/td>\n<td width=\"597\">Trousse de maquillage en aluminium<\/td>\n<\/tr>\n<tr>\n<td>Dimension<\/td>\n<td><span class=\"a-list-item\">9,44 pouces x 6,69 pouces x 7 pouces<\/span> ou Personnaliser<\/td>\n<\/tr>\n<tr>\n<td>Couleurs<\/td>\n<td>Comme le montrent les images ou personnaliser<\/td>\n<\/tr>\n<tr>\n<td>Mat\u00e9riaux<\/td>\n<td>Aluminium, panneau ABS, panneau MDF, doublure EVA\/mousse\/tissu\/PU, quincaillerie<\/td>\n<\/tr>\n<tr>\n<td>Logo<\/td>\n<td>Logo plaque m\u00e9tallique, logo imprim\u00e9, logo en relief, logo laser<\/td>\n<\/tr>\n<tr>\n<td>Temps d&#039;\u00e9chantillonnage<\/td>\n<td>7 jours<\/td>\n<\/tr>\n<tr>\n<td>Port d&#039;embarquement<\/td>\n<td>Canton, Shenzhen<\/td>\n<\/tr>\n<tr>\n<td>Conditions commerciales<\/td>\n<td>EXW, FOB, CIF, DDU, DDP<\/td>\n<\/tr>\n<tr>\n<td>M\u00e9thodes de payement<\/td>\n<td>T\/T, esp\u00e8ces, PayPal, carte de cr\u00e9dit<\/td>\n<\/tr>\n<\/tbody>\n<\/table>\n<p><span style=\"color: #003366;\">Caract\u00e9ristiques:<\/span><\/p>\n<ul id=\"bullets\">\n<li class=\"a-spacing-mini\"><span class=\"a-list-item\">Style Beauty Rose Gold : cette trousse de maquillage est dot\u00e9e d&#039;une touche \u00e9l\u00e9gante avec la surface sp\u00e9cialement con\u00e7ue en aluminium or rose. Cadeau parfait pour les femmes et les filles.<\/span><\/li>\n<li class=\"a-spacing-mini\"><span class=\"a-list-item\">Grand panneau miroir : le plateau en porte-\u00e0-faux extensible \u00e0 2 niveaux ainsi que le miroir fix\u00e9 sur le plateau sup\u00e9rieur offrent une grande commodit\u00e9 de maquillage. Il peut \u00eatre facilement pos\u00e9 sur la table et utiliser le miroir pour se maquiller.<\/span><\/li>\n<li class=\"a-spacing-mini\"><span class=\"a-list-item\">Durable et protecteur : trousse de maquillage de qualit\u00e9 professionnelle fabriqu\u00e9e en aluminium renforc\u00e9 de qualit\u00e9 A sur tout le cadre et la structure pour plus de durabilit\u00e9 et de protection. Taille portable : 9,44 pouces x 6,69 pouces x 7 pouces.<\/span><\/li>\n<li class=\"a-spacing-mini\"><span class=\"a-list-item\">Portable et verrouillable : cette trousse de maquillage est dot\u00e9e d&#039;une grande poign\u00e9e rose antid\u00e9rapante pratique. Il est \u00e9galement verrouillable avec une cl\u00e9 pour plus d&#039;intimit\u00e9 et de s\u00e9curit\u00e9 en cas de voyage.<\/span><\/li>\n<li class=\"a-spacing-mini\"><span class=\"a-list-item\">Spacieux et pratique : le rangement est flexible pour s&#039;adapter \u00e0 diff\u00e9rentes tailles de produits cosm\u00e9tiques tels que vos rouges \u00e0 l\u00e8vres, eye-liner, pinceaux de maquillage, vernis et huiles essentielles. Il y a un grand espace inf\u00e9rieur pour la palette et m\u00eame les bouteilles de voyage.<\/span><\/li>\n<\/ul>","protected":false},"excerpt":{"rendered":"<p>Mod\u00e8le : Z73<\/p>\n<p>Taille:\u00a0 <span class=\"a-list-item\">9,44 pouces x 6,69 pouces x 7 pouces<\/span> ou personnalis\u00e9<\/p>\n<p>Quantit\u00e9 minimale de commande : 100 pi\u00e8ces<\/p>\n<p>D\u00e9lai de livraison : 15-25 jours<\/p>\n<p>\u00c9chantillon\u00a0: Disponible<\/p>","protected":false},"featured_media":21976,"template":"","meta":{"_gspb_post_css":""},"product_cat":[96],"product_tag":[],"featured_image_urls":{"full":["https:\/\/suncasesupply.com\/wp-content\/uploads\/2023\/08\/10-13.jpg",1500,1500,false],"thumbnail":["https:\/\/suncasesupply.com\/wp-content\/uploads\/2023\/08\/10-13-150x150.jpg",150,150,true],"medium":["https:\/\/suncasesupply.com\/wp-content\/uploads\/2023\/08\/10-13-300x300.jpg",300,300,true],"medium_large":["https:\/\/suncasesupply.com\/wp-content\/uploads\/2023\/08\/10-13-768x768.jpg",768,768,true],"large":["https:\/\/suncasesupply.com\/wp-content\/uploads\/2023\/08\/10-13-1024x1024.jpg",1024,1024,true],"1536x1536":["https:\/\/suncasesupply.com\/wp-content\/uploads\/2023\/08\/10-13.jpg",1500,1500,false],"2048x2048":["https:\/\/suncasesupply.com\/wp-content\/uploads\/2023\/08\/10-13.jpg",1500,1500,false],"trp-custom-language-flag":["https:\/\/suncasesupply.com\/wp-content\/uploads\/2023\/08\/10-13.jpg",12,12,false],"woocommerce_thumbnail":["https:\/\/suncasesupply.com\/wp-content\/uploads\/2023\/08\/10-13-300x300.jpg",300,300,true],"woocommerce_single":["https:\/\/suncasesupply.com\/wp-content\/uploads\/2023\/08\/10-13-600x600.jpg",600,600,true],"woocommerce_gallery_thumbnail":["https:\/\/suncasesupply.com\/wp-content\/uploads\/2023\/08\/10-13-100x100.jpg",100,100,true]},"post_excerpt_stackable":"<p>Model : Z73<\/p>\n<p>Size:\u00a0 <span class=\"a-list-item\">9.44 inch x 6.69 inch x 7 inch<\/span> or Customized<\/p>\n<p>MOQ: 100pcs<\/p>\n<p>Delivery Time : 15-25 Days<\/p>\n<p>Sample : Available<\/p>\n","category_list":"","author_info":{"name":"","url":""},"comments_num":"0 commentaire","_links":{"self":[{"href":"https:\/\/suncasesupply.com\/fr\/wp-json\/wp\/v2\/product\/21970"}],"collection":[{"href":"https:\/\/suncasesupply.com\/fr\/wp-json\/wp\/v2\/product"}],"about":[{"href":"https:\/\/suncasesupply.com\/fr\/wp-json\/wp\/v2\/types\/product"}],"wp:featuredmedia":[{"embeddable":true,"href":"https:\/\/suncasesupply.com\/fr\/wp-json\/wp\/v2\/media\/21976"}],"wp:attachment":[{"href":"https:\/\/suncasesupply.com\/fr\/wp-json\/wp\/v2\/media?parent=21970"}],"wp:term":[{"taxonomy":"product_cat","embeddable":true,"href":"https:\/\/suncasesupply.com\/fr\/wp-json\/wp\/v2\/product_cat?post=21970"},{"taxonomy":"product_tag","embeddable":true,"href":"https:\/\/suncasesupply.com\/fr\/wp-json\/wp\/v2\/product_tag?post=21970"}],"curies":[{"name":"wp","href":"https:\/\/api.w.org\/{rel}","templated":true}]}}