{"id":21959,"date":"2023-08-30T09:20:24","date_gmt":"2023-08-30T01:20:24","guid":{"rendered":"https:\/\/suncasesupply.com\/?post_type=product&#038;p=21959"},"modified":"2025-02-26T11:08:50","modified_gmt":"2025-02-26T03:08:50","slug":"pro-aluminum-makeup-train-case-portable-jewelry-storage-box-with-trays","status":"publish","type":"product","link":"https:\/\/suncasesupply.com\/fr\/product\/pro-aluminum-makeup-train-case-portable-jewelry-storage-box-with-trays\/","title":{"rendered":"Bo\u00eete de rangement de bijoux portative de caisse de Train de maquillage en aluminium Pro avec des plateaux"},"content":{"rendered":"<p>&nbsp;<\/p>\n<table width=\"774\">\n<tbody>\n<tr>\n<td width=\"177\">Article<\/td>\n<td width=\"597\">Trousse de maquillage en aluminium<\/td>\n<\/tr>\n<tr>\n<td>Dimension<\/td>\n<td>20 x 20 x 15 cm\/personnalis\u00e9<\/td>\n<\/tr>\n<tr>\n<td>Couleurs<\/td>\n<td>Comme le montrent les images ou personnaliser<\/td>\n<\/tr>\n<tr>\n<td>Mat\u00e9riaux<\/td>\n<td>Aluminium, panneau ABS, panneau MDF, doublure EVA\/mousse\/tissu\/PU, quincaillerie<\/td>\n<\/tr>\n<tr>\n<td>Logo<\/td>\n<td>Logo plaque m\u00e9tallique, logo imprim\u00e9, logo en relief, logo laser<\/td>\n<\/tr>\n<tr>\n<td>Temps d&#039;\u00e9chantillonnage<\/td>\n<td>7 jours<\/td>\n<\/tr>\n<tr>\n<td>Port d&#039;embarquement<\/td>\n<td>Canton, Shenzhen<\/td>\n<\/tr>\n<tr>\n<td>Conditions commerciales<\/td>\n<td>EXW, FOB, CIF, DDU, DDP<\/td>\n<\/tr>\n<tr>\n<td>M\u00e9thodes de payement<\/td>\n<td>T\/T, esp\u00e8ces, PayPal, carte de cr\u00e9dit<\/td>\n<\/tr>\n<\/tbody>\n<\/table>\n<p><span style=\"color: #003366;\">Caract\u00e9ristiques:<\/span><\/p>\n<p>Cette trousse de maquillage est fabriqu\u00e9e en aluminium et panneau MDF de haute qualit\u00e9, sa structure est donc tr\u00e8s pratique.<br \/>\nCapacit\u00e9 de stockage suffisante\u00a0: cet \u00e9tui est flexible pour s&#039;adapter \u00e0 diff\u00e9rentes tailles de produits tels que vos articles de toilette, cosm\u00e9tiques, vernis \u00e0 ongles, huiles essentielles, bijoux, pinceaux de maquillage et outils pour cheveux. Il y a des s\u00e9parateurs amovibles sur les plateaux sup\u00e9rieurs, vous pouvez trier diff\u00e9rentes choses dans diff\u00e9rents compartiments.<br \/>\nPortable et s\u00e9curis\u00e9 : la trousse de maquillage est dot\u00e9e d&#039;une grande poign\u00e9e antid\u00e9rapante, vous serez plus \u00e0 l&#039;aise pour la tenir. Il est \u00e9galement dot\u00e9 d&#039;une serrure avec cl\u00e9 pour plus d&#039;intimit\u00e9 et de s\u00e9curit\u00e9 en cas de voyage.<br \/>\nL&#039;int\u00e9rieur est facile \u00e0 nettoyer\u00a0: l&#039;int\u00e9rieur du bo\u00eetier est en plastique, \u00e0 la fois sur le plateau et sur le fond du bo\u00eetier. Si vous tachez accidentellement la coque avec du maquillage, il vous suffit d&#039;utiliser un chiffon humide pour essuyer la surface. Il sera comme neuf.<\/p>","protected":false},"excerpt":{"rendered":"<p>Mod\u00e8le : BL-0053<\/p>\n<p>Taille : 20 x 20 x 15 cm ou taille personnalis\u00e9e<\/p>\n<p>Quantit\u00e9 minimale de commande : 100 pi\u00e8ces<\/p>\n<p>D\u00e9lai de livraison : 15-25 jours<\/p>\n<p>\u00c9chantillon\u00a0: Disponible<\/p>","protected":false},"featured_media":21971,"template":"","meta":{"_gspb_post_css":""},"product_cat":[96],"product_tag":[],"featured_image_urls":{"full":["https:\/\/suncasesupply.com\/wp-content\/uploads\/2023\/08\/1-1-6.jpg",800,800,false],"thumbnail":["https:\/\/suncasesupply.com\/wp-content\/uploads\/2023\/08\/1-1-6-150x150.jpg",150,150,true],"medium":["https:\/\/suncasesupply.com\/wp-content\/uploads\/2023\/08\/1-1-6-300x300.jpg",300,300,true],"medium_large":["https:\/\/suncasesupply.com\/wp-content\/uploads\/2023\/08\/1-1-6-768x768.jpg",768,768,true],"large":["https:\/\/suncasesupply.com\/wp-content\/uploads\/2023\/08\/1-1-6.jpg",800,800,false],"1536x1536":["https:\/\/suncasesupply.com\/wp-content\/uploads\/2023\/08\/1-1-6.jpg",800,800,false],"2048x2048":["https:\/\/suncasesupply.com\/wp-content\/uploads\/2023\/08\/1-1-6.jpg",800,800,false],"trp-custom-language-flag":["https:\/\/suncasesupply.com\/wp-content\/uploads\/2023\/08\/1-1-6.jpg",12,12,false],"woocommerce_thumbnail":["https:\/\/suncasesupply.com\/wp-content\/uploads\/2023\/08\/1-1-6-300x300.jpg",300,300,true],"woocommerce_single":["https:\/\/suncasesupply.com\/wp-content\/uploads\/2023\/08\/1-1-6-600x600.jpg",600,600,true],"woocommerce_gallery_thumbnail":["https:\/\/suncasesupply.com\/wp-content\/uploads\/2023\/08\/1-1-6-100x100.jpg",100,100,true]},"post_excerpt_stackable":"<p>Model : BL-0053<\/p>\n<p>Size: 20 x 20 x 15 cm or Customized Size<\/p>\n<p>MOQ: 100pcs<\/p>\n<p>Delivery Time : 15-25 Days<\/p>\n<p>Sample : Available<\/p>\n","category_list":"","author_info":{"name":"","url":""},"comments_num":"0 commentaire","_links":{"self":[{"href":"https:\/\/suncasesupply.com\/fr\/wp-json\/wp\/v2\/product\/21959"}],"collection":[{"href":"https:\/\/suncasesupply.com\/fr\/wp-json\/wp\/v2\/product"}],"about":[{"href":"https:\/\/suncasesupply.com\/fr\/wp-json\/wp\/v2\/types\/product"}],"wp:featuredmedia":[{"embeddable":true,"href":"https:\/\/suncasesupply.com\/fr\/wp-json\/wp\/v2\/media\/21971"}],"wp:attachment":[{"href":"https:\/\/suncasesupply.com\/fr\/wp-json\/wp\/v2\/media?parent=21959"}],"wp:term":[{"taxonomy":"product_cat","embeddable":true,"href":"https:\/\/suncasesupply.com\/fr\/wp-json\/wp\/v2\/product_cat?post=21959"},{"taxonomy":"product_tag","embeddable":true,"href":"https:\/\/suncasesupply.com\/fr\/wp-json\/wp\/v2\/product_tag?post=21959"}],"curies":[{"name":"wp","href":"https:\/\/api.w.org\/{rel}","templated":true}]}}