{"id":21941,"date":"2023-08-29T19:06:38","date_gmt":"2023-08-29T11:06:38","guid":{"rendered":"https:\/\/suncasesupply.com\/?post_type=product&#038;p=21941"},"modified":"2025-02-26T11:46:04","modified_gmt":"2025-02-26T03:46:04","slug":"black-dj-flight-case-for-pioneer-dj-cdj-3000-mixer-controller-road-case","status":"publish","type":"product","link":"https:\/\/suncasesupply.com\/fr\/product\/black-dj-flight-case-for-pioneer-dj-cdj-3000-mixer-controller-road-case\/","title":{"rendered":"Flight case noir DJ pour contr\u00f4leur de mixage Pioneer DJ CDJ-3000 Road Case"},"content":{"rendered":"<p>&nbsp;<\/p>\n<table width=\"774\">\n<tbody>\n<tr>\n<td width=\"177\">Article<\/td>\n<td width=\"597\">Cas de DJ<\/td>\n<\/tr>\n<tr>\n<td>Dimension<\/td>\n<td>20,5 x 15,5 x 8,75 pouces ou personnaliser<\/td>\n<\/tr>\n<tr>\n<td>Couleurs<\/td>\n<td>Comme le montrent les images ou personnaliser<\/td>\n<\/tr>\n<tr>\n<td>Mat\u00e9riaux<\/td>\n<td>Aluminium, contreplaqu\u00e9, doublure EVA\/mousse\/tissu\/PU, quincaillerie<\/td>\n<\/tr>\n<tr>\n<td>Logo<\/td>\n<td>Logo plaque m\u00e9tallique, logo imprim\u00e9, logo en relief, logo laser<\/td>\n<\/tr>\n<tr>\n<td>Temps d&#039;\u00e9chantillonnage<\/td>\n<td>7 jours<\/td>\n<\/tr>\n<tr>\n<td>Port d&#039;embarquement<\/td>\n<td>Canton, Shenzhen<\/td>\n<\/tr>\n<tr>\n<td>Conditions commerciales<\/td>\n<td>EXW, FOB, CIF, DDU, DDP<\/td>\n<\/tr>\n<tr>\n<td>M\u00e9thodes de payement<\/td>\n<td>T\/T, esp\u00e8ces, PayPal, carte de cr\u00e9dit<\/td>\n<\/tr>\n<\/tbody>\n<\/table>\n<p><span style=\"color: #003366;\">Caract\u00e9ristiques:<\/span><\/p>\n<ul class=\"a-unordered-list a-vertical a-spacing-mini\">\n<li class=\"a-spacing-mini\"><span class=\"a-list-item\">Mat\u00e9riel enti\u00e8rement anodis\u00e9 noir et enduit de poudre<\/span><\/li>\n<li class=\"a-spacing-mini\"><span class=\"a-list-item\">Coins \u00e0 billes en acier robuste<\/span><\/li>\n<li class=\"a-spacing-mini\"><span class=\"a-list-item\">Panneau d&#039;acc\u00e8s amovible en V<\/span><\/li>\n<li class=\"a-spacing-mini\"><span class=\"a-list-item\">Fosse de ventilation des joueurs<\/span><\/li>\n<li class=\"a-spacing-mini\"><span class=\"a-list-item\">Loquets encastr\u00e9s et poign\u00e9e \u00e0 ressort<\/span><\/li>\n<\/ul>","protected":false},"excerpt":{"rendered":"<p>Mod\u00e8le : Z70<\/p>\n<p>Taille\u00a0: 20,5 x 15,5 x 8,75 pouces ou personnaliser<\/p>\n<p>Quantit\u00e9 minimale de commande : 100 pi\u00e8ces<\/p>\n<p>D\u00e9lai de livraison : 15-25 jours<\/p>\n<p>\u00c9chantillon\u00a0: Disponible<\/p>","protected":false},"featured_media":21942,"template":"","meta":{"_gspb_post_css":""},"product_cat":[93],"product_tag":[],"featured_image_urls":{"full":["https:\/\/suncasesupply.com\/wp-content\/uploads\/2023\/08\/22-5.jpg",1500,1500,false],"thumbnail":["https:\/\/suncasesupply.com\/wp-content\/uploads\/2023\/08\/22-5-150x150.jpg",150,150,true],"medium":["https:\/\/suncasesupply.com\/wp-content\/uploads\/2023\/08\/22-5-300x300.jpg",300,300,true],"medium_large":["https:\/\/suncasesupply.com\/wp-content\/uploads\/2023\/08\/22-5-768x768.jpg",768,768,true],"large":["https:\/\/suncasesupply.com\/wp-content\/uploads\/2023\/08\/22-5-1024x1024.jpg",1024,1024,true],"1536x1536":["https:\/\/suncasesupply.com\/wp-content\/uploads\/2023\/08\/22-5.jpg",1500,1500,false],"2048x2048":["https:\/\/suncasesupply.com\/wp-content\/uploads\/2023\/08\/22-5.jpg",1500,1500,false],"trp-custom-language-flag":["https:\/\/suncasesupply.com\/wp-content\/uploads\/2023\/08\/22-5.jpg",12,12,false],"woocommerce_thumbnail":["https:\/\/suncasesupply.com\/wp-content\/uploads\/2023\/08\/22-5-300x300.jpg",300,300,true],"woocommerce_single":["https:\/\/suncasesupply.com\/wp-content\/uploads\/2023\/08\/22-5-600x600.jpg",600,600,true],"woocommerce_gallery_thumbnail":["https:\/\/suncasesupply.com\/wp-content\/uploads\/2023\/08\/22-5-100x100.jpg",100,100,true]},"post_excerpt_stackable":"<p>Model : Z70<\/p>\n<p>Size: 20.5 x 15.5 x 8.75 inches or customize<\/p>\n<p>MOQ: 100pcs<\/p>\n<p>Delivery Time : 15-25 Days<\/p>\n<p>Sample : Available<\/p>\n","category_list":"","author_info":{"name":"","url":""},"comments_num":"0 commentaire","_links":{"self":[{"href":"https:\/\/suncasesupply.com\/fr\/wp-json\/wp\/v2\/product\/21941"}],"collection":[{"href":"https:\/\/suncasesupply.com\/fr\/wp-json\/wp\/v2\/product"}],"about":[{"href":"https:\/\/suncasesupply.com\/fr\/wp-json\/wp\/v2\/types\/product"}],"wp:featuredmedia":[{"embeddable":true,"href":"https:\/\/suncasesupply.com\/fr\/wp-json\/wp\/v2\/media\/21942"}],"wp:attachment":[{"href":"https:\/\/suncasesupply.com\/fr\/wp-json\/wp\/v2\/media?parent=21941"}],"wp:term":[{"taxonomy":"product_cat","embeddable":true,"href":"https:\/\/suncasesupply.com\/fr\/wp-json\/wp\/v2\/product_cat?post=21941"},{"taxonomy":"product_tag","embeddable":true,"href":"https:\/\/suncasesupply.com\/fr\/wp-json\/wp\/v2\/product_tag?post=21941"}],"curies":[{"name":"wp","href":"https:\/\/api.w.org\/{rel}","templated":true}]}}