{"id":21919,"date":"2023-08-29T18:09:41","date_gmt":"2023-08-29T10:09:41","guid":{"rendered":"https:\/\/suncasesupply.com\/?post_type=product&#038;p=21919"},"modified":"2025-02-26T11:46:18","modified_gmt":"2025-02-26T03:46:18","slug":"cdj-djm-flight-case-fits-cdj-3000-cdj-2000nxs2-cdj-900nxs-xdj-1000mk2-sc6000-djm-750mk2-and-djm-900nxs2","status":"publish","type":"product","link":"https:\/\/suncasesupply.com\/fr\/product\/cdj-djm-flight-case-fits-cdj-3000-cdj-2000nxs2-cdj-900nxs-xdj-1000mk2-sc6000-djm-750mk2-and-djm-900nxs2\/","title":{"rendered":"Flight case CDJ\/DJM pour CDJ-3000 CDJ-2000NXS2 CDJ-900NXS XDJ-1000MK2 SC6000 DJM-750MK2 et DJM-900NXS2"},"content":{"rendered":"<p>&nbsp;<\/p>\n<table width=\"774\">\n<tbody>\n<tr>\n<td width=\"177\">Article<\/td>\n<td width=\"597\">Cas de DJ<\/td>\n<\/tr>\n<tr>\n<td>Dimension<\/td>\n<td>58 x 40,3 x 22,2 cm ou Personnaliser<\/td>\n<\/tr>\n<tr>\n<td>Couleurs<\/td>\n<td>Comme le montrent les images ou personnaliser<\/td>\n<\/tr>\n<tr>\n<td>Mat\u00e9riaux<\/td>\n<td>Aluminium, contreplaqu\u00e9, doublure EVA\/mousse\/tissu\/PU, quincaillerie<\/td>\n<\/tr>\n<tr>\n<td>Logo<\/td>\n<td>Logo plaque m\u00e9tallique, logo imprim\u00e9, logo en relief, logo laser<\/td>\n<\/tr>\n<tr>\n<td>Temps d&#039;\u00e9chantillonnage<\/td>\n<td>7 jours<\/td>\n<\/tr>\n<tr>\n<td>Port d&#039;embarquement<\/td>\n<td>Canton, Shenzhen<\/td>\n<\/tr>\n<tr>\n<td>Conditions commerciales<\/td>\n<td>EXW, FOB, CIF, DDU, DDP<\/td>\n<\/tr>\n<tr>\n<td>M\u00e9thodes de payement<\/td>\n<td>T\/T, esp\u00e8ces, PayPal, carte de cr\u00e9dit<\/td>\n<\/tr>\n<\/tbody>\n<\/table>\n<p><span style=\"color: #003366;\">Caract\u00e9ristiques:<\/span><\/p>\n<ul class=\"a-unordered-list a-vertical a-spacing-mini\">\n<li class=\"a-spacing-mini\"><span class=\"a-list-item\">Compatible avec la plupart des lecteurs multim\u00e9dias et mixeurs de club standard de Pioneer, Denon, Allen &amp; Heath, et plus encore, tels que CDJ-3000, CDJ-2000NXS2, CDJ-900NXS, XDJ-1000MK2, SC5000, SC5000M, SC6000, SC6000M, X1800 Prime, X1850. Prime, DJM-750MK2, DJM-900NXS2, Xone62, Xone92 et plus<\/span><\/li>\n<li class=\"a-spacing-mini\"><span class=\"a-list-item\">Construction robuste con\u00e7ue pour r\u00e9sister aux rigueurs de la route, comprenant du contreplaqu\u00e9 de 3\/8&quot; (9 mm) avec un ext\u00e9rieur stratifi\u00e9 hexagonal robuste et un int\u00e9rieur doubl\u00e9 de mousse haute densit\u00e9, des coins \u00e0 billes en acier robustes, des profil\u00e9s en aluminium, un rembourrage \u00e0 ressort encastr\u00e9. poign\u00e9es, loquets papillon encastr\u00e9s avec agrafes pour cadenas, doublure int\u00e9rieure en mousse haute densit\u00e9 et coussinets en mousse sous le couvercle pour prot\u00e9ger les faders et les boutons<\/span><\/li>\n<li class=\"a-spacing-mini\"><span class=\"a-list-item\">En plus d&#039;offrir une protection maximale \u00e0 votre \u00e9quipement, le Flight Case Headliner CDJ\/DJM est con\u00e7u pour \u00eatre facile \u00e0 utiliser, avec un couvercle \u00e0 rainure et languette facile \u00e0 verrouiller, et dispose d&#039;un grand espace int\u00e9rieur pour la gestion des c\u00e2bles.<\/span><\/li>\n<li class=\"a-spacing-mini\"><span class=\"a-list-item\">Livr\u00e9 avec des coussinets en mousse amovibles pour s&#039;adapter \u00e0 diff\u00e9rents mod\u00e8les<\/span><\/li>\n<li class=\"a-spacing-mini\"><span class=\"a-list-item\">Dimensions externes : 22 3\/4\u201d x 15 7\/8\u201d x 8 3\/4\u201d \u2013 Dimensions internes : 16 3\/4\u201d x 13\u201d x 6 1\/4\u201d \u2013 Poids : 17 lb<\/span><\/li>\n<\/ul>","protected":false},"excerpt":{"rendered":"<p>Mod\u00e8le : Z68<\/p>\n<p>Taille: 58 x 40,3 x 22,2 cm<\/p>\n<p>Quantit\u00e9 minimale de commande : 100 pi\u00e8ces<\/p>\n<p>D\u00e9lai de livraison : 15-25 jours<\/p>\n<p>\u00c9chantillon\u00a0: Disponible<\/p>","protected":false},"featured_media":21920,"template":"","meta":{"_gspb_post_css":""},"product_cat":[93],"product_tag":[],"featured_image_urls":{"full":["https:\/\/suncasesupply.com\/wp-content\/uploads\/2023\/08\/10-12.jpg",1222,1222,false],"thumbnail":["https:\/\/suncasesupply.com\/wp-content\/uploads\/2023\/08\/10-12-150x150.jpg",150,150,true],"medium":["https:\/\/suncasesupply.com\/wp-content\/uploads\/2023\/08\/10-12-300x300.jpg",300,300,true],"medium_large":["https:\/\/suncasesupply.com\/wp-content\/uploads\/2023\/08\/10-12-768x768.jpg",768,768,true],"large":["https:\/\/suncasesupply.com\/wp-content\/uploads\/2023\/08\/10-12-1024x1024.jpg",1024,1024,true],"1536x1536":["https:\/\/suncasesupply.com\/wp-content\/uploads\/2023\/08\/10-12.jpg",1222,1222,false],"2048x2048":["https:\/\/suncasesupply.com\/wp-content\/uploads\/2023\/08\/10-12.jpg",1222,1222,false],"trp-custom-language-flag":["https:\/\/suncasesupply.com\/wp-content\/uploads\/2023\/08\/10-12.jpg",12,12,false],"woocommerce_thumbnail":["https:\/\/suncasesupply.com\/wp-content\/uploads\/2023\/08\/10-12-300x300.jpg",300,300,true],"woocommerce_single":["https:\/\/suncasesupply.com\/wp-content\/uploads\/2023\/08\/10-12-600x600.jpg",600,600,true],"woocommerce_gallery_thumbnail":["https:\/\/suncasesupply.com\/wp-content\/uploads\/2023\/08\/10-12-100x100.jpg",100,100,true]},"post_excerpt_stackable":"<p>Model : Z68<\/p>\n<p>Size: 58 x 40.3 x 22.2 cm<\/p>\n<p>MOQ: 100pcs<\/p>\n<p>Delivery Time : 15-25 Days<\/p>\n<p>Sample : Available<\/p>\n","category_list":"","author_info":{"name":"","url":""},"comments_num":"0 commentaire","_links":{"self":[{"href":"https:\/\/suncasesupply.com\/fr\/wp-json\/wp\/v2\/product\/21919"}],"collection":[{"href":"https:\/\/suncasesupply.com\/fr\/wp-json\/wp\/v2\/product"}],"about":[{"href":"https:\/\/suncasesupply.com\/fr\/wp-json\/wp\/v2\/types\/product"}],"wp:featuredmedia":[{"embeddable":true,"href":"https:\/\/suncasesupply.com\/fr\/wp-json\/wp\/v2\/media\/21920"}],"wp:attachment":[{"href":"https:\/\/suncasesupply.com\/fr\/wp-json\/wp\/v2\/media?parent=21919"}],"wp:term":[{"taxonomy":"product_cat","embeddable":true,"href":"https:\/\/suncasesupply.com\/fr\/wp-json\/wp\/v2\/product_cat?post=21919"},{"taxonomy":"product_tag","embeddable":true,"href":"https:\/\/suncasesupply.com\/fr\/wp-json\/wp\/v2\/product_tag?post=21919"}],"curies":[{"name":"wp","href":"https:\/\/api.w.org\/{rel}","templated":true}]}}