{"id":21909,"date":"2023-08-29T18:04:50","date_gmt":"2023-08-29T10:04:50","guid":{"rendered":"https:\/\/suncasesupply.com\/?post_type=product&#038;p=21909"},"modified":"2025-02-26T11:46:29","modified_gmt":"2025-02-26T03:46:29","slug":"carry-dj-case-flight-case-for-dj-pioneer-controller","status":"publish","type":"product","link":"https:\/\/suncasesupply.com\/fr\/product\/carry-dj-case-flight-case-for-dj-pioneer-controller\/","title":{"rendered":"Carry DJ Case Flight Case pour contr\u00f4leur DJ Pioneer"},"content":{"rendered":"<p>&nbsp;<\/p>\n<table width=\"774\">\n<tbody>\n<tr>\n<td width=\"177\">Article<\/td>\n<td width=\"597\">Cas de DJ<\/td>\n<\/tr>\n<tr>\n<td>Dimension<\/td>\n<td>14,6 x 23,6 x 4,3\u2033 int\u00e9rieur ou Personnaliser<\/td>\n<\/tr>\n<tr>\n<td>Couleurs<\/td>\n<td>Comme le montrent les images ou personnaliser<\/td>\n<\/tr>\n<tr>\n<td>Mat\u00e9riaux<\/td>\n<td>Aluminium, contreplaqu\u00e9, doublure EVA\/mousse\/tissu\/PU, quincaillerie<\/td>\n<\/tr>\n<tr>\n<td>Logo<\/td>\n<td>Logo plaque m\u00e9tallique, logo imprim\u00e9, logo en relief, logo laser<\/td>\n<\/tr>\n<tr>\n<td>Temps d&#039;\u00e9chantillonnage<\/td>\n<td>7 jours<\/td>\n<\/tr>\n<tr>\n<td>Port d&#039;embarquement<\/td>\n<td>Canton, Shenzhen<\/td>\n<\/tr>\n<tr>\n<td>Conditions commerciales<\/td>\n<td>EXW, FOB, CIF, DDU, DDP<\/td>\n<\/tr>\n<tr>\n<td>M\u00e9thodes de payement<\/td>\n<td>T\/T, esp\u00e8ces, PayPal, carte de cr\u00e9dit<\/td>\n<\/tr>\n<\/tbody>\n<\/table>\n<p><span style=\"color: #003366;\">Caract\u00e9ristiques:<\/span><\/p>\n<p>Ce DJ Case est un flight case l\u00e9ger et compact offrant un ext\u00e9rieur robuste et un int\u00e9rieur personnalisable pour le transport en toute s\u00e9curit\u00e9 d&#039;un contr\u00f4leur DJ, d&#039;un ordinateur portable, d&#039;une tablette ou d&#039;une table de mixage. Ses dimensions int\u00e9rieures de 14,6 x 23,6 x 4,3\u2033 le rendent compatible avec une vari\u00e9t\u00e9 de contr\u00f4leurs DJ, et sa mousse pick-and-pluck peut accueillir deux couches de stockage. Avec des panneaux MDF lamin\u00e9s, une doublure int\u00e9rieure en mousse EVA et de la mousse pour cage \u00e0 \u0153ufs sur le couvercle, la mallette offre une protection fiable \u00e0 l&#039;int\u00e9rieur comme \u00e0 l&#039;ext\u00e9rieur. Les profil\u00e9s en aluminium anodis\u00e9 et les loquets papillon verrouillables offrent une durabilit\u00e9 et une s\u00e9curit\u00e9 suppl\u00e9mentaires. Une poign\u00e9e pratique permet de transporter facilement le Carry Lite DJ-Case d&#039;une seule main entre les concerts.<\/p>\n<p>Convient \u00e0 une vari\u00e9t\u00e9 de contr\u00f4leurs<br \/>\nAkai MPC Renaissance<br \/>\nAkai MPK-25<br \/>\nAm\u00e9ricain Audio VMS2<br \/>\nArturia Mini Brute<br \/>\nArturia Mini Brute 2S<br \/>\nDenon MC-4000<br \/>\nDenon MC-6000<br \/>\nArdoise G\u00e9meaux 4<br \/>\nNI Kontrol S2 MK3<br \/>\nNI Contr\u00f4le S4<br \/>\nNI Kontrol S4 MK3<br \/>\nNI Contr\u00f4leur S5<br \/>\nNumark Mixtrack Pro 3<br \/>\nNumark Mixtrack Platine<br \/>\nNumark NS6II<br \/>\nNumark SA<br \/>\nPioneer DDJ-RB<br \/>\nPioneer DDJ-RR<br \/>\nPionnier DDJ-SB2<br \/>\nPioneer DDJ-SR<br \/>\nReloop Terminal Mix 4<br \/>\nRoland DJ-202<br \/>\nStanton SCS.4DJ<br \/>\nVestax VCI-380<br \/>\nVestax VCI-400<\/p>","protected":false},"excerpt":{"rendered":"<p>Mod\u00e8le : Z67<\/p>\n<p>Taille : 14,6 x 23,6 x 4,3\u2033 int\u00e9rieur<\/p>\n<p>Quantit\u00e9 minimale de commande : 100 pi\u00e8ces<\/p>\n<p>D\u00e9lai de livraison : 15-25 jours<\/p>\n<p>\u00c9chantillon\u00a0: Disponible<\/p>","protected":false},"featured_media":21910,"template":"","meta":{"_gspb_post_css":""},"product_cat":[93],"product_tag":[],"featured_image_urls":{"full":["https:\/\/suncasesupply.com\/wp-content\/uploads\/2023\/08\/1-73.jpg",2500,2500,false],"thumbnail":["https:\/\/suncasesupply.com\/wp-content\/uploads\/2023\/08\/1-73-150x150.jpg",150,150,true],"medium":["https:\/\/suncasesupply.com\/wp-content\/uploads\/2023\/08\/1-73-300x300.jpg",300,300,true],"medium_large":["https:\/\/suncasesupply.com\/wp-content\/uploads\/2023\/08\/1-73-768x768.jpg",768,768,true],"large":["https:\/\/suncasesupply.com\/wp-content\/uploads\/2023\/08\/1-73-1024x1024.jpg",1024,1024,true],"1536x1536":["https:\/\/suncasesupply.com\/wp-content\/uploads\/2023\/08\/1-73-1536x1536.jpg",1536,1536,true],"2048x2048":["https:\/\/suncasesupply.com\/wp-content\/uploads\/2023\/08\/1-73-2048x2048.jpg",2048,2048,true],"trp-custom-language-flag":["https:\/\/suncasesupply.com\/wp-content\/uploads\/2023\/08\/1-73.jpg",12,12,false],"woocommerce_thumbnail":["https:\/\/suncasesupply.com\/wp-content\/uploads\/2023\/08\/1-73-300x300.jpg",300,300,true],"woocommerce_single":["https:\/\/suncasesupply.com\/wp-content\/uploads\/2023\/08\/1-73-600x600.jpg",600,600,true],"woocommerce_gallery_thumbnail":["https:\/\/suncasesupply.com\/wp-content\/uploads\/2023\/08\/1-73-100x100.jpg",100,100,true]},"post_excerpt_stackable":"<p>Model : Z67<\/p>\n<p>Size: \u00a014.6 x 23.6 x 4.3&#8243; interior<\/p>\n<p>MOQ: 100pcs<\/p>\n<p>Delivery Time : 15-25 Days<\/p>\n<p>Sample : Available<\/p>\n","category_list":"","author_info":{"name":"","url":""},"comments_num":"0 commentaire","_links":{"self":[{"href":"https:\/\/suncasesupply.com\/fr\/wp-json\/wp\/v2\/product\/21909"}],"collection":[{"href":"https:\/\/suncasesupply.com\/fr\/wp-json\/wp\/v2\/product"}],"about":[{"href":"https:\/\/suncasesupply.com\/fr\/wp-json\/wp\/v2\/types\/product"}],"wp:featuredmedia":[{"embeddable":true,"href":"https:\/\/suncasesupply.com\/fr\/wp-json\/wp\/v2\/media\/21910"}],"wp:attachment":[{"href":"https:\/\/suncasesupply.com\/fr\/wp-json\/wp\/v2\/media?parent=21909"}],"wp:term":[{"taxonomy":"product_cat","embeddable":true,"href":"https:\/\/suncasesupply.com\/fr\/wp-json\/wp\/v2\/product_cat?post=21909"},{"taxonomy":"product_tag","embeddable":true,"href":"https:\/\/suncasesupply.com\/fr\/wp-json\/wp\/v2\/product_tag?post=21909"}],"curies":[{"name":"wp","href":"https:\/\/api.w.org\/{rel}","templated":true}]}}