{"id":21892,"date":"2023-08-29T17:26:19","date_gmt":"2023-08-29T09:26:19","guid":{"rendered":"https:\/\/suncasesupply.com\/?post_type=product&#038;p=21892"},"modified":"2025-02-26T11:34:12","modified_gmt":"2025-02-26T03:34:12","slug":"custom-heavy-duty-flight-case-road-trunk-flight-case-for-transportation-and-storage","status":"publish","type":"product","link":"https:\/\/suncasesupply.com\/fr\/product\/custom-heavy-duty-flight-case-road-trunk-flight-case-for-transportation-and-storage\/","title":{"rendered":"Flight case robuste personnalis\u00e9 pour le transport et le stockage"},"content":{"rendered":"<p>&nbsp;<\/p>\n<table width=\"774\">\n<tbody>\n<tr>\n<td width=\"177\">Article<\/td>\n<td width=\"597\">Flight-case<\/td>\n<\/tr>\n<tr>\n<td>Dimension<\/td>\n<td>60 x 60 x 60 cm ou Personnaliser<\/td>\n<\/tr>\n<tr>\n<td>Couleurs<\/td>\n<td>Comme le montrent les images ou personnaliser<\/td>\n<\/tr>\n<tr>\n<td>Mat\u00e9riaux<\/td>\n<td>Aluminium, contreplaqu\u00e9, doublure EVA\/mousse\/tissu\/PU, quincaillerie<\/td>\n<\/tr>\n<tr>\n<td>Logo<\/td>\n<td>Logo plaque m\u00e9tallique, logo imprim\u00e9, logo en relief, logo laser<\/td>\n<\/tr>\n<tr>\n<td>Temps d&#039;\u00e9chantillonnage<\/td>\n<td>7 jours<\/td>\n<\/tr>\n<tr>\n<td>Port d&#039;embarquement<\/td>\n<td>Canton, Shenzhen<\/td>\n<\/tr>\n<tr>\n<td>Conditions commerciales<\/td>\n<td>EXW, FOB, CIF, DDU, DDP<\/td>\n<\/tr>\n<tr>\n<td>M\u00e9thodes de payement<\/td>\n<td>T\/T, esp\u00e8ces, PayPal, carte de cr\u00e9dit<\/td>\n<\/tr>\n<\/tbody>\n<\/table>\n<p><span style=\"color: #003366;\">Caract\u00e9ristiques:<\/span><\/p>\n<p>Cette valise de route robuste est con\u00e7ue pour durer toute une vie*, avec sa construction robuste et ses mat\u00e9riaux et sa fabrication de haute qualit\u00e9 pour vous offrir la s\u00e9curit\u00e9 ultime pour votre \u00e9quipement.<\/p>\n<p>Si vous \u00eates passionn\u00e9 par votre \u00e9quipement et souhaitez le garder en s\u00e9curit\u00e9, cette coque fonctionnera toujours au plus haut niveau. Ces valises utilitaires sont disponibles dans une vari\u00e9t\u00e9 d&#039;options et sont id\u00e9ales pour stocker et transporter des c\u00e2bles, des \u00e9clairages de sc\u00e8ne, des supports, des fournitures pour DJ de mariage, du mat\u00e9riel de location et toutes sortes d&#039;\u00e9quipements professionnels.<\/p>\n<p>.<\/p>","protected":false},"excerpt":{"rendered":"<p>Mod\u00e8le : Z65<\/p>\n<p>Taille\u00a0:\u00a0Adapt\u00e9 aux besoins du client<\/p>\n<p>Quantit\u00e9 minimale de commande : 5 pi\u00e8ces<\/p>\n<p>D\u00e9lai de livraison : 15-25 jours<\/p>\n<p>\u00c9chantillon\u00a0: Disponible<\/p>","protected":false},"featured_media":21893,"template":"","meta":{"_gspb_post_css":""},"product_cat":[39,91],"product_tag":[],"featured_image_urls":{"full":["https:\/\/suncasesupply.com\/wp-content\/uploads\/2023\/08\/71bWy4M5FXL._SL1500.jpg",750,750,false],"thumbnail":["https:\/\/suncasesupply.com\/wp-content\/uploads\/2023\/08\/71bWy4M5FXL._SL1500-150x150.jpg",150,150,true],"medium":["https:\/\/suncasesupply.com\/wp-content\/uploads\/2023\/08\/71bWy4M5FXL._SL1500-300x300.jpg",300,300,true],"medium_large":["https:\/\/suncasesupply.com\/wp-content\/uploads\/2023\/08\/71bWy4M5FXL._SL1500.jpg",750,750,false],"large":["https:\/\/suncasesupply.com\/wp-content\/uploads\/2023\/08\/71bWy4M5FXL._SL1500.jpg",750,750,false],"1536x1536":["https:\/\/suncasesupply.com\/wp-content\/uploads\/2023\/08\/71bWy4M5FXL._SL1500.jpg",750,750,false],"2048x2048":["https:\/\/suncasesupply.com\/wp-content\/uploads\/2023\/08\/71bWy4M5FXL._SL1500.jpg",750,750,false],"trp-custom-language-flag":["https:\/\/suncasesupply.com\/wp-content\/uploads\/2023\/08\/71bWy4M5FXL._SL1500.jpg",12,12,false],"woocommerce_thumbnail":["https:\/\/suncasesupply.com\/wp-content\/uploads\/2023\/08\/71bWy4M5FXL._SL1500-300x300.jpg",300,300,true],"woocommerce_single":["https:\/\/suncasesupply.com\/wp-content\/uploads\/2023\/08\/71bWy4M5FXL._SL1500-600x600.jpg",600,600,true],"woocommerce_gallery_thumbnail":["https:\/\/suncasesupply.com\/wp-content\/uploads\/2023\/08\/71bWy4M5FXL._SL1500-100x100.jpg",100,100,true]},"post_excerpt_stackable":"<p>Model : Z65<\/p>\n<p>Size: Customized<\/p>\n<p>MOQ: 5pcs<\/p>\n<p>Delivery Time : 15-25 Days<\/p>\n<p>Sample : Available<\/p>\n","category_list":"","author_info":{"name":"","url":""},"comments_num":"0 commentaire","_links":{"self":[{"href":"https:\/\/suncasesupply.com\/fr\/wp-json\/wp\/v2\/product\/21892"}],"collection":[{"href":"https:\/\/suncasesupply.com\/fr\/wp-json\/wp\/v2\/product"}],"about":[{"href":"https:\/\/suncasesupply.com\/fr\/wp-json\/wp\/v2\/types\/product"}],"wp:featuredmedia":[{"embeddable":true,"href":"https:\/\/suncasesupply.com\/fr\/wp-json\/wp\/v2\/media\/21893"}],"wp:attachment":[{"href":"https:\/\/suncasesupply.com\/fr\/wp-json\/wp\/v2\/media?parent=21892"}],"wp:term":[{"taxonomy":"product_cat","embeddable":true,"href":"https:\/\/suncasesupply.com\/fr\/wp-json\/wp\/v2\/product_cat?post=21892"},{"taxonomy":"product_tag","embeddable":true,"href":"https:\/\/suncasesupply.com\/fr\/wp-json\/wp\/v2\/product_tag?post=21892"}],"curies":[{"name":"wp","href":"https:\/\/api.w.org\/{rel}","templated":true}]}}