{"id":21862,"date":"2023-08-29T16:36:14","date_gmt":"2023-08-29T08:36:14","guid":{"rendered":"https:\/\/suncasesupply.com\/?post_type=product&#038;p=21862"},"modified":"2025-02-26T11:51:15","modified_gmt":"2025-02-26T03:51:15","slug":"55-60-65-inch-tv-flight-case-double-screens-monitor-road-case","status":"publish","type":"product","link":"https:\/\/suncasesupply.com\/fr\/product\/55-60-65-inch-tv-flight-case-double-screens-monitor-road-case\/","title":{"rendered":"55 60 65 pouces TV Flight Case Double \u00e9crans moniteur Road Case"},"content":{"rendered":"<h4><span style=\"color: #003366;\">Caract\u00e9ristiques:<\/span><\/h4>\n<ul>\n<li><strong><b>S\u00e9curit\u00e9:<\/b><\/strong> Ce flight case pour t\u00e9l\u00e9viseur adopte une conception structurelle robuste, est fabriqu\u00e9 en contreplaqu\u00e9 de 9 mm ou 12 mm d&#039;\u00e9paisseur et est \u00e9quip\u00e9 d&#039;un rembourrage en EVA \u00e0 l&#039;int\u00e9rieur, qui peut bien prot\u00e9ger vos \u00e9crans de t\u00e9l\u00e9vision. Il est \u00e9galement \u00e9quip\u00e9 d&#039;accessoires robustes et r\u00e9sistants tels qu&#039;un cadre en aluminium, des coins, des verrous papillon, etc., qui ont un certain degr\u00e9 d&#039;anti-collision et peuvent garantir que votre t\u00e9l\u00e9viseur ne soit pas endommag\u00e9 pendant l&#039;utilisation quotidienne et le transport. Par cons\u00e9quent, cet \u00e9tui est un rangement s\u00e9curis\u00e9 pour votre \u00e9cran de t\u00e9l\u00e9vision.<\/li>\n<li><strong><b>Commodit\u00e9:<\/b><\/strong> Les fermetures papillon rendent leurs couvercles amovibles, \u00e0 l&#039;avant et \u00e0 l&#039;arri\u00e8re, pour que vous puissiez acc\u00e9der facilement \u00e0 vos t\u00e9l\u00e9viseurs. Il est \u00e9quip\u00e9 de quatre roulettes robustes, dont deux sont verrouillables, ce qui rend cet \u00e9tui \u00e0 la fois mobile et stable. Par cons\u00e9quent, il peut r\u00e9pondre aux besoins des sc\u00e8nes de performance de diff\u00e9rentes distances et environnements, ce qui est tr\u00e8s pratique.<\/li>\n<li><strong><b>Rangement parfait pour t\u00e9l\u00e9viseur<\/b><\/strong><strong><b>: <\/b><\/strong>Notre flight case offre une excellente solution de rangement pour vos t\u00e9l\u00e9viseurs, adapt\u00e9e aux \u00e9crans de t\u00e9l\u00e9vision de diff\u00e9rentes marques et tailles. Un \u00e9tui peut contenir deux t\u00e9l\u00e9viseurs, bien s\u00fbr, si vous souhaitez contenir plus de t\u00e9l\u00e9viseurs, nous pouvons \u00e9galement personnaliser la capacit\u00e9 sp\u00e9cifiquement pour vous. Des mat\u00e9riaux robustes de bonne qualit\u00e9 lui conf\u00e8rent une bonne capacit\u00e9 de charge, ce qui peut garantir la s\u00e9curit\u00e9 du t\u00e9l\u00e9viseur. C&#039;est un choix fiable pour les professionnels.<\/li>\n<\/ul>\n<h4><span style=\"color: #003366;\">D\u00e9tails du produit :<\/span><\/h4>\n<div style=\"display: flex; gap: 20px;\">\n<p><!-- \u7b2c\u4e00\u680f --><\/p>\n<div style=\"flex: 1; text-align: center;\">\n<p><img decoding=\"async\" style=\"max-width: 100%; height: auto; margin-bottom: 10px;\" src=\"https:\/\/suncasesupply.com\/wp-content\/uploads\/2024\/12\/1-Customized-and-Protective-foam.webp\" alt=\"Mousse personnalis\u00e9e et protectrice\" \/><\/p>\n<p style=\"font-weight: bold; margin: 5px 0;\">Mousse personnalis\u00e9e et protectrice<\/p>\n<p style=\"margin: 0;\">Ce flight case est doubl\u00e9 d&#039;un rembourrage en mousse rigide et protectrice haute densit\u00e9 \u00e0 l&#039;int\u00e9rieur, qui peut prot\u00e9ger vos \u00e9crans de t\u00e9l\u00e9vision contre les dommages. L&#039;espace int\u00e9rieur est enti\u00e8rement personnalis\u00e9 en fonction de vos t\u00e9l\u00e9viseurs, ce qui emp\u00eache votre t\u00e9l\u00e9viseur de trembler pendant le d\u00e9placement et constitue le rangement id\u00e9al pour le transport longue distance.<\/p>\n<\/div>\n<p><!-- \u7b2c\u4e8c\u680f --><\/p>\n<div style=\"flex: 1; text-align: center;\">\n<p><img decoding=\"async\" style=\"max-width: 100%; height: auto; margin-bottom: 10px;\" src=\"https:\/\/suncasesupply.com\/wp-content\/uploads\/2024\/12\/2-Casters.webp\" alt=\"Roulettes\" \/><\/p>\n<p style=\"font-weight: bold; margin: 5px 0;\">Roulettes<\/p>\n<p style=\"margin: 0;\">Il est \u00e9quip\u00e9 de quatre roulettes robustes, dont deux sont verrouillables, ce qui rend cette valise \u00e0 la fois mobile et stable. Et les roulettes sont fabriqu\u00e9es en fer et en caoutchouc de bonne qualit\u00e9, \u00e0 la fois porteuses et durables.<\/p>\n<\/div>\n<p><!-- \u7b2c\u4e09\u680f --><\/p>\n<div style=\"flex: 1; text-align: center;\">\n<p><img decoding=\"async\" style=\"max-width: 100%; height: auto; margin-bottom: 10px;\" src=\"https:\/\/suncasesupply.com\/wp-content\/uploads\/2024\/12\/3-Secure-Locking-System.webp\" alt=\"Syst\u00e8me de verrouillage s\u00e9curis\u00e9\" \/><\/p>\n<p style=\"font-weight: bold; margin: 5px 0;\">Syst\u00e8me de verrouillage s\u00e9curis\u00e9<\/p>\n<p style=\"margin: 0;\">Dispose d&#039;un m\u00e9canisme de verrouillage de style papillon avec des trous pour les verrous afin de prot\u00e9ger vos \u00e9crans. Et ses verrous papillon rendent son couvercle amovible \u00e0 l&#039;avant et \u00e0 l&#039;arri\u00e8re, afin que vous puissiez facilement acc\u00e9der \u00e0 vos t\u00e9l\u00e9viseurs.<\/p>\n<\/div>\n<p><!-- \u7b2c\u56db\u680f --><\/p>\n<div style=\"flex: 1; text-align: center;\">\n<p><img decoding=\"async\" style=\"max-width: 100%; height: auto; margin-bottom: 10px;\" src=\"https:\/\/suncasesupply.com\/wp-content\/uploads\/2024\/12\/4-Anti-collision-corners.webp\" alt=\"Coins anti-collision\" \/><\/p>\n<p style=\"font-weight: bold; margin: 5px 0;\">Coins anti-collision<\/p>\n<p style=\"margin: 0;\">\u00c9quip\u00e9 de coins m\u00e9talliques robustes et r\u00e9sistants, il am\u00e9liore consid\u00e9rablement l&#039;anti-compression et la durabilit\u00e9 du bo\u00eetier, ce qui peut prolonger la dur\u00e9e de vie du bo\u00eetier et garantir que l&#039;\u00e9cran du t\u00e9l\u00e9viseur \u00e0 l&#039;int\u00e9rieur peut \u00eatre bien prot\u00e9g\u00e9 pendant le transport.<\/p>\n<\/div>\n<\/div>\n<h4><span style=\"color: #003366;\">Processus de fabrication du flight case TV :<\/span><\/h4>\n<div style=\"display: flex; gap: 20px;\">\n<p><!-- \u7b2c\u4e00\u680f \u6d41\u7a0b1--><\/p>\n<div style=\"flex: 1; text-align: center;\">\n<p><img decoding=\"async\" style=\"max-width: 100%; height: auto; margin-bottom: 10px;\" src=\"https:\/\/suncasesupply.com\/wp-content\/uploads\/2024\/12\/1-Prepare-materials.webp\" alt=\"1-Pr\u00e9parer le mat\u00e9riel\" \/><\/p>\n<p style=\"font-weight: bold; margin: 5px 0;\">1. Pr\u00e9parez le mat\u00e9riel<\/p>\n<\/div>\n<p><!-- \u7b2c\u4e8c\u680f \u6d41\u7a0b2--><\/p>\n<div style=\"flex: 1; text-align: center;\">\n<p><img decoding=\"async\" style=\"max-width: 100%; height: auto; margin-bottom: 10px;\" src=\"https:\/\/suncasesupply.com\/wp-content\/uploads\/2024\/12\/2-Drill-Hole.webp\" alt=\"2-Percer un trou\" \/><\/p>\n<p style=\"font-weight: bold; margin: 5px 0;\">2. Percer un trou<\/p>\n<\/div>\n<p><!-- \u7b2c\u4e09\u680f \u6d41\u7a0b3--><\/p>\n<div style=\"flex: 1; text-align: center;\">\n<p><img decoding=\"async\" style=\"max-width: 100%; height: auto; margin-bottom: 10px;\" src=\"https:\/\/suncasesupply.com\/wp-content\/uploads\/2024\/12\/3-Rivet.webp\" alt=\"3-Rivet\" \/><\/p>\n<p style=\"font-weight: bold; margin: 5px 0;\">3. Rivet<\/p>\n<\/div>\n<p><!-- \u7b2c\u56db\u680f \u6d41\u7a0b4--><\/p>\n<div style=\"flex: 1; text-align: center;\">\n<p><img decoding=\"async\" style=\"max-width: 100%; height: auto; margin-bottom: 10px;\" src=\"https:\/\/suncasesupply.com\/wp-content\/uploads\/2024\/12\/4-Assemble.webp\" alt=\"4-Assembler\" \/><\/p>\n<p style=\"font-weight: bold; margin: 5px 0;\">4. Assemble<\/p>\n<\/div>\n<\/div>\n<p>&nbsp;<\/p>\n<div style=\"display: flex; gap: 20px;\">\n<p><!-- \u7b2c\u4e00\u680f \u6d41\u7a0b5--><\/p>\n<div style=\"flex: 1; text-align: center;\">\n<p><img decoding=\"async\" style=\"max-width: 100%; height: auto; margin-bottom: 10px;\" src=\"https:\/\/suncasesupply.com\/wp-content\/uploads\/2024\/12\/5-glue-lining.webp\" alt=\"Doublure \u00e0 5 colles\" \/><\/p>\n<p style=\"font-weight: bold; margin: 5px 0;\">5. Doublure en colle<\/p>\n<\/div>\n<p><!-- \u7b2c\u4e8c\u680f \u6d41\u7a0b6--><\/p>\n<div style=\"flex: 1; text-align: center;\">\n<p><img decoding=\"async\" style=\"max-width: 100%; height: auto; margin-bottom: 10px;\" src=\"https:\/\/suncasesupply.com\/wp-content\/uploads\/2024\/12\/6-Cleaning.webp\" alt=\"6-Nettoyage\" \/><\/p>\n<p style=\"font-weight: bold; margin: 5px 0;\">6. Nettoyage<\/p>\n<\/div>\n<p><!-- \u7b2c\u4e09\u680f \u6d41\u7a0b7--><\/p>\n<div style=\"flex: 1; text-align: center;\">\n<p><img decoding=\"async\" style=\"max-width: 100%; height: auto; margin-bottom: 10px;\" src=\"https:\/\/suncasesupply.com\/wp-content\/uploads\/2024\/12\/7-Package.webp\" alt=\"Paquet de 7\" \/><\/p>\n<p style=\"font-weight: bold; margin: 5px 0;\">7. Paquet<\/p>\n<\/div>\n<p><!-- \u7b2c\u56db\u680f \u6d41\u7a0b8--><\/p>\n<div style=\"flex: 1; text-align: center;\">\n<p><img decoding=\"async\" style=\"max-width: 100%; height: auto; margin-bottom: 10px;\" src=\"https:\/\/suncasesupply.com\/wp-content\/uploads\/2024\/12\/8-Loading.webp\" alt=\"8-Chargement\" \/><\/p>\n<p style=\"font-weight: bold; margin: 5px 0;\">8. Chargement<\/p>\n<\/div>\n<\/div>\n<h4><span style=\"color: #003366;\">Informations utiles pour les acheteurs en gros\u00a0:<\/span><\/h4>\n<ol>\n<li>\n<p class=\"page-title\" title=\"Quel est le meilleur mat\u00e9riau pour un Flight Case ?\"><a href=\"https:\/\/suncasesupply.com\/fr\/blog\/flight-case\/best-material\/\">Quel est le meilleur mat\u00e9riau pour un Flight Case ?<\/a><\/p>\n<\/li>\n<li>\n<p class=\"page-title\" title=\"Qu\u2019est-ce qui rend les cartes de sport si pr\u00e9cieuses ?\"><a href=\"https:\/\/suncasesupply.com\/fr\/blog\/flight-case\/how-to-clean\/\">Comment nettoyer un Flight Case ?<\/a><\/p>\n<\/li>\n<li>\n<p class=\"page-title\" title=\"Comment choisir les meilleurs Flight Cases\"><a href=\"https:\/\/suncasesupply.com\/fr\/blog\/flight-case\/how-to-choose\/\">Comment choisir les meilleurs Flight Cases<\/a><\/p>\n<\/li>\n<li>\n<p class=\"page-title\" title=\"Les Flight Cases sont-ils s\u00fbrs ?\"><a href=\"https:\/\/suncasesupply.com\/fr\/blog\/flight-case\/safety\/\">Les Flight Cases sont-ils s\u00fbrs ?<\/a><\/p>\n<\/li>\n<li>\n<p class=\"page-title\" title=\"Quel est le but d\u2019un Flight Case ?\"><a href=\"https:\/\/suncasesupply.com\/fr\/blog\/flight-case\/what-is-the-purpose\/\">Quel est le but d\u2019un Flight Case ?<\/a><\/p>\n<\/li>\n<li>\n<p class=\"page-title\" title=\"Les diff\u00e9rences entre les bo\u00eetiers EVA et ATA\"><a href=\"https:\/\/suncasesupply.com\/fr\/blog\/the-differences-between-eva-and-ata-cases\/\">Les diff\u00e9rences entre les bo\u00eetiers EVA et ATA<\/a><\/p>\n<\/li>\n<\/ol>","protected":false},"excerpt":{"rendered":"<p>Mod\u00e8le : Z61<\/p>\n<p>Taille : Pour t\u00e9l\u00e9viseurs de 55&quot; \u00e0 85&quot; ou personnalis\u00e9<\/p>\n<p>Couleurs : Noir ou personnalis\u00e9<\/p>\n<p>Mat\u00e9riaux : Aluminium, contreplaqu\u00e9, EVA<\/p>\n<p>Logo : Logo en plaque m\u00e9tallique, logo s\u00e9rigraphi\u00e9<\/p>\n<p>Quantit\u00e9 minimale de commande : 5 pi\u00e8ces<\/p>","protected":false},"featured_media":21863,"template":"","meta":{"_gspb_post_css":""},"product_cat":[94],"product_tag":[],"featured_image_urls":{"full":["https:\/\/suncasesupply.com\/wp-content\/uploads\/2023\/08\/1-72.jpg",800,800,false],"thumbnail":["https:\/\/suncasesupply.com\/wp-content\/uploads\/2023\/08\/1-72-150x150.jpg",150,150,true],"medium":["https:\/\/suncasesupply.com\/wp-content\/uploads\/2023\/08\/1-72-300x300.jpg",300,300,true],"medium_large":["https:\/\/suncasesupply.com\/wp-content\/uploads\/2023\/08\/1-72-768x768.jpg",768,768,true],"large":["https:\/\/suncasesupply.com\/wp-content\/uploads\/2023\/08\/1-72.jpg",800,800,false],"1536x1536":["https:\/\/suncasesupply.com\/wp-content\/uploads\/2023\/08\/1-72.jpg",800,800,false],"2048x2048":["https:\/\/suncasesupply.com\/wp-content\/uploads\/2023\/08\/1-72.jpg",800,800,false],"trp-custom-language-flag":["https:\/\/suncasesupply.com\/wp-content\/uploads\/2023\/08\/1-72.jpg",12,12,false],"woocommerce_thumbnail":["https:\/\/suncasesupply.com\/wp-content\/uploads\/2023\/08\/1-72-300x300.jpg",300,300,true],"woocommerce_single":["https:\/\/suncasesupply.com\/wp-content\/uploads\/2023\/08\/1-72-600x600.jpg",600,600,true],"woocommerce_gallery_thumbnail":["https:\/\/suncasesupply.com\/wp-content\/uploads\/2023\/08\/1-72-100x100.jpg",100,100,true]},"post_excerpt_stackable":"<p>Model : Z61<\/p>\n<p>Size: For 55\u201d to 85\u201d TVs or Customized<\/p>\n<p>Colors: Black or customize<\/p>\n<p>Materials: Aluminum, plywood, EVA<\/p>\n<p>Logo: Metal plate logo, silk screen logo<\/p>\n<p>MOQ: 5pcs<\/p>\n","category_list":"","author_info":{"name":"","url":""},"comments_num":"0 commentaire","_links":{"self":[{"href":"https:\/\/suncasesupply.com\/fr\/wp-json\/wp\/v2\/product\/21862"}],"collection":[{"href":"https:\/\/suncasesupply.com\/fr\/wp-json\/wp\/v2\/product"}],"about":[{"href":"https:\/\/suncasesupply.com\/fr\/wp-json\/wp\/v2\/types\/product"}],"wp:featuredmedia":[{"embeddable":true,"href":"https:\/\/suncasesupply.com\/fr\/wp-json\/wp\/v2\/media\/21863"}],"wp:attachment":[{"href":"https:\/\/suncasesupply.com\/fr\/wp-json\/wp\/v2\/media?parent=21862"}],"wp:term":[{"taxonomy":"product_cat","embeddable":true,"href":"https:\/\/suncasesupply.com\/fr\/wp-json\/wp\/v2\/product_cat?post=21862"},{"taxonomy":"product_tag","embeddable":true,"href":"https:\/\/suncasesupply.com\/fr\/wp-json\/wp\/v2\/product_tag?post=21862"}],"curies":[{"name":"wp","href":"https:\/\/api.w.org\/{rel}","templated":true}]}}