{"id":21836,"date":"2023-08-29T16:09:16","date_gmt":"2023-08-29T08:09:16","guid":{"rendered":"https:\/\/suncasesupply.com\/?post_type=product&#038;p=21836"},"modified":"2025-02-26T11:44:08","modified_gmt":"2025-02-26T03:44:08","slug":"photo-booth-printer-case-with-pullout-handle-and-wheels-trolley-flight-road-case-for-printer","status":"publish","type":"product","link":"https:\/\/suncasesupply.com\/fr\/product\/photo-booth-printer-case-with-pullout-handle-and-wheels-trolley-flight-road-case-for-printer\/","title":{"rendered":"\u00c9tui d&#039;imprimante de cabine Photo avec poign\u00e9e coulissante et roulettes, \u00e9tui de route de vol pour imprimante"},"content":{"rendered":"<p>&nbsp;<\/p>\n<table width=\"774\">\n<tbody>\n<tr>\n<td width=\"177\">Article<\/td>\n<td width=\"597\">Flight-case<\/td>\n<\/tr>\n<tr>\n<td>Dimension<\/td>\n<td>55,9 x 42,5 x 45,7 cm ou Personnaliser<\/td>\n<\/tr>\n<tr>\n<td>Couleurs<\/td>\n<td>Comme le montrent les images ou personnaliser<\/td>\n<\/tr>\n<tr>\n<td>Mat\u00e9riaux<\/td>\n<td>Aluminium, contreplaqu\u00e9, doublure EVA\/mousse\/tissu\/PU, quincaillerie<\/td>\n<\/tr>\n<tr>\n<td>Logo<\/td>\n<td>Logo plaque m\u00e9tallique, logo imprim\u00e9, logo en relief, logo laser<\/td>\n<\/tr>\n<tr>\n<td>Temps d&#039;\u00e9chantillonnage<\/td>\n<td>7 jours<\/td>\n<\/tr>\n<tr>\n<td>Port d&#039;embarquement<\/td>\n<td>Canton, Shenzhen<\/td>\n<\/tr>\n<tr>\n<td>Conditions commerciales<\/td>\n<td>EXW, FOB, CIF, DDU, DDP<\/td>\n<\/tr>\n<tr>\n<td>M\u00e9thodes de payement<\/td>\n<td>T\/T, esp\u00e8ces, PayPal, carte de cr\u00e9dit<\/td>\n<\/tr>\n<\/tbody>\n<\/table>\n<p><span style=\"color: #003366;\">Caract\u00e9ristiques:<\/span><\/p>\n<p>Stockez, prot\u00e9gez, transportez et utilisez votre HiTi P510 ou une imprimante de taille similaire avec le bo\u00eetier d&#039;imprimante.<\/p>\n<p>Cet \u00e9tui bien con\u00e7u est dot\u00e9 de loquets encastr\u00e9s robustes, de deux poign\u00e9es \u00e0 ressort et d&#039;un int\u00e9rieur doubl\u00e9 de mousse. Sous l&#039;imprimante se trouve un espace pour ranger votre c\u00e2ble d&#039;alimentation. Les roulettes d&#039;angle combin\u00e9es \u00e0 une poign\u00e9e t\u00e9lescopique extractible facilitent les d\u00e9placements sur terrain plat. Le bo\u00eetier est dot\u00e9 de pieds en caoutchouc pour une stabilit\u00e9 verticale et une meilleure adh\u00e9rence.<\/p>\n<p>Contient \u00e9galement les imprimantes Hiti P510S et P510SI<br \/>\nInt\u00e9rieur enti\u00e8rement doubl\u00e9 de mousse<br \/>\nLoquets encastr\u00e9s robustes et doubles poign\u00e9es \u00e0 ressort<br \/>\nEspace pour le rangement du c\u00e2ble d&#039;alimentation sous l&#039;imprimante<br \/>\nRoues d&#039;angle pour un transport pratique<br \/>\nRetirer la poign\u00e9e t\u00e9lescopique<br \/>\nCoins boule robustes<\/p>","protected":false},"excerpt":{"rendered":"<p>Mod\u00e8le : Z59<\/p>\n<p>Taille: 55,9 x 42,5 x 45,7 cm<\/p>\n<p>Quantit\u00e9 minimale de commande : 100 pi\u00e8ces<\/p>\n<p>D\u00e9lai de livraison : 15-25 jours<\/p>\n<p>\u00c9chantillon\u00a0: Disponible<\/p>","protected":false},"featured_media":21837,"template":"","meta":{"_gspb_post_css":""},"product_cat":[88],"product_tag":[],"featured_image_urls":{"full":["https:\/\/suncasesupply.com\/wp-content\/uploads\/2023\/08\/1-70.jpg",1500,1500,false],"thumbnail":["https:\/\/suncasesupply.com\/wp-content\/uploads\/2023\/08\/1-70-150x150.jpg",150,150,true],"medium":["https:\/\/suncasesupply.com\/wp-content\/uploads\/2023\/08\/1-70-300x300.jpg",300,300,true],"medium_large":["https:\/\/suncasesupply.com\/wp-content\/uploads\/2023\/08\/1-70-768x768.jpg",768,768,true],"large":["https:\/\/suncasesupply.com\/wp-content\/uploads\/2023\/08\/1-70-1024x1024.jpg",1024,1024,true],"1536x1536":["https:\/\/suncasesupply.com\/wp-content\/uploads\/2023\/08\/1-70.jpg",1500,1500,false],"2048x2048":["https:\/\/suncasesupply.com\/wp-content\/uploads\/2023\/08\/1-70.jpg",1500,1500,false],"trp-custom-language-flag":["https:\/\/suncasesupply.com\/wp-content\/uploads\/2023\/08\/1-70.jpg",12,12,false],"woocommerce_thumbnail":["https:\/\/suncasesupply.com\/wp-content\/uploads\/2023\/08\/1-70-300x300.jpg",300,300,true],"woocommerce_single":["https:\/\/suncasesupply.com\/wp-content\/uploads\/2023\/08\/1-70-600x600.jpg",600,600,true],"woocommerce_gallery_thumbnail":["https:\/\/suncasesupply.com\/wp-content\/uploads\/2023\/08\/1-70-100x100.jpg",100,100,true]},"post_excerpt_stackable":"<p>Model : Z59<\/p>\n<p>Size: 55.9 x 42.5 x 45.7 cm<\/p>\n<p>MOQ: 100pcs<\/p>\n<p>Delivery Time : 15-25 Days<\/p>\n<p>Sample : Available<\/p>\n","category_list":"","author_info":{"name":"","url":""},"comments_num":"0 commentaire","_links":{"self":[{"href":"https:\/\/suncasesupply.com\/fr\/wp-json\/wp\/v2\/product\/21836"}],"collection":[{"href":"https:\/\/suncasesupply.com\/fr\/wp-json\/wp\/v2\/product"}],"about":[{"href":"https:\/\/suncasesupply.com\/fr\/wp-json\/wp\/v2\/types\/product"}],"wp:featuredmedia":[{"embeddable":true,"href":"https:\/\/suncasesupply.com\/fr\/wp-json\/wp\/v2\/media\/21837"}],"wp:attachment":[{"href":"https:\/\/suncasesupply.com\/fr\/wp-json\/wp\/v2\/media?parent=21836"}],"wp:term":[{"taxonomy":"product_cat","embeddable":true,"href":"https:\/\/suncasesupply.com\/fr\/wp-json\/wp\/v2\/product_cat?post=21836"},{"taxonomy":"product_tag","embeddable":true,"href":"https:\/\/suncasesupply.com\/fr\/wp-json\/wp\/v2\/product_tag?post=21836"}],"curies":[{"name":"wp","href":"https:\/\/api.w.org\/{rel}","templated":true}]}}