{"id":21820,"date":"2023-08-29T15:29:17","date_gmt":"2023-08-29T07:29:17","guid":{"rendered":"https:\/\/suncasesupply.com\/?post_type=product&#038;p=21820"},"modified":"2025-02-26T11:44:14","modified_gmt":"2025-02-26T03:44:14","slug":"utility-flight-case-with-profile-wheels-for-moving-head-dj-lights-custom-case-for-pro-dj-touring-show","status":"publish","type":"product","link":"https:\/\/suncasesupply.com\/fr\/product\/utility-flight-case-with-profile-wheels-for-moving-head-dj-lights-custom-case-for-pro-dj-touring-show\/","title":{"rendered":"Flight-case utilitaire avec roues profil\u00e9es pour lumi\u00e8res DJ \u00e0 t\u00eate mobile, \u00e9tui personnalis\u00e9 pour spectacle de tourn\u00e9e Pro DJ"},"content":{"rendered":"<p>&nbsp;<\/p>\n<table width=\"774\">\n<tbody>\n<tr>\n<td width=\"177\">Article<\/td>\n<td width=\"597\">Flight-case<\/td>\n<\/tr>\n<tr>\n<td>Dimension<\/td>\n<td>57*47*40 cm ou personnaliser<\/td>\n<\/tr>\n<tr>\n<td>Couleurs<\/td>\n<td>Comme le montrent les images ou personnaliser<\/td>\n<\/tr>\n<tr>\n<td>Mat\u00e9riaux<\/td>\n<td>Aluminium, contreplaqu\u00e9, doublure EVA\/mousse\/tissu\/PU, quincaillerie<\/td>\n<\/tr>\n<tr>\n<td>Logo<\/td>\n<td>Logo plaque m\u00e9tallique, logo imprim\u00e9, logo en relief, logo laser<\/td>\n<\/tr>\n<tr>\n<td>Temps d&#039;\u00e9chantillonnage<\/td>\n<td>7 jours<\/td>\n<\/tr>\n<tr>\n<td>Port d&#039;embarquement<\/td>\n<td>Canton, Shenzhen<\/td>\n<\/tr>\n<tr>\n<td>Conditions commerciales<\/td>\n<td>EXW, FOB, CIF, DDU, DDP<\/td>\n<\/tr>\n<tr>\n<td>M\u00e9thodes de payement<\/td>\n<td>T\/T, esp\u00e8ces, PayPal, carte de cr\u00e9dit<\/td>\n<\/tr>\n<\/tbody>\n<\/table>\n<p><span style=\"color: #003366;\">Caract\u00e9ristiques:<\/span><\/p>\n<p>\u3010STYLE STANDARD\u3011 1 Flight Case 4 lumi\u00e8res peuvent \u00eatre install\u00e9es. (avec 4 roues) 2 des roues avec verrous doivent \u00eatre install\u00e9es en diagonale.<br \/>\n\u3010FERMETURE TWIST LOCK\u3011 Le flight case dispose de 4 passages de roues et peut \u00eatre empil\u00e9, fermeture twist Lock, 2 poign\u00e9es m\u00e9talliques sur le c\u00f4t\u00e9 du flight case.<br \/>\n\u3010TAILLE DU FLIGHT CASE\u3011 NW : 28,66 LBS (13 KG), Taille sans roues : 22,44 x 18,5 x 15,74 IN (57*47*40 CM)<br \/>\n\u3010APPLIQUER \u00c0\u3011 Flight case utilitaire avec roues profil\u00e9es adapt\u00e9 aux phares mobiles de 90 W, 120 W ou 150 W.<br \/>\n\u3010PREMIUM\u3011 Bordure en aluminium sur quincaillerie plaqu\u00e9e bois noir, doublure enti\u00e8rement en caoutchouc, protection de l&#039;\u00e9quipement d&#039;\u00e9clairage de sc\u00e8ne<\/p>","protected":false},"excerpt":{"rendered":"<p>Mod\u00e8le : Z58<\/p>\n<p>Taille: 57*47*40 cm<\/p>\n<p>Quantit\u00e9 minimale de commande : 100 pi\u00e8ces<\/p>\n<p>D\u00e9lai de livraison : 15-25 jours<\/p>\n<p>\u00c9chantillon\u00a0: Disponible<\/p>","protected":false},"featured_media":21822,"template":"","meta":{"_gspb_post_css":""},"product_cat":[88],"product_tag":[],"featured_image_urls":{"full":["https:\/\/suncasesupply.com\/wp-content\/uploads\/2023\/08\/1-69.jpg",1500,1500,false],"thumbnail":["https:\/\/suncasesupply.com\/wp-content\/uploads\/2023\/08\/1-69-150x150.jpg",150,150,true],"medium":["https:\/\/suncasesupply.com\/wp-content\/uploads\/2023\/08\/1-69-300x300.jpg",300,300,true],"medium_large":["https:\/\/suncasesupply.com\/wp-content\/uploads\/2023\/08\/1-69-768x768.jpg",768,768,true],"large":["https:\/\/suncasesupply.com\/wp-content\/uploads\/2023\/08\/1-69-1024x1024.jpg",1024,1024,true],"1536x1536":["https:\/\/suncasesupply.com\/wp-content\/uploads\/2023\/08\/1-69.jpg",1500,1500,false],"2048x2048":["https:\/\/suncasesupply.com\/wp-content\/uploads\/2023\/08\/1-69.jpg",1500,1500,false],"trp-custom-language-flag":["https:\/\/suncasesupply.com\/wp-content\/uploads\/2023\/08\/1-69.jpg",12,12,false],"woocommerce_thumbnail":["https:\/\/suncasesupply.com\/wp-content\/uploads\/2023\/08\/1-69-300x300.jpg",300,300,true],"woocommerce_single":["https:\/\/suncasesupply.com\/wp-content\/uploads\/2023\/08\/1-69-600x600.jpg",600,600,true],"woocommerce_gallery_thumbnail":["https:\/\/suncasesupply.com\/wp-content\/uploads\/2023\/08\/1-69-100x100.jpg",100,100,true]},"post_excerpt_stackable":"<p>Model : Z58<\/p>\n<p>Size: 57*47*40 cm<\/p>\n<p>MOQ: 100pcs<\/p>\n<p>Delivery Time : 15-25 Days<\/p>\n<p>Sample : Available<\/p>\n","category_list":"","author_info":{"name":"","url":""},"comments_num":"0 commentaire","_links":{"self":[{"href":"https:\/\/suncasesupply.com\/fr\/wp-json\/wp\/v2\/product\/21820"}],"collection":[{"href":"https:\/\/suncasesupply.com\/fr\/wp-json\/wp\/v2\/product"}],"about":[{"href":"https:\/\/suncasesupply.com\/fr\/wp-json\/wp\/v2\/types\/product"}],"wp:featuredmedia":[{"embeddable":true,"href":"https:\/\/suncasesupply.com\/fr\/wp-json\/wp\/v2\/media\/21822"}],"wp:attachment":[{"href":"https:\/\/suncasesupply.com\/fr\/wp-json\/wp\/v2\/media?parent=21820"}],"wp:term":[{"taxonomy":"product_cat","embeddable":true,"href":"https:\/\/suncasesupply.com\/fr\/wp-json\/wp\/v2\/product_cat?post=21820"},{"taxonomy":"product_tag","embeddable":true,"href":"https:\/\/suncasesupply.com\/fr\/wp-json\/wp\/v2\/product_tag?post=21820"}],"curies":[{"name":"wp","href":"https:\/\/api.w.org\/{rel}","templated":true}]}}