{"id":21805,"date":"2023-08-29T15:19:55","date_gmt":"2023-08-29T07:19:55","guid":{"rendered":"https:\/\/suncasesupply.com\/?post_type=product&#038;p=21805"},"modified":"2025-02-26T11:44:20","modified_gmt":"2025-02-26T03:44:20","slug":"custom-made-keyboard-flight-case-with-heavy-duty-hardware","status":"publish","type":"product","link":"https:\/\/suncasesupply.com\/fr\/product\/custom-made-keyboard-flight-case-with-heavy-duty-hardware\/","title":{"rendered":"Flight case pour clavier sur mesure avec mat\u00e9riel robuste"},"content":{"rendered":"<p>&nbsp;<\/p>\n<table width=\"774\">\n<tbody>\n<tr>\n<td width=\"177\">Article<\/td>\n<td width=\"597\">Flight-case<\/td>\n<\/tr>\n<tr>\n<td>Dimension<\/td>\n<td>Personnaliser<\/td>\n<\/tr>\n<tr>\n<td>Couleurs<\/td>\n<td>Comme le montrent les images ou personnaliser<\/td>\n<\/tr>\n<tr>\n<td>Mat\u00e9riaux<\/td>\n<td>Aluminium, contreplaqu\u00e9, doublure EVA\/mousse\/tissu\/PU, quincaillerie<\/td>\n<\/tr>\n<tr>\n<td>Logo<\/td>\n<td>Logo plaque m\u00e9tallique, logo imprim\u00e9, logo en relief, logo laser<\/td>\n<\/tr>\n<tr>\n<td>Temps d&#039;\u00e9chantillonnage<\/td>\n<td>7 jours<\/td>\n<\/tr>\n<tr>\n<td>Port d&#039;embarquement<\/td>\n<td>Canton, Shenzhen<\/td>\n<\/tr>\n<tr>\n<td>Conditions commerciales<\/td>\n<td>EXW, FOB, CIF, DDU, DDP<\/td>\n<\/tr>\n<tr>\n<td>M\u00e9thodes de payement<\/td>\n<td>T\/T, esp\u00e8ces, PayPal, carte de cr\u00e9dit<\/td>\n<\/tr>\n<\/tbody>\n<\/table>\n<p><span style=\"color: #003366;\">Caract\u00e9ristiques:<\/span><\/p>\n<p>Les flight cases Keyboard sont fabriqu\u00e9s selon des normes de qualit\u00e9 \u00e9lev\u00e9es. Il est solide mais aussi l\u00e9ger, ce qui les rend id\u00e9aux pour prot\u00e9ger votre pr\u00e9cieux instrument lors de concerts ou d&#039;une tourn\u00e9e. Sa construction Astraboard de 7 mm et ses roues de tra\u00een\u00e9e le rendent facile \u00e0 manipuler, ce qui signifie moins de tracas pour transporter votre instrument sur les lieux.<\/p>\n<p>Construction du flight case Astraboard solide et l\u00e9ger de 7 mm<br \/>\nCoins en acier et extrusion d&#039;aluminium<br \/>\nLoqueteaux papillon encastr\u00e9s et verrouillables<br \/>\nCompartiment principal rembourr\u00e9 avec espaces de levage pour un retrait facile du clavier<br \/>\nCompartiment suppl\u00e9mentaire de 100 mm de large pour c\u00e2bles, p\u00e9dales et accessoires<br \/>\nRoues de frein int\u00e9gr\u00e9es (en option)<br \/>\nCouvercle \u00e0 charni\u00e8re avec support pour maintenir le couvercle juste au-del\u00e0 de 90 degr\u00e9s.<br \/>\nPoign\u00e9es de transport et poign\u00e9es de d\u00e9placement \u00e0 ressorts en acier<br \/>\nFourni avec une mousse adaptable pour donner une protection suppl\u00e9mentaire \u00e0 votre clavier<\/p>","protected":false},"excerpt":{"rendered":"<p>Mod\u00e8le : Z57<\/p>\n<p>Taille\u00a0:\u00a0Personnaliser<\/p>\n<p>Quantit\u00e9 minimale de commande : 100 pi\u00e8ces<\/p>\n<p>D\u00e9lai de livraison : 15-25 jours<\/p>\n<p>\u00c9chantillon\u00a0: Disponible<\/p>","protected":false},"featured_media":21813,"template":"","meta":{"_gspb_post_css":""},"product_cat":[88],"product_tag":[],"featured_image_urls":{"full":["https:\/\/suncasesupply.com\/wp-content\/uploads\/2023\/08\/1-9.png",1001,1001,false],"thumbnail":["https:\/\/suncasesupply.com\/wp-content\/uploads\/2023\/08\/1-9-150x150.png",150,150,true],"medium":["https:\/\/suncasesupply.com\/wp-content\/uploads\/2023\/08\/1-9-300x300.png",300,300,true],"medium_large":["https:\/\/suncasesupply.com\/wp-content\/uploads\/2023\/08\/1-9-768x768.png",768,768,true],"large":["https:\/\/suncasesupply.com\/wp-content\/uploads\/2023\/08\/1-9.png",1001,1001,false],"1536x1536":["https:\/\/suncasesupply.com\/wp-content\/uploads\/2023\/08\/1-9.png",1001,1001,false],"2048x2048":["https:\/\/suncasesupply.com\/wp-content\/uploads\/2023\/08\/1-9.png",1001,1001,false],"trp-custom-language-flag":["https:\/\/suncasesupply.com\/wp-content\/uploads\/2023\/08\/1-9.png",12,12,false],"woocommerce_thumbnail":["https:\/\/suncasesupply.com\/wp-content\/uploads\/2023\/08\/1-9-300x300.png",300,300,true],"woocommerce_single":["https:\/\/suncasesupply.com\/wp-content\/uploads\/2023\/08\/1-9-600x600.png",600,600,true],"woocommerce_gallery_thumbnail":["https:\/\/suncasesupply.com\/wp-content\/uploads\/2023\/08\/1-9-100x100.png",100,100,true]},"post_excerpt_stackable":"<p>Model : Z57<\/p>\n<p>Size: Customize<\/p>\n<p>MOQ: 100pcs<\/p>\n<p>Delivery Time : 15-25 Days<\/p>\n<p>Sample : Available<\/p>\n","category_list":"","author_info":{"name":"","url":""},"comments_num":"0 commentaire","_links":{"self":[{"href":"https:\/\/suncasesupply.com\/fr\/wp-json\/wp\/v2\/product\/21805"}],"collection":[{"href":"https:\/\/suncasesupply.com\/fr\/wp-json\/wp\/v2\/product"}],"about":[{"href":"https:\/\/suncasesupply.com\/fr\/wp-json\/wp\/v2\/types\/product"}],"wp:featuredmedia":[{"embeddable":true,"href":"https:\/\/suncasesupply.com\/fr\/wp-json\/wp\/v2\/media\/21813"}],"wp:attachment":[{"href":"https:\/\/suncasesupply.com\/fr\/wp-json\/wp\/v2\/media?parent=21805"}],"wp:term":[{"taxonomy":"product_cat","embeddable":true,"href":"https:\/\/suncasesupply.com\/fr\/wp-json\/wp\/v2\/product_cat?post=21805"},{"taxonomy":"product_tag","embeddable":true,"href":"https:\/\/suncasesupply.com\/fr\/wp-json\/wp\/v2\/product_tag?post=21805"}],"curies":[{"name":"wp","href":"https:\/\/api.w.org\/{rel}","templated":true}]}}