{"id":21773,"date":"2023-08-29T14:29:52","date_gmt":"2023-08-29T06:29:52","guid":{"rendered":"https:\/\/suncasesupply.com\/?post_type=product&#038;p=21773"},"modified":"2025-02-26T11:34:25","modified_gmt":"2025-02-26T03:34:25","slug":"heavy-duty-flight-case-transport-flight-cable-storage-case-1800-x-580-x-580-mm","status":"publish","type":"product","link":"https:\/\/suncasesupply.com\/fr\/product\/heavy-duty-flight-case-transport-flight-cable-storage-case-1800-x-580-x-580-mm\/","title":{"rendered":"Mallette de rangement pour c\u00e2bles de transport, Flight Case robuste, 1800 X 580 X 580 mm"},"content":{"rendered":"<p>&nbsp;<\/p>\n<table width=\"774\">\n<tbody>\n<tr>\n<td width=\"177\">Article<\/td>\n<td width=\"597\">Flight-case<\/td>\n<\/tr>\n<tr>\n<td>Dimension<\/td>\n<td>1800 X 580 X 580 mm ou Personnaliser<\/td>\n<\/tr>\n<tr>\n<td>Couleurs<\/td>\n<td>Comme le montrent les images ou personnaliser<\/td>\n<\/tr>\n<tr>\n<td>Mat\u00e9riaux<\/td>\n<td>Aluminium, contreplaqu\u00e9, doublure EVA\/mousse\/tissu\/PU, quincaillerie<\/td>\n<\/tr>\n<tr>\n<td>Logo<\/td>\n<td>Logo plaque m\u00e9tallique, logo imprim\u00e9, logo en relief, logo laser<\/td>\n<\/tr>\n<tr>\n<td>Temps d&#039;\u00e9chantillonnage<\/td>\n<td>7 jours<\/td>\n<\/tr>\n<tr>\n<td>Port d&#039;embarquement<\/td>\n<td>Canton, Shenzhen<\/td>\n<\/tr>\n<tr>\n<td>Conditions commerciales<\/td>\n<td>EXW, FOB, CIF, DDU, DDP<\/td>\n<\/tr>\n<tr>\n<td>M\u00e9thodes de payement<\/td>\n<td>T\/T, esp\u00e8ces, PayPal, carte de cr\u00e9dit<\/td>\n<\/tr>\n<\/tbody>\n<\/table>\n<p><span style=\"color: #003366;\">Caract\u00e9ristiques:<\/span><\/p>\n<p>Les malles pour chemins de c\u00e2bles sont l&#039;un des flight cases les plus populaires sur le march\u00e9 en raison de leur polyvalence. Les coffres routiers conviennent \u00e0 presque toutes les industries, y compris les sports m\u00e9caniques, la radiodiffusion, les \u00e9v\u00e9nements audiovisuels, les spectacles en direct, pour n&#039;en nommer que quelques-uns. Nous avons con\u00e7u notre gamme de coffres robustes pour survivre toute une vie. Nous avons con\u00e7u cette valise pour offrir le meilleur rapport qualit\u00e9-prix. le march\u00e9, des loquets robustes pour une dur\u00e9e de vie plus longue et une tenue plus forte, une bordure en aluminium robuste de 35 mm rend la construction ultra solide, des roulettes en caoutchouc britanniques avec une capacit\u00e9 de charge \u00e9lev\u00e9e.<\/p>\n<p>Notre gamme de malles robustes est con\u00e7ue pour durer toute une vie.<\/p>\n<p>&nbsp;<\/p>","protected":false},"excerpt":{"rendered":"<p>Mod\u00e8le : SC-FL0009<\/p>\n<p>Taille : 1800 X 580 X 580 mm<\/p>\n<p>Quantit\u00e9 minimale de commande : 5 pi\u00e8ces<\/p>\n<p>D\u00e9lai de livraison : 15-25 jours<\/p>\n<p>\u00c9chantillon\u00a0: Disponible<\/p>","protected":false},"featured_media":21785,"template":"","meta":{"_gspb_post_css":""},"product_cat":[91],"product_tag":[],"featured_image_urls":{"full":["https:\/\/suncasesupply.com\/wp-content\/uploads\/2023\/08\/1-66.jpg",1000,863,false],"thumbnail":["https:\/\/suncasesupply.com\/wp-content\/uploads\/2023\/08\/1-66-150x150.jpg",150,150,true],"medium":["https:\/\/suncasesupply.com\/wp-content\/uploads\/2023\/08\/1-66-300x259.jpg",300,259,true],"medium_large":["https:\/\/suncasesupply.com\/wp-content\/uploads\/2023\/08\/1-66-768x663.jpg",768,663,true],"large":["https:\/\/suncasesupply.com\/wp-content\/uploads\/2023\/08\/1-66.jpg",1000,863,false],"1536x1536":["https:\/\/suncasesupply.com\/wp-content\/uploads\/2023\/08\/1-66.jpg",1000,863,false],"2048x2048":["https:\/\/suncasesupply.com\/wp-content\/uploads\/2023\/08\/1-66.jpg",1000,863,false],"trp-custom-language-flag":["https:\/\/suncasesupply.com\/wp-content\/uploads\/2023\/08\/1-66.jpg",14,12,false],"woocommerce_thumbnail":["https:\/\/suncasesupply.com\/wp-content\/uploads\/2023\/08\/1-66-300x300.jpg",300,300,true],"woocommerce_single":["https:\/\/suncasesupply.com\/wp-content\/uploads\/2023\/08\/1-66-600x518.jpg",600,518,true],"woocommerce_gallery_thumbnail":["https:\/\/suncasesupply.com\/wp-content\/uploads\/2023\/08\/1-66-100x100.jpg",100,100,true]},"post_excerpt_stackable":"<p>Model : SC-FL0009<\/p>\n<p>Size: 1800 X 580 X 580 mm<\/p>\n<p>MOQ: 5pcs<\/p>\n<p>Delivery Time : 15-25 Days<\/p>\n<p>Sample : Available<\/p>\n","category_list":"","author_info":{"name":"","url":""},"comments_num":"0 commentaire","_links":{"self":[{"href":"https:\/\/suncasesupply.com\/fr\/wp-json\/wp\/v2\/product\/21773"}],"collection":[{"href":"https:\/\/suncasesupply.com\/fr\/wp-json\/wp\/v2\/product"}],"about":[{"href":"https:\/\/suncasesupply.com\/fr\/wp-json\/wp\/v2\/types\/product"}],"wp:featuredmedia":[{"embeddable":true,"href":"https:\/\/suncasesupply.com\/fr\/wp-json\/wp\/v2\/media\/21785"}],"wp:attachment":[{"href":"https:\/\/suncasesupply.com\/fr\/wp-json\/wp\/v2\/media?parent=21773"}],"wp:term":[{"taxonomy":"product_cat","embeddable":true,"href":"https:\/\/suncasesupply.com\/fr\/wp-json\/wp\/v2\/product_cat?post=21773"},{"taxonomy":"product_tag","embeddable":true,"href":"https:\/\/suncasesupply.com\/fr\/wp-json\/wp\/v2\/product_tag?post=21773"}],"curies":[{"name":"wp","href":"https:\/\/api.w.org\/{rel}","templated":true}]}}