{"id":21754,"date":"2023-08-29T14:05:11","date_gmt":"2023-08-29T06:05:11","guid":{"rendered":"https:\/\/suncasesupply.com\/?post_type=product&#038;p=21754"},"modified":"2025-02-26T11:34:52","modified_gmt":"2025-02-26T03:34:52","slug":"43%e2%80%b3-x-27-5%e2%80%b3-x-24%e2%80%b3-trunk-pack-utility-touring-flight-case","status":"publish","type":"product","link":"https:\/\/suncasesupply.com\/fr\/product\/43%e2%80%b3-x-27-5%e2%80%b3-x-24%e2%80%b3-trunk-pack-utility-touring-flight-case\/","title":{"rendered":"Flight-case de tourisme utilitaire Trunk Pack de 43\u2033 x 27,5\u2033 x 24\u2033"},"content":{"rendered":"<p>&nbsp;<\/p>\n<table width=\"774\">\n<tbody>\n<tr>\n<td width=\"177\">Article<\/td>\n<td width=\"597\">Flight-case<\/td>\n<\/tr>\n<tr>\n<td>Dimension<\/td>\n<td>43&quot; x 27,5&quot; x 24&quot; ou personnaliser<\/td>\n<\/tr>\n<tr>\n<td>Couleurs<\/td>\n<td>Comme le montrent les images ou personnaliser<\/td>\n<\/tr>\n<tr>\n<td>Mat\u00e9riaux<\/td>\n<td>Aluminium, contreplaqu\u00e9, doublure EVA\/mousse\/tissu\/PU, quincaillerie<\/td>\n<\/tr>\n<tr>\n<td>Logo<\/td>\n<td>Logo plaque m\u00e9tallique, logo imprim\u00e9, logo en relief, logo laser<\/td>\n<\/tr>\n<tr>\n<td>Temps d&#039;\u00e9chantillonnage<\/td>\n<td>7 jours<\/td>\n<\/tr>\n<tr>\n<td>Port d&#039;embarquement<\/td>\n<td>Canton, Shenzhen<\/td>\n<\/tr>\n<tr>\n<td>Conditions commerciales<\/td>\n<td>EXW, FOB, CIF, DDU, DDP<\/td>\n<\/tr>\n<tr>\n<td>M\u00e9thodes de payement<\/td>\n<td>T\/T, esp\u00e8ces, PayPal, carte de cr\u00e9dit<\/td>\n<\/tr>\n<\/tbody>\n<\/table>\n<p>Environ. Dimensions ext\u00e9rieures : 45,5\u2033 L x 30\u2033 P x 32,25\u2033 H<br \/>\nEnviron. Dimensions int\u00e9rieures\u00a0: 43\u2033 L x 27,75\u2033 P x 24\u2033 H<br \/>\nEnviron. Poids : 136 livres<\/p>\n<p>Constructions du bo\u00eetier\u00a0: mat\u00e9riel enti\u00e8rement anodis\u00e9 noir et rev\u00eatement en poudre<br \/>\nCaract\u00e9ristiques du bo\u00eetier\u00a0: roulettes<\/p>\n<p>Le flight case est compos\u00e9 de garnitures et de mat\u00e9riel en aluminium noir, anodis\u00e9s et\/ou thermolaqu\u00e9s en \u00ab\u00a0noir\u00a0\u00bb pour un look unique en son genre, si \u00e9l\u00e9gant qu&#039;il est plus que cool.<\/p>\n<p>Cette grande valise peut contenir une tonne de mat\u00e9riel et tout garder organis\u00e9 en plus\u00a0! Les caract\u00e9ristiques comprennent un int\u00e9rieur doubl\u00e9 de moquette, des loquets et des poign\u00e9es encastr\u00e9s, des coins sph\u00e9riques robustes, des couvercles \u00e0 charni\u00e8res et des plaques de roulettes empilables. Il peut contenir du mat\u00e9riel jusqu&#039;\u00e0 43\u2033 x 27,5\u2033 x 24\u2033.<\/p>\n<p>Caract\u00e9ristiques et sp\u00e9cifications<br \/>\n\u2022 Int\u00e9rieur doubl\u00e9 de mousse<br \/>\n\u2022 Loquets et poign\u00e9es encastr\u00e9s<br \/>\n\u2022 Roulettes robustes de 3,5 po, 2 avec freins *Assemblage de roulettes requis*<br \/>\n\u2022 Couvercle \u00e0 charni\u00e8re<br \/>\n\u2022 Plaques de roulettes empilables<br \/>\n\u2022 Coins boule robustes<br \/>\n\u2022 Int\u00e9rieur 43\u2033L x 27,5\u2033H x 24\u2033P<br \/>\n\u2022 24\u2033 de hauteur du plancher int\u00e9rieur au couvercle sup\u00e9rieur int\u00e9rieur<br \/>\n\u2022 La hauteur int\u00e9rieure du couvercle est de 4\u2033 de haut<\/p>","protected":false},"excerpt":{"rendered":"<p>Mod\u00e8le : Z50<\/p>\n<p>Taille : 43&quot; x 27,5&quot; x 24&quot;<\/p>\n<p>Quantit\u00e9 minimale de commande : 5 pi\u00e8ces<\/p>\n<p>D\u00e9lai de livraison : 15-25 jours<\/p>\n<p>\u00c9chantillon\u00a0: Disponible<\/p>","protected":false},"featured_media":21755,"template":"","meta":{"_gspb_post_css":""},"product_cat":[91],"product_tag":[],"featured_image_urls":{"full":["https:\/\/suncasesupply.com\/wp-content\/uploads\/2023\/08\/10-8.jpg",1500,1500,false],"thumbnail":["https:\/\/suncasesupply.com\/wp-content\/uploads\/2023\/08\/10-8-150x150.jpg",150,150,true],"medium":["https:\/\/suncasesupply.com\/wp-content\/uploads\/2023\/08\/10-8-300x300.jpg",300,300,true],"medium_large":["https:\/\/suncasesupply.com\/wp-content\/uploads\/2023\/08\/10-8-768x768.jpg",768,768,true],"large":["https:\/\/suncasesupply.com\/wp-content\/uploads\/2023\/08\/10-8-1024x1024.jpg",1024,1024,true],"1536x1536":["https:\/\/suncasesupply.com\/wp-content\/uploads\/2023\/08\/10-8.jpg",1500,1500,false],"2048x2048":["https:\/\/suncasesupply.com\/wp-content\/uploads\/2023\/08\/10-8.jpg",1500,1500,false],"trp-custom-language-flag":["https:\/\/suncasesupply.com\/wp-content\/uploads\/2023\/08\/10-8.jpg",12,12,false],"woocommerce_thumbnail":["https:\/\/suncasesupply.com\/wp-content\/uploads\/2023\/08\/10-8-300x300.jpg",300,300,true],"woocommerce_single":["https:\/\/suncasesupply.com\/wp-content\/uploads\/2023\/08\/10-8-600x600.jpg",600,600,true],"woocommerce_gallery_thumbnail":["https:\/\/suncasesupply.com\/wp-content\/uploads\/2023\/08\/10-8-100x100.jpg",100,100,true]},"post_excerpt_stackable":"<p>Model : Z50<\/p>\n<p>Size: 43&#8221; x 27.5&#8221; x 24&#8221;<\/p>\n<p>MOQ: 5pcs<\/p>\n<p>Delivery Time : 15-25 Days<\/p>\n<p>Sample : Available<\/p>\n","category_list":"","author_info":{"name":"","url":""},"comments_num":"0 commentaire","_links":{"self":[{"href":"https:\/\/suncasesupply.com\/fr\/wp-json\/wp\/v2\/product\/21754"}],"collection":[{"href":"https:\/\/suncasesupply.com\/fr\/wp-json\/wp\/v2\/product"}],"about":[{"href":"https:\/\/suncasesupply.com\/fr\/wp-json\/wp\/v2\/types\/product"}],"wp:featuredmedia":[{"embeddable":true,"href":"https:\/\/suncasesupply.com\/fr\/wp-json\/wp\/v2\/media\/21755"}],"wp:attachment":[{"href":"https:\/\/suncasesupply.com\/fr\/wp-json\/wp\/v2\/media?parent=21754"}],"wp:term":[{"taxonomy":"product_cat","embeddable":true,"href":"https:\/\/suncasesupply.com\/fr\/wp-json\/wp\/v2\/product_cat?post=21754"},{"taxonomy":"product_tag","embeddable":true,"href":"https:\/\/suncasesupply.com\/fr\/wp-json\/wp\/v2\/product_tag?post=21754"}],"curies":[{"name":"wp","href":"https:\/\/api.w.org\/{rel}","templated":true}]}}