{"id":21735,"date":"2023-08-29T13:49:36","date_gmt":"2023-08-29T05:49:36","guid":{"rendered":"https:\/\/suncasesupply.com\/?post_type=product&#038;p=21735"},"modified":"2025-02-26T11:46:49","modified_gmt":"2025-02-26T03:46:49","slug":"presonus-studiolive-cs18-ai-mixing-console-flight-case","status":"publish","type":"product","link":"https:\/\/suncasesupply.com\/fr\/product\/presonus-studiolive-cs18-ai-mixing-console-flight-case\/","title":{"rendered":"Flight-case pour console de mixage PreSonus StudioLive CS18\/AI"},"content":{"rendered":"<p>&nbsp;<\/p>\n<table width=\"774\">\n<tbody>\n<tr>\n<td width=\"177\">Article<\/td>\n<td width=\"597\">Flight-case<\/td>\n<\/tr>\n<tr>\n<td>Dimension<\/td>\n<td>654*603*260mm ou personnaliser<\/td>\n<\/tr>\n<tr>\n<td>Couleurs<\/td>\n<td>Comme le montrent les images ou personnaliser<\/td>\n<\/tr>\n<tr>\n<td>Mat\u00e9riaux<\/td>\n<td>Aluminium, contreplaqu\u00e9, doublure EVA\/mousse\/tissu\/PU, quincaillerie<\/td>\n<\/tr>\n<tr>\n<td>Logo<\/td>\n<td>Logo plaque m\u00e9tallique, logo imprim\u00e9, logo en relief, logo laser<\/td>\n<\/tr>\n<tr>\n<td>Temps d&#039;\u00e9chantillonnage<\/td>\n<td>7 jours<\/td>\n<\/tr>\n<tr>\n<td>Port d&#039;embarquement<\/td>\n<td>Canton, Shenzhen<\/td>\n<\/tr>\n<tr>\n<td>Conditions commerciales<\/td>\n<td>EXW, FOB, CIF, DDU, DDP<\/td>\n<\/tr>\n<tr>\n<td>M\u00e9thodes de payement<\/td>\n<td>T\/T, esp\u00e8ces, PayPal, carte de cr\u00e9dit<\/td>\n<\/tr>\n<\/tbody>\n<\/table>\n<p><span style=\"color: #003366;\">Caract\u00e9ristiques:<\/span><\/p>\n<p>Les bo\u00eetiers robustes pour console de mixage live ATA sont con\u00e7us pour faire face aux dures r\u00e9alit\u00e9s de la vie en tourn\u00e9e ainsi qu&#039;au transport constant sur de courtes distances. Ceci est sp\u00e9cialement con\u00e7u pour la console de mixage PreSonus StudioLive CS18\/AI et comporte des poign\u00e9es \u00e0 ressort robustes pour un levage et un chargement s\u00e9curis\u00e9s. Les autres caract\u00e9ristiques comprennent un int\u00e9rieur enti\u00e8rement doubl\u00e9 de mousse, des loquets papillon encastr\u00e9s et des pieds en caoutchouc.<\/p>\n<p>\u2022 Coins sph\u00e9riques en acier robuste et poign\u00e9es \u00e0 ressort encastr\u00e9es.<br \/>\n\u2022 Construction en bois de 3\/8\u2033 d&#039;\u00e9paisseur<br \/>\n\u2022 Int\u00e9rieur enti\u00e8rement doubl\u00e9 de mousse<br \/>\n\u2022 Pieds en caoutchouc<br \/>\n\u2022 Garantie \u00e0 vie limit\u00e9e<\/p>\n<p>.<\/p>","protected":false},"excerpt":{"rendered":"<p>Mod\u00e8le : SC-FL0013<\/p>\n<p>Taille: 654*603*260mm<\/p>\n<p>Quantit\u00e9 minimale de commande : 100 pi\u00e8ces<\/p>\n<p>D\u00e9lai de livraison : 15-25 jours<\/p>\n<p>\u00c9chantillon\u00a0: Disponible<\/p>","protected":false},"featured_media":21741,"template":"","meta":{"_gspb_post_css":""},"product_cat":[93],"product_tag":[],"featured_image_urls":{"full":["https:\/\/suncasesupply.com\/wp-content\/uploads\/2023\/08\/3-5.png",1500,1500,false],"thumbnail":["https:\/\/suncasesupply.com\/wp-content\/uploads\/2023\/08\/3-5-150x150.png",150,150,true],"medium":["https:\/\/suncasesupply.com\/wp-content\/uploads\/2023\/08\/3-5-300x300.png",300,300,true],"medium_large":["https:\/\/suncasesupply.com\/wp-content\/uploads\/2023\/08\/3-5-768x768.png",768,768,true],"large":["https:\/\/suncasesupply.com\/wp-content\/uploads\/2023\/08\/3-5-1024x1024.png",1024,1024,true],"1536x1536":["https:\/\/suncasesupply.com\/wp-content\/uploads\/2023\/08\/3-5.png",1500,1500,false],"2048x2048":["https:\/\/suncasesupply.com\/wp-content\/uploads\/2023\/08\/3-5.png",1500,1500,false],"trp-custom-language-flag":["https:\/\/suncasesupply.com\/wp-content\/uploads\/2023\/08\/3-5.png",12,12,false],"woocommerce_thumbnail":["https:\/\/suncasesupply.com\/wp-content\/uploads\/2023\/08\/3-5-300x300.png",300,300,true],"woocommerce_single":["https:\/\/suncasesupply.com\/wp-content\/uploads\/2023\/08\/3-5-600x600.png",600,600,true],"woocommerce_gallery_thumbnail":["https:\/\/suncasesupply.com\/wp-content\/uploads\/2023\/08\/3-5-100x100.png",100,100,true]},"post_excerpt_stackable":"<p>Model : SC-FL0013<\/p>\n<p>Size: \u00a0654*603*260mm<\/p>\n<p>MOQ: 100pcs<\/p>\n<p>Delivery Time : 15-25 Days<\/p>\n<p>Sample : Available<\/p>\n","category_list":"","author_info":{"name":"","url":""},"comments_num":"0 commentaire","_links":{"self":[{"href":"https:\/\/suncasesupply.com\/fr\/wp-json\/wp\/v2\/product\/21735"}],"collection":[{"href":"https:\/\/suncasesupply.com\/fr\/wp-json\/wp\/v2\/product"}],"about":[{"href":"https:\/\/suncasesupply.com\/fr\/wp-json\/wp\/v2\/types\/product"}],"wp:featuredmedia":[{"embeddable":true,"href":"https:\/\/suncasesupply.com\/fr\/wp-json\/wp\/v2\/media\/21741"}],"wp:attachment":[{"href":"https:\/\/suncasesupply.com\/fr\/wp-json\/wp\/v2\/media?parent=21735"}],"wp:term":[{"taxonomy":"product_cat","embeddable":true,"href":"https:\/\/suncasesupply.com\/fr\/wp-json\/wp\/v2\/product_cat?post=21735"},{"taxonomy":"product_tag","embeddable":true,"href":"https:\/\/suncasesupply.com\/fr\/wp-json\/wp\/v2\/product_tag?post=21735"}],"curies":[{"name":"wp","href":"https:\/\/api.w.org\/{rel}","templated":true}]}}