{"id":21727,"date":"2023-08-29T13:36:44","date_gmt":"2023-08-29T05:36:44","guid":{"rendered":"https:\/\/suncasesupply.com\/?post_type=product&#038;p=21727"},"modified":"2025-10-28T18:00:39","modified_gmt":"2025-10-28T10:00:39","slug":"aluminum-turntable-case-custom-carrying-case-with-with-side-compartment","status":"publish","type":"product","link":"https:\/\/suncasesupply.com\/fr\/product\/aluminum-turntable-case-custom-carrying-case-with-with-side-compartment\/","title":{"rendered":"\u00c9tui DJ en aluminium pour platine Numark PT01 avec compartiment lat\u00e9ral personnalis\u00e9"},"content":{"rendered":"<h4><span style=\"color: #003366;\">Caract\u00e9ristiques:<\/span><\/h4>\n<ul>\n<li><strong><b>Stockage<\/b><\/strong>: La doublure inf\u00e9rieure de cet \u00e9tui Turatable est en mousse EVA moul\u00e9e haute densit\u00e9, le c\u00f4t\u00e9 gauche s&#039;adapte \u00e0 la machine Numark PT01 Turatable, le compartiment lat\u00e9ral droit convient pour ranger des mixeurs au format compact de 10 pouces, des \u00e9couteurs, des haut-parleurs Bluetooth, des aiguilles de rechange et d&#039;autres \u00e9l\u00e9ments essentiels portables.<\/li>\n<li><strong><b>Mat\u00e9riaux<\/b><\/strong>:Finition ext\u00e9rieure noire et int\u00e9rieur enti\u00e8rement doubl\u00e9 de mousse.<\/li>\n<li><strong><b>Personnalisation<\/b><\/strong>: La couleur, les mat\u00e9riaux, le logo de la marque, etc., peuvent tous \u00eatre personnalis\u00e9s en fonction des demandes des clients.<\/li>\n<\/ul>\n<h4><span style=\"color: #003366;\">D\u00e9tails du produit :<\/span><\/h4>\n<div style=\"display: flex; gap: 20px;\">\n<p><!-- \u7b2c\u4e00\u680f --><\/p>\n<div style=\"flex: 1; text-align: center;\">\n<p><img decoding=\"async\" style=\"max-width: 100%; height: auto; margin-bottom: 10px;\" src=\"https:\/\/suncasesupply.com\/wp-content\/uploads\/2025\/03\/1-Moulded-EVA.jpg\" alt=\"EVA moul\u00e9\" \/><\/p>\n<p><b><\/b><strong><b>EVA moul\u00e9<\/b><\/strong><\/p>\n<p style=\"margin: 0;\">Au bas de l&#039;\u00e9tui pivotant Numark PT01, il y a la mousse EVA moul\u00e9e personnalis\u00e9e, pour s&#039;adapter et fixer le Numark PT01.<\/p>\n<p>&nbsp;<\/p>\n<\/div>\n<p><!-- \u7b2c\u4e8c\u680f --><\/p>\n<div style=\"flex: 1; text-align: center;\">\n<p><img decoding=\"async\" style=\"max-width: 100%; height: auto; margin-bottom: 10px;\" src=\"https:\/\/suncasesupply.com\/wp-content\/uploads\/2025\/03\/2-Protective-Foam.jpg\" alt=\"Mousse protectrice\" \/><\/p>\n<p><b><\/b><strong><b>Mousse protectrice<\/b><\/strong><\/p>\n<p style=\"margin: 0;\">Le couvercle sup\u00e9rieur \u00e0 l&#039;int\u00e9rieur est en mousse d&#039;\u0153uf, il peut prot\u00e9ger les produits \u00e0 l&#039;int\u00e9rieur pendant le transport, en m\u00eame temps, il peut \u00e9galement fixer la machine \u00e0 l&#039;int\u00e9rieur pour la maintenir immobile.<\/p>\n<\/div>\n<p><!-- \u7b2c\u4e09\u680f --><\/p>\n<div style=\"flex: 1; text-align: center;\">\n<p><img decoding=\"async\" style=\"max-width: 100%; height: auto; margin-bottom: 10px;\" src=\"https:\/\/suncasesupply.com\/wp-content\/uploads\/2025\/03\/3-Locks-with-Key.jpg\" alt=\"Serrures \u00e0 cl\u00e9\" \/><\/p>\n<p><b><\/b><b><\/b><strong><b>Serrures \u00e0 cl\u00e9<\/b><\/strong><\/p>\n<p>Ce coffret pour platine vinyle est \u00e9quip\u00e9 de deux serrures s\u00e9curis\u00e9es et de deux cl\u00e9s. Il assure principalement la s\u00e9curit\u00e9.<\/p>\n<\/div>\n<p><!-- \u7b2c\u56db\u680f --><\/p>\n<div style=\"flex: 1; text-align: center;\">\n<p><img decoding=\"async\" style=\"max-width: 100%; height: auto; margin-bottom: 10px;\" src=\"https:\/\/suncasesupply.com\/wp-content\/uploads\/2025\/03\/4-Stacking.jpg\" alt=\"Empilage\" \/><\/p>\n<p><strong><b>Empilage<\/b><\/strong><\/p>\n<p style=\"margin: 0;\">Retournez le couvercle amovible du bo\u00eetier face vers le bas, le bas s&#039;empile tr\u00e8s bien et se fixe sur le dessus.<\/p>\n<\/div>\n<\/div>\n<h4><span style=\"color: #003366;\">Processus de fabrication :<\/span><\/h4>\n<p><img decoding=\"async\" style=\"max-width: 100%; height: auto; margin-bottom: 10px;\" src=\"https:\/\/suncasesupply.com\/wp-content\/uploads\/2025\/07\/Manufacturing-Process.png\" alt=\"Processus de fabrication de Suncase\" \/><\/p>\n<div style=\"display: flex; gap: 20px;\"><\/div>\n<div style=\"display: flex; gap: 20px;\">\n<div style=\"flex: 1; text-align: center;\">\n<p style=\"font-weight: bold; margin: 5px 0;\">\n<\/div>\n<\/div>\n<h4><span style=\"color: #003366;\">Informations utiles pour les acheteurs en gros\u00a0:<\/span><\/h4>\n<ul>\n<li class=\"page-title\" title=\"Qu\u2019est-ce qui rend les cartes de sport si pr\u00e9cieuses ?\">\n<p class=\"page-title\" title=\"6 raisons pour lesquelles vous devriez organiser votre espace avec une bo\u00eete de rangement en aluminium\"><a href=\"https:\/\/suncasesupply.com\/fr\/blog\/custom-aluminum-case\/6-reasons-to-use-aluminum-storage-box-today\/\">6 raisons pour lesquelles vous devriez organiser votre espace avec des bo\u00eetes de rangement en aluminium &gt;&gt;<\/a><\/p>\n<\/li>\n<li title=\"Qu\u2019est-ce qui rend les cartes de sport si pr\u00e9cieuses ?\">\n<p class=\"page-title\" title=\"Tout ce que vous devez savoir sur les bo\u00eetiers en aluminium\"><a href=\"https:\/\/suncasesupply.com\/fr\/blog\/all-you-need-to-know-about-aluminum-cases\/\">Tout ce que vous devez savoir sur les bo\u00eetiers en aluminium &gt;&gt;<\/a><\/p>\n<\/li>\n<li title=\"Qu\u2019est-ce qui rend les cartes de sport si pr\u00e9cieuses ?\">\n<p class=\"page-title\" title=\"Deux fa\u00e7ons de prot\u00e9ger votre \u00e9quipement DJ avec un \u00e9tui pour contr\u00f4leur DJ\"><a href=\"https:\/\/suncasesupply.com\/fr\/blog\/custom-aluminum-case\/two-ways-to-protect-your-dj-gear-with-a-dj-controller-case\/\">Deux fa\u00e7ons de prot\u00e9ger votre \u00e9quipement DJ avec un \u00e9tui pour contr\u00f4leur DJ &gt;&gt;<\/a><\/p>\n<\/li>\n<\/ul>","protected":false},"excerpt":{"rendered":"<p>Mod\u00e8le : BA-25002<\/p>\n<p>Dimensions : 24,75 po L x 16,50 po P x 5,75 po H<\/p>\n<p>Machine : Pour contenir Numark PT01<\/p>\n<p>Couleurs : Couleur argent<\/p>\n<p>Mat\u00e9riaux : contreplaqu\u00e9, aluminium K-Corner, panneau MDF, quincaillerie.<\/p>\n<p>Logo : Logo en s\u00e9rigraphie \/ Logo en plaque m\u00e9tallique<\/p>\n<p>Quantit\u00e9 minimale de commande : 100 pi\u00e8ces<\/p>\n<p>Conditions de paiement : T\/T, d\u00e9p\u00f4t + solde<\/p>","protected":false},"featured_media":21728,"template":"","meta":{"_gspb_post_css":""},"product_cat":[42,80],"product_tag":[],"featured_image_urls":{"full":["https:\/\/suncasesupply.com\/wp-content\/uploads\/2023\/08\/2-8.png",1500,1500,false],"thumbnail":["https:\/\/suncasesupply.com\/wp-content\/uploads\/2023\/08\/2-8-150x150.png",150,150,true],"medium":["https:\/\/suncasesupply.com\/wp-content\/uploads\/2023\/08\/2-8-300x300.png",300,300,true],"medium_large":["https:\/\/suncasesupply.com\/wp-content\/uploads\/2023\/08\/2-8-768x768.png",768,768,true],"large":["https:\/\/suncasesupply.com\/wp-content\/uploads\/2023\/08\/2-8-1024x1024.png",1024,1024,true],"1536x1536":["https:\/\/suncasesupply.com\/wp-content\/uploads\/2023\/08\/2-8.png",1500,1500,false],"2048x2048":["https:\/\/suncasesupply.com\/wp-content\/uploads\/2023\/08\/2-8.png",1500,1500,false],"trp-custom-language-flag":["https:\/\/suncasesupply.com\/wp-content\/uploads\/2023\/08\/2-8.png",12,12,false],"woocommerce_thumbnail":["https:\/\/suncasesupply.com\/wp-content\/uploads\/2023\/08\/2-8-300x300.png",300,300,true],"woocommerce_single":["https:\/\/suncasesupply.com\/wp-content\/uploads\/2023\/08\/2-8-600x600.png",600,600,true],"woocommerce_gallery_thumbnail":["https:\/\/suncasesupply.com\/wp-content\/uploads\/2023\/08\/2-8-100x100.png",100,100,true]},"post_excerpt_stackable":"<p>Model:BA-25002<\/p>\n<p>Size: 24.75&#8243; W x 16.50&#8243; D x 5.75&#8243; H<\/p>\n<p>Machine: To hold Numark PT01<\/p>\n<p>Colors: Silver color<\/p>\n<p>Materials: Plywood,\u00a0K-Corner Aluminum, MDF Board,Hardware.<\/p>\n<p>Logo: Silk Printing Logo \/ Metal Plate Logo<\/p>\n<p>MOQ: 100pcs<\/p>\n<p>Payment Terms: T\/T, Deposit+Balance<\/p>\n","category_list":"","author_info":{"name":"","url":""},"comments_num":"0 commentaire","_links":{"self":[{"href":"https:\/\/suncasesupply.com\/fr\/wp-json\/wp\/v2\/product\/21727"}],"collection":[{"href":"https:\/\/suncasesupply.com\/fr\/wp-json\/wp\/v2\/product"}],"about":[{"href":"https:\/\/suncasesupply.com\/fr\/wp-json\/wp\/v2\/types\/product"}],"wp:featuredmedia":[{"embeddable":true,"href":"https:\/\/suncasesupply.com\/fr\/wp-json\/wp\/v2\/media\/21728"}],"wp:attachment":[{"href":"https:\/\/suncasesupply.com\/fr\/wp-json\/wp\/v2\/media?parent=21727"}],"wp:term":[{"taxonomy":"product_cat","embeddable":true,"href":"https:\/\/suncasesupply.com\/fr\/wp-json\/wp\/v2\/product_cat?post=21727"},{"taxonomy":"product_tag","embeddable":true,"href":"https:\/\/suncasesupply.com\/fr\/wp-json\/wp\/v2\/product_tag?post=21727"}],"curies":[{"name":"wp","href":"https:\/\/api.w.org\/{rel}","templated":true}]}}