{"id":21718,"date":"2023-08-29T11:52:55","date_gmt":"2023-08-29T03:52:55","guid":{"rendered":"https:\/\/suncasesupply.com\/?post_type=product&#038;p=21718"},"modified":"2025-07-15T11:09:51","modified_gmt":"2025-07-15T03:09:51","slug":"wine-portable-aluminum-framed-wine-glass-carrying-case-with-custom-wine-glass-fit-foam-inserts","status":"publish","type":"product","link":"https:\/\/suncasesupply.com\/fr\/product\/wine-portable-aluminum-framed-wine-glass-carrying-case-with-custom-wine-glass-fit-foam-inserts\/","title":{"rendered":"Mallette de transport de verre \u00e0 vin encadr\u00e9e en aluminium portative de vin avec des insertions faites sur commande de mousse d&#039;ajustement de verre \u00e0 vin"},"content":{"rendered":"<h4><span style=\"color: #003366;\">Caract\u00e9ristiques:<\/span><\/h4>\n<ul>\n<li><strong><b>Durable:<\/b><\/strong>Cette caisse \u00e0 vin en aluminium est dot\u00e9e d&#039;un cadre en aluminium avec des coins en aluminium et des panneaux en m\u00e9lamine \u00e0 fort impact pour la maintenir r\u00e9sistante aux chocs.<\/li>\n<li><strong><b>Personnalisation<\/b><\/strong>Des inserts en mousse amovibles sur mesure permettent un ajustement parfait de deux verres \u00e0 vin, enferm\u00e9s dans la mousse en haut et en bas de l&#039;\u00e9tui, et emp\u00eachent les verres de bouger pendant le transport. Les inserts en mousse comprennent un espace pour un tire-bouchon. Livr\u00e9 avec serrure et cl\u00e9 pour s\u00e9curiser l&#039;\u00e9tui pendant le stockage ou le transport. Id\u00e9al \u00e9galement comme bo\u00eete ou porte-bouteilles pour deux bouteilles, pour un usage personnel ou professionnel.<\/li>\n<li><strong><b>Facile \u00e0 transporter<\/b><\/strong>: Cet \u00e9tui de voyage pour le vin est facile \u00e0 transporter et p\u00e8se moins de 1,9 kg. C&#039;est l&#039;\u00e9tui id\u00e9al pour vous accompagner au restaurant, lors de d\u00e9gustations ou de r\u00e9unions de famille autour d&#039;un bon vin. Que vous transportiez des bouteilles de vin dans un \u00e9tui ou simplement des verres, il assure protection et transportabilit\u00e9.<\/li>\n<\/ul>\n<h4><span style=\"color: #003366;\">D\u00e9tails du produit :<\/span><\/h4>\n<p><!-- \u7b2c\u4e00\u680f --><\/p>\n<div style=\"display: flex; gap: 20px;\">\n<div style=\"flex: 1; text-align: center;\">\n<p><img decoding=\"async\" style=\"max-width: 100%; height: auto; margin-bottom: 10px;\" src=\"https:\/\/suncasesupply.com\/wp-content\/uploads\/2025\/05\/1-Egg-Foam.jpg\" alt=\"Mousse d&#039;\u0153uf\" \/><\/p>\n<p style=\"font-weight: bold; margin: 5px 0;\"><strong><b>Mousse d&#039;\u0153uf<\/b><\/strong><\/p>\n<p style=\"margin: 0;\">L&#039;int\u00e9rieur du couvercle sup\u00e9rieur de la bo\u00eete de rangement pour verres \u00e0 vin est en mousse alv\u00e9ol\u00e9e, qui \u00e9pouse parfaitement les formes des verres une fois la bo\u00eete ferm\u00e9e. La hauteur et la densit\u00e9 de la mousse alv\u00e9ol\u00e9e sont personnalisables, ce qui permet de l&#039;adapter \u00e0 diff\u00e9rents types de bouteilles.<\/p>\n<\/div>\n<p><!-- \u7b2c\u4e8c\u680f --><\/p>\n<div style=\"flex: 1; text-align: center;\">\n<p><img decoding=\"async\" style=\"max-width: 100%; height: auto; margin-bottom: 10px;\" src=\"https:\/\/suncasesupply.com\/wp-content\/uploads\/2025\/05\/2-Custom-Mould-Foam.jpg\" alt=\"Mousse moul\u00e9e sur mesure\" \/><\/p>\n<p style=\"font-weight: bold; margin: 5px 0;\"><strong><b>Mousse moul\u00e9e sur mesure<\/b><\/strong><\/p>\n<p data-start=\"1318\" data-end=\"1662\">Les clients peuvent choisir le mat\u00e9riau et le design adapt\u00e9s \u00e0 la taille, au poids, \u00e0 la forme et \u00e0 l&#039;environnement d&#039;utilisation du produit pour fabriquer la mousse moul\u00e9e sur mesure. L&#039;int\u00e9rieur de cet \u00e9tui est fabriqu\u00e9 en mousse moul\u00e9e sur mesure, sp\u00e9cialement con\u00e7ue pour les verres \u00e0 vin, mais peut \u00e9galement \u00eatre adapt\u00e9 pour transporter un coffret de voyage pour champagne ou une bouteille de whisky.<\/p>\n<\/div>\n<p><!-- \u7b2c\u4e09\u680f --><\/p>\n<div style=\"flex: 1; text-align: center;\">\n<p><img decoding=\"async\" style=\"max-width: 100%; height: auto; margin-bottom: 10px;\" src=\"https:\/\/suncasesupply.com\/wp-content\/uploads\/2025\/05\/3-Strong-Panel.jpg\" alt=\"Panneau fort\" \/><\/p>\n<p style=\"font-weight: bold; margin: 5px 0;\"><strong><b>Panneau fort<\/b><\/strong><\/p>\n<p data-start=\"1689\" data-end=\"2022\">Les options de panneaux ext\u00e9rieurs pour les bo\u00eetes en aluminium comprennent g\u00e9n\u00e9ralement\u00a0: panneau ABS, panneau m\u00e9lamin\u00e9, panneau aluminium, panneau similicuir, etc. Cet \u00e9tui \u00e0 verres \u00e0 vin est fabriqu\u00e9 en panneau m\u00e9lamin\u00e9, doux au toucher, robuste et r\u00e9sistant aux chutes. Il est \u00e9galement id\u00e9al comme \u00e9tui \u00e0 champagne, notamment pour les \u00e9v\u00e9nements haut de gamme ou les c\u00e9l\u00e9brations.<\/p>\n<p style=\"margin: 0;\">.<\/p>\n<\/div>\n<p><!-- \u7b2c\u56db\u680f --><\/p>\n<div style=\"flex: 1; text-align: center;\">\n<p><img decoding=\"async\" style=\"max-width: 100%; height: auto; margin-bottom: 10px;\" src=\"https:\/\/suncasesupply.com\/wp-content\/uploads\/2025\/05\/4-Tool-Lock-with-key.jpg\" alt=\"Serrure \u00e0 outils avec cl\u00e9\" \/><\/p>\n<p style=\"font-weight: bold; margin: 5px 0;\"><strong><b>Serrure \u00e0 outils avec cl\u00e9<\/b><\/strong><\/p>\n<p style=\"margin: 0;\">Afin de prot\u00e9ger les produits contenus dans la bo\u00eete, nous associons la cl\u00e9 \u00e0 la serrure de chaque bo\u00eete. La serrure de cette bo\u00eete, compos\u00e9e de serrures \u00e0 outils, offre une excellente protection et une capacit\u00e9 de charge \u00e9lev\u00e9e, garantissant la s\u00e9curit\u00e9 de votre caisse de transport d&#039;alcool.<\/p>\n<\/div>\n<\/div>\n<div style=\"background-color: #29599a; padding: 40px 20px; text-align: center; color: #ffffff; border-radius: 10px; margin: 40px auto; max-width: 960px;\">\n<h2 style=\"font-size: 22px; margin-bottom: 20px; font-weight: bold;\"><span style=\"color: #ffffff;\">Commencez votre commande personnalis\u00e9e d\u00e8s aujourd&#039;hui \u2014 MOQ \u00e0 partir de 200, prix direct usine garanti\u00a0!<\/span><\/h2>\n<p><a style=\"display: inline-block; padding: 12px 28px; background-color: #ffffff; color: #29599a; text-decoration: none; border-radius: 6px; font-weight: bold;\" href=\"https:\/\/suncasesupply.com\/fr\/contact-us\/\" target=\"_blank\" rel=\"noopener\">Obtenir un devis<br \/>\n<\/a><\/p>\n<\/div>\n<h4><span style=\"color: #003366;\">Processus de fabrication :<\/span><\/h4>\n<p><img decoding=\"async\" style=\"max-width: 100%; height: auto; margin-bottom: 10px;\" src=\"https:\/\/suncasesupply.com\/wp-content\/uploads\/2025\/07\/Manufacturing-Process.png\" alt=\"Processus de fabrication de Suncase\" \/><\/p>\n<h4><span style=\"color: #003366;\">Informations utiles pour les acheteurs en gros\u00a0:<\/span><\/h4>\n<ul>\n<li class=\"page-title\" title=\"Qu\u2019est-ce qui rend les cartes de sport si pr\u00e9cieuses ?\">\n<p class=\"page-title\" title=\"Quelle est la taille du bo\u00eetier du disque vinyle ?\"><a href=\"https:\/\/suncasesupply.com\/fr\/blog\/custom-aluminum-case\/types-of-materials-used-in-tool-cases\/\">\u00c0 la d\u00e9couverte des bo\u00eetes \u00e0 outils en aluminium et d&#039;autres types de mat\u00e9riaux &gt;&gt;<\/a><\/p>\n<\/li>\n<li title=\"Qu\u2019est-ce qui rend les cartes de sport si pr\u00e9cieuses ?\"><a href=\"https:\/\/suncasesupply.com\/fr\/blog\/reason-to-have-aluminum-tool-case\/\">Pourquoi avez-vous besoin d&#039;une mallette \u00e0 outils en aluminium ? &gt;&gt;<\/a><\/li>\n<\/ul>\n<p>Que vous ayez besoin d&#039;un <strong data-start=\"2725\" data-end=\"2752\">porte-bouteilles de vin pour deux bouteilles<\/strong>, un <strong data-start=\"2756\" data-end=\"2788\">\u00e9tui de transport pour bouteille de whisky<\/strong>, ou un <strong data-start=\"2795\" data-end=\"2818\">coffret de deux bouteilles de vin<\/strong>Sun Case vous propose des options personnalisables de haute qualit\u00e9.<\/p>\n<p><a href=\"https:\/\/suncasesupply.com\/fr\/contact-us\/\">Demandez un devis maintenant !! &gt;&gt;<\/a><\/p>","protected":false},"excerpt":{"rendered":"<p>Mod\u00e8le : Z47<\/p>\n<p>Taille: 25,4 x 28 x 14 cm<\/p>\n<p>Couleurs : Couleur argent<\/p>\n<p>Mat\u00e9riaux : Cadre en aluminium, panneau en m\u00e9lamine, panneau MDF, quincaillerie.<\/p>\n<p>Logo : Logo en plaque m\u00e9tallique\/s\u00e9rigraphie<\/p>\n<p>Quantit\u00e9 minimale de commande : 200 pi\u00e8ces<\/p>\n<p>\u00c9chantillon : Disponible, d\u00e9lai d&#039;\u00e9chantillonnage d&#039;environ 7 jours.<\/p>\n<p>D\u00e9lai de livraison : environ 15 jours<\/p>","protected":false},"featured_media":21720,"template":"","meta":{"_gspb_post_css":""},"product_cat":[80],"product_tag":[],"featured_image_urls":{"full":["https:\/\/suncasesupply.com\/wp-content\/uploads\/2023\/08\/1-64.jpg",1548,1549,false],"thumbnail":["https:\/\/suncasesupply.com\/wp-content\/uploads\/2023\/08\/1-64-150x150.jpg",150,150,true],"medium":["https:\/\/suncasesupply.com\/wp-content\/uploads\/2023\/08\/1-64-300x300.jpg",300,300,true],"medium_large":["https:\/\/suncasesupply.com\/wp-content\/uploads\/2023\/08\/1-64-768x768.jpg",768,768,true],"large":["https:\/\/suncasesupply.com\/wp-content\/uploads\/2023\/08\/1-64-1024x1024.jpg",1024,1024,true],"1536x1536":["https:\/\/suncasesupply.com\/wp-content\/uploads\/2023\/08\/1-64-1536x1536.jpg",1536,1536,true],"2048x2048":["https:\/\/suncasesupply.com\/wp-content\/uploads\/2023\/08\/1-64.jpg",1548,1549,false],"trp-custom-language-flag":["https:\/\/suncasesupply.com\/wp-content\/uploads\/2023\/08\/1-64.jpg",12,12,false],"woocommerce_thumbnail":["https:\/\/suncasesupply.com\/wp-content\/uploads\/2023\/08\/1-64-300x300.jpg",300,300,true],"woocommerce_single":["https:\/\/suncasesupply.com\/wp-content\/uploads\/2023\/08\/1-64-600x600.jpg",600,600,true],"woocommerce_gallery_thumbnail":["https:\/\/suncasesupply.com\/wp-content\/uploads\/2023\/08\/1-64-100x100.jpg",100,100,true]},"post_excerpt_stackable":"<p>Model:Z47<\/p>\n<p>Size: 25.4 x 28 x 14 cm<\/p>\n<p>Colors:\u00a0Silver color<\/p>\n<p>Materials: Aluminum\u00a0frame,\u00a0Melamine Panel,\u00a0MDF Board, Hardware.<\/p>\n<p>Logo: Metal Plate\/Silk Printing logo<\/p>\n<p>MOQ: 200pcs<\/p>\n<p>Sample: Available, sample time about 7 days.<\/p>\n<p>Deliver Time: About 15 days<\/p>\n","category_list":"","author_info":{"name":"","url":""},"comments_num":"0 commentaire","_links":{"self":[{"href":"https:\/\/suncasesupply.com\/fr\/wp-json\/wp\/v2\/product\/21718"}],"collection":[{"href":"https:\/\/suncasesupply.com\/fr\/wp-json\/wp\/v2\/product"}],"about":[{"href":"https:\/\/suncasesupply.com\/fr\/wp-json\/wp\/v2\/types\/product"}],"wp:featuredmedia":[{"embeddable":true,"href":"https:\/\/suncasesupply.com\/fr\/wp-json\/wp\/v2\/media\/21720"}],"wp:attachment":[{"href":"https:\/\/suncasesupply.com\/fr\/wp-json\/wp\/v2\/media?parent=21718"}],"wp:term":[{"taxonomy":"product_cat","embeddable":true,"href":"https:\/\/suncasesupply.com\/fr\/wp-json\/wp\/v2\/product_cat?post=21718"},{"taxonomy":"product_tag","embeddable":true,"href":"https:\/\/suncasesupply.com\/fr\/wp-json\/wp\/v2\/product_tag?post=21718"}],"curies":[{"name":"wp","href":"https:\/\/api.w.org\/{rel}","templated":true}]}}