{"id":21687,"date":"2023-08-29T11:13:17","date_gmt":"2023-08-29T03:13:17","guid":{"rendered":"https:\/\/suncasesupply.com\/?post_type=product&#038;p=21687"},"modified":"2025-02-20T09:37:40","modified_gmt":"2025-02-20T01:37:40","slug":"aluminum-case-with-compartment-for-mixer","status":"publish","type":"product","link":"https:\/\/suncasesupply.com\/fr\/product\/aluminum-case-with-compartment-for-mixer\/","title":{"rendered":"Bo\u00eetier en aluminium avec compartiment pour bo\u00eetier de platine de vol de mixage"},"content":{"rendered":"<p>&nbsp;<\/p>\n<table width=\"774\">\n<tbody>\n<tr>\n<td width=\"177\">Article<\/td>\n<td width=\"597\">Bo\u00eetier en aluminium<\/td>\n<\/tr>\n<tr>\n<td>Dimension<\/td>\n<td>628*420*146mm ou personnaliser<\/td>\n<\/tr>\n<tr>\n<td>Couleurs<\/td>\n<td>Comme le montrent les images ou personnaliser<\/td>\n<\/tr>\n<tr>\n<td>Mat\u00e9riaux<\/td>\n<td>Aluminium, contreplaqu\u00e9, doublure EVA\/mousse\/tissu\/PU, quincaillerie<\/td>\n<\/tr>\n<tr>\n<td>Logo<\/td>\n<td>Logo plaque m\u00e9tallique, logo imprim\u00e9, logo en relief, logo laser<\/td>\n<\/tr>\n<tr>\n<td>Temps d&#039;\u00e9chantillonnage<\/td>\n<td>7 jours<\/td>\n<\/tr>\n<tr>\n<td>Port d&#039;embarquement<\/td>\n<td>Canton, Shenzhen<\/td>\n<\/tr>\n<tr>\n<td>Conditions commerciales<\/td>\n<td>EXW, FOB, CIF, DDU, DDP<\/td>\n<\/tr>\n<tr>\n<td>M\u00e9thodes de payement<\/td>\n<td>T\/T, esp\u00e8ces, PayPal, carte de cr\u00e9dit<\/td>\n<\/tr>\n<\/tbody>\n<\/table>\n<p><span style=\"color: #003366;\">Caract\u00e9ristiques:<\/span><\/p>\n<p>Cet \u00e9tui comprend un int\u00e9rieur enti\u00e8rement doubl\u00e9 de mousse avec un compartiment inf\u00e9rieur de rangement pour disques vinyles de 7 pouces et un compartiment lat\u00e9ral parfait pour les m\u00e9langeurs compacts au format 10 pouces, les \u00e9couteurs, les haut-parleurs Bluetooth, les aiguilles de rechange et les faders de scratch, ainsi que d&#039;autres \u00e9l\u00e9ments essentiels du portable. La mousse int\u00e9rieure de protection en forme d&#039;\u0153uf de l&#039;\u00e9tui vous permet de transporter et de ranger le PT01 Scratch \u00e0 l&#039;int\u00e9rieur sans sa housse, mais si vous pr\u00e9f\u00e9rez le garder, retirez simplement la mousse d&#039;\u0153uf et il s&#039;adaptera parfaitement au coussin prot\u00e9g\u00e9 par la doublure en mousse souple. int\u00e9rieur du bo\u00eetier. Pour une configuration classique du plateau tournant et du bo\u00eetier, retournez le couvercle du bo\u00eetier amovible face vers le bas et le bas s&#039;empile tr\u00e8s bien et fixez-le sur le dessus. L&#039;ext\u00e9rieur robuste comprend une poign\u00e9e souple et des loquets verrouillables par cl\u00e9.<\/p>\n<p>\u2013 Finition ext\u00e9rieure noire<br \/>\n\u2013 Int\u00e9rieur enti\u00e8rement doubl\u00e9 de mousse<br \/>\n\u2013 Peut contenir le Numark PT01 Scratch avec ou sans sa housse<br \/>\n\u2013 Le compartiment inf\u00e9rieur contient des enregistrements de 7\u2033<br \/>\n\u2013 Loquets verrouillables \u00e0 cl\u00e9<br \/>\n\u2013 Couvercle amovible<br \/>\n- Poign\u00e9e souple de style porte-documents et pieds en caoutchouc<br \/>\n\u2013 Dimensions int\u00e9rieures du compartiment lat\u00e9ral : 9,25\u2033 x 14,25\u2033 avec un fond de 3,25\u2033H + un couvercle de 1,75\u2033H<\/p>\n<p>.<\/p>","protected":false},"excerpt":{"rendered":"<p>Mod\u00e8le : SC-FL0009<\/p>\n<p>Taille: 628*420*146mm<\/p>\n<p>Quantit\u00e9 minimale de commande : 100 pi\u00e8ces<\/p>\n<p>D\u00e9lai de livraison : 15-25 jours<\/p>\n<p>\u00c9chantillon\u00a0: Disponible<\/p>","protected":false},"featured_media":21689,"template":"","meta":{"_gspb_post_css":""},"product_cat":[80],"product_tag":[],"featured_image_urls":{"full":["https:\/\/suncasesupply.com\/wp-content\/uploads\/2023\/08\/1-5.png",1500,1500,false],"thumbnail":["https:\/\/suncasesupply.com\/wp-content\/uploads\/2023\/08\/1-5-150x150.png",150,150,true],"medium":["https:\/\/suncasesupply.com\/wp-content\/uploads\/2023\/08\/1-5-300x300.png",300,300,true],"medium_large":["https:\/\/suncasesupply.com\/wp-content\/uploads\/2023\/08\/1-5-768x768.png",768,768,true],"large":["https:\/\/suncasesupply.com\/wp-content\/uploads\/2023\/08\/1-5-1024x1024.png",1024,1024,true],"1536x1536":["https:\/\/suncasesupply.com\/wp-content\/uploads\/2023\/08\/1-5.png",1500,1500,false],"2048x2048":["https:\/\/suncasesupply.com\/wp-content\/uploads\/2023\/08\/1-5.png",1500,1500,false],"trp-custom-language-flag":["https:\/\/suncasesupply.com\/wp-content\/uploads\/2023\/08\/1-5.png",12,12,false],"woocommerce_thumbnail":["https:\/\/suncasesupply.com\/wp-content\/uploads\/2023\/08\/1-5-300x300.png",300,300,true],"woocommerce_single":["https:\/\/suncasesupply.com\/wp-content\/uploads\/2023\/08\/1-5-600x600.png",600,600,true],"woocommerce_gallery_thumbnail":["https:\/\/suncasesupply.com\/wp-content\/uploads\/2023\/08\/1-5-100x100.png",100,100,true]},"post_excerpt_stackable":"<p>Model : SC-FL0009<\/p>\n<p>Size: \u00a0628*420*146mm<\/p>\n<p>MOQ: 100pcs<\/p>\n<p>Delivery Time : 15-25 Days<\/p>\n<p>Sample : Available<\/p>\n","category_list":"","author_info":{"name":"","url":""},"comments_num":"0 commentaire","_links":{"self":[{"href":"https:\/\/suncasesupply.com\/fr\/wp-json\/wp\/v2\/product\/21687"}],"collection":[{"href":"https:\/\/suncasesupply.com\/fr\/wp-json\/wp\/v2\/product"}],"about":[{"href":"https:\/\/suncasesupply.com\/fr\/wp-json\/wp\/v2\/types\/product"}],"wp:featuredmedia":[{"embeddable":true,"href":"https:\/\/suncasesupply.com\/fr\/wp-json\/wp\/v2\/media\/21689"}],"wp:attachment":[{"href":"https:\/\/suncasesupply.com\/fr\/wp-json\/wp\/v2\/media?parent=21687"}],"wp:term":[{"taxonomy":"product_cat","embeddable":true,"href":"https:\/\/suncasesupply.com\/fr\/wp-json\/wp\/v2\/product_cat?post=21687"},{"taxonomy":"product_tag","embeddable":true,"href":"https:\/\/suncasesupply.com\/fr\/wp-json\/wp\/v2\/product_tag?post=21687"}],"curies":[{"name":"wp","href":"https:\/\/api.w.org\/{rel}","templated":true}]}}