{"id":21630,"date":"2023-08-29T10:04:09","date_gmt":"2023-08-29T02:04:09","guid":{"rendered":"https:\/\/suncasesupply.com\/?post_type=product&#038;p=21630"},"modified":"2025-02-26T11:47:02","modified_gmt":"2025-02-26T03:47:02","slug":"aluminum-turntable-case-universal-1200-style-dj-turntable-ata-case-fitting-pioneer-technics-or-similar-size-turntables","status":"publish","type":"product","link":"https:\/\/suncasesupply.com\/fr\/product\/aluminum-turntable-case-universal-1200-style-dj-turntable-ata-case-fitting-pioneer-technics-or-similar-size-turntables\/","title":{"rendered":"Bo\u00eetier de platine vinyle universel en aluminium, style 1200, pour DJ, ATA, adapt\u00e9 aux platines Pioneer, Technics ou de taille similaire"},"content":{"rendered":"<p>&nbsp;<\/p>\n<table width=\"774\">\n<tbody>\n<tr>\n<td width=\"177\">Article<\/td>\n<td width=\"597\">\u00c9tui pour platine vinyle<\/td>\n<\/tr>\n<tr>\n<td>Dimension<\/td>\n<td>Personnaliser<\/td>\n<\/tr>\n<tr>\n<td>Couleurs<\/td>\n<td>Comme le montrent les images ou personnaliser<\/td>\n<\/tr>\n<tr>\n<td>Mat\u00e9riaux<\/td>\n<td>Aluminium, panneau ABS, panneau MDF, doublure EVA\/mousse\/tissu\/PU, quincaillerie<\/td>\n<\/tr>\n<tr>\n<td>Logo<\/td>\n<td>Logo plaque m\u00e9tallique, logo imprim\u00e9, logo en relief, logo laser<\/td>\n<\/tr>\n<tr>\n<td>Temps d&#039;\u00e9chantillonnage<\/td>\n<td>7 jours<\/td>\n<\/tr>\n<tr>\n<td>Port d&#039;embarquement<\/td>\n<td>Canton, Shenzhen<\/td>\n<\/tr>\n<tr>\n<td>Conditions commerciales<\/td>\n<td>EXW, FOB, CIF, DDU, DDP<\/td>\n<\/tr>\n<tr>\n<td>M\u00e9thodes de payement<\/td>\n<td>T\/T, esp\u00e8ces, PayPal, carte de cr\u00e9dit<\/td>\n<\/tr>\n<\/tbody>\n<\/table>\n<p><span style=\"color: #003366;\">Caract\u00e9ristiques:<\/span><\/p>\n<p>Krom et design ext\u00e9rieur noir<br \/>\nCouvercle amovible<br \/>\nQuincaillerie chrom\u00e9e<br \/>\nInt\u00e9rieur doubl\u00e9 de mousse<br \/>\nPieds en caoutchouc<\/p>\n<p>Prot\u00e9gez vos platines de tout accident et il est id\u00e9al pour le stockage et le transport. La structure solide prot\u00e9gera votre platine vinyle pr\u00e9f\u00e9r\u00e9e de tout coup, tandis que son int\u00e9rieur rembourr\u00e9 \u00e9vitera les rayures lors de son transport n&#039;importe o\u00f9.<\/p>\n<p>Mod\u00e8les compatibles\u00a0:<br \/>\n-Techniques 1200<br \/>\n-Audio Technica LP120<br \/>\n-Pionnier PXL 1000<\/p>\n<p>Dimensions:<br \/>\n*Longueur 45 cm<br \/>\n*Largeur 45 cm<br \/>\n*Hauteur 20 cm<\/p>","protected":false},"excerpt":{"rendered":"<p>Mod\u00e8le : Z45<\/p>\n<p>Taille: 45x45x20 cm<\/p>\n<p>Quantit\u00e9 minimale de commande : 100 pi\u00e8ces<\/p>\n<p>D\u00e9lai de livraison : 15-25 jours<\/p>\n<p>\u00c9chantillon\u00a0: Disponible<\/p>","protected":false},"featured_media":21658,"template":"","meta":{"_gspb_post_css":""},"product_cat":[93],"product_tag":[],"featured_image_urls":{"full":["https:\/\/suncasesupply.com\/wp-content\/uploads\/2023\/08\/D_NQ_NP_2X_634090-MLM69946781293_062023-F.jpg",1198,1198,false],"thumbnail":["https:\/\/suncasesupply.com\/wp-content\/uploads\/2023\/08\/D_NQ_NP_2X_634090-MLM69946781293_062023-F-150x150.jpg",150,150,true],"medium":["https:\/\/suncasesupply.com\/wp-content\/uploads\/2023\/08\/D_NQ_NP_2X_634090-MLM69946781293_062023-F-300x300.jpg",300,300,true],"medium_large":["https:\/\/suncasesupply.com\/wp-content\/uploads\/2023\/08\/D_NQ_NP_2X_634090-MLM69946781293_062023-F-768x768.jpg",768,768,true],"large":["https:\/\/suncasesupply.com\/wp-content\/uploads\/2023\/08\/D_NQ_NP_2X_634090-MLM69946781293_062023-F-1024x1024.jpg",1024,1024,true],"1536x1536":["https:\/\/suncasesupply.com\/wp-content\/uploads\/2023\/08\/D_NQ_NP_2X_634090-MLM69946781293_062023-F.jpg",1198,1198,false],"2048x2048":["https:\/\/suncasesupply.com\/wp-content\/uploads\/2023\/08\/D_NQ_NP_2X_634090-MLM69946781293_062023-F.jpg",1198,1198,false],"trp-custom-language-flag":["https:\/\/suncasesupply.com\/wp-content\/uploads\/2023\/08\/D_NQ_NP_2X_634090-MLM69946781293_062023-F.jpg",12,12,false],"woocommerce_thumbnail":["https:\/\/suncasesupply.com\/wp-content\/uploads\/2023\/08\/D_NQ_NP_2X_634090-MLM69946781293_062023-F-300x300.jpg",300,300,true],"woocommerce_single":["https:\/\/suncasesupply.com\/wp-content\/uploads\/2023\/08\/D_NQ_NP_2X_634090-MLM69946781293_062023-F-600x600.jpg",600,600,true],"woocommerce_gallery_thumbnail":["https:\/\/suncasesupply.com\/wp-content\/uploads\/2023\/08\/D_NQ_NP_2X_634090-MLM69946781293_062023-F-100x100.jpg",100,100,true]},"post_excerpt_stackable":"<p>Model : Z45<\/p>\n<p>Size:\u00a0 45 x 45 x 20 cm<\/p>\n<p>MOQ: 100pcs<\/p>\n<p>Delivery Time : 15-25 Days<\/p>\n<p>Sample : Available<\/p>\n","category_list":"","author_info":{"name":"","url":""},"comments_num":"0 commentaire","_links":{"self":[{"href":"https:\/\/suncasesupply.com\/fr\/wp-json\/wp\/v2\/product\/21630"}],"collection":[{"href":"https:\/\/suncasesupply.com\/fr\/wp-json\/wp\/v2\/product"}],"about":[{"href":"https:\/\/suncasesupply.com\/fr\/wp-json\/wp\/v2\/types\/product"}],"wp:featuredmedia":[{"embeddable":true,"href":"https:\/\/suncasesupply.com\/fr\/wp-json\/wp\/v2\/media\/21658"}],"wp:attachment":[{"href":"https:\/\/suncasesupply.com\/fr\/wp-json\/wp\/v2\/media?parent=21630"}],"wp:term":[{"taxonomy":"product_cat","embeddable":true,"href":"https:\/\/suncasesupply.com\/fr\/wp-json\/wp\/v2\/product_cat?post=21630"},{"taxonomy":"product_tag","embeddable":true,"href":"https:\/\/suncasesupply.com\/fr\/wp-json\/wp\/v2\/product_tag?post=21630"}],"curies":[{"name":"wp","href":"https:\/\/api.w.org\/{rel}","templated":true}]}}