{"id":21612,"date":"2023-08-29T09:59:42","date_gmt":"2023-08-29T01:59:42","guid":{"rendered":"https:\/\/suncasesupply.com\/?post_type=product&#038;p=21612"},"modified":"2025-02-26T11:35:13","modified_gmt":"2025-02-26T03:35:13","slug":"utility-trunk-touring-flight-case-with-organizing-dividers","status":"publish","type":"product","link":"https:\/\/suncasesupply.com\/fr\/product\/utility-trunk-touring-flight-case-with-organizing-dividers\/","title":{"rendered":"Flight case de tourisme utilitaire avec s\u00e9parateurs d&#039;organisation"},"content":{"rendered":"<p>&nbsp;<\/p>\n<table width=\"774\">\n<tbody>\n<tr>\n<td width=\"177\">Article<\/td>\n<td width=\"597\">Flight-case<\/td>\n<\/tr>\n<tr>\n<td>Dimension<\/td>\n<td>1118 x 813 x 686 mm ou personnaliser<\/td>\n<\/tr>\n<tr>\n<td>Couleurs<\/td>\n<td>Comme le montrent les images ou personnaliser<\/td>\n<\/tr>\n<tr>\n<td>Mat\u00e9riaux<\/td>\n<td>Aluminium, contreplaqu\u00e9, doublure EVA\/mousse\/tissu\/PU, quincaillerie<\/td>\n<\/tr>\n<tr>\n<td>Logo<\/td>\n<td>Logo plaque m\u00e9tallique, logo imprim\u00e9, logo en relief, logo laser<\/td>\n<\/tr>\n<tr>\n<td>Temps d&#039;\u00e9chantillonnage<\/td>\n<td>7 jours<\/td>\n<\/tr>\n<tr>\n<td>Port d&#039;embarquement<\/td>\n<td>Canton, Shenzhen<\/td>\n<\/tr>\n<tr>\n<td>Conditions commerciales<\/td>\n<td>EXW, FOB, CIF, DDU, DDP<\/td>\n<\/tr>\n<tr>\n<td>M\u00e9thodes de payement<\/td>\n<td>T\/T, esp\u00e8ces, PayPal, carte de cr\u00e9dit<\/td>\n<\/tr>\n<\/tbody>\n<\/table>\n<p><span style=\"color: #003366;\">Caract\u00e9ristiques:<\/span><\/p>\n<p>Gardez tous vos \u00e9quipements essentiels en s\u00e9curit\u00e9 pendant le transport et organis\u00e9s pour d\u00e9marrer avec nos valises utilitaires. Ce mod\u00e8le peut contenir du mat\u00e9riel jusqu&#039;\u00e0 41,5\u2033 de large x 20\u2033 de haut (le couvercle mesure 3\u2033 de haut) x 19,5\u2033 de profondeur. Il est \u00e9quip\u00e9 de 2 s\u00e9parateurs amovibles et comprend des roulettes robustes de 4\u2033, dont deux avec freins Super Stop et des plaques d&#039;empilage de roulettes.<\/p>\n<p>Caract\u00e9ristiques et sp\u00e9cifications<\/p>\n<p>\u2022 Deux s\u00e9parateurs int\u00e9rieurs amovibles<br \/>\n\u2022 Int\u00e9rieur doubl\u00e9 de mousse<br \/>\n\u2022 Couvercle \u00e0 charni\u00e8re piano<br \/>\n\u2022 Loquets et poign\u00e9es encastr\u00e9s<br \/>\n\u2022 41,5\u2033L x 20\u2033H (y compris le couvercle de 3\u2033H) x 19,5\u2033P Int\u00e9rieur<br \/>\n\u2022 Dimensions du camion<br \/>\n\u2022 Coins boule robustes<br \/>\n\u2022 Roulettes robustes de 4\u2033, 2 avec freins *Assemblage de roulettes requis*<br \/>\n\u2022 Plaques d&#039;empilage de roulettes<\/p>\n<p>.<\/p>","protected":false},"excerpt":{"rendered":"<p>Mod\u00e8le : SC-FL0008<\/p>\n<p>Taille : 1118 x 813 x 686 mm<\/p>\n<p>Quantit\u00e9 minimale de commande : 5 pi\u00e8ces<\/p>\n<p>D\u00e9lai de livraison : 15-25 jours<\/p>\n<p>\u00c9chantillon\u00a0: Disponible<\/p>","protected":false},"featured_media":21620,"template":"","meta":{"_gspb_post_css":""},"product_cat":[91],"product_tag":[],"featured_image_urls":{"full":["https:\/\/suncasesupply.com\/wp-content\/uploads\/2023\/08\/5-1.png",1500,1500,false],"thumbnail":["https:\/\/suncasesupply.com\/wp-content\/uploads\/2023\/08\/5-1-150x150.png",150,150,true],"medium":["https:\/\/suncasesupply.com\/wp-content\/uploads\/2023\/08\/5-1-300x300.png",300,300,true],"medium_large":["https:\/\/suncasesupply.com\/wp-content\/uploads\/2023\/08\/5-1-768x768.png",768,768,true],"large":["https:\/\/suncasesupply.com\/wp-content\/uploads\/2023\/08\/5-1-1024x1024.png",1024,1024,true],"1536x1536":["https:\/\/suncasesupply.com\/wp-content\/uploads\/2023\/08\/5-1.png",1500,1500,false],"2048x2048":["https:\/\/suncasesupply.com\/wp-content\/uploads\/2023\/08\/5-1.png",1500,1500,false],"trp-custom-language-flag":["https:\/\/suncasesupply.com\/wp-content\/uploads\/2023\/08\/5-1.png",12,12,false],"woocommerce_thumbnail":["https:\/\/suncasesupply.com\/wp-content\/uploads\/2023\/08\/5-1-300x300.png",300,300,true],"woocommerce_single":["https:\/\/suncasesupply.com\/wp-content\/uploads\/2023\/08\/5-1-600x600.png",600,600,true],"woocommerce_gallery_thumbnail":["https:\/\/suncasesupply.com\/wp-content\/uploads\/2023\/08\/5-1-100x100.png",100,100,true]},"post_excerpt_stackable":"<p>Model : SC-FL0008<\/p>\n<p>Size: \u00a01118 x 813 x 686mm<\/p>\n<p>MOQ: 5pcs<\/p>\n<p>Delivery Time : 15-25 Days<\/p>\n<p>Sample : Available<\/p>\n","category_list":"","author_info":{"name":"","url":""},"comments_num":"0 commentaire","_links":{"self":[{"href":"https:\/\/suncasesupply.com\/fr\/wp-json\/wp\/v2\/product\/21612"}],"collection":[{"href":"https:\/\/suncasesupply.com\/fr\/wp-json\/wp\/v2\/product"}],"about":[{"href":"https:\/\/suncasesupply.com\/fr\/wp-json\/wp\/v2\/types\/product"}],"wp:featuredmedia":[{"embeddable":true,"href":"https:\/\/suncasesupply.com\/fr\/wp-json\/wp\/v2\/media\/21620"}],"wp:attachment":[{"href":"https:\/\/suncasesupply.com\/fr\/wp-json\/wp\/v2\/media?parent=21612"}],"wp:term":[{"taxonomy":"product_cat","embeddable":true,"href":"https:\/\/suncasesupply.com\/fr\/wp-json\/wp\/v2\/product_cat?post=21612"},{"taxonomy":"product_tag","embeddable":true,"href":"https:\/\/suncasesupply.com\/fr\/wp-json\/wp\/v2\/product_tag?post=21612"}],"curies":[{"name":"wp","href":"https:\/\/api.w.org\/{rel}","templated":true}]}}