{"id":21569,"date":"2023-08-29T09:43:19","date_gmt":"2023-08-29T01:43:19","guid":{"rendered":"https:\/\/suncasesupply.com\/?post_type=product&#038;p=21569"},"modified":"2025-02-20T09:38:20","modified_gmt":"2025-02-20T01:38:20","slug":"guitar-multi-effect-pedal-case-with-foam-velcro-custom-sturdy-locking-aluminum-case-with-removable-lid","status":"publish","type":"product","link":"https:\/\/suncasesupply.com\/fr\/product\/guitar-multi-effect-pedal-case-with-foam-velcro-custom-sturdy-locking-aluminum-case-with-removable-lid\/","title":{"rendered":"\u00c9tui \u00e0 p\u00e9dales multi-effets pour guitare, avec mousse et Velcro, bo\u00eetier en aluminium robuste \u00e0 verrouillage personnalis\u00e9 avec couvercle amovible"},"content":{"rendered":"<p>&nbsp;<\/p>\n<table width=\"774\">\n<tbody>\n<tr>\n<td width=\"177\">Article<\/td>\n<td width=\"597\">\u00c9tui \u00e0 p\u00e9dale<\/td>\n<\/tr>\n<tr>\n<td>Dimension<\/td>\n<td>70 x 29,5 x 10,7 cm ou Personnaliser<\/td>\n<\/tr>\n<tr>\n<td>Couleurs<\/td>\n<td>Comme le montrent les images ou personnaliser<\/td>\n<\/tr>\n<tr>\n<td>Mat\u00e9riaux<\/td>\n<td>Aluminium, panneau ABS, panneau MDF, doublure EVA\/mousse\/tissu\/PU, quincaillerie<\/td>\n<\/tr>\n<tr>\n<td>Logo<\/td>\n<td>Logo plaque m\u00e9tallique, logo imprim\u00e9, logo en relief, logo laser<\/td>\n<\/tr>\n<tr>\n<td>Temps d&#039;\u00e9chantillonnage<\/td>\n<td>7 jours<\/td>\n<\/tr>\n<tr>\n<td>Port d&#039;embarquement<\/td>\n<td>Canton, Shenzhen<\/td>\n<\/tr>\n<tr>\n<td>Conditions commerciales<\/td>\n<td>EXW, FOB, CIF, DDU, DDP<\/td>\n<\/tr>\n<tr>\n<td>M\u00e9thodes de payement<\/td>\n<td>T\/T, esp\u00e8ces, PayPal, carte de cr\u00e9dit<\/td>\n<\/tr>\n<\/tbody>\n<\/table>\n<p><span style=\"color: #003366;\">Caract\u00e9ristiques:<\/span><\/p>\n<p>Les bords renforc\u00e9s en aluminium sont suffisamment robustes pour un transport fr\u00e9quent, le panneau ignifuge haute densit\u00e9 amortit consid\u00e9rablement les impacts.<\/p>\n<p>Les loquets de verrouillage chrom\u00e9s r\u00e9sistent \u00e0 l&#039;\u00e9preuve de durabilit\u00e9 et de s\u00e9curit\u00e9.<\/p>\n<p>Le bo\u00eetier anti-feu de 8,1 lb est super l\u00e9ger, facilite son d\u00e9placement et offre une protection ultime sans ajouter de poids excessif pour emporter des appareils \u00e9lectroniques pour les concerts ou les voyages.<\/p>","protected":false},"excerpt":{"rendered":"<p>Mod\u00e8le : Z44<\/p>\n<p>Dimensions : 70 x 29,5 x 10,7 cm<\/p>\n<p>Quantit\u00e9 minimale de commande : 100 pi\u00e8ces<\/p>\n<p>D\u00e9lai de livraison : 15-25 jours<\/p>\n<p>\u00c9chantillon\u00a0: Disponible<\/p>","protected":false},"featured_media":21584,"template":"","meta":{"_gspb_post_css":""},"product_cat":[42,80],"product_tag":[],"featured_image_urls":{"full":["https:\/\/suncasesupply.com\/wp-content\/uploads\/2023\/08\/1-62.jpg",1291,1291,false],"thumbnail":["https:\/\/suncasesupply.com\/wp-content\/uploads\/2023\/08\/1-62-150x150.jpg",150,150,true],"medium":["https:\/\/suncasesupply.com\/wp-content\/uploads\/2023\/08\/1-62-300x300.jpg",300,300,true],"medium_large":["https:\/\/suncasesupply.com\/wp-content\/uploads\/2023\/08\/1-62-768x768.jpg",768,768,true],"large":["https:\/\/suncasesupply.com\/wp-content\/uploads\/2023\/08\/1-62-1024x1024.jpg",1024,1024,true],"1536x1536":["https:\/\/suncasesupply.com\/wp-content\/uploads\/2023\/08\/1-62.jpg",1291,1291,false],"2048x2048":["https:\/\/suncasesupply.com\/wp-content\/uploads\/2023\/08\/1-62.jpg",1291,1291,false],"trp-custom-language-flag":["https:\/\/suncasesupply.com\/wp-content\/uploads\/2023\/08\/1-62.jpg",12,12,false],"woocommerce_thumbnail":["https:\/\/suncasesupply.com\/wp-content\/uploads\/2023\/08\/1-62-300x300.jpg",300,300,true],"woocommerce_single":["https:\/\/suncasesupply.com\/wp-content\/uploads\/2023\/08\/1-62-600x600.jpg",600,600,true],"woocommerce_gallery_thumbnail":["https:\/\/suncasesupply.com\/wp-content\/uploads\/2023\/08\/1-62-100x100.jpg",100,100,true]},"post_excerpt_stackable":"<p>Model : Z44<\/p>\n<p>Size: \u00a070 x 29.5 x 10.7 cm<\/p>\n<p>MOQ: 100pcs<\/p>\n<p>Delivery Time : 15-25 Days<\/p>\n<p>Sample : Available<\/p>\n","category_list":"","author_info":{"name":"","url":""},"comments_num":"0 commentaire","_links":{"self":[{"href":"https:\/\/suncasesupply.com\/fr\/wp-json\/wp\/v2\/product\/21569"}],"collection":[{"href":"https:\/\/suncasesupply.com\/fr\/wp-json\/wp\/v2\/product"}],"about":[{"href":"https:\/\/suncasesupply.com\/fr\/wp-json\/wp\/v2\/types\/product"}],"wp:featuredmedia":[{"embeddable":true,"href":"https:\/\/suncasesupply.com\/fr\/wp-json\/wp\/v2\/media\/21584"}],"wp:attachment":[{"href":"https:\/\/suncasesupply.com\/fr\/wp-json\/wp\/v2\/media?parent=21569"}],"wp:term":[{"taxonomy":"product_cat","embeddable":true,"href":"https:\/\/suncasesupply.com\/fr\/wp-json\/wp\/v2\/product_cat?post=21569"},{"taxonomy":"product_tag","embeddable":true,"href":"https:\/\/suncasesupply.com\/fr\/wp-json\/wp\/v2\/product_tag?post=21569"}],"curies":[{"name":"wp","href":"https:\/\/api.w.org\/{rel}","templated":true}]}}