{"id":21549,"date":"2023-08-29T09:36:54","date_gmt":"2023-08-29T01:36:54","guid":{"rendered":"https:\/\/suncasesupply.com\/?post_type=product&#038;p=21549"},"modified":"2025-02-26T11:35:19","modified_gmt":"2025-02-26T03:35:19","slug":"flight-case-road-cable-trunk-transport-flight-storage-case","status":"publish","type":"product","link":"https:\/\/suncasesupply.com\/fr\/product\/flight-case-road-cable-trunk-transport-flight-storage-case\/","title":{"rendered":"Flight Case Route C\u00e2ble Trunk Transport Vol Mallette De Rangement"},"content":{"rendered":"<p>&nbsp;<\/p>\n<table width=\"774\">\n<tbody>\n<tr>\n<td width=\"177\">Article<\/td>\n<td width=\"597\">Flight-case<\/td>\n<\/tr>\n<tr>\n<td>Dimension<\/td>\n<td>1220 x 610 x 740 mm ou personnaliser<\/td>\n<\/tr>\n<tr>\n<td>Couleurs<\/td>\n<td>Comme le montrent les images ou personnaliser<\/td>\n<\/tr>\n<tr>\n<td>Mat\u00e9riaux<\/td>\n<td>Aluminium, contreplaqu\u00e9, doublure EVA\/mousse\/tissu\/PU, quincaillerie<\/td>\n<\/tr>\n<tr>\n<td>Logo<\/td>\n<td>Logo plaque m\u00e9tallique, logo imprim\u00e9, logo en relief, logo laser<\/td>\n<\/tr>\n<tr>\n<td>Temps d&#039;\u00e9chantillonnage<\/td>\n<td>7 jours<\/td>\n<\/tr>\n<tr>\n<td>Port d&#039;embarquement<\/td>\n<td>Canton, Shenzhen<\/td>\n<\/tr>\n<tr>\n<td>Conditions commerciales<\/td>\n<td>EXW, FOB, CIF, DDU, DDP<\/td>\n<\/tr>\n<tr>\n<td>M\u00e9thodes de payement<\/td>\n<td>T\/T, esp\u00e8ces, PayPal, carte de cr\u00e9dit<\/td>\n<\/tr>\n<\/tbody>\n<\/table>\n<p><span style=\"color: #003366;\">Caract\u00e9ristiques:<\/span><\/p>\n<p>Taille interne 1173 mm(L) x 566 mm(L) x 566 mm(H).<br \/>\nTaille externe 1220 mm(L) x 610 mm(L) x 740 mm(H), roues comprises.<br \/>\nPoids environ 40kg.<br \/>\nPanneaux \u2013 Contreplaqu\u00e9 de bouleau li\u00e9 \u00e0 la r\u00e9sine ph\u00e9nolique noire de 9 mm avec un motif hexagonal.<br \/>\nCoins de balle.<br \/>\n2x Grandes captures papillon.<br \/>\n4 poign\u00e9es de plat robustes avec plaques de support mont\u00e9es aux extr\u00e9mit\u00e9s.<br \/>\n2x grands supports de couvercle et charni\u00e8re piano maintiennent le couvercle juste au-del\u00e0 de 90 degr\u00e9s.<br \/>\n4x roulettes orange de 4\u2033 (2 avec freins) boulonn\u00e9es \u00e0 la base via des planches \u00e0 roulettes.<\/p>\n<p>La version 8x Handle ajoute 4 poign\u00e9es suppl\u00e9mentaires sur les c\u00f4t\u00e9s<br \/>\n4x roulettes mont\u00e9es sur le dessus du bo\u00eetier pour un empilage facile<br \/>\nPorte-\u00e9tiquette install\u00e9 \u00e0 l&#039;avant pour une taille d&#039;\u00e9tiquette de 180 mm x 130 mm<\/p>\n<p>.<\/p>","protected":false},"excerpt":{"rendered":"<p>Mod\u00e8le : SC-FL0007<\/p>\n<p>Taille : 1220 x 610 x 740 mm<\/p>\n<p>Quantit\u00e9 minimale de commande : 5 pi\u00e8ces<\/p>\n<p>D\u00e9lai de livraison : 15-25 jours<\/p>\n<p>\u00c9chantillon\u00a0: Disponible<\/p>","protected":false},"featured_media":21563,"template":"","meta":{"_gspb_post_css":""},"product_cat":[91],"product_tag":[],"featured_image_urls":{"full":["https:\/\/suncasesupply.com\/wp-content\/uploads\/2023\/08\/1-61.jpg",1600,1600,false],"thumbnail":["https:\/\/suncasesupply.com\/wp-content\/uploads\/2023\/08\/1-61-150x150.jpg",150,150,true],"medium":["https:\/\/suncasesupply.com\/wp-content\/uploads\/2023\/08\/1-61-300x300.jpg",300,300,true],"medium_large":["https:\/\/suncasesupply.com\/wp-content\/uploads\/2023\/08\/1-61-768x768.jpg",768,768,true],"large":["https:\/\/suncasesupply.com\/wp-content\/uploads\/2023\/08\/1-61-1024x1024.jpg",1024,1024,true],"1536x1536":["https:\/\/suncasesupply.com\/wp-content\/uploads\/2023\/08\/1-61-1536x1536.jpg",1536,1536,true],"2048x2048":["https:\/\/suncasesupply.com\/wp-content\/uploads\/2023\/08\/1-61.jpg",1600,1600,false],"trp-custom-language-flag":["https:\/\/suncasesupply.com\/wp-content\/uploads\/2023\/08\/1-61.jpg",12,12,false],"woocommerce_thumbnail":["https:\/\/suncasesupply.com\/wp-content\/uploads\/2023\/08\/1-61-300x300.jpg",300,300,true],"woocommerce_single":["https:\/\/suncasesupply.com\/wp-content\/uploads\/2023\/08\/1-61-600x600.jpg",600,600,true],"woocommerce_gallery_thumbnail":["https:\/\/suncasesupply.com\/wp-content\/uploads\/2023\/08\/1-61-100x100.jpg",100,100,true]},"post_excerpt_stackable":"<p>Model : SC-FL0007<\/p>\n<p>Size: 1220 x 610 x 740mm<\/p>\n<p>MOQ: 5pcs<\/p>\n<p>Delivery Time : 15-25 Days<\/p>\n<p>Sample : Available<\/p>\n","category_list":"","author_info":{"name":"","url":""},"comments_num":"0 commentaire","_links":{"self":[{"href":"https:\/\/suncasesupply.com\/fr\/wp-json\/wp\/v2\/product\/21549"}],"collection":[{"href":"https:\/\/suncasesupply.com\/fr\/wp-json\/wp\/v2\/product"}],"about":[{"href":"https:\/\/suncasesupply.com\/fr\/wp-json\/wp\/v2\/types\/product"}],"wp:featuredmedia":[{"embeddable":true,"href":"https:\/\/suncasesupply.com\/fr\/wp-json\/wp\/v2\/media\/21563"}],"wp:attachment":[{"href":"https:\/\/suncasesupply.com\/fr\/wp-json\/wp\/v2\/media?parent=21549"}],"wp:term":[{"taxonomy":"product_cat","embeddable":true,"href":"https:\/\/suncasesupply.com\/fr\/wp-json\/wp\/v2\/product_cat?post=21549"},{"taxonomy":"product_tag","embeddable":true,"href":"https:\/\/suncasesupply.com\/fr\/wp-json\/wp\/v2\/product_tag?post=21549"}],"curies":[{"name":"wp","href":"https:\/\/api.w.org\/{rel}","templated":true}]}}