{"id":21520,"date":"2023-08-29T09:28:06","date_gmt":"2023-08-29T01:28:06","guid":{"rendered":"https:\/\/suncasesupply.com\/?post_type=product&#038;p=21520"},"modified":"2026-03-17T00:36:10","modified_gmt":"2026-03-16T16:36:10","slug":"aluminum-case-with-custom-size-color-locking-aluminum-box-for-storing-item","status":"publish","type":"product","link":"https:\/\/suncasesupply.com\/fr\/product\/aluminum-case-with-custom-size-color-locking-aluminum-box-for-storing-item\/","title":{"rendered":"Bo\u00eete en aluminium pour ranger des articles, \u00e9tui en aluminium de taille personnalis\u00e9e"},"content":{"rendered":"<h4><span style=\"color: #003366;\">Caract\u00e9ristiques:<\/span><\/h4>\n<ul>\n<li><strong><b>Style<\/b><\/strong>Ce bo\u00eetier en aluminium sur mesure arbore un style sobre et \u00e9l\u00e9gant. Sa couleur gris fer, associ\u00e9e \u00e0 des accessoires noirs, conf\u00e8re \u00e0 l&#039;ensemble une allure haut de gamme et raffin\u00e9e.<\/li>\n<li><strong><b>Durabilit\u00e9<\/b><\/strong>La structure enti\u00e8re de ces bo\u00eetes de rangement en aluminium est compos\u00e9e d&#039;un cadre robuste, de trois couches de mat\u00e9riaux (surface\/panneau MDF et doublure en mousse) et d&#039;une quincaillerie de haute qualit\u00e9, ce qui rend la bo\u00eete tr\u00e8s robuste et lui conf\u00e8re une capacit\u00e9 de charge sup\u00e9rieure \u00e0 15 kg.<\/li>\n<li><strong><b>Fonctionnalit\u00e9: <\/b><\/strong>L&#039;int\u00e9rieur de la valise en aluminium sur mesure est compos\u00e9 de mousse Egg Foam sur le couvercle sup\u00e9rieur et d&#039;inserts en mousse Pick &amp; Pluck sur le couvercle inf\u00e9rieur, qui amortissent et s\u00e9curisent votre \u00e9quipement pendant les voyages ou les utilisations en ext\u00e9rieur.<\/li>\n<\/ul>\n<div style=\"display: flex; gap: 20px;\">\n<p><!-- \u7b2c\u4e00\u680f --><\/p>\n<div style=\"flex: 1; text-align: center;\">\n<p><img decoding=\"async\" style=\"max-width: 100%; height: auto; margin-bottom: 10px;\" src=\"https:\/\/suncasesupply.com\/wp-content\/uploads\/2025\/03\/1-Combination-Locks.jpg\" alt=\"Serrures \u00e0 combinaison\" \/><\/p>\n<p><b><\/b><b><\/b><strong><b>Serrures \u00e0 combinaison<\/b><\/strong><\/p>\n<p style=\"margin: 0;\">Le syst\u00e8me de verrouillage \u00e0 combinaison offre une m\u00e9thode de verrouillage plus pratique et plus s\u00fbre que les serrures \u00e0 cl\u00e9 traditionnelles, de sorte que vous seul pouvez ouvrir votre coffret \u00e0 outils en aluminium sur mesure, am\u00e9liorant consid\u00e9rablement la confidentialit\u00e9 et les capacit\u00e9s antivol.<\/p>\n<p>&nbsp;<\/p>\n<\/div>\n<p><!-- \u7b2c\u4e8c\u680f --><\/p>\n<div style=\"flex: 1; text-align: center;\">\n<p><img decoding=\"async\" style=\"max-width: 100%; height: auto; margin-bottom: 10px;\" src=\"https:\/\/suncasesupply.com\/wp-content\/uploads\/2025\/03\/2-DIY-Foam.jpg\" alt=\"Mousse DIY\" \/><\/p>\n<p><b><\/b><b><\/b><strong><b>Mousse DIY<\/b><\/strong><\/p>\n<p style=\"margin: 0;\">Le couvercle inf\u00e9rieur int\u00e9rieur est fabriqu\u00e9 en mousse pr\u00e9d\u00e9coup\u00e9e, dont vous pouvez personnaliser les dimensions et la forme pour l&#039;adapter aux objets que vous souhaitez ranger dans cette valise. Disponible en diff\u00e9rentes densit\u00e9s, cette mousse s&#039;adapte \u00e0 vos besoins et est id\u00e9ale pour une valise en aluminium sur mesure.<\/p>\n<\/div>\n<p><!-- \u7b2c\u4e09\u680f --><\/p>\n<div style=\"flex: 1; text-align: center;\">\n<p><img decoding=\"async\" style=\"max-width: 100%; height: auto; margin-bottom: 10px;\" src=\"https:\/\/suncasesupply.com\/wp-content\/uploads\/2025\/03\/3-Back-Support-Hinge.jpg\" alt=\"Charni\u00e8re de support dorsal\" \/><\/p>\n<p><b><\/b><b><\/b><strong><b>Charni\u00e8re de support dorsal<\/b><\/strong><\/p>\n<p>Il s&#039;agit d&#039;un accessoire permettant de relier le couvercle sup\u00e9rieur et le couvercle inf\u00e9rieur de la bo\u00eete en aluminium et de permettre une rotation relative entre les deux, ce qui la rend adapt\u00e9e aux valises de voyage en aluminium sur mesure.<\/p>\n<\/div>\n<p><!-- \u7b2c\u56db\u680f --><\/p>\n<div style=\"flex: 1; text-align: center;\">\n<p><img decoding=\"async\" style=\"max-width: 100%; height: auto; margin-bottom: 10px;\" src=\"https:\/\/suncasesupply.com\/wp-content\/uploads\/2025\/03\/4-Handle-3.jpg\" alt=\"Poign\u00e9e\" \/><\/p>\n<p><strong><b>Poign\u00e9e<\/b><\/strong><\/p>\n<p style=\"margin: 0;\">La fonction principale de la poign\u00e9e est d&#039;offrir une prise en main et un contr\u00f4le optimaux, permettant ainsi une manipulation ais\u00e9e des objets. Ses fonctions sont cependant plus vari\u00e9es. Outre la prise en main et le contr\u00f4le, elle peut \u00e9galement assurer le support, la stabilit\u00e9 et l&#039;\u00e9quilibre, ce qui la rend id\u00e9ale pour tout bo\u00eetier en aluminium sur mesure.<\/p>\n<\/div>\n<\/div>\n<div style=\"background-color: #29599a; padding: 40px 20px; text-align: center; color: #ffffff; border-radius: 10px; margin: 40px auto; max-width: 960px;\">\n<h2 style=\"font-size: 22px; margin-bottom: 20px; font-weight: bold;\"><span style=\"color: #ffffff;\">Obtenez des bo\u00eetes de rangement en aluminium haut de gamme chez Sun Case, \u00e0 partir de 100 pi\u00e8ces !<\/span><\/h2>\n<p><a style=\"display: inline-block; padding: 12px 28px; background-color: #ffffff; color: #29599a; text-decoration: none; border-radius: 6px; font-weight: bold;\" href=\"https:\/\/suncasesupply.com\/fr\/contact-us\/\" target=\"_blank\" rel=\"noopener\">Obtenir un devis<br \/>\n<\/a><\/p>\n<\/div>\n<h4><span style=\"color: #003366;\">Processus de fabrication :<\/span><\/h4>\n<p><img decoding=\"async\" style=\"max-width: 100%; height: auto; margin-bottom: 10px;\" src=\"https:\/\/suncasesupply.com\/wp-content\/uploads\/2025\/07\/Manufacturing-Process.png\" alt=\"Processus de fabrication de Suncase\" \/><\/p>\n<div style=\"display: flex; gap: 20px;\">\n<p><!-- \u7b2c\u4e00\u680f \u6d41\u7a0b1--><\/p>\n<div style=\"flex: 1; text-align: center;\"><\/div>\n<\/div>\n<div style=\"display: flex; gap: 20px;\">\n<div style=\"flex: 1; text-align: center;\">\n<p style=\"font-weight: bold; margin: 5px 0;\">\n<\/div>\n<\/div>\n<h4><span style=\"color: #003366;\">Informations utiles pour les acheteurs en gros\u00a0:<\/span><\/h4>\n<ul>\n<li class=\"page-title\" title=\"Qu\u2019est-ce qui rend les cartes de sport si pr\u00e9cieuses ?\">\n<p class=\"page-title\" title=\"Diff\u00e9rents types de valises de transport en aluminium\"><a href=\"https:\/\/suncasesupply.com\/fr\/blog\/custom-aluminum-case\/different-types-of-aluminum-carrying-cases\/\">Diff\u00e9rents types de mallettes de transport en aluminium &gt;&gt;<\/a><\/p>\n<\/li>\n<li title=\"Qu\u2019est-ce qui rend les cartes de sport si pr\u00e9cieuses ?\">\n<p class=\"page-title\" title=\"Tout ce que vous devez savoir sur les bo\u00eetiers en aluminium\"><a href=\"https:\/\/suncasesupply.com\/fr\/blog\/all-you-need-to-know-about-aluminum-cases\/\">Tout ce que vous devez savoir sur les bo\u00eetiers en aluminium &gt;&gt;<\/a><\/p>\n<\/li>\n<li title=\"Qu\u2019est-ce qui rend les cartes de sport si pr\u00e9cieuses ?\">\n<p class=\"page-title\" title=\"Comment choisir le bon bo\u00eetier en aluminium ?\"><a href=\"https:\/\/suncasesupply.com\/fr\/blog\/selection-of-aluminum-case\/\">Comment choisir le bon bo\u00eetier en aluminium\u00a0? &gt;&gt;<\/a><\/p>\n<\/li>\n<\/ul>","protected":false},"excerpt":{"rendered":"<p>Mod\u00e8le : BA-25003<\/p>\n<p>Taille: 450x330x120mm<\/p>\n<p>Couleurs : Couleur grise<\/p>\n<p>Mat\u00e9riaux : Cadre en aluminium, panneau MDF, panneau m\u00e9lamin\u00e9, quincaillerie.<\/p>\n<p>Logo : Logo en s\u00e9rigraphie \/ Logo en plaque m\u00e9tallique<\/p>\n<p>Quantit\u00e9 minimale de commande : 100 pi\u00e8ces<\/p>\n<p>Conditions de paiement : T\/T, d\u00e9p\u00f4t + solde<\/p>","protected":false},"featured_media":25288,"template":"","meta":{"_gspb_post_css":""},"product_cat":[80],"product_tag":[],"featured_image_urls":{"full":["https:\/\/suncasesupply.com\/wp-content\/uploads\/2023\/08\/aa-6.jpg",800,800,false],"thumbnail":["https:\/\/suncasesupply.com\/wp-content\/uploads\/2023\/08\/aa-6-150x150.jpg",150,150,true],"medium":["https:\/\/suncasesupply.com\/wp-content\/uploads\/2023\/08\/aa-6-300x300.jpg",300,300,true],"medium_large":["https:\/\/suncasesupply.com\/wp-content\/uploads\/2023\/08\/aa-6-768x768.jpg",768,768,true],"large":["https:\/\/suncasesupply.com\/wp-content\/uploads\/2023\/08\/aa-6.jpg",800,800,false],"1536x1536":["https:\/\/suncasesupply.com\/wp-content\/uploads\/2023\/08\/aa-6.jpg",800,800,false],"2048x2048":["https:\/\/suncasesupply.com\/wp-content\/uploads\/2023\/08\/aa-6.jpg",800,800,false],"trp-custom-language-flag":["https:\/\/suncasesupply.com\/wp-content\/uploads\/2023\/08\/aa-6-12x12.jpg",12,12,true],"woocommerce_thumbnail":["https:\/\/suncasesupply.com\/wp-content\/uploads\/2023\/08\/aa-6-300x300.jpg",300,300,true],"woocommerce_single":["https:\/\/suncasesupply.com\/wp-content\/uploads\/2023\/08\/aa-6-600x600.jpg",600,600,true],"woocommerce_gallery_thumbnail":["https:\/\/suncasesupply.com\/wp-content\/uploads\/2023\/08\/aa-6-100x100.jpg",100,100,true]},"post_excerpt_stackable":"<p>Model:BA-25003<\/p>\n<p>Size: 450x330x120mm<\/p>\n<p>Colors: Grey color<\/p>\n<p>Materials: Aluminum Frame, MDF Board, Melamine Panel, Hardware.<\/p>\n<p>Logo: Silk Printing Logo \/ Metal Plate Logo<\/p>\n<p>MOQ: 100pcs<\/p>\n<p>Payment Terms: T\/T, Deposit+Balance<\/p>\n","category_list":"","author_info":{"name":"","url":""},"comments_num":"0 commentaire","_links":{"self":[{"href":"https:\/\/suncasesupply.com\/fr\/wp-json\/wp\/v2\/product\/21520"}],"collection":[{"href":"https:\/\/suncasesupply.com\/fr\/wp-json\/wp\/v2\/product"}],"about":[{"href":"https:\/\/suncasesupply.com\/fr\/wp-json\/wp\/v2\/types\/product"}],"wp:featuredmedia":[{"embeddable":true,"href":"https:\/\/suncasesupply.com\/fr\/wp-json\/wp\/v2\/media\/25288"}],"wp:attachment":[{"href":"https:\/\/suncasesupply.com\/fr\/wp-json\/wp\/v2\/media?parent=21520"}],"wp:term":[{"taxonomy":"product_cat","embeddable":true,"href":"https:\/\/suncasesupply.com\/fr\/wp-json\/wp\/v2\/product_cat?post=21520"},{"taxonomy":"product_tag","embeddable":true,"href":"https:\/\/suncasesupply.com\/fr\/wp-json\/wp\/v2\/product_tag?post=21520"}],"curies":[{"name":"wp","href":"https:\/\/api.w.org\/{rel}","templated":true}]}}