{"id":21496,"date":"2023-08-28T17:33:37","date_gmt":"2023-08-28T09:33:37","guid":{"rendered":"https:\/\/suncasesupply.com\/?post_type=product&#038;p=21496"},"modified":"2025-02-20T11:26:35","modified_gmt":"2025-02-20T03:26:35","slug":"pu-card-case-box-sports-cards-slabs-organizer-storage-case-comlatible-with-sleeves","status":"publish","type":"product","link":"https:\/\/suncasesupply.com\/fr\/product\/pu-card-case-box-sports-cards-slabs-organizer-storage-case-comlatible-with-sleeves\/","title":{"rendered":"\u00c9tui \u00e0 cartes en PU, bo\u00eete de rangement pour cartes de sport, organisateur de dalles, compatible avec les manches"},"content":{"rendered":"<p>&nbsp;<\/p>\n<table width=\"774\">\n<tbody>\n<tr>\n<td width=\"177\">Article<\/td>\n<td width=\"597\">\u00c9tui \u00e0 cartes sport en cuir PU<\/td>\n<\/tr>\n<tr>\n<td>Dimension<\/td>\n<td>33 x 12,7x 7,2 cm ou personnaliser<\/td>\n<\/tr>\n<tr>\n<td>Couleurs<\/td>\n<td>Comme le montrent les images ou personnaliser<\/td>\n<\/tr>\n<tr>\n<td>Mat\u00e9riaux<\/td>\n<td>Mat\u00e9riau en cuir PU, panneau MDF, doublure EVA\/mousse\/tissu\/PU, mat\u00e9riel<\/td>\n<\/tr>\n<tr>\n<td>Logo<\/td>\n<td>Logo plaque m\u00e9tallique, logo imprim\u00e9, logo en relief, logo laser<\/td>\n<\/tr>\n<tr>\n<td>Temps d&#039;\u00e9chantillonnage<\/td>\n<td>7 jours<\/td>\n<\/tr>\n<tr>\n<td>Port d&#039;embarquement<\/td>\n<td>Canton, Shenzhen<\/td>\n<\/tr>\n<tr>\n<td>Conditions commerciales<\/td>\n<td>EXW, FOB, CIF, DDU, DDP<\/td>\n<\/tr>\n<tr>\n<td>M\u00e9thodes de payement<\/td>\n<td>T\/T, esp\u00e8ces, PayPal, carte de cr\u00e9dit<\/td>\n<\/tr>\n<\/tbody>\n<\/table>\n<p><span style=\"color: #003366;\">Caract\u00e9ristiques:<\/span><\/p>\n<p>Petit \u00e9tui de jeux de cartes rigides, \u00e9tui de transport pour cartes.<\/p>\n<p>Ce grand \u00e9tui de rangement pour cartes est fait de mat\u00e9riaux antichoc, antid\u00e9rapants et r\u00e9sistants \u00e0 l&#039;eau, qui prot\u00e8gent vos cartes \u00e0 jouer des rayures et de la salet\u00e9.<\/p>\n<p>Il est livr\u00e9 avec une poign\u00e9e sup\u00e9rieure souple et des serrures en acier inoxydable, une mode moderne et pratique \u00e0 emporter partout.<\/p>\n<p>Compatible avec plusieurs cartes de jeux.<\/p>","protected":false},"excerpt":{"rendered":"<p>Mod\u00e8le : BL-0031<\/p>\n<p>Taille : 33 x 12,7 x 7,2 cm ou personnaliser<\/p>\n<p>Quantit\u00e9 minimale de commande : 100 pi\u00e8ces<\/p>\n<p>D\u00e9lai de livraison : 15-25 jours<\/p>\n<p>\u00c9chantillon\u00a0: Disponible<\/p>","protected":false},"featured_media":21497,"template":"","meta":{"_gspb_post_css":""},"product_cat":[87],"product_tag":[],"featured_image_urls":{"full":["https:\/\/suncasesupply.com\/wp-content\/uploads\/2023\/08\/9-1-1.jpg",1000,1000,false],"thumbnail":["https:\/\/suncasesupply.com\/wp-content\/uploads\/2023\/08\/9-1-1-150x150.jpg",150,150,true],"medium":["https:\/\/suncasesupply.com\/wp-content\/uploads\/2023\/08\/9-1-1-300x300.jpg",300,300,true],"medium_large":["https:\/\/suncasesupply.com\/wp-content\/uploads\/2023\/08\/9-1-1-768x768.jpg",768,768,true],"large":["https:\/\/suncasesupply.com\/wp-content\/uploads\/2023\/08\/9-1-1.jpg",1000,1000,false],"1536x1536":["https:\/\/suncasesupply.com\/wp-content\/uploads\/2023\/08\/9-1-1.jpg",1000,1000,false],"2048x2048":["https:\/\/suncasesupply.com\/wp-content\/uploads\/2023\/08\/9-1-1.jpg",1000,1000,false],"trp-custom-language-flag":["https:\/\/suncasesupply.com\/wp-content\/uploads\/2023\/08\/9-1-1.jpg",12,12,false],"woocommerce_thumbnail":["https:\/\/suncasesupply.com\/wp-content\/uploads\/2023\/08\/9-1-1-300x300.jpg",300,300,true],"woocommerce_single":["https:\/\/suncasesupply.com\/wp-content\/uploads\/2023\/08\/9-1-1-600x600.jpg",600,600,true],"woocommerce_gallery_thumbnail":["https:\/\/suncasesupply.com\/wp-content\/uploads\/2023\/08\/9-1-1-100x100.jpg",100,100,true]},"post_excerpt_stackable":"<p>Model : BL-0031<\/p>\n<p>Size: 33 x 12.7x 7.2cm or customize<\/p>\n<p>MOQ: 100pcs<\/p>\n<p>Delivery Time : 15-25 Days<\/p>\n<p>Sample : Available<\/p>\n","category_list":"","author_info":{"name":"","url":""},"comments_num":"0 commentaire","_links":{"self":[{"href":"https:\/\/suncasesupply.com\/fr\/wp-json\/wp\/v2\/product\/21496"}],"collection":[{"href":"https:\/\/suncasesupply.com\/fr\/wp-json\/wp\/v2\/product"}],"about":[{"href":"https:\/\/suncasesupply.com\/fr\/wp-json\/wp\/v2\/types\/product"}],"wp:featuredmedia":[{"embeddable":true,"href":"https:\/\/suncasesupply.com\/fr\/wp-json\/wp\/v2\/media\/21497"}],"wp:attachment":[{"href":"https:\/\/suncasesupply.com\/fr\/wp-json\/wp\/v2\/media?parent=21496"}],"wp:term":[{"taxonomy":"product_cat","embeddable":true,"href":"https:\/\/suncasesupply.com\/fr\/wp-json\/wp\/v2\/product_cat?post=21496"},{"taxonomy":"product_tag","embeddable":true,"href":"https:\/\/suncasesupply.com\/fr\/wp-json\/wp\/v2\/product_tag?post=21496"}],"curies":[{"name":"wp","href":"https:\/\/api.w.org\/{rel}","templated":true}]}}