{"id":21446,"date":"2023-08-28T16:26:11","date_gmt":"2023-08-28T08:26:11","guid":{"rendered":"https:\/\/suncasesupply.com\/?post_type=product&#038;p=21446"},"modified":"2025-02-20T14:33:37","modified_gmt":"2025-02-20T06:33:37","slug":"black-7-inch-aluminum-storage-box-custom-size-lp-record-case-locking-heavy-duty-record-box","status":"publish","type":"product","link":"https:\/\/suncasesupply.com\/fr\/product\/black-7-inch-aluminum-storage-box-custom-size-lp-record-case-locking-heavy-duty-record-box\/","title":{"rendered":"Bo\u00eete de rangement en aluminium noire de 7 pouces, bo\u00eetier de disque LP de taille personnalis\u00e9e, bo\u00eete de rangement robuste \u00e0 verrouillage"},"content":{"rendered":"<p>&nbsp;<\/p>\n<table width=\"774\">\n<tbody>\n<tr>\n<td width=\"177\">Article<\/td>\n<td width=\"597\">Bo\u00eetier en aluminium<\/td>\n<\/tr>\n<tr>\n<td>Dimension<\/td>\n<td>\u00a043,5 x 22,5 x 22,5 cm ou personnaliser<\/td>\n<\/tr>\n<tr>\n<td>Couleurs<\/td>\n<td>Comme le montrent les images ou personnaliser<\/td>\n<\/tr>\n<tr>\n<td>Mat\u00e9riaux<\/td>\n<td>Aluminium, panneau ABS, panneau MDF, doublure EVA\/mousse\/tissu\/PU, quincaillerie<\/td>\n<\/tr>\n<tr>\n<td>Logo<\/td>\n<td>Logo plaque m\u00e9tallique, logo imprim\u00e9, logo en relief, logo laser<\/td>\n<\/tr>\n<tr>\n<td>Temps d&#039;\u00e9chantillonnage<\/td>\n<td>7 jours<\/td>\n<\/tr>\n<tr>\n<td>Port d&#039;embarquement<\/td>\n<td>Canton, Shenzhen<\/td>\n<\/tr>\n<tr>\n<td>Conditions commerciales<\/td>\n<td>EXW, FOB, CIF, DDU, DDP<\/td>\n<\/tr>\n<tr>\n<td>M\u00e9thodes de payement<\/td>\n<td>T\/T, esp\u00e8ces, PayPal, carte de cr\u00e9dit<\/td>\n<\/tr>\n<\/tbody>\n<\/table>\n<p><span style=\"color: #003366;\">Caract\u00e9ristiques:<\/span><\/p>\n<p>Avec une capacit\u00e9 allant jusqu&#039;\u00e0 120 singles, le bo\u00eetier pour disque de 7 pouces est un incontournable pour tous ceux qui aiment jouer comme DJ. Le couvercle du bo\u00eetier de disque DJ est fermement install\u00e9 sur 2 charni\u00e8res m\u00e9talliques robustes. La construction robuste en aluminium, les panneaux MDF plastifi\u00e9s et le rembourrage doux \u00e0 l&#039;int\u00e9rieur offrent aux c\u00e9libataires une excellente protection contre les chocs, la lumi\u00e8re et la chaleur. Un verrou verrouillable avec cl\u00e9 prot\u00e8ge vos c\u00e9libataires du vol. Le porte-disque pour c\u00e9libataires est facile \u00e0 transporter gr\u00e2ce \u00e0 la poign\u00e9e du bo\u00eetier. Malgr\u00e9 sa grande capacit\u00e9, sa construction robuste et ses mat\u00e9riaux de haute qualit\u00e9, le coffret pour disques vinyles a un faible poids \u00e0 vide.<\/p>","protected":false},"excerpt":{"rendered":"<p>Mod\u00e8le : Z42<\/p>\n<p>Dimensions : 43,5 x 22,5 x 22,5 cm<\/p>\n<p>Capacit\u00e9 : 120 LP 7\u2033<\/p>\n<p>Quantit\u00e9 minimale de commande : 100 pi\u00e8ces<\/p>\n<p>D\u00e9lai de livraison : 15-25 jours<\/p>\n<p>\u00c9chantillon\u00a0: Disponible<\/p>","protected":false},"featured_media":21447,"template":"","meta":{"_gspb_post_css":""},"product_cat":[83],"product_tag":[],"featured_image_urls":{"full":["https:\/\/suncasesupply.com\/wp-content\/uploads\/2023\/08\/256.png",800,800,false],"thumbnail":["https:\/\/suncasesupply.com\/wp-content\/uploads\/2023\/08\/256-150x150.png",150,150,true],"medium":["https:\/\/suncasesupply.com\/wp-content\/uploads\/2023\/08\/256-300x300.png",300,300,true],"medium_large":["https:\/\/suncasesupply.com\/wp-content\/uploads\/2023\/08\/256-768x768.png",768,768,true],"large":["https:\/\/suncasesupply.com\/wp-content\/uploads\/2023\/08\/256.png",800,800,false],"1536x1536":["https:\/\/suncasesupply.com\/wp-content\/uploads\/2023\/08\/256.png",800,800,false],"2048x2048":["https:\/\/suncasesupply.com\/wp-content\/uploads\/2023\/08\/256.png",800,800,false],"trp-custom-language-flag":["https:\/\/suncasesupply.com\/wp-content\/uploads\/2023\/08\/256.png",12,12,false],"woocommerce_thumbnail":["https:\/\/suncasesupply.com\/wp-content\/uploads\/2023\/08\/256-300x300.png",300,300,true],"woocommerce_single":["https:\/\/suncasesupply.com\/wp-content\/uploads\/2023\/08\/256-600x600.png",600,600,true],"woocommerce_gallery_thumbnail":["https:\/\/suncasesupply.com\/wp-content\/uploads\/2023\/08\/256-100x100.png",100,100,true]},"post_excerpt_stackable":"<p>Model : Z42<\/p>\n<p>Size: \u00a043,5 x 22,5 x 22,5 cm<\/p>\n<p>Capacity: 120 x 7&#8243; LPs<\/p>\n<p>MOQ: 100pcs<\/p>\n<p>Delivery Time : 15-25 Days<\/p>\n<p>Sample : Available<\/p>\n","category_list":"","author_info":{"name":"","url":""},"comments_num":"0 commentaire","_links":{"self":[{"href":"https:\/\/suncasesupply.com\/fr\/wp-json\/wp\/v2\/product\/21446"}],"collection":[{"href":"https:\/\/suncasesupply.com\/fr\/wp-json\/wp\/v2\/product"}],"about":[{"href":"https:\/\/suncasesupply.com\/fr\/wp-json\/wp\/v2\/types\/product"}],"wp:featuredmedia":[{"embeddable":true,"href":"https:\/\/suncasesupply.com\/fr\/wp-json\/wp\/v2\/media\/21447"}],"wp:attachment":[{"href":"https:\/\/suncasesupply.com\/fr\/wp-json\/wp\/v2\/media?parent=21446"}],"wp:term":[{"taxonomy":"product_cat","embeddable":true,"href":"https:\/\/suncasesupply.com\/fr\/wp-json\/wp\/v2\/product_cat?post=21446"},{"taxonomy":"product_tag","embeddable":true,"href":"https:\/\/suncasesupply.com\/fr\/wp-json\/wp\/v2\/product_tag?post=21446"}],"curies":[{"name":"wp","href":"https:\/\/api.w.org\/{rel}","templated":true}]}}