{"id":21440,"date":"2023-08-28T16:22:50","date_gmt":"2023-08-28T08:22:50","guid":{"rendered":"https:\/\/suncasesupply.com\/?post_type=product&#038;p=21440"},"modified":"2025-07-15T10:56:58","modified_gmt":"2025-07-15T02:56:58","slug":"acrylic-clear-display-vinyl-lp-record-case-aluminum-album-storage-box-for-12-record","status":"publish","type":"product","link":"https:\/\/suncasesupply.com\/fr\/product\/acrylic-clear-display-vinyl-lp-record-case-aluminum-album-storage-box-for-12-record\/","title":{"rendered":"Bo\u00eete de rangement d&#039;album en aluminium de bo\u00eetier de disque de vinyle d&#039;affichage clair acrylique pour l&#039;enregistrement de 12&quot;"},"content":{"rendered":"<h4><span style=\"color: #003366;\">Caract\u00e9ristiques:<\/span><\/h4>\n<ul>\n<li><strong><b>Durabilit\u00e9 et r\u00e9sistance<\/b><\/strong>L&#039;un des principaux avantages des bo\u00eetes \u00e0 disques en acrylique par rapport au verre est leur durabilit\u00e9 et leur solidit\u00e9 sup\u00e9rieures. L&#039;acrylique est un mat\u00e9riau thermoplastique reconnu pour sa r\u00e9sistance aux chocs, ce qui le rend tr\u00e8s r\u00e9sistant aux \u00e9clats et aux fissures. Il est donc id\u00e9al pour prot\u00e9ger votre collection de disques vinyles dans une bo\u00eete en acrylique transparent.<\/li>\n<li><strong><b>Clart\u00e9 et transparence optiques<\/b><\/strong>L&#039;acrylique offre une excellente clart\u00e9 optique, rivalisant avec celle du verre. Sa transparence en fait un produit id\u00e9al pour l&#039;exposition. Utilis\u00e9 pour ranger vos disques vinyles en acrylique, il permet de visualiser clairement votre collection tout en la prot\u00e9geant parfaitement\u00a0: id\u00e9al pour les collectionneurs comme pour les revendeurs.<\/li>\n<li><strong><b>Grande capacit\u00e9<\/b><\/strong>La capacit\u00e9 et les dimensions de la bo\u00eete peuvent \u00eatre personnalis\u00e9es selon vos besoins. Ces \u00e9tuis de rangement pour vinyles 7&quot; et 12&quot; sont couramment utilis\u00e9s pour ranger et organiser les disques vinyles de 7&quot; et 12&quot;, alliant protection et pr\u00e9sentation.<\/li>\n<li><strong><b>Poids l\u00e9ger<\/b><\/strong>:La structure en acrylique est nettement plus l\u00e9g\u00e8re que le verre, ce qui rend l&#039;\u00e9tui de transport pour disques vinyles facile \u00e0 transporter et \u00e0 exposer lors d&#039;expositions, de magasins ou d&#039;installations \u00e0 domicile.<\/li>\n<\/ul>\n<h4><span style=\"color: #003366;\">D\u00e9tails du produit :<\/span><\/h4>\n<div style=\"display: flex; gap: 20px;\">\n<p><!-- \u7b2c\u4e00\u680f --><\/p>\n<div style=\"flex: 1; text-align: center;\">\n<p><img decoding=\"async\" style=\"max-width: 100%; height: auto; margin-bottom: 10px;\" src=\"https:\/\/suncasesupply.com\/wp-content\/uploads\/2024\/12\/1-Strong-Corner.webp\" alt=\"Coin fort\" \/><\/p>\n<p style=\"font-weight: bold; margin: 5px 0;\"><strong><b>Coin fort<\/b><\/strong><\/p>\n<p style=\"margin: 0;\">La fonction principale des coins est la protection, ils maintiennent un joint protecteur aux points d&#039;impact les plus courants d&#039;un bo\u00eetier. Le mat\u00e9riau m\u00e9tallique et la forme semi-circulaire lui conf\u00e8rent une meilleure r\u00e9sistance aux chocs. Sa couleur peut \u00eatre personnalis\u00e9e pour correspondre \u00e0 la couleur du bo\u00eetier\/panneau.<\/p>\n<\/div>\n<p><!-- \u7b2c\u4e8c\u680f --><\/p>\n<div style=\"flex: 1; text-align: center;\">\n<p><img decoding=\"async\" style=\"max-width: 100%; height: auto; margin-bottom: 10px;\" src=\"https:\/\/suncasesupply.com\/wp-content\/uploads\/2024\/12\/2-Butterfly-Latches.webp\" alt=\"2-Loquets papillon\" \/><\/p>\n<p style=\"font-weight: bold; margin: 5px 0;\"><strong><b>Loquets papillon<\/b><\/strong><\/p>\n<p style=\"margin: 0;\">Les noms sont identifi\u00e9s par leur forme qui ressemble \u00e0 un papillon. Il est fabriqu\u00e9 en acier inoxydable et en acier de haute qualit\u00e9. Il est tr\u00e8s puissant car le serrage s&#039;effectue en tournant le bouton. Habituellement, le cadenas peut y \u00eatre ajout\u00e9 si n\u00e9cessaire pour plus de s\u00e9curit\u00e9. La couleur standard est la couleur argent, mais il peut \u00eatre fabriqu\u00e9 dans toutes les couleurs dont vous avez besoin.<\/p>\n<\/div>\n<p><!-- \u7b2c\u4e09\u680f --><\/p>\n<div style=\"flex: 1; text-align: center;\">\n<p><img decoding=\"async\" style=\"max-width: 100%; height: auto; margin-bottom: 10px;\" src=\"https:\/\/suncasesupply.com\/wp-content\/uploads\/2024\/12\/3-Aluminum-Frame.webp\" alt=\"Insert en mousse personnalis\u00e9 (EVA)\" \/><\/p>\n<p style=\"font-weight: bold; margin: 5px 0;\">Cadre en aluminium<\/p>\n<p style=\"margin: 0;\">Le cadre en aluminium constitue l&#039;ossature du bo\u00eetier et lui conf\u00e8re une grande solidit\u00e9. L&#039;\u00e9paisseur et la largeur sont personnalisables pour r\u00e9pondre \u00e0 vos besoins de rangement de disques acryliques, en fonction de la taille du bo\u00eetier et de la charge requise. Les couleurs courantes sont l&#039;argent et le noir.<\/p>\n<\/div>\n<p><!-- \u7b2c\u56db\u680f --><\/p>\n<div style=\"flex: 1; text-align: center;\">\n<p><img decoding=\"async\" style=\"max-width: 100%; height: auto; margin-bottom: 10px;\" src=\"https:\/\/suncasesupply.com\/wp-content\/uploads\/2024\/12\/4-Acrylic-Panel.webp\" alt=\"4-Panneau acrylique\" \/><\/p>\n<p style=\"font-weight: bold; margin: 5px 0;\"><strong><b>4-Panneau acrylique<\/b><\/strong><\/p>\n<p data-start=\"2082\" data-end=\"2362\">Les six panneaux sont en acrylique transparent de 4 mm, offrant une r\u00e9sistance mod\u00e9r\u00e9e aux rayures. Le contenu de l&#039;organiseur LP est visible et appr\u00e9ciable sans ouvrir le bo\u00eetier\u00a0: une solution \u00e9l\u00e9gante pour tous ceux qui recherchent une bo\u00eete de pr\u00e9sentation en acrylique fonctionnelle.<\/p>\n<\/div>\n<\/div>\n<div style=\"background-color: #29599a; padding: 40px 20px; text-align: center; color: #ffffff; border-radius: 10px; margin: 40px auto; max-width: 960px;\">\n<h2 style=\"font-size: 22px; margin-bottom: 20px; font-weight: bold;\"><span style=\"color: #ffffff;\">Prot\u00e9gez et pr\u00e9sentez votre collection de vinyles \u2014 MOQ 100, conception durable en acrylique et aluminium\u00a0!<\/span><\/h2>\n<p><a style=\"display: inline-block; padding: 12px 28px; background-color: #ffffff; color: #29599a; text-decoration: none; border-radius: 6px; font-weight: bold;\" href=\"https:\/\/suncasesupply.com\/fr\/contact-us\/\" target=\"_blank\" rel=\"noopener\">Obtenez votre devis aujourd&#039;hui<br \/>\n<\/a><\/p>\n<\/div>\n<h4><span style=\"color: #003366;\">Processus de fabrication de la bo\u00eete de rangement d&#039;album en aluminium :<\/span><\/h4>\n<p><img decoding=\"async\" style=\"max-width: 100%; height: auto; margin-bottom: 10px;\" src=\"https:\/\/suncasesupply.com\/wp-content\/uploads\/2025\/07\/Manufacturing-Process.png\" alt=\"Processus de fabrication de Suncase\" \/><\/p>\n<h4><span style=\"color: #003366;\">Informations utiles pour les acheteurs en gros\u00a0:<\/span><\/h4>\n<ul>\n<li class=\"page-title\" title=\"Qu\u2019est-ce qui rend les cartes de sport si pr\u00e9cieuses ?\">\n<p class=\"page-title\" title=\"Quelle est la taille du bo\u00eetier du disque vinyle ?\"><a href=\"https:\/\/suncasesupply.com\/fr\/blog\/size-of-the-vinyl-record-case\/\">Quelle est la taille du bo\u00eetier pour disque vinyle &gt;&gt;<\/a><\/p>\n<\/li>\n<li class=\"page-title\" title=\"Qu\u2019est-ce qui rend les cartes de sport si pr\u00e9cieuses ?\">\n<p class=\"page-title\" title=\"Quelle est la taille du bo\u00eetier du disque vinyle ?\"><a href=\"https:\/\/suncasesupply.com\/fr\/blog\/what-vinyl-record-case-made-of\/\">De quoi sont faits les bo\u00eetiers de disques vinyles ?<\/a><\/p>\n<\/li>\n<li title=\"Qu\u2019est-ce qui rend les cartes de sport si pr\u00e9cieuses ?\"><a href=\"https:\/\/suncasesupply.com\/fr\/blog\/custom-aluminum-case\/aluminum-storage-box-for-organization\/\">Comment stocker des disques vinyles avec un bo\u00eetier en aluminium ?<\/a><\/li>\n<\/ul>","protected":false},"excerpt":{"rendered":"<p>Mod\u00e8le : SC-BA001<\/p>\n<p>Taille : 360*190*360mm ou Personnaliser<\/p>\n<p>Capacit\u00e9 : 50 disques vinyles\/LP\/disques de 12 pouces<\/p>\n<p>Couleurs : Transparent<\/p>\n<p>Mat\u00e9riaux : Aluminium, Panneau acrylique, Panneau ABS, Accessoires.<\/p>\n<p>Logo : Logo en plaque m\u00e9tallique, logo s\u00e9rigraphi\u00e9<\/p>\n<p>Quantit\u00e9 minimale de commande : 100 pi\u00e8ces<\/p>","protected":false},"featured_media":21443,"template":"","meta":{"_gspb_post_css":""},"product_cat":[83],"product_tag":[],"featured_image_urls":{"full":["https:\/\/suncasesupply.com\/wp-content\/uploads\/2023\/08\/230.jpg",800,800,false],"thumbnail":["https:\/\/suncasesupply.com\/wp-content\/uploads\/2023\/08\/230-150x150.jpg",150,150,true],"medium":["https:\/\/suncasesupply.com\/wp-content\/uploads\/2023\/08\/230-300x300.jpg",300,300,true],"medium_large":["https:\/\/suncasesupply.com\/wp-content\/uploads\/2023\/08\/230-768x768.jpg",768,768,true],"large":["https:\/\/suncasesupply.com\/wp-content\/uploads\/2023\/08\/230.jpg",800,800,false],"1536x1536":["https:\/\/suncasesupply.com\/wp-content\/uploads\/2023\/08\/230.jpg",800,800,false],"2048x2048":["https:\/\/suncasesupply.com\/wp-content\/uploads\/2023\/08\/230.jpg",800,800,false],"trp-custom-language-flag":["https:\/\/suncasesupply.com\/wp-content\/uploads\/2023\/08\/230.jpg",12,12,false],"woocommerce_thumbnail":["https:\/\/suncasesupply.com\/wp-content\/uploads\/2023\/08\/230-300x300.jpg",300,300,true],"woocommerce_single":["https:\/\/suncasesupply.com\/wp-content\/uploads\/2023\/08\/230-600x600.jpg",600,600,true],"woocommerce_gallery_thumbnail":["https:\/\/suncasesupply.com\/wp-content\/uploads\/2023\/08\/230-100x100.jpg",100,100,true]},"post_excerpt_stackable":"<p>Model: SC-BA001<\/p>\n<p>Size: 360*190*360mm or Customize<\/p>\n<p>Capacity: 50pcs x\u00a012inch LPs\/Vinyl\/Records<\/p>\n<p>Colors: Transparent<\/p>\n<p>Materials: Aluminum, Acrylic\u00a0panel, ABS\u00a0Panel, Accessories.<\/p>\n<p>Logo: Metal plate logo, silk screen logo<\/p>\n<p>MOQ: 100pcs<\/p>\n","category_list":"","author_info":{"name":"","url":""},"comments_num":"0 commentaire","_links":{"self":[{"href":"https:\/\/suncasesupply.com\/fr\/wp-json\/wp\/v2\/product\/21440"}],"collection":[{"href":"https:\/\/suncasesupply.com\/fr\/wp-json\/wp\/v2\/product"}],"about":[{"href":"https:\/\/suncasesupply.com\/fr\/wp-json\/wp\/v2\/types\/product"}],"wp:featuredmedia":[{"embeddable":true,"href":"https:\/\/suncasesupply.com\/fr\/wp-json\/wp\/v2\/media\/21443"}],"wp:attachment":[{"href":"https:\/\/suncasesupply.com\/fr\/wp-json\/wp\/v2\/media?parent=21440"}],"wp:term":[{"taxonomy":"product_cat","embeddable":true,"href":"https:\/\/suncasesupply.com\/fr\/wp-json\/wp\/v2\/product_cat?post=21440"},{"taxonomy":"product_tag","embeddable":true,"href":"https:\/\/suncasesupply.com\/fr\/wp-json\/wp\/v2\/product_tag?post=21440"}],"curies":[{"name":"wp","href":"https:\/\/api.w.org\/{rel}","templated":true}]}}