{"id":21407,"date":"2023-08-28T16:14:35","date_gmt":"2023-08-28T08:14:35","guid":{"rendered":"https:\/\/suncasesupply.com\/?post_type=product&#038;p=21407"},"modified":"2025-02-20T09:47:33","modified_gmt":"2025-02-20T01:47:33","slug":"aluminum-alloy-carrying-case-portable-storage-box-for-wireless-mic-system-storage-camera-gear","status":"publish","type":"product","link":"https:\/\/suncasesupply.com\/fr\/product\/aluminum-alloy-carrying-case-portable-storage-box-for-wireless-mic-system-storage-camera-gear\/","title":{"rendered":"Mallette de transport en alliage d&#039;aluminium, bo\u00eete de rangement Portable pour le stockage du syst\u00e8me de micro sans fil et le mat\u00e9riel de cam\u00e9ra"},"content":{"rendered":"<p>&nbsp;<\/p>\n<table width=\"774\">\n<tbody>\n<tr>\n<td width=\"177\">Article<\/td>\n<td width=\"597\">Bo\u00eetier en aluminium<\/td>\n<\/tr>\n<tr>\n<td>Dimension<\/td>\n<td>43,5 cm X 32 cm X 10,5 cm ou personnaliser<\/td>\n<\/tr>\n<tr>\n<td>Couleurs<\/td>\n<td>Comme le montrent les images ou personnaliser<\/td>\n<\/tr>\n<tr>\n<td>Mat\u00e9riaux<\/td>\n<td>Aluminium, panneau ABS, panneau MDF, doublure EVA\/mousse\/tissu\/PU, quincaillerie<\/td>\n<\/tr>\n<tr>\n<td>Logo<\/td>\n<td>Logo plaque m\u00e9tallique, logo imprim\u00e9, logo en relief, logo laser<\/td>\n<\/tr>\n<tr>\n<td>Temps d&#039;\u00e9chantillonnage<\/td>\n<td>7 jours<\/td>\n<\/tr>\n<tr>\n<td>Port d&#039;embarquement<\/td>\n<td>Canton, Shenzhen<\/td>\n<\/tr>\n<tr>\n<td>Conditions commerciales<\/td>\n<td>EXW, FOB, CIF, DDU, DDP<\/td>\n<\/tr>\n<tr>\n<td>M\u00e9thodes de payement<\/td>\n<td>T\/T, esp\u00e8ces, PayPal, carte de cr\u00e9dit<\/td>\n<\/tr>\n<\/tbody>\n<\/table>\n<p><span style=\"color: #003366;\">Caract\u00e9ristiques:<\/span><\/p>\n<p>Construction en alliage d&#039;aluminium de qualit\u00e9 sup\u00e9rieure\u00a0: cet \u00e9tui de transport robuste et durable a un ext\u00e9rieur en alliage d&#039;aluminium dur et son int\u00e9rieur a une bordure murale absorbant les chocs pour prot\u00e9ger vos \u00e9quipements des chutes et des impacts soudains.<\/p>\n<p>Mousse personnalisable \u00e0 deux couches : l&#039;\u00e9tui de transport comprend une couche de mousse pr\u00e9-d\u00e9coup\u00e9e personnalisable qui peut \u00eatre retir\u00e9e pour s&#039;adapter \u00e0 vos syst\u00e8mes et accessoires, y compris les \u00e9metteurs, les r\u00e9cepteurs et le casque\/micro-cravate. Vous pouvez concevoir vos propres compartiments.<\/p>\n<p>Sp\u00e9cification : Dimension ext\u00e9rieure : 43,5 cm X 32 cm X 10,5 cm. Dimension int\u00e9rieure : 42 cm X 30 cm X 5,7 cm. Poids : 1,7 kg.<\/p>\n<p>Renfort de sangle en m\u00e9tal\u00a0: renfort de sangle en m\u00e9tal \u00e0 l&#039;ext\u00e9rieur de la mallette de transport, qualit\u00e9 de construction extr\u00eamement robuste pour supporter une utilisation intensive et un transport fr\u00e9quent pendant les tourn\u00e9es\/spectacles<\/p>","protected":false},"excerpt":{"rendered":"<p>Mod\u00e8le : CC-0002<\/p>\n<p>Dimensions : 43,5 cm X 32 cm X 10,5 cm<\/p>\n<p>Quantit\u00e9 minimale de commande : 100 pi\u00e8ces<\/p>\n<p>D\u00e9lai de livraison : 15-25 jours<\/p>\n<p>\u00c9chantillon\u00a0: Disponible<\/p>","protected":false},"featured_media":21419,"template":"","meta":{"_gspb_post_css":""},"product_cat":[42,80],"product_tag":[],"featured_image_urls":{"full":["https:\/\/suncasesupply.com\/wp-content\/uploads\/2023\/08\/81OoffT0ycL._AC_SL1500_.jpg",1441,1500,false],"thumbnail":["https:\/\/suncasesupply.com\/wp-content\/uploads\/2023\/08\/81OoffT0ycL._AC_SL1500_-150x150.jpg",150,150,true],"medium":["https:\/\/suncasesupply.com\/wp-content\/uploads\/2023\/08\/81OoffT0ycL._AC_SL1500_-288x300.jpg",288,300,true],"medium_large":["https:\/\/suncasesupply.com\/wp-content\/uploads\/2023\/08\/81OoffT0ycL._AC_SL1500_-768x799.jpg",768,799,true],"large":["https:\/\/suncasesupply.com\/wp-content\/uploads\/2023\/08\/81OoffT0ycL._AC_SL1500_-984x1024.jpg",984,1024,true],"1536x1536":["https:\/\/suncasesupply.com\/wp-content\/uploads\/2023\/08\/81OoffT0ycL._AC_SL1500_.jpg",1441,1500,false],"2048x2048":["https:\/\/suncasesupply.com\/wp-content\/uploads\/2023\/08\/81OoffT0ycL._AC_SL1500_.jpg",1441,1500,false],"trp-custom-language-flag":["https:\/\/suncasesupply.com\/wp-content\/uploads\/2023\/08\/81OoffT0ycL._AC_SL1500_.jpg",12,12,false],"woocommerce_thumbnail":["https:\/\/suncasesupply.com\/wp-content\/uploads\/2023\/08\/81OoffT0ycL._AC_SL1500_-300x300.jpg",300,300,true],"woocommerce_single":["https:\/\/suncasesupply.com\/wp-content\/uploads\/2023\/08\/81OoffT0ycL._AC_SL1500_-600x625.jpg",600,625,true],"woocommerce_gallery_thumbnail":["https:\/\/suncasesupply.com\/wp-content\/uploads\/2023\/08\/81OoffT0ycL._AC_SL1500_-100x100.jpg",100,100,true]},"post_excerpt_stackable":"<p>Model : CC-0002<\/p>\n<p>Size: 43.5 cm X 32 cm X 10.5 cm<\/p>\n<p>MOQ: 100pcs<\/p>\n<p>Delivery Time : 15-25 Days<\/p>\n<p>Sample : Available<\/p>\n","category_list":"","author_info":{"name":"","url":""},"comments_num":"0 commentaire","_links":{"self":[{"href":"https:\/\/suncasesupply.com\/fr\/wp-json\/wp\/v2\/product\/21407"}],"collection":[{"href":"https:\/\/suncasesupply.com\/fr\/wp-json\/wp\/v2\/product"}],"about":[{"href":"https:\/\/suncasesupply.com\/fr\/wp-json\/wp\/v2\/types\/product"}],"wp:featuredmedia":[{"embeddable":true,"href":"https:\/\/suncasesupply.com\/fr\/wp-json\/wp\/v2\/media\/21419"}],"wp:attachment":[{"href":"https:\/\/suncasesupply.com\/fr\/wp-json\/wp\/v2\/media?parent=21407"}],"wp:term":[{"taxonomy":"product_cat","embeddable":true,"href":"https:\/\/suncasesupply.com\/fr\/wp-json\/wp\/v2\/product_cat?post=21407"},{"taxonomy":"product_tag","embeddable":true,"href":"https:\/\/suncasesupply.com\/fr\/wp-json\/wp\/v2\/product_tag?post=21407"}],"curies":[{"name":"wp","href":"https:\/\/api.w.org\/{rel}","templated":true}]}}