{"id":21394,"date":"2023-08-28T16:08:39","date_gmt":"2023-08-28T08:08:39","guid":{"rendered":"https:\/\/suncasesupply.com\/?post_type=product&#038;p=21394"},"modified":"2025-02-20T11:28:23","modified_gmt":"2025-02-20T03:28:23","slug":"graded-card-storage-box-sports-card-collection-compatible-with-psa-and-bgs","status":"publish","type":"product","link":"https:\/\/suncasesupply.com\/fr\/product\/graded-card-storage-box-sports-card-collection-compatible-with-psa-and-bgs\/","title":{"rendered":"Bo\u00eete de rangement de cartes gradu\u00e9es, collection de cartes de sport Compatible avec PSA et BGS"},"content":{"rendered":"<p>&nbsp;<\/p>\n<table width=\"774\">\n<tbody>\n<tr>\n<td width=\"177\">Article<\/td>\n<td width=\"597\">\u00c9tui \u00e0 cartes sport en aluminium<\/td>\n<\/tr>\n<tr>\n<td>Dimension<\/td>\n<td>26 x 16,4x 19,2 cm ou personnaliser<\/td>\n<\/tr>\n<tr>\n<td>Couleurs<\/td>\n<td>Comme le montrent les images ou personnaliser<\/td>\n<\/tr>\n<tr>\n<td>Mat\u00e9riaux<\/td>\n<td>Aluminium, panneau ABS, panneau MDF, doublure EVA\/mousse\/tissu\/PU, quincaillerie<\/td>\n<\/tr>\n<tr>\n<td>Logo<\/td>\n<td>Logo plaque m\u00e9tallique, logo imprim\u00e9, logo en relief, logo laser<\/td>\n<\/tr>\n<tr>\n<td>Temps d&#039;\u00e9chantillonnage<\/td>\n<td>7 jours<\/td>\n<\/tr>\n<tr>\n<td>Port d&#039;embarquement<\/td>\n<td>Canton, Shenzhen<\/td>\n<\/tr>\n<tr>\n<td>Conditions commerciales<\/td>\n<td>EXW, FOB, CIF, DDU, DDP<\/td>\n<\/tr>\n<tr>\n<td>M\u00e9thodes de payement<\/td>\n<td>T\/T, esp\u00e8ces, PayPal, carte de cr\u00e9dit<\/td>\n<\/tr>\n<\/tbody>\n<\/table>\n<p><span style=\"color: #003366;\">Caract\u00e9ristiques:<\/span><\/p>\n<p>Cet \u00e9tui est une excellente bo\u00eete de rangement pour les collectionneurs de cartes de sport qui souhaitent garder leurs cartes PSA et BGS en s\u00e9curit\u00e9.<\/p>\n<p>Il est fabriqu\u00e9 dans un mat\u00e9riau robuste pour garantir la s\u00e9curit\u00e9 de vos cartes.<\/p>\n<p>Les inserts en mousse sont con\u00e7us pour maintenir vos cartes en s\u00e9curit\u00e9 m\u00eame si l&#039;\u00e9tui n&#039;est pas rempli au maximum.<\/p>\n<p>Il est r\u00e9sistant \u00e0 l\u2019eau mais pas \u00e9tanche.<\/p>\n<p>Il convient \u00e9galement aux cartes PSA et gradu\u00e9es avec un peu d&#039;espace libre.<\/p>","protected":false},"excerpt":{"rendered":"<p>Mod\u00e8le : BL-0027<\/p>\n<p>Taille : 26 x 16,4 x 19,2 cm ou personnaliser<\/p>\n<p>Quantit\u00e9 minimale de commande : 100 pi\u00e8ces<\/p>\n<p>D\u00e9lai de livraison : 15-25 jours<\/p>\n<p>\u00c9chantillon\u00a0: Disponible<\/p>","protected":false},"featured_media":21399,"template":"","meta":{"_gspb_post_css":""},"product_cat":[87],"product_tag":[],"featured_image_urls":{"full":["https:\/\/suncasesupply.com\/wp-content\/uploads\/2023\/08\/4-1-3.jpg",1000,1000,false],"thumbnail":["https:\/\/suncasesupply.com\/wp-content\/uploads\/2023\/08\/4-1-3-150x150.jpg",150,150,true],"medium":["https:\/\/suncasesupply.com\/wp-content\/uploads\/2023\/08\/4-1-3-300x300.jpg",300,300,true],"medium_large":["https:\/\/suncasesupply.com\/wp-content\/uploads\/2023\/08\/4-1-3-768x768.jpg",768,768,true],"large":["https:\/\/suncasesupply.com\/wp-content\/uploads\/2023\/08\/4-1-3.jpg",1000,1000,false],"1536x1536":["https:\/\/suncasesupply.com\/wp-content\/uploads\/2023\/08\/4-1-3.jpg",1000,1000,false],"2048x2048":["https:\/\/suncasesupply.com\/wp-content\/uploads\/2023\/08\/4-1-3.jpg",1000,1000,false],"trp-custom-language-flag":["https:\/\/suncasesupply.com\/wp-content\/uploads\/2023\/08\/4-1-3.jpg",12,12,false],"woocommerce_thumbnail":["https:\/\/suncasesupply.com\/wp-content\/uploads\/2023\/08\/4-1-3-300x300.jpg",300,300,true],"woocommerce_single":["https:\/\/suncasesupply.com\/wp-content\/uploads\/2023\/08\/4-1-3-600x600.jpg",600,600,true],"woocommerce_gallery_thumbnail":["https:\/\/suncasesupply.com\/wp-content\/uploads\/2023\/08\/4-1-3-100x100.jpg",100,100,true]},"post_excerpt_stackable":"<p>Model : BL-0027<\/p>\n<p>Size: 26 x 16.4x 19.2cm or customize<\/p>\n<p>MOQ: 100pcs<\/p>\n<p>Delivery Time : 15-25 Days<\/p>\n<p>Sample : Available<\/p>\n","category_list":"","author_info":{"name":"","url":""},"comments_num":"0 commentaire","_links":{"self":[{"href":"https:\/\/suncasesupply.com\/fr\/wp-json\/wp\/v2\/product\/21394"}],"collection":[{"href":"https:\/\/suncasesupply.com\/fr\/wp-json\/wp\/v2\/product"}],"about":[{"href":"https:\/\/suncasesupply.com\/fr\/wp-json\/wp\/v2\/types\/product"}],"wp:featuredmedia":[{"embeddable":true,"href":"https:\/\/suncasesupply.com\/fr\/wp-json\/wp\/v2\/media\/21399"}],"wp:attachment":[{"href":"https:\/\/suncasesupply.com\/fr\/wp-json\/wp\/v2\/media?parent=21394"}],"wp:term":[{"taxonomy":"product_cat","embeddable":true,"href":"https:\/\/suncasesupply.com\/fr\/wp-json\/wp\/v2\/product_cat?post=21394"},{"taxonomy":"product_tag","embeddable":true,"href":"https:\/\/suncasesupply.com\/fr\/wp-json\/wp\/v2\/product_tag?post=21394"}],"curies":[{"name":"wp","href":"https:\/\/api.w.org\/{rel}","templated":true}]}}