{"id":21389,"date":"2023-08-28T16:05:17","date_gmt":"2023-08-28T08:05:17","guid":{"rendered":"https:\/\/suncasesupply.com\/?post_type=product&#038;p=21389"},"modified":"2025-02-20T14:35:44","modified_gmt":"2025-02-20T06:35:44","slug":"pink-pattern-custom-record-case-storage-case-for-12-lp-vinyl-record-case-display-album-case","status":"publish","type":"product","link":"https:\/\/suncasesupply.com\/fr\/product\/pink-pattern-custom-record-case-storage-case-for-12-lp-vinyl-record-case-display-album-case\/","title":{"rendered":"\u00c9tui de rangement pour disque vinyle personnalis\u00e9 \u00e0 motif rose, \u00e9tui de rangement pour disque vinyle LP 12 pouces, pr\u00e9sentoir pour album"},"content":{"rendered":"<p>&nbsp;<\/p>\n<table width=\"774\">\n<tbody>\n<tr>\n<td width=\"177\">Article<\/td>\n<td width=\"597\">\u00c9tui \u00e0 disques en aluminium<\/td>\n<\/tr>\n<tr>\n<td>Dimension<\/td>\n<td>36 x 36 x 36 cm ou personnaliser<\/td>\n<\/tr>\n<tr>\n<td>Couleurs<\/td>\n<td>Comme le montrent les images ou personnaliser<\/td>\n<\/tr>\n<tr>\n<td>Mat\u00e9riaux<\/td>\n<td>Aluminium, panneau ABS, panneau MDF, doublure EVA\/mousse\/tissu\/PU, quincaillerie<\/td>\n<\/tr>\n<tr>\n<td>Logo<\/td>\n<td>Logo plaque m\u00e9tallique, logo imprim\u00e9, logo en relief, logo laser<\/td>\n<\/tr>\n<tr>\n<td>Temps d&#039;\u00e9chantillonnage<\/td>\n<td>7 jours<\/td>\n<\/tr>\n<tr>\n<td>Port d&#039;embarquement<\/td>\n<td>Canton, Shenzhen<\/td>\n<\/tr>\n<tr>\n<td>Conditions commerciales<\/td>\n<td>EXW, FOB, CIF, DDU, DDP<\/td>\n<\/tr>\n<tr>\n<td>M\u00e9thodes de payement<\/td>\n<td>T\/T, esp\u00e8ces, PayPal, carte de cr\u00e9dit<\/td>\n<\/tr>\n<\/tbody>\n<\/table>\n<p><span style=\"color: #003366;\">Caract\u00e9ristiques:<\/span><\/p>\n<p>Le Record Case 12\u2033 est con\u00e7u pour stocker et transporter jusqu\u2019\u00e0 50 disques 12\u2033. Avec sa construction stable compos\u00e9e de profil\u00e9s en aluminium, de panneaux MDF plastifi\u00e9s, de rivets et d&#039;une doublure en mousse souple, le porte-disque offre une protection optimale contre les chocs, la lumi\u00e8re et la chaleur.<\/p>\n<p>Le couvercle du LP Record Case est fermement install\u00e9 sur 2 charni\u00e8res m\u00e9talliques robustes. Un verrou \u00e0 pression offre une protection fiable contre le vol. Gr\u00e2ce \u00e0 son faible poids propre et \u00e0 sa construction stable, la mallette pour disques en aluminium est une mallette pour disques DJ id\u00e9ale qui peut \u00e9galement \u00eatre transport\u00e9e r\u00e9guli\u00e8rement sans probl\u00e8me. La bo\u00eete est disponible en trois variantes de couleurs : argent\/argent, argent\/noir et noir\/noir.<\/p>\n<p>D\u00e9tails techniques:<br \/>\n\u2022 Capacit\u00e9 : max. 100 pi\u00e8ces. Disques 12\u2033<br \/>\n\u2022 Mat\u00e9riau : aluminium, panneaux MDF plastifi\u00e9s<br \/>\n\u2022 Coins de protection en m\u00e9tal prot\u00e9geant des chocs et de l&#039;usure<br \/>\n\u2022 Disponible en trois couleurs : Argent\/Argent, Argent\/Noir ; Noir noir.<br \/>\n\u2022 Pieds en caoutchouc antid\u00e9rapants<br \/>\n\u2022 Dimensions (LxlxH) : 36 x 36 x 36 cm<br \/>\n\u2022 Poids 2,5 kg<\/p>","protected":false},"excerpt":{"rendered":"<p>Mod\u00e8le : Z35<\/p>\n<p>Taille: 36x36x36 cm<\/p>\n<p>Capacit\u00e9 : 100 LP 12\u2033<\/p>\n<p>Quantit\u00e9 minimale de commande : 100 pi\u00e8ces<\/p>\n<p>D\u00e9lai de livraison : 15-25 jours<\/p>\n<p>\u00c9chantillon\u00a0: Disponible<\/p>","protected":false},"featured_media":21390,"template":"","meta":{"_gspb_post_css":""},"product_cat":[83],"product_tag":[],"featured_image_urls":{"full":["https:\/\/suncasesupply.com\/wp-content\/uploads\/2023\/08\/209.png",800,800,false],"thumbnail":["https:\/\/suncasesupply.com\/wp-content\/uploads\/2023\/08\/209-150x150.png",150,150,true],"medium":["https:\/\/suncasesupply.com\/wp-content\/uploads\/2023\/08\/209-300x300.png",300,300,true],"medium_large":["https:\/\/suncasesupply.com\/wp-content\/uploads\/2023\/08\/209-768x768.png",768,768,true],"large":["https:\/\/suncasesupply.com\/wp-content\/uploads\/2023\/08\/209.png",800,800,false],"1536x1536":["https:\/\/suncasesupply.com\/wp-content\/uploads\/2023\/08\/209.png",800,800,false],"2048x2048":["https:\/\/suncasesupply.com\/wp-content\/uploads\/2023\/08\/209.png",800,800,false],"trp-custom-language-flag":["https:\/\/suncasesupply.com\/wp-content\/uploads\/2023\/08\/209.png",12,12,false],"woocommerce_thumbnail":["https:\/\/suncasesupply.com\/wp-content\/uploads\/2023\/08\/209-300x300.png",300,300,true],"woocommerce_single":["https:\/\/suncasesupply.com\/wp-content\/uploads\/2023\/08\/209-600x600.png",600,600,true],"woocommerce_gallery_thumbnail":["https:\/\/suncasesupply.com\/wp-content\/uploads\/2023\/08\/209-100x100.png",100,100,true]},"post_excerpt_stackable":"<p>Model : Z35<\/p>\n<p>Size: 36 x 36 x 36 cm<\/p>\n<p>Capacity: 100 x 12&#8243; LPs<\/p>\n<p>MOQ: 100pcs<\/p>\n<p>Delivery Time : 15-25 Days<\/p>\n<p>Sample : Available<\/p>\n","category_list":"","author_info":{"name":"","url":""},"comments_num":"0 commentaire","_links":{"self":[{"href":"https:\/\/suncasesupply.com\/fr\/wp-json\/wp\/v2\/product\/21389"}],"collection":[{"href":"https:\/\/suncasesupply.com\/fr\/wp-json\/wp\/v2\/product"}],"about":[{"href":"https:\/\/suncasesupply.com\/fr\/wp-json\/wp\/v2\/types\/product"}],"wp:featuredmedia":[{"embeddable":true,"href":"https:\/\/suncasesupply.com\/fr\/wp-json\/wp\/v2\/media\/21390"}],"wp:attachment":[{"href":"https:\/\/suncasesupply.com\/fr\/wp-json\/wp\/v2\/media?parent=21389"}],"wp:term":[{"taxonomy":"product_cat","embeddable":true,"href":"https:\/\/suncasesupply.com\/fr\/wp-json\/wp\/v2\/product_cat?post=21389"},{"taxonomy":"product_tag","embeddable":true,"href":"https:\/\/suncasesupply.com\/fr\/wp-json\/wp\/v2\/product_tag?post=21389"}],"curies":[{"name":"wp","href":"https:\/\/api.w.org\/{rel}","templated":true}]}}