{"id":21356,"date":"2023-08-28T15:50:15","date_gmt":"2023-08-28T07:50:15","guid":{"rendered":"https:\/\/suncasesupply.com\/?post_type=product&#038;p=21356"},"modified":"2025-02-20T11:11:42","modified_gmt":"2025-02-20T03:11:42","slug":"alloy-extra-long-rifle-case-silver-aluminum-rifle-case-portable-locking-storage-box-for-gun","status":"publish","type":"product","link":"https:\/\/suncasesupply.com\/fr\/product\/alloy-extra-long-rifle-case-silver-aluminum-rifle-case-portable-locking-storage-box-for-gun\/","title":{"rendered":"Mallette \u00e0 fusil Extra longue en alliage, mallette \u00e0 fusil en aluminium argent\u00e9, bo\u00eete de rangement Portable verrouillable pour pistolet"},"content":{"rendered":"<p>&nbsp;<\/p>\n<table width=\"774\">\n<tbody>\n<tr>\n<td width=\"177\">Article<\/td>\n<td width=\"597\">Mallette pour pistolet en aluminium<\/td>\n<\/tr>\n<tr>\n<td>Dimension<\/td>\n<td>135 x 33 x 11,5 cm ou Personnaliser<\/td>\n<\/tr>\n<tr>\n<td>Couleurs<\/td>\n<td>Comme le montrent les images ou personnaliser<\/td>\n<\/tr>\n<tr>\n<td>Mat\u00e9riaux<\/td>\n<td>Aluminium, panneau ABS, panneau MDF, doublure EVA\/mousse\/tissu\/PU, quincaillerie<\/td>\n<\/tr>\n<tr>\n<td>Logo<\/td>\n<td>Logo plaque m\u00e9tallique, logo imprim\u00e9, logo en relief, logo laser<\/td>\n<\/tr>\n<tr>\n<td>Temps d&#039;\u00e9chantillonnage<\/td>\n<td>7 jours<\/td>\n<\/tr>\n<tr>\n<td>Port d&#039;embarquement<\/td>\n<td>Canton, Shenzhen<\/td>\n<\/tr>\n<tr>\n<td>Conditions commerciales<\/td>\n<td>EXW, FOB, CIF, DDU, DDP<\/td>\n<\/tr>\n<tr>\n<td>M\u00e9thodes de payement<\/td>\n<td>T\/T, esp\u00e8ces, PayPal, carte de cr\u00e9dit<\/td>\n<\/tr>\n<\/tbody>\n<\/table>\n<p><span style=\"color: #003366;\">Caract\u00e9ristiques:<\/span><\/p>\n<ul class=\"v_features\">\n<li>Panneaux d&#039;extr\u00e9mit\u00e9 en polypropyl\u00e8ne moul\u00e9<\/li>\n<li>Cadre en aluminium<\/li>\n<li>Coins m\u00e9talliques renforc\u00e9s<\/li>\n<li>Panneaux stratifi\u00e9s haute pression<\/li>\n<li>Roues d&#039;angle<\/li>\n<li>Deux poign\u00e9es en caoutchouc<\/li>\n<li>Deux loquets papillon encastr\u00e9s avec ports cadenassables<\/li>\n<li>Deux loquets avec ports cadenassables<\/li>\n<li>Charni\u00e8res pour piano<\/li>\n<li>Mousse alv\u00e9ol\u00e9e fix\u00e9e dans le couvercle<\/li>\n<li>Deux couches de mousse amovible (alv\u00e9ol\u00e9e et Pick-n-Pluck) dans la base du bo\u00eetier<\/li>\n<\/ul>","protected":false},"excerpt":{"rendered":"<p>Mod\u00e8le : Z32<\/p>\n<p>Dimensions : 135 x 33 x 11,5 cm<\/p>\n<p>Quantit\u00e9 minimale de commande : 100 pi\u00e8ces<\/p>\n<p>D\u00e9lai de livraison : 15-25 jours<\/p>\n<p>\u00c9chantillon\u00a0: Disponible<\/p>","protected":false},"featured_media":21357,"template":"","meta":{"_gspb_post_css":""},"product_cat":[85],"product_tag":[],"featured_image_urls":{"full":["https:\/\/suncasesupply.com\/wp-content\/uploads\/2023\/08\/56.jpeg",1024,1024,false],"thumbnail":["https:\/\/suncasesupply.com\/wp-content\/uploads\/2023\/08\/56-150x150.jpeg",150,150,true],"medium":["https:\/\/suncasesupply.com\/wp-content\/uploads\/2023\/08\/56-300x300.jpeg",300,300,true],"medium_large":["https:\/\/suncasesupply.com\/wp-content\/uploads\/2023\/08\/56-768x768.jpeg",768,768,true],"large":["https:\/\/suncasesupply.com\/wp-content\/uploads\/2023\/08\/56.jpeg",1024,1024,false],"1536x1536":["https:\/\/suncasesupply.com\/wp-content\/uploads\/2023\/08\/56.jpeg",1024,1024,false],"2048x2048":["https:\/\/suncasesupply.com\/wp-content\/uploads\/2023\/08\/56.jpeg",1024,1024,false],"trp-custom-language-flag":["https:\/\/suncasesupply.com\/wp-content\/uploads\/2023\/08\/56.jpeg",12,12,false],"woocommerce_thumbnail":["https:\/\/suncasesupply.com\/wp-content\/uploads\/2023\/08\/56-300x300.jpeg",300,300,true],"woocommerce_single":["https:\/\/suncasesupply.com\/wp-content\/uploads\/2023\/08\/56-600x600.jpeg",600,600,true],"woocommerce_gallery_thumbnail":["https:\/\/suncasesupply.com\/wp-content\/uploads\/2023\/08\/56-100x100.jpeg",100,100,true]},"post_excerpt_stackable":"<p>Model : Z32<\/p>\n<p>Size: 135 x 33 x 11.5 cm<\/p>\n<p>MOQ: 100pcs<\/p>\n<p>Delivery Time : 15-25 Days<\/p>\n<p>Sample : Available<\/p>\n","category_list":"","author_info":{"name":"","url":""},"comments_num":"0 commentaire","_links":{"self":[{"href":"https:\/\/suncasesupply.com\/fr\/wp-json\/wp\/v2\/product\/21356"}],"collection":[{"href":"https:\/\/suncasesupply.com\/fr\/wp-json\/wp\/v2\/product"}],"about":[{"href":"https:\/\/suncasesupply.com\/fr\/wp-json\/wp\/v2\/types\/product"}],"wp:featuredmedia":[{"embeddable":true,"href":"https:\/\/suncasesupply.com\/fr\/wp-json\/wp\/v2\/media\/21357"}],"wp:attachment":[{"href":"https:\/\/suncasesupply.com\/fr\/wp-json\/wp\/v2\/media?parent=21356"}],"wp:term":[{"taxonomy":"product_cat","embeddable":true,"href":"https:\/\/suncasesupply.com\/fr\/wp-json\/wp\/v2\/product_cat?post=21356"},{"taxonomy":"product_tag","embeddable":true,"href":"https:\/\/suncasesupply.com\/fr\/wp-json\/wp\/v2\/product_tag?post=21356"}],"curies":[{"name":"wp","href":"https:\/\/api.w.org\/{rel}","templated":true}]}}