{"id":21307,"date":"2023-08-28T15:29:22","date_gmt":"2023-08-28T07:29:22","guid":{"rendered":"https:\/\/suncasesupply.com\/?post_type=product&#038;p=21307"},"modified":"2025-02-20T10:23:26","modified_gmt":"2025-02-20T02:23:26","slug":"trolley-pilot-case-laptop-compartment-2-combination-locks","status":"publish","type":"product","link":"https:\/\/suncasesupply.com\/fr\/product\/trolley-pilot-case-laptop-compartment-2-combination-locks\/","title":{"rendered":"Valise Pilote \u00e0 roulettes Compartiment pour Ordinateur Portable 2 Serrures \u00e0 Combinaison"},"content":{"rendered":"<p>&nbsp;<\/p>\n<table width=\"774\">\n<tbody>\n<tr>\n<td width=\"177\">Article<\/td>\n<td width=\"597\">Bo\u00eetier en aluminium<\/td>\n<\/tr>\n<tr>\n<td>Dimension<\/td>\n<td>48 x 23 x 37 cm ou personnaliser<\/td>\n<\/tr>\n<tr>\n<td>Couleurs<\/td>\n<td>Comme le montrent les images ou personnaliser<\/td>\n<\/tr>\n<tr>\n<td>Mat\u00e9riaux<\/td>\n<td>Aluminium, panneau ABS, panneau MDF, doublure EVA\/mousse\/tissu\/PU, quincaillerie<\/td>\n<\/tr>\n<tr>\n<td>Logo<\/td>\n<td>Logo plaque m\u00e9tallique, logo imprim\u00e9, logo en relief, logo laser<\/td>\n<\/tr>\n<tr>\n<td>Temps d&#039;\u00e9chantillonnage<\/td>\n<td>7 jours<\/td>\n<\/tr>\n<tr>\n<td>Port d&#039;embarquement<\/td>\n<td>Canton, Shenzhen<\/td>\n<\/tr>\n<tr>\n<td>Conditions commerciales<\/td>\n<td>EXW, FOB, CIF, DDU, DDP<\/td>\n<\/tr>\n<tr>\n<td>M\u00e9thodes de payement<\/td>\n<td>T\/T, esp\u00e8ces, PayPal, carte de cr\u00e9dit<\/td>\n<\/tr>\n<\/tbody>\n<\/table>\n<p><span style=\"color: #003366;\">Caract\u00e9ristiques:<\/span><\/p>\n<p>Look professionnel \u00e9l\u00e9gant dans une couleur \u00e9l\u00e9gante Aluminium nervur\u00e9 noir avec raccords Gun Metal<br \/>\nPoids lourd d&#039;environ 5,4 kg. Format de poche double pour dossiers\/documents avec fermeture Velcro\u00a0: 40 x 25 x 4\u00a0cm<br \/>\nDim. ext : 49 x 41 x 23 cm. Convient \u00e0 la plupart des bagages \u00e0 main des compagnies a\u00e9riennes\u00a0: 49 x 41 x 23 cm (v\u00e9rifiez d&#039;abord la taille autoris\u00e9e aupr\u00e8s de votre compagnie a\u00e9rienne)<br \/>\nDim. int : 47 x 38,5 x 16,5 cm<br \/>\nGrand compartiment principal. Le couvercle interne comprend : quatre porte-stylos, une pochette pour cartes de visite. Am\u00e9nagements ext\u00e9rieurs de couleur noire. Serrures \u00e0 combinaison double. Poign\u00e9e de transport solide en chrome poli. Poign\u00e9e t\u00e9lescopique solide s&#039;ajustant \u00e0 90 cm. Roues int\u00e9rieures \u00e0 roulement doux.<\/p>","protected":false},"excerpt":{"rendered":"<p>Mod\u00e8le : BC-0011<\/p>\n<p>Taille: 48x23x37 cm<\/p>\n<p>Quantit\u00e9 minimale de commande : 100 pi\u00e8ces<\/p>\n<p>D\u00e9lai de livraison : 15-25 jours<\/p>\n<p>\u00c9chantillon\u00a0: Disponible<\/p>","protected":false},"featured_media":21319,"template":"","meta":{"_gspb_post_css":""},"product_cat":[82],"product_tag":[],"featured_image_urls":{"full":["https:\/\/suncasesupply.com\/wp-content\/uploads\/2023\/08\/1-56-scaled.jpg",2560,2560,false],"thumbnail":["https:\/\/suncasesupply.com\/wp-content\/uploads\/2023\/08\/1-56-150x150.jpg",150,150,true],"medium":["https:\/\/suncasesupply.com\/wp-content\/uploads\/2023\/08\/1-56-300x300.jpg",300,300,true],"medium_large":["https:\/\/suncasesupply.com\/wp-content\/uploads\/2023\/08\/1-56-768x768.jpg",768,768,true],"large":["https:\/\/suncasesupply.com\/wp-content\/uploads\/2023\/08\/1-56-1024x1024.jpg",1024,1024,true],"1536x1536":["https:\/\/suncasesupply.com\/wp-content\/uploads\/2023\/08\/1-56-1536x1536.jpg",1536,1536,true],"2048x2048":["https:\/\/suncasesupply.com\/wp-content\/uploads\/2023\/08\/1-56-2048x2048.jpg",2048,2048,true],"trp-custom-language-flag":["https:\/\/suncasesupply.com\/wp-content\/uploads\/2023\/08\/1-56-scaled.jpg",12,12,false],"woocommerce_thumbnail":["https:\/\/suncasesupply.com\/wp-content\/uploads\/2023\/08\/1-56-300x300.jpg",300,300,true],"woocommerce_single":["https:\/\/suncasesupply.com\/wp-content\/uploads\/2023\/08\/1-56-600x600.jpg",600,600,true],"woocommerce_gallery_thumbnail":["https:\/\/suncasesupply.com\/wp-content\/uploads\/2023\/08\/1-56-100x100.jpg",100,100,true]},"post_excerpt_stackable":"<p>Model : BC-0011<\/p>\n<p>Size: 48 x 23 x 37 cm<\/p>\n<p>MOQ: 100pcs<\/p>\n<p>Delivery Time : 15-25 Days<\/p>\n<p>Sample : Available<\/p>\n","category_list":"","author_info":{"name":"","url":""},"comments_num":"0 commentaire","_links":{"self":[{"href":"https:\/\/suncasesupply.com\/fr\/wp-json\/wp\/v2\/product\/21307"}],"collection":[{"href":"https:\/\/suncasesupply.com\/fr\/wp-json\/wp\/v2\/product"}],"about":[{"href":"https:\/\/suncasesupply.com\/fr\/wp-json\/wp\/v2\/types\/product"}],"wp:featuredmedia":[{"embeddable":true,"href":"https:\/\/suncasesupply.com\/fr\/wp-json\/wp\/v2\/media\/21319"}],"wp:attachment":[{"href":"https:\/\/suncasesupply.com\/fr\/wp-json\/wp\/v2\/media?parent=21307"}],"wp:term":[{"taxonomy":"product_cat","embeddable":true,"href":"https:\/\/suncasesupply.com\/fr\/wp-json\/wp\/v2\/product_cat?post=21307"},{"taxonomy":"product_tag","embeddable":true,"href":"https:\/\/suncasesupply.com\/fr\/wp-json\/wp\/v2\/product_tag?post=21307"}],"curies":[{"name":"wp","href":"https:\/\/api.w.org\/{rel}","templated":true}]}}