{"id":21265,"date":"2023-08-28T14:56:18","date_gmt":"2023-08-28T06:56:18","guid":{"rendered":"https:\/\/suncasesupply.com\/?post_type=product&#038;p=21265"},"modified":"2026-03-17T01:30:02","modified_gmt":"2026-03-16T17:30:02","slug":"aluminum-tool-case-18-x-14-x-6-tools-storage-carrying-case-hot-selling","status":"publish","type":"product","link":"https:\/\/suncasesupply.com\/fr\/product\/aluminum-tool-case-18-x-14-x-6-tools-storage-carrying-case-hot-selling\/","title":{"rendered":"Mallette \u00e0 outils en aluminium 18\u2033 x 14\u2033 x 6\u2033 mallette de transport de stockage d&#039;outils vente chaude"},"content":{"rendered":"<h4><span style=\"color: #003366;\">Caract\u00e9ristiques:<\/span><\/h4>\n<ul>\n<li><strong>Grande capacit\u00e9<\/strong>Cette bo\u00eete \u00e0 outils en aluminium est \u00e9quip\u00e9e d&#039;un panneau porte-outils, de mousse pr\u00e9d\u00e9coup\u00e9e et de s\u00e9parateurs en EVA, et offre une capacit\u00e9 suffisante pour ranger vos diff\u00e9rents outils. Sa conception en fait une solution polyvalente pour vos outils.<\/li>\n<li><strong>Facile \u00e0 transporter<\/strong>:Construit avec une poign\u00e9e l\u00e9g\u00e8re et robuste, cet \u00e9tui de rangement pour outils est un bon choix lorsque vous sortez, et il dispose d&#039;une bandouli\u00e8re, qui peut lib\u00e9rer vos mains.<\/li>\n<li><strong>Fonction de stockage universelle<\/strong>Cette mallette en aluminium sert non seulement \u00e0 ranger vos outils, mais aussi de nombreux autres objets. Elle permet notamment de transporter votre appareil photo, vos appareils \u00e9lectroniques et autres \u00e9quipements. Son int\u00e9rieur en mousse prot\u00e8ge vos objets des chocs, faisant de cette mallette un accessoire pratique et indispensable.<\/li>\n<\/ul>\n<h4><span style=\"color: #003366;\">D\u00e9tails du produit :<\/span><\/h4>\n<div style=\"display: flex; gap: 20px;\">\n<p><!-- \u7b2c\u4e00\u680f --><\/p>\n<div style=\"flex: 1; text-align: center;\">\n<p><img decoding=\"async\" style=\"max-width: 100%; height: auto; margin-bottom: 10px;\" src=\"https:\/\/suncasesupply.com\/wp-content\/uploads\/2025\/03\/DIY-Foam.png\" alt=\"Mousse DIY\" \/><\/p>\n<p style=\"font-weight: bold; margin: 5px 0;\">Mousse DIY<\/p>\n<p style=\"margin: 0;\">Dot\u00e9 d&#039;un insert en mousse pr\u00e9d\u00e9coup\u00e9e, vous pouvez personnaliser l&#039;espace pour vos diff\u00e9rents outils. La mousse, tr\u00e8s douce, prot\u00e8ge efficacement vos outils. De plus, si vous n&#039;en avez pas besoin, elle peut \u00eatre retir\u00e9e pour gagner de la place dans cette mallette \u00e0 outils en aluminium.<\/p>\n<\/div>\n<p><!-- \u7b2c\u4e8c\u680f --><\/p>\n<div style=\"flex: 1; text-align: center;\">\n<p><img decoding=\"async\" style=\"max-width: 100%; height: auto; margin-bottom: 10px;\" src=\"https:\/\/suncasesupply.com\/wp-content\/uploads\/2025\/03\/EVA-dividers-1.png\" alt=\"S\u00e9parateurs EVA\" \/><\/p>\n<p style=\"font-weight: bold; margin: 5px 0;\">S\u00e9parateurs EVA<\/p>\n<p style=\"margin: 0;\">\u00c9quip\u00e9 de s\u00e9parateurs EVA de diff\u00e9rentes longueurs, et ces s\u00e9parateurs sont amovibles, vous pouvez donc bricoler l&#039;espace \u00e0 l&#039;int\u00e9rieur en fonction de diff\u00e9rents produits et rendre les choses \u00e0 l&#039;int\u00e9rieur ordonn\u00e9es et non salissantes.<\/p>\n<\/div>\n<p><!-- \u7b2c\u4e09\u680f --><\/p>\n<div style=\"flex: 1; text-align: center;\">\n<p><img decoding=\"async\" style=\"max-width: 100%; height: auto; margin-bottom: 10px;\" src=\"https:\/\/suncasesupply.com\/wp-content\/uploads\/2025\/03\/Shoulder-Strap.png\" alt=\"Bretelles\" \/><\/p>\n<p style=\"font-weight: bold; margin: 5px 0;\">Bretelles<\/p>\n<p style=\"margin: 0;\">Elle est dot\u00e9e d&#039;une bandouli\u00e8re, vous permettant de garder les mains libres lors de vos d\u00e9placements. R\u00e9glable en hauteur, la bandouli\u00e8re la rend tr\u00e8s pratique et facile \u00e0 transporter. Cette mallette fait \u00e9galement office de bo\u00eete \u00e0 outils m\u00e9tallique robuste, id\u00e9ale pour ranger vos outils \u00e0 la maison comme en ext\u00e9rieur.<\/p>\n<\/div>\n<p><!-- \u7b2c\u56db\u680f --><\/p>\n<div style=\"flex: 1; text-align: center;\">\n<p><img decoding=\"async\" style=\"max-width: 100%; height: auto; margin-bottom: 10px;\" src=\"https:\/\/suncasesupply.com\/wp-content\/uploads\/2025\/03\/Tool-panel.png\" alt=\"Panneau d&#039;outils\" \/><\/p>\n<p style=\"font-weight: bold; margin: 5px 0;\">Panneau d&#039;outils<\/p>\n<p style=\"margin: 0;\">Le panneau porte-outils int\u00e9gr\u00e9 au couvercle sup\u00e9rieur permet de ranger ciseaux, pinces \u00e0 \u00e9piler, cl\u00e9s, tournevis et autres outils. Fabriqu\u00e9 en polyur\u00e9thane et facile \u00e0 nettoyer, il est amovible lorsqu&#039;il n&#039;est pas utilis\u00e9, compl\u00e9tant ainsi cette solution de rangement polyvalente.<\/p>\n<\/div>\n<\/div>\n<div style=\"background-color: #29599a; padding: 40px 20px; text-align: center; color: #ffffff; border-radius: 10px; margin: 40px auto; max-width: 960px;\">\n<h2 style=\"font-size: 22px; margin-bottom: 20px; font-weight: bold;\"><span style=\"color: #ffffff;\">Commandez d\u00e8s maintenant vos coffrets \u00e0 outils en aluminium Sun Case, quantit\u00e9 minimale de commande\u00a0: 100\u00a0pi\u00e8ces, parfaits pour ranger vos outils.<\/span><\/h2>\n<p><a style=\"display: inline-block; padding: 12px 28px; background-color: #ffffff; color: #29599a; text-decoration: none; border-radius: 6px; font-weight: bold;\" href=\"https:\/\/suncasesupply.com\/fr\/contact-us\/\" target=\"_blank\" rel=\"noopener\">Obtenir un devis<br \/>\n<\/a><\/p>\n<\/div>\n<h4><span style=\"color: #003366;\">Processus de fabrication d&#039;une mallette \u00e0 outils en aluminium :<\/span><\/h4>\n<p><img decoding=\"async\" style=\"max-width: 100%; height: auto; margin-bottom: 10px;\" src=\"https:\/\/suncasesupply.com\/wp-content\/uploads\/2025\/07\/Manufacturing-Process.png\" alt=\"Processus de fabrication de Suncase\" \/><\/p>\n<div style=\"display: flex; gap: 20px;\">\n<p><!-- \u7b2c\u4e00\u680f \u6d41\u7a0b1--><\/p>\n<div style=\"flex: 1; text-align: center;\"><\/div>\n<\/div>\n<div style=\"display: flex; gap: 20px;\">\n<div style=\"flex: 1; text-align: center;\">\n<p style=\"font-weight: bold; margin: 5px 0;\">\n<\/div>\n<\/div>\n<h4><span style=\"color: #003366;\">Informations utiles pour les acheteurs en gros\u00a0:<\/span><\/h4>\n<ul>\n<li><a href=\"https:\/\/suncasesupply.com\/fr\/blog\/custom-aluminum-case\/types-of-materials-used-in-tool-cases\/\">D\u00e9couverte des bo\u00eetes \u00e0 outils en aluminium et d&#039;autres types de mat\u00e9riaux<\/a><\/li>\n<li><a href=\"https:\/\/suncasesupply.com\/fr\/blog\/reason-to-have-aluminum-tool-case\/\">Pourquoi avez-vous besoin d&#039;une mallette \u00e0 outils en aluminium\u00a0?<\/a><\/li>\n<\/ul>","protected":false},"excerpt":{"rendered":"<p>Mod\u00e8le : BL-0022<\/p>\n<p>Taille: 45x33x15cm<\/p>\n<p>Couleurs : Argent ou personnaliser<\/p>\n<p>Mat\u00e9riaux : Aluminium, panneau ABS, s\u00e9parateurs EVA, mousse Pluck, cuir PU<\/p>\n<p>Logo : Logo en plaque m\u00e9tallique, logo s\u00e9rigraphi\u00e9<\/p>\n<p>Quantit\u00e9 minimale de commande : 100 pi\u00e8ces<\/p>","protected":false},"featured_media":21267,"template":"","meta":{"_gspb_post_css":""},"product_cat":[81],"product_tag":[],"featured_image_urls":{"full":["https:\/\/suncasesupply.com\/wp-content\/uploads\/2023\/08\/18-2.jpg",500,500,false],"thumbnail":["https:\/\/suncasesupply.com\/wp-content\/uploads\/2023\/08\/18-2-150x150.jpg",150,150,true],"medium":["https:\/\/suncasesupply.com\/wp-content\/uploads\/2023\/08\/18-2-300x300.jpg",300,300,true],"medium_large":["https:\/\/suncasesupply.com\/wp-content\/uploads\/2023\/08\/18-2.jpg",500,500,false],"large":["https:\/\/suncasesupply.com\/wp-content\/uploads\/2023\/08\/18-2.jpg",500,500,false],"1536x1536":["https:\/\/suncasesupply.com\/wp-content\/uploads\/2023\/08\/18-2.jpg",500,500,false],"2048x2048":["https:\/\/suncasesupply.com\/wp-content\/uploads\/2023\/08\/18-2.jpg",500,500,false],"trp-custom-language-flag":["https:\/\/suncasesupply.com\/wp-content\/uploads\/2023\/08\/18-2.jpg",12,12,false],"woocommerce_thumbnail":["https:\/\/suncasesupply.com\/wp-content\/uploads\/2023\/08\/18-2-300x300.jpg",300,300,true],"woocommerce_single":["https:\/\/suncasesupply.com\/wp-content\/uploads\/2023\/08\/18-2.jpg",500,500,false],"woocommerce_gallery_thumbnail":["https:\/\/suncasesupply.com\/wp-content\/uploads\/2023\/08\/18-2-100x100.jpg",100,100,true]},"post_excerpt_stackable":"<p>Model : BL-0022<\/p>\n<p>Size:\u00a0 45 x 33 x 15cm<\/p>\n<p>Colors: Silver or customize<\/p>\n<p>Materials: Aluminum, ABS panel, EVA dividers, Pluck foam, PU leather<\/p>\n<p>Logo: Metal plate logo, silk screen logo<\/p>\n<p>MOQ: 100pcs<\/p>\n","category_list":"","author_info":{"name":"","url":""},"comments_num":"0 commentaire","_links":{"self":[{"href":"https:\/\/suncasesupply.com\/fr\/wp-json\/wp\/v2\/product\/21265"}],"collection":[{"href":"https:\/\/suncasesupply.com\/fr\/wp-json\/wp\/v2\/product"}],"about":[{"href":"https:\/\/suncasesupply.com\/fr\/wp-json\/wp\/v2\/types\/product"}],"wp:featuredmedia":[{"embeddable":true,"href":"https:\/\/suncasesupply.com\/fr\/wp-json\/wp\/v2\/media\/21267"}],"wp:attachment":[{"href":"https:\/\/suncasesupply.com\/fr\/wp-json\/wp\/v2\/media?parent=21265"}],"wp:term":[{"taxonomy":"product_cat","embeddable":true,"href":"https:\/\/suncasesupply.com\/fr\/wp-json\/wp\/v2\/product_cat?post=21265"},{"taxonomy":"product_tag","embeddable":true,"href":"https:\/\/suncasesupply.com\/fr\/wp-json\/wp\/v2\/product_tag?post=21265"}],"curies":[{"name":"wp","href":"https:\/\/api.w.org\/{rel}","templated":true}]}}