{"id":21217,"date":"2023-08-28T14:34:04","date_gmt":"2023-08-28T06:34:04","guid":{"rendered":"https:\/\/suncasesupply.com\/?post_type=product&#038;p=21217"},"modified":"2025-02-20T10:28:07","modified_gmt":"2025-02-20T02:28:07","slug":"black-aluminum-hard-briefcase-with-foam-protection-business-flight-carrying-case","status":"publish","type":"product","link":"https:\/\/suncasesupply.com\/fr\/product\/black-aluminum-hard-briefcase-with-foam-protection-business-flight-carrying-case\/","title":{"rendered":"Mallette rigide en aluminium noir avec protection en mousse, mallette de transport pour vol d&#039;affaires"},"content":{"rendered":"<p>&nbsp;<\/p>\n<table width=\"774\">\n<tbody>\n<tr>\n<td width=\"177\">Article<\/td>\n<td width=\"597\">Bo\u00eetier en aluminium<\/td>\n<\/tr>\n<tr>\n<td>Dimension<\/td>\n<td>450*330*110mm ou personnaliser<\/td>\n<\/tr>\n<tr>\n<td>Couleurs<\/td>\n<td>Comme le montrent les images ou personnaliser<\/td>\n<\/tr>\n<tr>\n<td>Mat\u00e9riaux<\/td>\n<td>Aluminium, panneau ABS, panneau MDF, doublure EVA\/mousse\/tissu\/PU, quincaillerie<\/td>\n<\/tr>\n<tr>\n<td>Logo<\/td>\n<td>Logo plaque m\u00e9tallique, logo imprim\u00e9, logo en relief, logo laser<\/td>\n<\/tr>\n<tr>\n<td>Temps d&#039;\u00e9chantillonnage<\/td>\n<td>7 jours<\/td>\n<\/tr>\n<tr>\n<td>Port d&#039;embarquement<\/td>\n<td>Canton, Shenzhen<\/td>\n<\/tr>\n<tr>\n<td>Conditions commerciales<\/td>\n<td>EXW, FOB, CIF, DDU, DDP<\/td>\n<\/tr>\n<tr>\n<td>M\u00e9thodes de payement<\/td>\n<td>T\/T, esp\u00e8ces, PayPal, carte de cr\u00e9dit<\/td>\n<\/tr>\n<\/tbody>\n<\/table>\n<p><span style=\"color: #003366;\">Caract\u00e9ristiques:<\/span><\/p>\n<p>*La conception robuste rend l&#039;\u00e9tui durable\u00a0;<br \/>\n* De nombreuses poches int\u00e9rieures diff\u00e9rentes sont un bon organisateur pour aider vos affaires \u00e0 s&#039;afficher clairement.<br \/>\n*Les serrures \u00e0 combinaison peuvent prot\u00e9ger vos objets personnels.<br \/>\n*L\u00e9ger et portable, notre \u00e9tui est un bon choix pour vous.<\/p>\n<p>Nom : \u00e9tui rigide en aluminium (bo\u00eete \u00e0 outils\/mallette).<br \/>\nLa couleur noire<br \/>\nMat\u00e9riau : cadre en aluminium\/panneaux lat\u00e9raux en plastique ABS r\u00e9sistant aux chocs\/coin en m\u00e9tal\/base en caoutchouc\/poign\u00e9e ABS.<br \/>\nMat\u00e9riau de doublure: EVA<br \/>\nVerrouillage\u00a0:\u00a0doubles verrous<br \/>\nTaille globale : 17,7&quot; L*12,99&quot; L*4,3&quot; H \/ (450*330*110 mm)<br \/>\nTaille int\u00e9rieure : 16,9&quot; L*12,4&quot; L * 3,54&quot; H \/ (435*315*95 mm)<\/p>","protected":false},"excerpt":{"rendered":"<p>Mod\u00e8le : BC-0005<\/p>\n<p>Taille: 460*330*135mm<\/p>\n<p>Quantit\u00e9 minimale de commande : 100 pi\u00e8ces<\/p>\n<p>D\u00e9lai de livraison : 15-25 jours<\/p>\n<p>\u00c9chantillon\u00a0: Disponible<\/p>","protected":false},"featured_media":21218,"template":"","meta":{"_gspb_post_css":""},"product_cat":[82],"product_tag":[],"featured_image_urls":{"full":["https:\/\/suncasesupply.com\/wp-content\/uploads\/2023\/08\/s-l1600.png",800,800,false],"thumbnail":["https:\/\/suncasesupply.com\/wp-content\/uploads\/2023\/08\/s-l1600-150x150.png",150,150,true],"medium":["https:\/\/suncasesupply.com\/wp-content\/uploads\/2023\/08\/s-l1600-300x300.png",300,300,true],"medium_large":["https:\/\/suncasesupply.com\/wp-content\/uploads\/2023\/08\/s-l1600-768x768.png",768,768,true],"large":["https:\/\/suncasesupply.com\/wp-content\/uploads\/2023\/08\/s-l1600.png",800,800,false],"1536x1536":["https:\/\/suncasesupply.com\/wp-content\/uploads\/2023\/08\/s-l1600.png",800,800,false],"2048x2048":["https:\/\/suncasesupply.com\/wp-content\/uploads\/2023\/08\/s-l1600.png",800,800,false],"trp-custom-language-flag":["https:\/\/suncasesupply.com\/wp-content\/uploads\/2023\/08\/s-l1600.png",12,12,false],"woocommerce_thumbnail":["https:\/\/suncasesupply.com\/wp-content\/uploads\/2023\/08\/s-l1600-300x300.png",300,300,true],"woocommerce_single":["https:\/\/suncasesupply.com\/wp-content\/uploads\/2023\/08\/s-l1600-600x600.png",600,600,true],"woocommerce_gallery_thumbnail":["https:\/\/suncasesupply.com\/wp-content\/uploads\/2023\/08\/s-l1600-100x100.png",100,100,true]},"post_excerpt_stackable":"<p>Model : BC-0005<\/p>\n<p>Size: \u00a0460*330*135mm<\/p>\n<p>MOQ: 100pcs<\/p>\n<p>Delivery Time : 15-25 Days<\/p>\n<p>Sample : Available<\/p>\n","category_list":"","author_info":{"name":"","url":""},"comments_num":"0 commentaire","_links":{"self":[{"href":"https:\/\/suncasesupply.com\/fr\/wp-json\/wp\/v2\/product\/21217"}],"collection":[{"href":"https:\/\/suncasesupply.com\/fr\/wp-json\/wp\/v2\/product"}],"about":[{"href":"https:\/\/suncasesupply.com\/fr\/wp-json\/wp\/v2\/types\/product"}],"wp:featuredmedia":[{"embeddable":true,"href":"https:\/\/suncasesupply.com\/fr\/wp-json\/wp\/v2\/media\/21218"}],"wp:attachment":[{"href":"https:\/\/suncasesupply.com\/fr\/wp-json\/wp\/v2\/media?parent=21217"}],"wp:term":[{"taxonomy":"product_cat","embeddable":true,"href":"https:\/\/suncasesupply.com\/fr\/wp-json\/wp\/v2\/product_cat?post=21217"},{"taxonomy":"product_tag","embeddable":true,"href":"https:\/\/suncasesupply.com\/fr\/wp-json\/wp\/v2\/product_tag?post=21217"}],"curies":[{"name":"wp","href":"https:\/\/api.w.org\/{rel}","templated":true}]}}