{"id":21174,"date":"2023-08-28T14:12:38","date_gmt":"2023-08-28T06:12:38","guid":{"rendered":"https:\/\/suncasesupply.com\/?post_type=product&#038;p=21174"},"modified":"2025-07-15T10:55:30","modified_gmt":"2025-07-15T02:55:30","slug":"53-rifle-gun-case-aluminum-long-gun-hard-case-portable-locking-shotgun-storage-box","status":"publish","type":"product","link":"https:\/\/suncasesupply.com\/fr\/product\/53-rifle-gun-case-aluminum-long-gun-hard-case-portable-locking-shotgun-storage-box\/","title":{"rendered":"\u00c9tui pour fusil de 53 pouces, \u00e9tui rigide en aluminium pour pistolet long, bo\u00eete de rangement portable pour fusil de chasse verrouillable"},"content":{"rendered":"<h4><span style=\"color: #003366;\">Caract\u00e9ristiques:<\/span><\/h4>\n<p><strong>1. Haute r\u00e9sistance et durabilit\u00e9<\/strong><br \/>\nG\u00e9n\u00e9ralement fabriqu\u00e9 en aluminium l\u00e9ger mais tr\u00e8s r\u00e9sistant, cet \u00e9tui pour carabine est \u00e0 la fois r\u00e9sistant aux chocs et \u00e0 la pression, et peut supporter des environnements difficiles ou des chutes accidentelles. Sa structure est robuste et ses bords sont souvent renforc\u00e9s pour r\u00e9sister aux dommages externes. Il est id\u00e9al pour ceux qui recherchent des \u00e9tuis rigides pour carabines, pour un usage professionnel ou ext\u00e9rieur.<\/p>\n<p><strong>2. S\u00e9curit\u00e9<\/strong><br \/>\nSerrures certifi\u00e9es\u00a0: Les serrures \u00e0 combinaison haute s\u00e9curit\u00e9 standard garantissent la s\u00e9curit\u00e9 de l&#039;arme \u00e0 l&#039;int\u00e9rieur. \u00c9tanche \u00e0 l&#039;eau et \u00e0 la poussi\u00e8re, cet \u00e9tui \u00e0 fusil verrouillable en aluminium avec cl\u00e9s est id\u00e9al pour les environnements ext\u00e9rieurs ou tactiques o\u00f9 la fiabilit\u00e9 est primordiale.<\/p>\n<p><strong>3. L\u00e9ger et portable<\/strong><br \/>\nSon poids varie g\u00e9n\u00e9ralement de 5 \u00e0 10 kg (selon la taille). Certains mod\u00e8les sont \u00e9quip\u00e9s de poulies ou de sangles pour un transport ais\u00e9. Bien qu&#039;il s&#039;agisse d&#039;un \u00e9tui rigide pour fusil long, il reste pratique pour un transport en solo, offrant une protection et une portabilit\u00e9 optimales.<\/p>\n<h4><span style=\"color: #003366;\">D\u00e9tails du produit :<\/span><\/h4>\n<div style=\"display: flex; gap: 20px;\">\n<p><!-- \u7b2c\u4e00\u680f --><\/p>\n<div style=\"flex: 1; text-align: center;\">\n<p><img decoding=\"async\" style=\"max-width: 100%; height: auto; margin-bottom: 10px;\" src=\"https:\/\/suncasesupply.com\/wp-content\/uploads\/2025\/05\/strong-handle.jpg\" alt=\"Poign\u00e9e durable et confortable\" \/><\/p>\n<p style=\"font-weight: bold; margin: 5px 0;\">Poign\u00e9e durable<\/p>\n<p style=\"margin: 0;\">La poign\u00e9e est fabriqu\u00e9e en caoutchouc antid\u00e9rapant et amortissant pour r\u00e9duire la fatigue de la main lors de longues manipulations, tout en s&#039;adaptant \u00e0 la forme de la poign\u00e9e pour un confort accru. Elle est solidement fix\u00e9e au corps du bo\u00eetier par des supports m\u00e9talliques ou des rivets, ce qui assure non seulement une forte capacit\u00e9 de charge, mais renforce \u00e9galement la structure globale du bo\u00eetier et pr\u00e9vient toute d\u00e9formation. Cette conception soign\u00e9e est courante dans les \u00e9tuis rigides haut de gamme pour fusils.<\/p>\n<\/div>\n<p><!-- \u7b2c\u4e8c\u680f --><\/p>\n<div style=\"flex: 1; text-align: center;\">\n<p><img decoding=\"async\" style=\"max-width: 100%; height: auto; margin-bottom: 10px;\" src=\"https:\/\/suncasesupply.com\/wp-content\/uploads\/2025\/05\/Protective-foam.jpg\" alt=\"Mousse protectrice\" \/><\/p>\n<p style=\"font-weight: bold; margin: 5px 0;\">Mousse protectrice<\/p>\n<p style=\"margin: 0;\">Le coton ondul\u00e9 absorbe efficacement les chocs et les vibrations, r\u00e9duisant ainsi l&#039;impact direct des forces externes sur l&#039;arme \u00e0 feu lors du transport ou d&#039;une collision, et pr\u00e9venant l&#039;endommagement des pi\u00e8ces de pr\u00e9cision (telles que les lunettes de vis\u00e9e, les canons, etc.). La conception rainur\u00e9e, qui \u00e9pouse la forme de l&#039;arme \u00e0 feu, permet un maintien ferme, ce qui en fait un excellent \u00e9tui pour carabine \u00e0 fusil. Certains mod\u00e8les peuvent \u00e9galement servir de bo\u00eete de rangement pour fusil de chasse, offrant une compatibilit\u00e9 flexible avec les armes \u00e0 feu.<\/p>\n<\/div>\n<p><!-- \u7b2c\u4e09\u680f --><\/p>\n<div style=\"flex: 1; text-align: center;\">\n<p><img decoding=\"async\" style=\"max-width: 100%; height: auto; margin-bottom: 10px;\" src=\"https:\/\/suncasesupply.com\/wp-content\/uploads\/2025\/05\/Diamond-surface.jpg\" alt=\"Surface en diamant\" \/><\/p>\n<p style=\"font-weight: bold; margin: 5px 0;\">Surface de diamant<\/p>\n<p style=\"margin: 0;\">Le panneau ABS \u00e0 motif losanges prot\u00e8ge efficacement la bo\u00eete des rayures pendant le transport et l&#039;utilisation, prolongeant ainsi sa dur\u00e9e de vie. Cette conception de surface renforce l&#039;attrait et la r\u00e9sistance de tout mod\u00e8le de carabine \u00e0 \u00e9tui rigide utilis\u00e9 dans des conditions difficiles.<\/p>\n<\/div>\n<p><!-- \u7b2c\u56db\u680f --><\/p>\n<div style=\"flex: 1; text-align: center;\">\n<p><img decoding=\"async\" style=\"max-width: 100%; height: auto; margin-bottom: 10px;\" src=\"https:\/\/suncasesupply.com\/wp-content\/uploads\/2025\/05\/Commbination-lock.jpg\" alt=\"Serrure \u00e0 combinaison\" \/><\/p>\n<p style=\"font-weight: bold; margin: 5px 0;\">Serrure \u00e0 combinaison<\/p>\n<p style=\"margin: 0;\">Les cadenas \u00e0 combinaison garantissent la s\u00e9curit\u00e9 des armes et emp\u00eachent leur acc\u00e8s par des tiers (enfants, voleurs ou utilisateurs non autoris\u00e9s, par exemple). Contrairement aux cadenas \u00e0 cl\u00e9, les cadenas \u00e0 combinaison ne n\u00e9cessitent pas de cl\u00e9 sur soi\u00a0; il suffit de saisir la combinaison pour ouvrir rapidement le coffre (particuli\u00e8rement pratique en cas d&#039;urgence).<\/p>\n<\/div>\n<\/div>\n<div style=\"background-color: #29599a; padding: 40px 20px; text-align: center; color: #ffffff; border-radius: 10px; margin: 40px auto; max-width: 960px;\">\n<h2 style=\"font-size: 22px; margin-bottom: 20px; font-weight: bold;\"><span style=\"color: #ffffff;\">MOQ 100 pour les \u00e9tuis \u00e0 fusils en aluminium durables \u2014 Contactez Sun Case pour la meilleure offre\u00a0!<\/span><\/h2>\n<p><a style=\"display: inline-block; padding: 12px 28px; background-color: #ffffff; color: #29599a; text-decoration: none; border-radius: 6px; font-weight: bold;\" href=\"https:\/\/suncasesupply.com\/fr\/contact-us\/\" target=\"_blank\" rel=\"noopener\">Demander un devis<br \/>\n<\/a><\/p>\n<\/div>\n<h4><span style=\"color: #003366;\">Processus de fabrication d&#039;un \u00e9tui \u00e0 fusil :<\/span><\/h4>\n<p><img decoding=\"async\" style=\"max-width: 100%; height: auto; margin-bottom: 10px;\" src=\"https:\/\/suncasesupply.com\/wp-content\/uploads\/2025\/07\/Manufacturing-Process.png\" alt=\"Processus de fabrication de Suncase\" \/><\/p>\n<h4><span style=\"color: #003366;\">Informations utiles pour les acheteurs en gros\u00a0:<\/span><\/h4>\n<p><a href=\"https:\/\/suncasesupply.com\/fr\/blog\/aluminum-gun-case\/gun-case-durability-test-aluminum-vs-plastic\/\">1. Test de durabilit\u00e9 des \u00e9tuis \u00e0 fusils\u00a0: aluminium ou plastique<\/a><\/p>\n<p><a href=\"https:\/\/suncasesupply.com\/fr\/blog\/aluminum-gun-case\/consider-gun-case-factors\/\">2. Que recherchez-vous lorsque vous envisagez diff\u00e9rents \u00e9tuis \u00e0 armes \u00e0 feu\u00a0?<\/a><\/p>\n<p><a href=\"https:\/\/suncasesupply.com\/fr\/blog\/aluminum-gun-case\/best-aluminum-gun-cases\/\">Les 3 meilleurs \u00e9tuis \u00e0 fusils en aluminium de Suncase en 2024<\/a><\/p>\n<p><a href=\"https:\/\/suncasesupply.com\/fr\/blog\/aluminum-gun-case\/top-3-aluminum-gun-cases-manufacturers-of-china\/\">4. Top 3 des fabricants d&#039;\u00e9tuis \u00e0 fusil en aluminium en Chine<\/a><\/p>\n<p><a href=\"https:\/\/suncasesupply.com\/fr\/blog\/aluminum-gun-case\/hard-vs-soft-rifle-case\/\">5, \u00c9tui rigide ou souple pour fusil : quel \u00e9tui en aluminium est le meilleur ?<\/a><\/p>\n<p><a href=\"https:\/\/suncasesupply.com\/fr\/blog\/aluminum-gun-case\/best-foam-for-aluminum-gun-cases\/\">6. La meilleure mousse pour un \u00e9tui \u00e0 fusil en aluminium<\/a><\/p>","protected":false},"excerpt":{"rendered":"<p>Mod\u00e8le : Z22<\/p>\n<p>Dimensions : 150 x 35 x 12 cm<\/p>\n<p>Couleurs : Noir ou personnalis\u00e9<\/p>\n<p>Mat\u00e9riaux : Aluminium, panneau ABS, panneau acrylique<\/p>\n<p>Logo : Logo en plaque m\u00e9tallique, logo s\u00e9rigraphi\u00e9<\/p>\n<p>Quantit\u00e9 minimale de commande : 100 pi\u00e8ces<\/p>","protected":false},"featured_media":21175,"template":"","meta":{"_gspb_post_css":""},"product_cat":[85],"product_tag":[],"featured_image_urls":{"full":["https:\/\/suncasesupply.com\/wp-content\/uploads\/2023\/08\/12-7.jpg",947,947,false],"thumbnail":["https:\/\/suncasesupply.com\/wp-content\/uploads\/2023\/08\/12-7-150x150.jpg",150,150,true],"medium":["https:\/\/suncasesupply.com\/wp-content\/uploads\/2023\/08\/12-7-300x300.jpg",300,300,true],"medium_large":["https:\/\/suncasesupply.com\/wp-content\/uploads\/2023\/08\/12-7-768x768.jpg",768,768,true],"large":["https:\/\/suncasesupply.com\/wp-content\/uploads\/2023\/08\/12-7.jpg",947,947,false],"1536x1536":["https:\/\/suncasesupply.com\/wp-content\/uploads\/2023\/08\/12-7.jpg",947,947,false],"2048x2048":["https:\/\/suncasesupply.com\/wp-content\/uploads\/2023\/08\/12-7.jpg",947,947,false],"trp-custom-language-flag":["https:\/\/suncasesupply.com\/wp-content\/uploads\/2023\/08\/12-7.jpg",12,12,false],"woocommerce_thumbnail":["https:\/\/suncasesupply.com\/wp-content\/uploads\/2023\/08\/12-7-300x300.jpg",300,300,true],"woocommerce_single":["https:\/\/suncasesupply.com\/wp-content\/uploads\/2023\/08\/12-7-600x600.jpg",600,600,true],"woocommerce_gallery_thumbnail":["https:\/\/suncasesupply.com\/wp-content\/uploads\/2023\/08\/12-7-100x100.jpg",100,100,true]},"post_excerpt_stackable":"<p>Model : Z22<\/p>\n<p>Size: 150 x 35 x 12 cm<\/p>\n<p>Colors: Black or customize<\/p>\n<p>Materials: Aluminum, ABS panel, Acrylic Panel<\/p>\n<p>Logo: Metal plate logo, silk screen logo<\/p>\n<p>MOQ: 100pcs<\/p>\n","category_list":"","author_info":{"name":"","url":""},"comments_num":"0 commentaire","_links":{"self":[{"href":"https:\/\/suncasesupply.com\/fr\/wp-json\/wp\/v2\/product\/21174"}],"collection":[{"href":"https:\/\/suncasesupply.com\/fr\/wp-json\/wp\/v2\/product"}],"about":[{"href":"https:\/\/suncasesupply.com\/fr\/wp-json\/wp\/v2\/types\/product"}],"wp:featuredmedia":[{"embeddable":true,"href":"https:\/\/suncasesupply.com\/fr\/wp-json\/wp\/v2\/media\/21175"}],"wp:attachment":[{"href":"https:\/\/suncasesupply.com\/fr\/wp-json\/wp\/v2\/media?parent=21174"}],"wp:term":[{"taxonomy":"product_cat","embeddable":true,"href":"https:\/\/suncasesupply.com\/fr\/wp-json\/wp\/v2\/product_cat?post=21174"},{"taxonomy":"product_tag","embeddable":true,"href":"https:\/\/suncasesupply.com\/fr\/wp-json\/wp\/v2\/product_tag?post=21174"}],"curies":[{"name":"wp","href":"https:\/\/api.w.org\/{rel}","templated":true}]}}