{"id":21173,"date":"2023-08-28T14:11:46","date_gmt":"2023-08-28T06:11:46","guid":{"rendered":"https:\/\/suncasesupply.com\/?post_type=product&#038;p=21173"},"modified":"2025-02-20T09:50:27","modified_gmt":"2025-02-20T01:50:27","slug":"silver-portable-aluminum-tool-storage-case-hard-carrying-box","status":"publish","type":"product","link":"https:\/\/suncasesupply.com\/fr\/product\/silver-portable-aluminum-tool-storage-case-hard-carrying-box\/","title":{"rendered":"Mallette de rangement pour outils portables en aluminium argent\u00e9, bo\u00eete de transport rigide"},"content":{"rendered":"<p>&nbsp;<\/p>\n<table width=\"774\">\n<tbody>\n<tr>\n<td width=\"177\">Article<\/td>\n<td width=\"597\">Bo\u00eetier en aluminium<\/td>\n<\/tr>\n<tr>\n<td>Dimension<\/td>\n<td>33\u00d728 x11cmou personnaliser<\/td>\n<\/tr>\n<tr>\n<td>Couleurs<\/td>\n<td>Comme le montrent les images ou personnaliser<\/td>\n<\/tr>\n<tr>\n<td>Mat\u00e9riaux<\/td>\n<td>Aluminium, panneau ABS, panneau MDF, doublure EVA\/mousse\/tissu\/PU, quincaillerie<\/td>\n<\/tr>\n<tr>\n<td>Logo<\/td>\n<td>Logo plaque m\u00e9tallique, logo imprim\u00e9, logo en relief, logo laser<\/td>\n<\/tr>\n<tr>\n<td>Temps d&#039;\u00e9chantillonnage<\/td>\n<td>7 jours<\/td>\n<\/tr>\n<tr>\n<td>Port d&#039;embarquement<\/td>\n<td>Canton, Shenzhen<\/td>\n<\/tr>\n<tr>\n<td>Conditions commerciales<\/td>\n<td>EXW, FOB, CIF, DDU, DDP<\/td>\n<\/tr>\n<tr>\n<td>M\u00e9thodes de payement<\/td>\n<td>T\/T, esp\u00e8ces, PayPal, carte de cr\u00e9dit<\/td>\n<\/tr>\n<\/tbody>\n<\/table>\n<p><span style=\"color: #003366;\">Caract\u00e9ristiques:<\/span><\/p>\n<p>Mallette de voyage portable pour salon de maquillage, cosm\u00e9tique, coiffeur. Con\u00e7ue avec des serrures, confidentialit\u00e9 tr\u00e8s forte.<\/p>\n<p>\u00c9quip\u00e9 d&#039;une grande poign\u00e9e de style am\u00e9ricain, en mat\u00e9riau de m\u00e9lange ABS, haute stabilit\u00e9, forte capacit\u00e9 de charge, confortable et belle.<\/p>\n<p>support, ce qui rend la connexion entre le couvercle de la bo\u00eete et le corps de la bo\u00eete plus solide, plus pratique \u00e0 ouvrir et \u00e0 fermer et durable.<\/p>\n<p>Enveloppe de coin lisse ronde en m\u00e9tal \u00e9largi et \u00e9paissi unique, et renforc\u00e9e avec des rivets, pour garantir que le bagage a une capacit\u00e9 portante plus forte.<\/p>","protected":false},"excerpt":{"rendered":"<p>Mod\u00e8le : BC-0025<\/p>\n<p>Taille: 33\u00d728 x11cm<\/p>\n<p>Quantit\u00e9 minimale de commande : 100 pi\u00e8ces<\/p>\n<p>D\u00e9lai de livraison : 15-25 jours<\/p>\n<p>\u00c9chantillon\u00a0: Disponible<\/p>","protected":false},"featured_media":21167,"template":"","meta":{"_gspb_post_css":""},"product_cat":[42,80],"product_tag":[],"featured_image_urls":{"full":["https:\/\/suncasesupply.com\/wp-content\/uploads\/2023\/08\/04f39834-9b81-46f2-98e2-68cd91ff9f83.a1cbdb999a1a1293e77fa2b50c72a93d.jpeg",768,768,false],"thumbnail":["https:\/\/suncasesupply.com\/wp-content\/uploads\/2023\/08\/04f39834-9b81-46f2-98e2-68cd91ff9f83.a1cbdb999a1a1293e77fa2b50c72a93d-150x150.jpeg",150,150,true],"medium":["https:\/\/suncasesupply.com\/wp-content\/uploads\/2023\/08\/04f39834-9b81-46f2-98e2-68cd91ff9f83.a1cbdb999a1a1293e77fa2b50c72a93d-300x300.jpeg",300,300,true],"medium_large":["https:\/\/suncasesupply.com\/wp-content\/uploads\/2023\/08\/04f39834-9b81-46f2-98e2-68cd91ff9f83.a1cbdb999a1a1293e77fa2b50c72a93d.jpeg",768,768,false],"large":["https:\/\/suncasesupply.com\/wp-content\/uploads\/2023\/08\/04f39834-9b81-46f2-98e2-68cd91ff9f83.a1cbdb999a1a1293e77fa2b50c72a93d.jpeg",768,768,false],"1536x1536":["https:\/\/suncasesupply.com\/wp-content\/uploads\/2023\/08\/04f39834-9b81-46f2-98e2-68cd91ff9f83.a1cbdb999a1a1293e77fa2b50c72a93d.jpeg",768,768,false],"2048x2048":["https:\/\/suncasesupply.com\/wp-content\/uploads\/2023\/08\/04f39834-9b81-46f2-98e2-68cd91ff9f83.a1cbdb999a1a1293e77fa2b50c72a93d.jpeg",768,768,false],"trp-custom-language-flag":["https:\/\/suncasesupply.com\/wp-content\/uploads\/2023\/08\/04f39834-9b81-46f2-98e2-68cd91ff9f83.a1cbdb999a1a1293e77fa2b50c72a93d.jpeg",12,12,false],"woocommerce_thumbnail":["https:\/\/suncasesupply.com\/wp-content\/uploads\/2023\/08\/04f39834-9b81-46f2-98e2-68cd91ff9f83.a1cbdb999a1a1293e77fa2b50c72a93d-300x300.jpeg",300,300,true],"woocommerce_single":["https:\/\/suncasesupply.com\/wp-content\/uploads\/2023\/08\/04f39834-9b81-46f2-98e2-68cd91ff9f83.a1cbdb999a1a1293e77fa2b50c72a93d-600x600.jpeg",600,600,true],"woocommerce_gallery_thumbnail":["https:\/\/suncasesupply.com\/wp-content\/uploads\/2023\/08\/04f39834-9b81-46f2-98e2-68cd91ff9f83.a1cbdb999a1a1293e77fa2b50c72a93d-100x100.jpeg",100,100,true]},"post_excerpt_stackable":"<p>Model : BC-0025<\/p>\n<p>Size: 33&#215;28 x11cm<\/p>\n<p>MOQ: 100pcs<\/p>\n<p>Delivery Time : 15-25 Days<\/p>\n<p>Sample : Available<\/p>\n","category_list":"","author_info":{"name":"","url":""},"comments_num":"0 commentaire","_links":{"self":[{"href":"https:\/\/suncasesupply.com\/fr\/wp-json\/wp\/v2\/product\/21173"}],"collection":[{"href":"https:\/\/suncasesupply.com\/fr\/wp-json\/wp\/v2\/product"}],"about":[{"href":"https:\/\/suncasesupply.com\/fr\/wp-json\/wp\/v2\/types\/product"}],"wp:featuredmedia":[{"embeddable":true,"href":"https:\/\/suncasesupply.com\/fr\/wp-json\/wp\/v2\/media\/21167"}],"wp:attachment":[{"href":"https:\/\/suncasesupply.com\/fr\/wp-json\/wp\/v2\/media?parent=21173"}],"wp:term":[{"taxonomy":"product_cat","embeddable":true,"href":"https:\/\/suncasesupply.com\/fr\/wp-json\/wp\/v2\/product_cat?post=21173"},{"taxonomy":"product_tag","embeddable":true,"href":"https:\/\/suncasesupply.com\/fr\/wp-json\/wp\/v2\/product_tag?post=21173"}],"curies":[{"name":"wp","href":"https:\/\/api.w.org\/{rel}","templated":true}]}}