{"id":21160,"date":"2023-08-28T14:09:09","date_gmt":"2023-08-28T06:09:09","guid":{"rendered":"https:\/\/suncasesupply.com\/?post_type=product&#038;p=21160"},"modified":"2025-02-20T11:15:13","modified_gmt":"2025-02-20T03:15:13","slug":"double-open-design-portable-pistol-storage-aluminum-gun-case-with-egg-sponge-interior","status":"publish","type":"product","link":"https:\/\/suncasesupply.com\/fr\/product\/double-open-design-portable-pistol-storage-aluminum-gun-case-with-egg-sponge-interior\/","title":{"rendered":"\u00c9tui \u00e0 pistolet en aluminium de stockage de pistolet portatif de conception double ouverte avec l&#039;int\u00e9rieur d&#039;\u00e9ponge d&#039;oeuf"},"content":{"rendered":"<p>&nbsp;<\/p>\n<table width=\"774\">\n<tbody>\n<tr>\n<td width=\"177\">Article<\/td>\n<td width=\"597\">Mallette pour pistolet en aluminium<\/td>\n<\/tr>\n<tr>\n<td>Dimension<\/td>\n<td>31,8 x 25,4 x 16,5 cm ou personnaliser<\/td>\n<\/tr>\n<tr>\n<td>Couleurs<\/td>\n<td>Comme le montrent les images ou personnaliser<\/td>\n<\/tr>\n<tr>\n<td>Mat\u00e9riaux<\/td>\n<td>Aluminium, panneau ABS, panneau MDF, doublure EVA\/mousse\/tissu\/PU, quincaillerie<\/td>\n<\/tr>\n<tr>\n<td>Logo<\/td>\n<td>Logo plaque m\u00e9tallique, logo imprim\u00e9, logo en relief, logo laser<\/td>\n<\/tr>\n<tr>\n<td>Temps d&#039;\u00e9chantillonnage<\/td>\n<td>7 jours<\/td>\n<\/tr>\n<tr>\n<td>Port d&#039;embarquement<\/td>\n<td>Canton, Shenzhen<\/td>\n<\/tr>\n<tr>\n<td>Conditions commerciales<\/td>\n<td>EXW, FOB, CIF, DDU, DDP<\/td>\n<\/tr>\n<tr>\n<td>M\u00e9thodes de payement<\/td>\n<td>T\/T, esp\u00e8ces, PayPal, carte de cr\u00e9dit<\/td>\n<\/tr>\n<\/tbody>\n<\/table>\n<p><span style=\"color: #003366;\">Caract\u00e9ristiques:<\/span><\/p>\n<p>\u00c9tui pour pistolet de style \u00e9tui Attash.<\/p>\n<p>Un \u00e9tui \u00e0 pistolet robuste avec des pi\u00e8ces en alliage d&#039;aluminium sur les coins et les bords. Peut \u00eatre utilis\u00e9 pour stocker et transporter des armes en toute confiance.<\/p>\n<p>L&#039;espace int\u00e9rieur est une base militaire originale. 1 \u00e9ponge plate coup\u00e9e \u00e9paisse avec une ligne de coupe dans le papier quadrill\u00e9 familier, 2 \u00e9ponges plates fines normales, 1 \u00e9ponge ondul\u00e9e sur le couvercle. Peut \u00eatre coup\u00e9e pour s&#039;adapter aux pistolets et aux chargeurs pour obtenir un ajustement exceptionnel.<\/p>\n<p>Il peut \u00eatre utilis\u00e9 seul comme broyeur dans un \u00e9tui attach\u00e9 qui ressemble \u00e0 un Hitman. Il peut \u00e9galement \u00eatre utilis\u00e9 pour transporter et stocker des \u00e9quipements de pr\u00e9cision fragiles tels que des appareils photo et des ordinateurs.<\/p>\n<p>\u2013 Peut stocker des armes de poing et des chargeurs de petite \u00e0 grande taille<br \/>\nPeut stocker diverses armes de poing de la s\u00e9rie Glock, M9\/M92, Government, DE et d&#039;autres tailles petites \u00e0 grandes. L&#039;\u00e9ponge \u00e0 grille est facile \u00e0 d\u00e9couper dans n&#039;importe quelle forme et peut contenir votre arme ou votre chargeur.<\/p>","protected":false},"excerpt":{"rendered":"<p>Mod\u00e8le : Z21<\/p>\n<p>Taille: 31,8 x 25,4 x 16,5 cm<\/p>\n<p>Quantit\u00e9 minimale de commande : 100 pi\u00e8ces<\/p>\n<p>D\u00e9lai de livraison : 15-25 jours<\/p>\n<p>\u00c9chantillon\u00a0: Disponible<\/p>","protected":false},"featured_media":21161,"template":"","meta":{"_gspb_post_css":""},"product_cat":[85],"product_tag":[],"featured_image_urls":{"full":["https:\/\/suncasesupply.com\/wp-content\/uploads\/2023\/08\/7-12.jpg",768,768,false],"thumbnail":["https:\/\/suncasesupply.com\/wp-content\/uploads\/2023\/08\/7-12-150x150.jpg",150,150,true],"medium":["https:\/\/suncasesupply.com\/wp-content\/uploads\/2023\/08\/7-12-300x300.jpg",300,300,true],"medium_large":["https:\/\/suncasesupply.com\/wp-content\/uploads\/2023\/08\/7-12.jpg",768,768,false],"large":["https:\/\/suncasesupply.com\/wp-content\/uploads\/2023\/08\/7-12.jpg",768,768,false],"1536x1536":["https:\/\/suncasesupply.com\/wp-content\/uploads\/2023\/08\/7-12.jpg",768,768,false],"2048x2048":["https:\/\/suncasesupply.com\/wp-content\/uploads\/2023\/08\/7-12.jpg",768,768,false],"trp-custom-language-flag":["https:\/\/suncasesupply.com\/wp-content\/uploads\/2023\/08\/7-12.jpg",12,12,false],"woocommerce_thumbnail":["https:\/\/suncasesupply.com\/wp-content\/uploads\/2023\/08\/7-12-300x300.jpg",300,300,true],"woocommerce_single":["https:\/\/suncasesupply.com\/wp-content\/uploads\/2023\/08\/7-12-600x600.jpg",600,600,true],"woocommerce_gallery_thumbnail":["https:\/\/suncasesupply.com\/wp-content\/uploads\/2023\/08\/7-12-100x100.jpg",100,100,true]},"post_excerpt_stackable":"<p>Model : Z21<\/p>\n<p>Size: 31.8 x 25.4 x 16.5 cm<\/p>\n<p>MOQ: 100pcs<\/p>\n<p>Delivery Time : 15-25 Days<\/p>\n<p>Sample : Available<\/p>\n","category_list":"","author_info":{"name":"","url":""},"comments_num":"0 commentaire","_links":{"self":[{"href":"https:\/\/suncasesupply.com\/fr\/wp-json\/wp\/v2\/product\/21160"}],"collection":[{"href":"https:\/\/suncasesupply.com\/fr\/wp-json\/wp\/v2\/product"}],"about":[{"href":"https:\/\/suncasesupply.com\/fr\/wp-json\/wp\/v2\/types\/product"}],"wp:featuredmedia":[{"embeddable":true,"href":"https:\/\/suncasesupply.com\/fr\/wp-json\/wp\/v2\/media\/21161"}],"wp:attachment":[{"href":"https:\/\/suncasesupply.com\/fr\/wp-json\/wp\/v2\/media?parent=21160"}],"wp:term":[{"taxonomy":"product_cat","embeddable":true,"href":"https:\/\/suncasesupply.com\/fr\/wp-json\/wp\/v2\/product_cat?post=21160"},{"taxonomy":"product_tag","embeddable":true,"href":"https:\/\/suncasesupply.com\/fr\/wp-json\/wp\/v2\/product_tag?post=21160"}],"curies":[{"name":"wp","href":"https:\/\/api.w.org\/{rel}","templated":true}]}}