{"id":21148,"date":"2023-08-28T14:03:51","date_gmt":"2023-08-28T06:03:51","guid":{"rendered":"https:\/\/suncasesupply.com\/?post_type=product&#038;p=21148"},"modified":"2025-02-20T10:29:16","modified_gmt":"2025-02-20T02:29:16","slug":"purpose-black-aluminum-briefcase-pilot-aluminum-attache-briefcase","status":"publish","type":"product","link":"https:\/\/suncasesupply.com\/fr\/product\/purpose-black-aluminum-briefcase-pilot-aluminum-attache-briefcase\/","title":{"rendered":"Purpose Porte-documents en aluminium noir Attache pilote en aluminium"},"content":{"rendered":"<p>&nbsp;<\/p>\n<table width=\"774\">\n<tbody>\n<tr>\n<td width=\"177\">Article<\/td>\n<td width=\"597\">Bo\u00eetier en aluminium<\/td>\n<\/tr>\n<tr>\n<td>Dimension<\/td>\n<td>460*330*135mm ou personnaliser<\/td>\n<\/tr>\n<tr>\n<td>Couleurs<\/td>\n<td>Comme le montrent les images ou personnaliser<\/td>\n<\/tr>\n<tr>\n<td>Mat\u00e9riaux<\/td>\n<td>Aluminium, panneau ABS, panneau MDF, doublure EVA\/mousse\/tissu\/PU, quincaillerie<\/td>\n<\/tr>\n<tr>\n<td>Logo<\/td>\n<td>Logo plaque m\u00e9tallique, logo imprim\u00e9, logo en relief, logo laser<\/td>\n<\/tr>\n<tr>\n<td>Temps d&#039;\u00e9chantillonnage<\/td>\n<td>7 jours<\/td>\n<\/tr>\n<tr>\n<td>Port d&#039;embarquement<\/td>\n<td>Canton, Shenzhen<\/td>\n<\/tr>\n<tr>\n<td>Conditions commerciales<\/td>\n<td>EXW, FOB, CIF, DDU, DDP<\/td>\n<\/tr>\n<tr>\n<td>M\u00e9thodes de payement<\/td>\n<td>T\/T, esp\u00e8ces, PayPal, carte de cr\u00e9dit<\/td>\n<\/tr>\n<\/tbody>\n<\/table>\n<p><span style=\"color: #003366;\">Caract\u00e9ristiques:<\/span><\/p>\n<p>Ce bo\u00eetier pilote en aluminium anodis\u00e9 de couleur pistolet est fabriqu\u00e9 \u00e0 partir d&#039;un cadre en aluminium de couleur pistolet et d&#039;un diamant en aluminium de couleur pistolet. Il dispose de deux serrures \u00e0 combinaison et d&#039;une poign\u00e9e. Les longues charni\u00e8res arri\u00e8re rendent le bo\u00eetier plus solide que la conception normale.<\/p>\n<p>Les mallettes \u00e0 l&#039;int\u00e9rieur avec pochette pour documents, elles peuvent transporter tous les documents pour le travail, vous pouvez \u00e9galement utiliser cette mallette en aluminium de haute qualit\u00e9 pour transporter des ordinateurs portables de 14&quot; et 15&quot;.<\/p>\n<p>Comme la serrure \u00e0 combinaison est tr\u00e8s s\u00fbre, vous n&#039;avez donc pas \u00e0 vous soucier de la s\u00e9curit\u00e9. C&#039;est tr\u00e8s s\u00fbr lorsque vous voyagez \u00e0 travers le monde.<\/p>","protected":false},"excerpt":{"rendered":"<p>Mod\u00e8le : BC-0002<\/p>\n<p>Taille: 460*330*135mm<\/p>\n<p>Quantit\u00e9 minimale de commande : 100 pi\u00e8ces<\/p>\n<p>D\u00e9lai de livraison : 15-25 jours<\/p>\n<p>\u00c9chantillon\u00a0: Disponible<\/p>","protected":false},"featured_media":21149,"template":"","meta":{"_gspb_post_css":""},"product_cat":[82],"product_tag":[],"featured_image_urls":{"full":["https:\/\/suncasesupply.com\/wp-content\/uploads\/2023\/08\/IMG_3863.webp",1000,902,false],"thumbnail":["https:\/\/suncasesupply.com\/wp-content\/uploads\/2023\/08\/IMG_3863-150x150.webp",150,150,true],"medium":["https:\/\/suncasesupply.com\/wp-content\/uploads\/2023\/08\/IMG_3863-300x271.webp",300,271,true],"medium_large":["https:\/\/suncasesupply.com\/wp-content\/uploads\/2023\/08\/IMG_3863-768x693.webp",768,693,true],"large":["https:\/\/suncasesupply.com\/wp-content\/uploads\/2023\/08\/IMG_3863.webp",1000,902,false],"1536x1536":["https:\/\/suncasesupply.com\/wp-content\/uploads\/2023\/08\/IMG_3863.webp",1000,902,false],"2048x2048":["https:\/\/suncasesupply.com\/wp-content\/uploads\/2023\/08\/IMG_3863.webp",1000,902,false],"trp-custom-language-flag":["https:\/\/suncasesupply.com\/wp-content\/uploads\/2023\/08\/IMG_3863.webp",13,12,false],"woocommerce_thumbnail":["https:\/\/suncasesupply.com\/wp-content\/uploads\/2023\/08\/IMG_3863-300x300.webp",300,300,true],"woocommerce_single":["https:\/\/suncasesupply.com\/wp-content\/uploads\/2023\/08\/IMG_3863-600x541.webp",600,541,true],"woocommerce_gallery_thumbnail":["https:\/\/suncasesupply.com\/wp-content\/uploads\/2023\/08\/IMG_3863-100x100.webp",100,100,true]},"post_excerpt_stackable":"<p>Model : BC-0002<\/p>\n<p>Size: \u00a0460*330*135mm<\/p>\n<p>MOQ: 100pcs<\/p>\n<p>Delivery Time : 15-25 Days<\/p>\n<p>Sample : Available<\/p>\n","category_list":"","author_info":{"name":"","url":""},"comments_num":"0 commentaire","_links":{"self":[{"href":"https:\/\/suncasesupply.com\/fr\/wp-json\/wp\/v2\/product\/21148"}],"collection":[{"href":"https:\/\/suncasesupply.com\/fr\/wp-json\/wp\/v2\/product"}],"about":[{"href":"https:\/\/suncasesupply.com\/fr\/wp-json\/wp\/v2\/types\/product"}],"wp:featuredmedia":[{"embeddable":true,"href":"https:\/\/suncasesupply.com\/fr\/wp-json\/wp\/v2\/media\/21149"}],"wp:attachment":[{"href":"https:\/\/suncasesupply.com\/fr\/wp-json\/wp\/v2\/media?parent=21148"}],"wp:term":[{"taxonomy":"product_cat","embeddable":true,"href":"https:\/\/suncasesupply.com\/fr\/wp-json\/wp\/v2\/product_cat?post=21148"},{"taxonomy":"product_tag","embeddable":true,"href":"https:\/\/suncasesupply.com\/fr\/wp-json\/wp\/v2\/product_tag?post=21148"}],"curies":[{"name":"wp","href":"https:\/\/api.w.org\/{rel}","templated":true}]}}