{"id":21089,"date":"2023-08-28T13:43:50","date_gmt":"2023-08-28T05:43:50","guid":{"rendered":"https:\/\/suncasesupply.com\/?post_type=product&#038;p=21089"},"modified":"2025-02-20T09:50:49","modified_gmt":"2025-02-20T01:50:49","slug":"carrying-case-with-a-foam-cube-insert-aluminum-hard-tool-storage-box","status":"publish","type":"product","link":"https:\/\/suncasesupply.com\/fr\/product\/carrying-case-with-a-foam-cube-insert-aluminum-hard-tool-storage-box\/","title":{"rendered":"Mallette de transport avec insert de cube en mousse Bo\u00eete de rangement pour outils durs en aluminium"},"content":{"rendered":"<p>&nbsp;<\/p>\n<table width=\"774\">\n<tbody>\n<tr>\n<td width=\"177\">Article<\/td>\n<td width=\"597\">Bo\u00eetier en aluminium<\/td>\n<\/tr>\n<tr>\n<td>Dimension<\/td>\n<td>\u00a0550 x 400 x 200 mm ou personnaliser<\/td>\n<\/tr>\n<tr>\n<td>Couleurs<\/td>\n<td>Comme le montrent les images ou personnaliser<\/td>\n<\/tr>\n<tr>\n<td>Mat\u00e9riaux<\/td>\n<td>Aluminium, panneau ABS, panneau MDF, doublure EVA\/mousse\/tissu\/PU, quincaillerie<\/td>\n<\/tr>\n<tr>\n<td>Logo<\/td>\n<td>Logo plaque m\u00e9tallique, logo imprim\u00e9, logo en relief, logo laser<\/td>\n<\/tr>\n<tr>\n<td>Temps d&#039;\u00e9chantillonnage<\/td>\n<td>7 jours<\/td>\n<\/tr>\n<tr>\n<td>Port d&#039;embarquement<\/td>\n<td>Canton, Shenzhen<\/td>\n<\/tr>\n<tr>\n<td>Conditions commerciales<\/td>\n<td>EXW, FOB, CIF, DDU, DDP<\/td>\n<\/tr>\n<tr>\n<td>M\u00e9thodes de payement<\/td>\n<td>T\/T, esp\u00e8ces, PayPal, carte de cr\u00e9dit<\/td>\n<\/tr>\n<\/tbody>\n<\/table>\n<p><span style=\"color: #003366;\">Caract\u00e9ristiques:<\/span><\/p>\n<p>Cette mallette avec cadre en aluminium de haute qualit\u00e9 prot\u00e8ge les outils et instruments d\u00e9licats lors de vos d\u00e9placements ou sur le chemin du travail.<br \/>\nLe couvercle de la mallette offre de la place pour des documents au format A4, des ustensiles d&#039;\u00e9criture, des cartes de visite ou un t\u00e9l\u00e9phone portable.<br \/>\nLa mallette est fabriqu\u00e9e avec une structure robuste avec des bords renforc\u00e9s et des coins arrondis et est fournie avec un insert en mousse cubique amovible.<br \/>\nLa double rainure dans le bord de fermeture emp\u00eache la p\u00e9n\u00e9tration de la poussi\u00e8re et des projections d&#039;eau, tandis que l&#039;int\u00e9rieur rembourr\u00e9 prot\u00e8ge les appareils des dommages caus\u00e9s par les chutes.<\/p>\n<p>Dimensions (ext\u00e9rieures) 550 x 400 x 200 mm3<br \/>\nDimensions (int\u00e9rieures) 540 x 390 x 185 mm3<br \/>\nCharge utile max. 17kg<br \/>\nStructure en aluminium et mat\u00e9riaux composites<br \/>\nVerrouillage \u00e0 pression (verrouillable)<br \/>\nCouleur argent titane<br \/>\nInsert en mousse cubique<\/p>","protected":false},"excerpt":{"rendered":"<p>Mod\u00e8le : SC-0023<\/p>\n<p>Dimensions : 550 x 400 x 200 mm<\/p>\n<p>Quantit\u00e9 minimale de commande : 100 pi\u00e8ces<\/p>\n<p>D\u00e9lai de livraison : 15-25 jours<\/p>\n<p>\u00c9chantillon\u00a0: Disponible<\/p>","protected":false},"featured_media":21097,"template":"","meta":{"_gspb_post_css":""},"product_cat":[42,80],"product_tag":[],"featured_image_urls":{"full":["https:\/\/suncasesupply.com\/wp-content\/uploads\/2023\/08\/peaktech-7330-valise-universelle-400-x-300-x-100-mm-avec-cubed-foam-couleur-titanium-silver-4.jpg",600,600,false],"thumbnail":["https:\/\/suncasesupply.com\/wp-content\/uploads\/2023\/08\/peaktech-7330-valise-universelle-400-x-300-x-100-mm-avec-cubed-foam-couleur-titanium-silver-4-150x150.jpg",150,150,true],"medium":["https:\/\/suncasesupply.com\/wp-content\/uploads\/2023\/08\/peaktech-7330-valise-universelle-400-x-300-x-100-mm-avec-cubed-foam-couleur-titanium-silver-4-300x300.jpg",300,300,true],"medium_large":["https:\/\/suncasesupply.com\/wp-content\/uploads\/2023\/08\/peaktech-7330-valise-universelle-400-x-300-x-100-mm-avec-cubed-foam-couleur-titanium-silver-4.jpg",600,600,false],"large":["https:\/\/suncasesupply.com\/wp-content\/uploads\/2023\/08\/peaktech-7330-valise-universelle-400-x-300-x-100-mm-avec-cubed-foam-couleur-titanium-silver-4.jpg",600,600,false],"1536x1536":["https:\/\/suncasesupply.com\/wp-content\/uploads\/2023\/08\/peaktech-7330-valise-universelle-400-x-300-x-100-mm-avec-cubed-foam-couleur-titanium-silver-4.jpg",600,600,false],"2048x2048":["https:\/\/suncasesupply.com\/wp-content\/uploads\/2023\/08\/peaktech-7330-valise-universelle-400-x-300-x-100-mm-avec-cubed-foam-couleur-titanium-silver-4.jpg",600,600,false],"trp-custom-language-flag":["https:\/\/suncasesupply.com\/wp-content\/uploads\/2023\/08\/peaktech-7330-valise-universelle-400-x-300-x-100-mm-avec-cubed-foam-couleur-titanium-silver-4.jpg",12,12,false],"woocommerce_thumbnail":["https:\/\/suncasesupply.com\/wp-content\/uploads\/2023\/08\/peaktech-7330-valise-universelle-400-x-300-x-100-mm-avec-cubed-foam-couleur-titanium-silver-4-300x300.jpg",300,300,true],"woocommerce_single":["https:\/\/suncasesupply.com\/wp-content\/uploads\/2023\/08\/peaktech-7330-valise-universelle-400-x-300-x-100-mm-avec-cubed-foam-couleur-titanium-silver-4.jpg",600,600,false],"woocommerce_gallery_thumbnail":["https:\/\/suncasesupply.com\/wp-content\/uploads\/2023\/08\/peaktech-7330-valise-universelle-400-x-300-x-100-mm-avec-cubed-foam-couleur-titanium-silver-4-100x100.jpg",100,100,true]},"post_excerpt_stackable":"<p>Model : SC-0023<\/p>\n<p>Size: 550 x 400 x 200 mm<\/p>\n<p>MOQ: 100pcs<\/p>\n<p>Delivery Time : 15-25 Days<\/p>\n<p>Sample : Available<\/p>\n","category_list":"","author_info":{"name":"","url":""},"comments_num":"0 commentaire","_links":{"self":[{"href":"https:\/\/suncasesupply.com\/fr\/wp-json\/wp\/v2\/product\/21089"}],"collection":[{"href":"https:\/\/suncasesupply.com\/fr\/wp-json\/wp\/v2\/product"}],"about":[{"href":"https:\/\/suncasesupply.com\/fr\/wp-json\/wp\/v2\/types\/product"}],"wp:featuredmedia":[{"embeddable":true,"href":"https:\/\/suncasesupply.com\/fr\/wp-json\/wp\/v2\/media\/21097"}],"wp:attachment":[{"href":"https:\/\/suncasesupply.com\/fr\/wp-json\/wp\/v2\/media?parent=21089"}],"wp:term":[{"taxonomy":"product_cat","embeddable":true,"href":"https:\/\/suncasesupply.com\/fr\/wp-json\/wp\/v2\/product_cat?post=21089"},{"taxonomy":"product_tag","embeddable":true,"href":"https:\/\/suncasesupply.com\/fr\/wp-json\/wp\/v2\/product_tag?post=21089"}],"curies":[{"name":"wp","href":"https:\/\/api.w.org\/{rel}","templated":true}]}}