{"id":21013,"date":"2023-08-28T11:24:19","date_gmt":"2023-08-28T03:24:19","guid":{"rendered":"https:\/\/suncasesupply.com\/?post_type=product&#038;p=21013"},"modified":"2025-02-20T09:54:19","modified_gmt":"2025-02-20T01:54:19","slug":"aluminum-hard-case-camera-case-with-foam-for-cameraequipment","status":"publish","type":"product","link":"https:\/\/suncasesupply.com\/fr\/product\/aluminum-hard-case-camera-case-with-foam-for-cameraequipment\/","title":{"rendered":"\u00c9tui rigide en aluminium pour appareil photo avec mousse pour appareil photo, \u00e9quipement"},"content":{"rendered":"<p>&nbsp;<\/p>\n<table width=\"774\">\n<tbody>\n<tr>\n<td width=\"177\">Article<\/td>\n<td width=\"597\">Bo\u00eetier en aluminium<\/td>\n<\/tr>\n<tr>\n<td>Dimension<\/td>\n<td>406*305*152mm ou personnaliser<\/td>\n<\/tr>\n<tr>\n<td>Couleurs<\/td>\n<td>Comme le montrent les images ou personnaliser<\/td>\n<\/tr>\n<tr>\n<td>Mat\u00e9riaux<\/td>\n<td>Aluminium, panneau ABS, panneau MDF, doublure EVA\/mousse\/tissu\/PU, quincaillerie<\/td>\n<\/tr>\n<tr>\n<td>Logo<\/td>\n<td>Logo plaque m\u00e9tallique, logo imprim\u00e9, logo en relief, logo laser<\/td>\n<\/tr>\n<tr>\n<td>Temps d&#039;\u00e9chantillonnage<\/td>\n<td>7 jours<\/td>\n<\/tr>\n<tr>\n<td>Port d&#039;embarquement<\/td>\n<td>Canton, Shenzhen<\/td>\n<\/tr>\n<tr>\n<td>Conditions commerciales<\/td>\n<td>EXW, FOB, CIF, DDU, DDP<\/td>\n<\/tr>\n<tr>\n<td>M\u00e9thodes de payement<\/td>\n<td>T\/T, esp\u00e8ces, PayPal, carte de cr\u00e9dit<\/td>\n<\/tr>\n<\/tbody>\n<\/table>\n<p><span style=\"color: #003366;\">Caract\u00e9ristiques:<\/span><\/p>\n<p>Le cadre du bo\u00eetier est en alliage d&#039;aluminium avec la partie centrale en panneau ignifuge, offrant durabilit\u00e9 et r\u00e9sistance aux chocs. Bo\u00eetier de verrouillage avec 2 loquets et poign\u00e9e en caoutchouc, facile \u00e0 transporter n&#039;importe o\u00f9, \u00e9tui de protection r\u00e9sistant \u00e0 l&#039;eau prot\u00e8ge les objets de valeur et cassables contre une exposition accidentelle \u00e0 l\u2019humidit\u00e9<br \/>\nBo\u00eete de rangement \u00e9tanche et rigide pour coffre de chargement, bo\u00eete s\u00e8che, pour le Camping, les voyages, tout-terrain et par voie terrestre<br \/>\nL&#039;\u00e9tui rigide offre une durabilit\u00e9 ind\u00e9formable et des caract\u00e9ristiques exclusives uniques, parfaites pour prot\u00e9ger les \u00e9quipements dans des secteurs tels que la photographie, les drones a\u00e9riens, les ordinateurs portables, les outils, la musique et le m\u00e9dical.<br \/>\nSTOCKAGE PERSONNALIS\u00c9 : chaque coque rigide \u00e9tanche offre 3 couches de mousse \u00e0 picorer et \u00e0 arracher. Cueillez les cubes pr\u00e9d\u00e9coup\u00e9s pour personnaliser l&#039;ajustement sp\u00e9cifiquement en fonction de votre \u00e9quipement.<\/p>","protected":false},"excerpt":{"rendered":"<p>Mod\u00e8le : SC-0019<\/p>\n<p>Taille: 406*305*152mm<\/p>\n<p>Quantit\u00e9 minimale de commande : 100 pi\u00e8ces<\/p>\n<p>D\u00e9lai de livraison : 15-25 jours<\/p>\n<p>\u00c9chantillon\u00a0: Disponible<\/p>","protected":false},"featured_media":21016,"template":"","meta":{"_gspb_post_css":""},"product_cat":[42,80],"product_tag":[],"featured_image_urls":{"full":["https:\/\/suncasesupply.com\/wp-content\/uploads\/2023\/08\/81iPaYZtHL._AC_SL1500_.jpg",1415,1390,false],"thumbnail":["https:\/\/suncasesupply.com\/wp-content\/uploads\/2023\/08\/81iPaYZtHL._AC_SL1500_-150x150.jpg",150,150,true],"medium":["https:\/\/suncasesupply.com\/wp-content\/uploads\/2023\/08\/81iPaYZtHL._AC_SL1500_-300x295.jpg",300,295,true],"medium_large":["https:\/\/suncasesupply.com\/wp-content\/uploads\/2023\/08\/81iPaYZtHL._AC_SL1500_-768x754.jpg",768,754,true],"large":["https:\/\/suncasesupply.com\/wp-content\/uploads\/2023\/08\/81iPaYZtHL._AC_SL1500_-1024x1006.jpg",1024,1006,true],"1536x1536":["https:\/\/suncasesupply.com\/wp-content\/uploads\/2023\/08\/81iPaYZtHL._AC_SL1500_.jpg",1415,1390,false],"2048x2048":["https:\/\/suncasesupply.com\/wp-content\/uploads\/2023\/08\/81iPaYZtHL._AC_SL1500_.jpg",1415,1390,false],"trp-custom-language-flag":["https:\/\/suncasesupply.com\/wp-content\/uploads\/2023\/08\/81iPaYZtHL._AC_SL1500_.jpg",12,12,false],"woocommerce_thumbnail":["https:\/\/suncasesupply.com\/wp-content\/uploads\/2023\/08\/81iPaYZtHL._AC_SL1500_-300x300.jpg",300,300,true],"woocommerce_single":["https:\/\/suncasesupply.com\/wp-content\/uploads\/2023\/08\/81iPaYZtHL._AC_SL1500_-600x589.jpg",600,589,true],"woocommerce_gallery_thumbnail":["https:\/\/suncasesupply.com\/wp-content\/uploads\/2023\/08\/81iPaYZtHL._AC_SL1500_-100x100.jpg",100,100,true]},"post_excerpt_stackable":"<p>Model : SC-0019<\/p>\n<p>Size: \u00a0406*305*152mm<\/p>\n<p>MOQ: 100pcs<\/p>\n<p>Delivery Time : 15-25 Days<\/p>\n<p>Sample : Available<\/p>\n","category_list":"","author_info":{"name":"","url":""},"comments_num":"0 commentaire","_links":{"self":[{"href":"https:\/\/suncasesupply.com\/fr\/wp-json\/wp\/v2\/product\/21013"}],"collection":[{"href":"https:\/\/suncasesupply.com\/fr\/wp-json\/wp\/v2\/product"}],"about":[{"href":"https:\/\/suncasesupply.com\/fr\/wp-json\/wp\/v2\/types\/product"}],"wp:featuredmedia":[{"embeddable":true,"href":"https:\/\/suncasesupply.com\/fr\/wp-json\/wp\/v2\/media\/21016"}],"wp:attachment":[{"href":"https:\/\/suncasesupply.com\/fr\/wp-json\/wp\/v2\/media?parent=21013"}],"wp:term":[{"taxonomy":"product_cat","embeddable":true,"href":"https:\/\/suncasesupply.com\/fr\/wp-json\/wp\/v2\/product_cat?post=21013"},{"taxonomy":"product_tag","embeddable":true,"href":"https:\/\/suncasesupply.com\/fr\/wp-json\/wp\/v2\/product_tag?post=21013"}],"curies":[{"name":"wp","href":"https:\/\/api.w.org\/{rel}","templated":true}]}}