{"id":21002,"date":"2023-08-28T11:21:16","date_gmt":"2023-08-28T03:21:16","guid":{"rendered":"https:\/\/suncasesupply.com\/?post_type=product&#038;p=21002"},"modified":"2025-05-22T15:19:27","modified_gmt":"2025-05-22T07:19:27","slug":"grooming-strorage-case-box-for-riding-horse-tools","status":"publish","type":"product","link":"https:\/\/suncasesupply.com\/fr\/product\/grooming-strorage-case-box-for-riding-horse-tools\/","title":{"rendered":"Bo\u00eete de rangement de toilettage pour outils de cheval d&#039;\u00e9quitation"},"content":{"rendered":"<h4><span style=\"color: #003366;\">Caract\u00e9ristiques:<\/span><\/h4>\n<p>1. Stockage du mat\u00e9riel \u00e9questre<br \/>\ncomme la selle, le tapis de selle, la bande ventrale, etc.<\/p>\n<p>2. Transport pratique<br \/>\nL\u00e9ger : l&#039;aluminium est plus l\u00e9ger que les caisses en bois traditionnelles, pratique \u00e0 transporter ou \u00e0 transporter en voiture.<br \/>\nRobustesse : anti-choc, adapt\u00e9 au transport longue distance ou aux comp\u00e9titions sur le terrain.<\/p>\n<p>3. Fonction de protection<br \/>\nR\u00e9sistant \u00e0 l&#039;humidit\u00e9 et \u00e0 la rouille : les propri\u00e9t\u00e9s anticorrosion de l&#039;aluminium peuvent emp\u00eacher d&#039;endommager l&#039;\u00e9quipement m\u00e9tallique du cheval (comme le mors) dans un environnement humide.<br \/>\nPropret\u00e9 et hygi\u00e8ne : La conception \u00e9tanche r\u00e9duit la pollution due \u00e0 la poussi\u00e8re, \u00e0 la pluie ou aux d\u00e9bris dans la ferme \u00e9questre.<\/p>\n<p>4. Durabilit\u00e9 et entretien<br \/>\nUtilisation \u00e0 long terme : l&#039;aluminium est r\u00e9sistant \u00e0 l&#039;usure et difficile \u00e0 d\u00e9former, adapt\u00e9 \u00e0 une utilisation \u00e0 haute fr\u00e9quence.<br \/>\nFacile \u00e0 nettoyer : les taches de surface peuvent \u00eatre essuy\u00e9es rapidement sans entretien compliqu\u00e9.<\/p>\n<h4><span style=\"color: #003366;\">D\u00e9tails du produit :<\/span><\/h4>\n<div style=\"display: flex; gap: 20px;\">\n<p><!-- \u7b2c\u4e00\u680f --><\/p>\n<div style=\"flex: 1; text-align: center;\">\n<p><img decoding=\"async\" style=\"max-width: 100%; height: auto; margin-bottom: 10px;\" src=\"https:\/\/suncasesupply.com\/wp-content\/uploads\/2025\/05\/strong-corner.jpg\" alt=\"Coin fort\" \/><\/p>\n<p style=\"font-weight: bold; margin: 5px 0;\">Coin durable<\/p>\n<p style=\"margin: 0;\">Lors de l&#039;empilage, de la manutention ou du transport, les coins m\u00e9talliques peuvent r\u00e9sister \u00e0 une certaine pression et emp\u00eacher la bo\u00eete de se d\u00e9former, ce qui convient au transport longue distance ou aux comp\u00e9titions en ext\u00e9rieur<\/p>\n<\/div>\n<p><!-- \u7b2c\u4e8c\u680f --><\/p>\n<div style=\"flex: 1; text-align: center;\">\n<p><img decoding=\"async\" style=\"max-width: 100%; height: auto; margin-bottom: 10px;\" src=\"https:\/\/suncasesupply.com\/wp-content\/uploads\/2025\/05\/removable-tray.jpg\" alt=\"plateau amovible\" \/><\/p>\n<p style=\"font-weight: bold; margin: 5px 0;\">Plateau amovible<\/p>\n<p style=\"margin: 0;\">Le plateau divise l&#039;espace int\u00e9rieur du box en plusieurs niveaux, facilitant ainsi le rangement des diff\u00e9rents \u00e9quipements (mors, brides, huile pour sabots, etc.) de mani\u00e8re ordonn\u00e9e et sans encombrement. Le plateau est amovible pour accueillir des articles de diff\u00e9rentes tailles.<\/p>\n<\/div>\n<p><!-- \u7b2c\u4e09\u680f --><\/p>\n<div style=\"flex: 1; text-align: center;\">\n<p><img decoding=\"async\" style=\"max-width: 100%; height: auto; margin-bottom: 10px;\" src=\"https:\/\/suncasesupply.com\/wp-content\/uploads\/2025\/05\/locks-with-keys.jpg\" alt=\"Serrure \u00e0 cl\u00e9s\" \/><\/p>\n<p style=\"font-weight: bold; margin: 5px 0;\">Serrure \u00e0 cl\u00e9s<\/p>\n<p style=\"margin: 0;\">Chaque serrure est livr\u00e9e avec une cl\u00e9 pour garder en s\u00e9curit\u00e9 les \u00e9quipements pr\u00e9cieux du cheval, tels que les selles personnalis\u00e9es.<\/p>\n<\/div>\n<p><!-- \u7b2c\u56db\u680f --><\/p>\n<div style=\"flex: 1; text-align: center;\">\n<p><img decoding=\"async\" style=\"max-width: 100%; height: auto; margin-bottom: 10px;\" src=\"https:\/\/suncasesupply.com\/wp-content\/uploads\/2025\/05\/inner-dividers.jpg\" alt=\"s\u00e9parateurs int\u00e9rieurs\" \/><\/p>\n<p style=\"font-weight: bold; margin: 5px 0;\">S\u00e9parateurs r\u00e9glables<\/p>\n<p style=\"margin: 0;\">Les s\u00e9parateurs amovibles permettent d&#039;adapter l&#039;espace aux besoins et de ranger s\u00e9par\u00e9ment les \u00e9quipements du cheval (mors, r\u00eanes, jambi\u00e8res, etc.) pour \u00e9viter les enchev\u00eatrements et les frottements. Ils stabilisent l&#039;\u00e9quipement pendant le transport et r\u00e9duisent l&#039;usure due aux secousses dans le box.<\/p>\n<\/div>\n<\/div>\n<h4><span style=\"color: #003366;\">Processus de fabrication d&#039;un \u00e9tui de pansage pour chevaux :<\/span><\/h4>\n<div style=\"display: flex; gap: 20px;\">\n<p><!-- \u7b2c\u4e00\u680f \u6d41\u7a0b1--><\/p>\n<div style=\"flex: 1; text-align: center;\">\n<p><img decoding=\"async\" style=\"max-width: 100%; height: auto; margin-bottom: 10px;\" src=\"https:\/\/suncasesupply.com\/wp-content\/uploads\/2024\/12\/1-Prepare-materials.webp\" alt=\"1-Pr\u00e9parer le mat\u00e9riel\" \/><\/p>\n<p style=\"font-weight: bold; margin: 5px 0;\">1. Pr\u00e9parez le mat\u00e9riel<\/p>\n<\/div>\n<p><!-- \u7b2c\u4e8c\u680f \u6d41\u7a0b2--><\/p>\n<div style=\"flex: 1; text-align: center;\">\n<p><img decoding=\"async\" style=\"max-width: 100%; height: auto; margin-bottom: 10px;\" src=\"https:\/\/suncasesupply.com\/wp-content\/uploads\/2024\/12\/2-Drill-Hole.webp\" alt=\"2-Percer un trou\" \/><\/p>\n<p style=\"font-weight: bold; margin: 5px 0;\">2. Percer un trou<\/p>\n<\/div>\n<p><!-- \u7b2c\u4e09\u680f \u6d41\u7a0b3--><\/p>\n<div style=\"flex: 1; text-align: center;\">\n<p><img decoding=\"async\" style=\"max-width: 100%; height: auto; margin-bottom: 10px;\" src=\"https:\/\/suncasesupply.com\/wp-content\/uploads\/2024\/12\/3-Rivet.webp\" alt=\"3-Rivet\" \/><\/p>\n<p style=\"font-weight: bold; margin: 5px 0;\">3. Rivet<\/p>\n<\/div>\n<p><!-- \u7b2c\u56db\u680f \u6d41\u7a0b4--><\/p>\n<div style=\"flex: 1; text-align: center;\">\n<p><img decoding=\"async\" style=\"max-width: 100%; height: auto; margin-bottom: 10px;\" src=\"https:\/\/suncasesupply.com\/wp-content\/uploads\/2024\/12\/4-Assemble.webp\" alt=\"4-Assembler\" \/><\/p>\n<p style=\"font-weight: bold; margin: 5px 0;\">4. Assemble<\/p>\n<\/div>\n<\/div>\n<p>&nbsp;<\/p>\n<div style=\"display: flex; gap: 20px;\">\n<p><!-- \u7b2c\u4e00\u680f \u6d41\u7a0b5--><\/p>\n<div style=\"flex: 1; text-align: center;\">\n<p><img decoding=\"async\" style=\"max-width: 100%; height: auto; margin-bottom: 10px;\" src=\"https:\/\/suncasesupply.com\/wp-content\/uploads\/2024\/12\/5-glue-lining.webp\" alt=\"Doublure \u00e0 5 colles\" \/><\/p>\n<p style=\"font-weight: bold; margin: 5px 0;\">5. Doublure en colle<\/p>\n<\/div>\n<p><!-- \u7b2c\u4e8c\u680f \u6d41\u7a0b6--><\/p>\n<div style=\"flex: 1; text-align: center;\">\n<p><img decoding=\"async\" style=\"max-width: 100%; height: auto; margin-bottom: 10px;\" src=\"https:\/\/suncasesupply.com\/wp-content\/uploads\/2024\/12\/6-Cleaning.webp\" alt=\"6-Nettoyage\" \/><\/p>\n<p style=\"font-weight: bold; margin: 5px 0;\">6. Nettoyage<\/p>\n<\/div>\n<p><!-- \u7b2c\u4e09\u680f \u6d41\u7a0b7--><\/p>\n<div style=\"flex: 1; text-align: center;\">\n<p><img decoding=\"async\" style=\"max-width: 100%; height: auto; margin-bottom: 10px;\" src=\"https:\/\/suncasesupply.com\/wp-content\/uploads\/2024\/12\/7-Package.webp\" alt=\"Paquet de 7\" \/><\/p>\n<p style=\"font-weight: bold; margin: 5px 0;\">7. Paquet<\/p>\n<\/div>\n<p><!-- \u7b2c\u56db\u680f \u6d41\u7a0b8--><\/p>\n<div style=\"flex: 1; text-align: center;\">\n<p><img decoding=\"async\" style=\"max-width: 100%; height: auto; margin-bottom: 10px;\" src=\"https:\/\/suncasesupply.com\/wp-content\/uploads\/2024\/12\/8-Loading.webp\" alt=\"8-Chargement\" \/><\/p>\n<p style=\"font-weight: bold; margin: 5px 0;\">8. Chargement<\/p>\n<\/div>\n<\/div>\n<h4><span style=\"color: #003366;\">Informations utiles pour les acheteurs en gros\u00a0:<\/span><\/h4>\n<p class=\"page-title\" title=\"Bo\u00eetes de rangement pour cartes de sport\u00a0: la meilleure fa\u00e7on de stocker les cartes de sport\"><a href=\"https:\/\/suncasesupply.com\/fr\/blog\/aluminum-horse-grooming-box\/top-3-picks-of-aluminum-groom-box-for-horses\/\">1. Top 3 des box de toilettage en aluminium pour chevaux en 2024<\/a><\/p>\n<p title=\"Bo\u00eetes de rangement pour cartes de sport\u00a0: la meilleure fa\u00e7on de stocker les cartes de sport\">2, <a href=\"https:\/\/suncasesupply.com\/fr\/blog\/aluminum-horse-grooming-box\/how-to-choose-your-horse-grooming-box\/\">Comment choisir sa caisse de pansage en aluminium pour chevaux<\/a><\/p>","protected":false},"excerpt":{"rendered":"<p>Mod\u00e8le : Z08<\/p>\n<p>Taille: 38x28x30 cm<\/p>\n<p>Couleurs : Noir, bleu, rose ou personnaliser<\/p>\n<p>Mat\u00e9riaux : Aluminium, panneau ABS, panneau acrylique<\/p>\n<p>Logo : Logo en plaque m\u00e9tallique, logo s\u00e9rigraphi\u00e9<\/p>\n<p>Quantit\u00e9 minimale de commande : 100 pi\u00e8ces<\/p>","protected":false},"featured_media":20993,"template":"","meta":{"_gspb_post_css":""},"product_cat":[86],"product_tag":[],"featured_image_urls":{"full":["https:\/\/suncasesupply.com\/wp-content\/uploads\/2023\/08\/3-2.png",800,800,false],"thumbnail":["https:\/\/suncasesupply.com\/wp-content\/uploads\/2023\/08\/3-2-150x150.png",150,150,true],"medium":["https:\/\/suncasesupply.com\/wp-content\/uploads\/2023\/08\/3-2-300x300.png",300,300,true],"medium_large":["https:\/\/suncasesupply.com\/wp-content\/uploads\/2023\/08\/3-2-768x768.png",768,768,true],"large":["https:\/\/suncasesupply.com\/wp-content\/uploads\/2023\/08\/3-2.png",800,800,false],"1536x1536":["https:\/\/suncasesupply.com\/wp-content\/uploads\/2023\/08\/3-2.png",800,800,false],"2048x2048":["https:\/\/suncasesupply.com\/wp-content\/uploads\/2023\/08\/3-2.png",800,800,false],"trp-custom-language-flag":["https:\/\/suncasesupply.com\/wp-content\/uploads\/2023\/08\/3-2.png",12,12,false],"woocommerce_thumbnail":["https:\/\/suncasesupply.com\/wp-content\/uploads\/2023\/08\/3-2-300x300.png",300,300,true],"woocommerce_single":["https:\/\/suncasesupply.com\/wp-content\/uploads\/2023\/08\/3-2-600x600.png",600,600,true],"woocommerce_gallery_thumbnail":["https:\/\/suncasesupply.com\/wp-content\/uploads\/2023\/08\/3-2-100x100.png",100,100,true]},"post_excerpt_stackable":"<p>Model : Z08<\/p>\n<p>Size: 38 x 28 x 30 cm<\/p>\n<p>Colors: Black, blue, pink or customize<\/p>\n<p>Materials: Aluminum, ABS panel, Acrylic Panel<\/p>\n<p>Logo: Metal plate logo, silk screen logo<\/p>\n<p>MOQ: 100pcs<\/p>\n","category_list":"","author_info":{"name":"","url":""},"comments_num":"0 commentaire","_links":{"self":[{"href":"https:\/\/suncasesupply.com\/fr\/wp-json\/wp\/v2\/product\/21002"}],"collection":[{"href":"https:\/\/suncasesupply.com\/fr\/wp-json\/wp\/v2\/product"}],"about":[{"href":"https:\/\/suncasesupply.com\/fr\/wp-json\/wp\/v2\/types\/product"}],"wp:featuredmedia":[{"embeddable":true,"href":"https:\/\/suncasesupply.com\/fr\/wp-json\/wp\/v2\/media\/20993"}],"wp:attachment":[{"href":"https:\/\/suncasesupply.com\/fr\/wp-json\/wp\/v2\/media?parent=21002"}],"wp:term":[{"taxonomy":"product_cat","embeddable":true,"href":"https:\/\/suncasesupply.com\/fr\/wp-json\/wp\/v2\/product_cat?post=21002"},{"taxonomy":"product_tag","embeddable":true,"href":"https:\/\/suncasesupply.com\/fr\/wp-json\/wp\/v2\/product_tag?post=21002"}],"curies":[{"name":"wp","href":"https:\/\/api.w.org\/{rel}","templated":true}]}}