{"id":20939,"date":"2023-08-28T10:54:25","date_gmt":"2023-08-28T02:54:25","guid":{"rendered":"https:\/\/suncasesupply.com\/?post_type=product&#038;p=20939"},"modified":"2023-08-28T11:00:41","modified_gmt":"2023-08-28T03:00:41","slug":"aluminum-portable-hard-carrying-case-with-foam-insert","status":"publish","type":"product","link":"https:\/\/suncasesupply.com\/fr\/product\/aluminum-portable-hard-carrying-case-with-foam-insert\/","title":{"rendered":"\u00c9tui de transport rigide portable en aluminium avec insert en mousse"},"content":{"rendered":"<p>&nbsp;<\/p>\n<table width=\"774\">\n<tbody>\n<tr>\n<td width=\"177\">Article<\/td>\n<td width=\"597\">Bo\u00eetier en aluminium<\/td>\n<\/tr>\n<tr>\n<td>Dimension<\/td>\n<td>32*18*11.5 cm ou personnaliser<\/td>\n<\/tr>\n<tr>\n<td>Couleurs<\/td>\n<td>Comme le montrent les images ou personnaliser<\/td>\n<\/tr>\n<tr>\n<td>Mat\u00e9riaux<\/td>\n<td>Aluminium, panneau ABS, panneau MDF, doublure EVA\/mousse\/tissu\/PU, quincaillerie<\/td>\n<\/tr>\n<tr>\n<td>Logo<\/td>\n<td>Logo plaque m\u00e9tallique, logo imprim\u00e9, logo en relief, logo laser<\/td>\n<\/tr>\n<tr>\n<td>Temps d&#039;\u00e9chantillonnage<\/td>\n<td>7 jours<\/td>\n<\/tr>\n<tr>\n<td>Port d&#039;embarquement<\/td>\n<td>Canton, Shenzhen<\/td>\n<\/tr>\n<tr>\n<td>Conditions commerciales<\/td>\n<td>EXW, FOB, CIF, DDU, DDP<\/td>\n<\/tr>\n<tr>\n<td>M\u00e9thodes de payement<\/td>\n<td>T\/T, esp\u00e8ces, PayPal, carte de cr\u00e9dit<\/td>\n<\/tr>\n<\/tbody>\n<\/table>\n<p><span style=\"color: #003366;\">Caract\u00e9ristiques:<\/span><\/p>\n<p>Notre \u00e9tui de transport robuste et durable a un ext\u00e9rieur en alliage d&#039;aluminium dur, qui peut prot\u00e9ger efficacement vos articles contre les dommages. et la couleur noire rendent cette mallette de transport en alliage d&#039;aluminium haut de gamme et \u00e9l\u00e9gante.<br \/>\nLa mallette de transport comporte une couche de mousse pr\u00e9-d\u00e9coup\u00e9e personnalisable pour d\u00e9chirer la mousse. Vous pouvez d\u00e9chirer la mousse en fonction de la taille de l&#039;emplacement de l&#039;article et cr\u00e9er la forme dont vous avez besoin.<br \/>\nNos valises sont \u00e9quip\u00e9es de cl\u00e9s pour assurer plus de s\u00e9curit\u00e9 \u00e0 vos objets de valeur. Vous pouvez placer votre microphone, microphone sans fil, microphone de carte son, \u00e9quipement professionnel, objectif, drones, pistolets, \u00e9quipement tactique, etc. dans cette bo\u00eete pour un transport facile lorsque vous sortez.<\/p>","protected":false},"excerpt":{"rendered":"<p>Mod\u00e8le : SC-0016<\/p>\n<p>Taille: 32*18*11.5 cm<\/p>\n<p>MOQ\u00a0: Faible MOQ acceptable<\/p>\n<p>D\u00e9lai de livraison : 15-25 jours<\/p>\n<p>\u00c9chantillon\u00a0: Disponible<\/p>","protected":false},"featured_media":20952,"template":"","meta":{"_gspb_post_css":""},"product_cat":[42],"product_tag":[],"featured_image_urls":{"full":["https:\/\/suncasesupply.com\/wp-content\/uploads\/2023\/08\/81oil4CzKKL._AC_SL1500_.jpg",1494,1500,false],"thumbnail":["https:\/\/suncasesupply.com\/wp-content\/uploads\/2023\/08\/81oil4CzKKL._AC_SL1500_-150x150.jpg",150,150,true],"medium":["https:\/\/suncasesupply.com\/wp-content\/uploads\/2023\/08\/81oil4CzKKL._AC_SL1500_-300x300.jpg",300,300,true],"medium_large":["https:\/\/suncasesupply.com\/wp-content\/uploads\/2023\/08\/81oil4CzKKL._AC_SL1500_-768x771.jpg",768,771,true],"large":["https:\/\/suncasesupply.com\/wp-content\/uploads\/2023\/08\/81oil4CzKKL._AC_SL1500_-1020x1024.jpg",1020,1024,true],"1536x1536":["https:\/\/suncasesupply.com\/wp-content\/uploads\/2023\/08\/81oil4CzKKL._AC_SL1500_.jpg",1494,1500,false],"2048x2048":["https:\/\/suncasesupply.com\/wp-content\/uploads\/2023\/08\/81oil4CzKKL._AC_SL1500_.jpg",1494,1500,false],"trp-custom-language-flag":["https:\/\/suncasesupply.com\/wp-content\/uploads\/2023\/08\/81oil4CzKKL._AC_SL1500_.jpg",12,12,false],"woocommerce_thumbnail":["https:\/\/suncasesupply.com\/wp-content\/uploads\/2023\/08\/81oil4CzKKL._AC_SL1500_-300x300.jpg",300,300,true],"woocommerce_single":["https:\/\/suncasesupply.com\/wp-content\/uploads\/2023\/08\/81oil4CzKKL._AC_SL1500_-600x602.jpg",600,602,true],"woocommerce_gallery_thumbnail":["https:\/\/suncasesupply.com\/wp-content\/uploads\/2023\/08\/81oil4CzKKL._AC_SL1500_-100x100.jpg",100,100,true]},"post_excerpt_stackable":"<p>Model : SC-0016<\/p>\n<p>Size: 32*18*11.5cm<\/p>\n<p>MOQ: Low MOQ acceptable<\/p>\n<p>Delivery Time : 15-25 Days<\/p>\n<p>Sample : Available<\/p>\n","category_list":"","author_info":{"name":"","url":""},"comments_num":"0 commentaire","_links":{"self":[{"href":"https:\/\/suncasesupply.com\/fr\/wp-json\/wp\/v2\/product\/20939"}],"collection":[{"href":"https:\/\/suncasesupply.com\/fr\/wp-json\/wp\/v2\/product"}],"about":[{"href":"https:\/\/suncasesupply.com\/fr\/wp-json\/wp\/v2\/types\/product"}],"wp:featuredmedia":[{"embeddable":true,"href":"https:\/\/suncasesupply.com\/fr\/wp-json\/wp\/v2\/media\/20952"}],"wp:attachment":[{"href":"https:\/\/suncasesupply.com\/fr\/wp-json\/wp\/v2\/media?parent=20939"}],"wp:term":[{"taxonomy":"product_cat","embeddable":true,"href":"https:\/\/suncasesupply.com\/fr\/wp-json\/wp\/v2\/product_cat?post=20939"},{"taxonomy":"product_tag","embeddable":true,"href":"https:\/\/suncasesupply.com\/fr\/wp-json\/wp\/v2\/product_tag?post=20939"}],"curies":[{"name":"wp","href":"https:\/\/api.w.org\/{rel}","templated":true}]}}